{"id":21612,"date":"2023-08-29T09:59:42","date_gmt":"2023-08-29T01:59:42","guid":{"rendered":"https:\/\/suncasesupply.com\/?post_type=product&#038;p=21612"},"modified":"2025-02-26T11:35:13","modified_gmt":"2025-02-26T03:35:13","slug":"utility-trunk-touring-flight-case-with-organizing-dividers","status":"publish","type":"product","link":"https:\/\/suncasesupply.com\/de\/product\/utility-trunk-touring-flight-case-with-organizing-dividers\/","title":{"rendered":"Utility Trunk Touring Flightcase mit organisierenden Trennw\u00e4nden"},"content":{"rendered":"<p>&nbsp;<\/p>\n<table width=\"774\">\n<tbody>\n<tr>\n<td width=\"177\">Artikel<\/td>\n<td width=\"597\">Flightcase<\/td>\n<\/tr>\n<tr>\n<td>Abmessungen<\/td>\n<td>1118 x 813 x 686 mm oder anpassen<\/td>\n<\/tr>\n<tr>\n<td>Farben<\/td>\n<td>Wie die Bilder zeigen oder anpassen<\/td>\n<\/tr>\n<tr>\n<td>Materialien<\/td>\n<td>Aluminium, Sperrholz, EVA\/Schaum\/Stoff\/PU-Futter, Hardware<\/td>\n<\/tr>\n<tr>\n<td>Logo<\/td>\n<td>Metallplattenlogo, gedrucktes Logo, gepr\u00e4gtes Logo, Laserlogo<\/td>\n<\/tr>\n<tr>\n<td>Beispielzeit<\/td>\n<td>7 Tage<\/td>\n<\/tr>\n<tr>\n<td>Verschiffungshafen<\/td>\n<td>Guangzhou, Shenzhen<\/td>\n<\/tr>\n<tr>\n<td>Handelsbedingungen<\/td>\n<td>EXW, FOB, CIF, DDU, DDP<\/td>\n<\/tr>\n<tr>\n<td>Zahlungsarten<\/td>\n<td>T\/T, Barzahlung, PayPal, Kreditkarte<\/td>\n<\/tr>\n<\/tbody>\n<\/table>\n<p><span style=\"color: #003366;\">Merkmale:<\/span><\/p>\n<p>Mit unseren praktischen Koffern k\u00f6nnen Sie Ihre gesamte Ausr\u00fcstung w\u00e4hrend des Transports sicher und organisiert aufbewahren. Dieses Modell kann Ausr\u00fcstung mit einer Breite von bis zu 41,5 Zoll x einer H\u00f6he von 20 Zoll (Deckel ist 3 Zoll hoch) x einer Tiefe von 19,5 Zoll aufnehmen. Es ist mit 2 herausnehmbaren Trennw\u00e4nden ausgestattet und verf\u00fcgt \u00fcber 4 Zoll lange Hochleistungsrollen, zwei davon mit Superstopp-Bremsen, sowie Rollenstapelplatten.<\/p>\n<p>Merkmale und Spezifikationen<\/p>\n<p>\u2022 Zwei herausnehmbare Innenteiler<br \/>\n\u2022 Schaumstoffgef\u00fctterter Innenraum<br \/>\n\u2022 Deckel mit Klavierscharnier<br \/>\n\u2022 Versenkte Riegel und Griffe<br \/>\n\u2022 41,5\u2033 B x 20\u2033 H (einschlie\u00dflich 3\u2033 H Deckel) x 19,5\u2033 T innen<br \/>\n\u2022 LKW-Packma\u00dfe<br \/>\n\u2022 Robuste Kugelecken<br \/>\n\u2022 Hochleistungs-4-Zoll-Rollen, 2 mit Bremsen *Rollenmontage erforderlich*<br \/>\n\u2022 Rollenstapelplatten<\/p>\n<p>.<\/p>","protected":false},"excerpt":{"rendered":"<p>Modell: SC-FL0008<\/p>\n<p>Gr\u00f6\u00dfe: 1118 x 813 x 686 mm<\/p>\n<p>Mindestbestellmenge: 5 St\u00fcck<\/p>\n<p>Lieferzeit: 15-25 Tage<\/p>\n<p>Probe: Verf\u00fcgbar<\/p>","protected":false},"featured_media":21620,"template":"","meta":{"_gspb_post_css":""},"product_cat":[91],"product_tag":[],"featured_image_urls":{"full":["https:\/\/suncasesupply.com\/wp-content\/uploads\/2023\/08\/5-1.png",1500,1500,false],"thumbnail":["https:\/\/suncasesupply.com\/wp-content\/uploads\/2023\/08\/5-1-150x150.png",150,150,true],"medium":["https:\/\/suncasesupply.com\/wp-content\/uploads\/2023\/08\/5-1-300x300.png",300,300,true],"medium_large":["https:\/\/suncasesupply.com\/wp-content\/uploads\/2023\/08\/5-1-768x768.png",768,768,true],"large":["https:\/\/suncasesupply.com\/wp-content\/uploads\/2023\/08\/5-1-1024x1024.png",1024,1024,true],"1536x1536":["https:\/\/suncasesupply.com\/wp-content\/uploads\/2023\/08\/5-1.png",1500,1500,false],"2048x2048":["https:\/\/suncasesupply.com\/wp-content\/uploads\/2023\/08\/5-1.png",1500,1500,false],"trp-custom-language-flag":["https:\/\/suncasesupply.com\/wp-content\/uploads\/2023\/08\/5-1.png",12,12,false],"woocommerce_thumbnail":["https:\/\/suncasesupply.com\/wp-content\/uploads\/2023\/08\/5-1-300x300.png",300,300,true],"woocommerce_single":["https:\/\/suncasesupply.com\/wp-content\/uploads\/2023\/08\/5-1-600x600.png",600,600,true],"woocommerce_gallery_thumbnail":["https:\/\/suncasesupply.com\/wp-content\/uploads\/2023\/08\/5-1-100x100.png",100,100,true]},"post_excerpt_stackable":"<p>Model : SC-FL0008<\/p>\n<p>Size: \u00a01118 x 813 x 686mm<\/p>\n<p>MOQ: 5pcs<\/p>\n<p>Delivery Time : 15-25 Days<\/p>\n<p>Sample : Available<\/p>\n","category_list":"","author_info":{"name":"","url":""},"comments_num":"0 comments","_links":{"self":[{"href":"https:\/\/suncasesupply.com\/de\/wp-json\/wp\/v2\/product\/21612"}],"collection":[{"href":"https:\/\/suncasesupply.com\/de\/wp-json\/wp\/v2\/product"}],"about":[{"href":"https:\/\/suncasesupply.com\/de\/wp-json\/wp\/v2\/types\/product"}],"wp:featuredmedia":[{"embeddable":true,"href":"https:\/\/suncasesupply.com\/de\/wp-json\/wp\/v2\/media\/21620"}],"wp:attachment":[{"href":"https:\/\/suncasesupply.com\/de\/wp-json\/wp\/v2\/media?parent=21612"}],"wp:term":[{"taxonomy":"product_cat","embeddable":true,"href":"https:\/\/suncasesupply.com\/de\/wp-json\/wp\/v2\/product_cat?post=21612"},{"taxonomy":"product_tag","embeddable":true,"href":"https:\/\/suncasesupply.com\/de\/wp-json\/wp\/v2\/product_tag?post=21612"}],"curies":[{"name":"wp","href":"https:\/\/api.w.org\/{rel}","templated":true}]}}