{"id":21569,"date":"2023-08-29T09:43:19","date_gmt":"2023-08-29T01:43:19","guid":{"rendered":"https:\/\/suncasesupply.com\/?post_type=product&#038;p=21569"},"modified":"2025-02-20T09:38:20","modified_gmt":"2025-02-20T01:38:20","slug":"guitar-multi-effect-pedal-case-with-foam-velcro-custom-sturdy-locking-aluminum-case-with-removable-lid","status":"publish","type":"product","link":"https:\/\/suncasesupply.com\/de\/product\/guitar-multi-effect-pedal-case-with-foam-velcro-custom-sturdy-locking-aluminum-case-with-removable-lid\/","title":{"rendered":"Gitarren-Multieffektpedalkoffer mit Schaumstoff und Klettverschluss. Ma\u00dfgeschneiderter, stabiler, verschlie\u00dfbarer Aluminiumkoffer mit abnehmbarem Deckel"},"content":{"rendered":"<p>&nbsp;<\/p>\n<table width=\"774\">\n<tbody>\n<tr>\n<td width=\"177\">Artikel<\/td>\n<td width=\"597\">Pedalkoffer<\/td>\n<\/tr>\n<tr>\n<td>Abmessungen<\/td>\n<td>70 x 29,5 x 10,7 cm oder individuell anpassen<\/td>\n<\/tr>\n<tr>\n<td>Farben<\/td>\n<td>Wie die Bilder zeigen oder anpassen<\/td>\n<\/tr>\n<tr>\n<td>Materialien<\/td>\n<td>Aluminium, ABS-Platte, MDF-Platte, EVA\/Schaum\/Stoff\/PU-Futter, Hardware<\/td>\n<\/tr>\n<tr>\n<td>Logo<\/td>\n<td>Metallplattenlogo, gedrucktes Logo, gepr\u00e4gtes Logo, Laserlogo<\/td>\n<\/tr>\n<tr>\n<td>Beispielzeit<\/td>\n<td>7 Tage<\/td>\n<\/tr>\n<tr>\n<td>Verschiffungshafen<\/td>\n<td>Guangzhou, Shenzhen<\/td>\n<\/tr>\n<tr>\n<td>Handelsbedingungen<\/td>\n<td>EXW, FOB, CIF, DDU, DDP<\/td>\n<\/tr>\n<tr>\n<td>Zahlungsarten<\/td>\n<td>T\/T, Barzahlung, PayPal, Kreditkarte<\/td>\n<\/tr>\n<\/tbody>\n<\/table>\n<p><span style=\"color: #003366;\">Merkmale:<\/span><\/p>\n<p>Die aluminiumverst\u00e4rkten Kanten sind robust genug f\u00fcr h\u00e4ufigen Transport, die feuerfeste Platte mit hoher Dichte federt St\u00f6\u00dfe hervorragend ab.<\/p>\n<p>Verchromte Verriegelungsriegel bestehen den Test in puncto Haltbarkeit und Sicherheit.<\/p>\n<p>Der feuerfeste Koffer mit 3,7 kg ist superleicht, erleichtert den Transport und bietet ultimativen Schutz ohne zus\u00e4tzliches Gewicht f\u00fcr den Transport von Elektronik zu Auftritten oder Reisen.<\/p>","protected":false},"excerpt":{"rendered":"<p>Modell: Z44<\/p>\n<p>Gr\u00f6\u00dfe: 70 x 29,5 x 10,7 cm<\/p>\n<p>Mindestbestellmenge: 100 St\u00fcck<\/p>\n<p>Lieferzeit: 15-25 Tage<\/p>\n<p>Probe: Verf\u00fcgbar<\/p>","protected":false},"featured_media":21584,"template":"","meta":{"_gspb_post_css":""},"product_cat":[42,80],"product_tag":[],"featured_image_urls":{"full":["https:\/\/suncasesupply.com\/wp-content\/uploads\/2023\/08\/1-62.jpg",1291,1291,false],"thumbnail":["https:\/\/suncasesupply.com\/wp-content\/uploads\/2023\/08\/1-62-150x150.jpg",150,150,true],"medium":["https:\/\/suncasesupply.com\/wp-content\/uploads\/2023\/08\/1-62-300x300.jpg",300,300,true],"medium_large":["https:\/\/suncasesupply.com\/wp-content\/uploads\/2023\/08\/1-62-768x768.jpg",768,768,true],"large":["https:\/\/suncasesupply.com\/wp-content\/uploads\/2023\/08\/1-62-1024x1024.jpg",1024,1024,true],"1536x1536":["https:\/\/suncasesupply.com\/wp-content\/uploads\/2023\/08\/1-62.jpg",1291,1291,false],"2048x2048":["https:\/\/suncasesupply.com\/wp-content\/uploads\/2023\/08\/1-62.jpg",1291,1291,false],"trp-custom-language-flag":["https:\/\/suncasesupply.com\/wp-content\/uploads\/2023\/08\/1-62.jpg",12,12,false],"woocommerce_thumbnail":["https:\/\/suncasesupply.com\/wp-content\/uploads\/2023\/08\/1-62-300x300.jpg",300,300,true],"woocommerce_single":["https:\/\/suncasesupply.com\/wp-content\/uploads\/2023\/08\/1-62-600x600.jpg",600,600,true],"woocommerce_gallery_thumbnail":["https:\/\/suncasesupply.com\/wp-content\/uploads\/2023\/08\/1-62-100x100.jpg",100,100,true]},"post_excerpt_stackable":"<p>Model : Z44<\/p>\n<p>Size: \u00a070 x 29.5 x 10.7 cm<\/p>\n<p>MOQ: 100pcs<\/p>\n<p>Delivery Time : 15-25 Days<\/p>\n<p>Sample : Available<\/p>\n","category_list":"","author_info":{"name":"","url":""},"comments_num":"0 comments","_links":{"self":[{"href":"https:\/\/suncasesupply.com\/de\/wp-json\/wp\/v2\/product\/21569"}],"collection":[{"href":"https:\/\/suncasesupply.com\/de\/wp-json\/wp\/v2\/product"}],"about":[{"href":"https:\/\/suncasesupply.com\/de\/wp-json\/wp\/v2\/types\/product"}],"wp:featuredmedia":[{"embeddable":true,"href":"https:\/\/suncasesupply.com\/de\/wp-json\/wp\/v2\/media\/21584"}],"wp:attachment":[{"href":"https:\/\/suncasesupply.com\/de\/wp-json\/wp\/v2\/media?parent=21569"}],"wp:term":[{"taxonomy":"product_cat","embeddable":true,"href":"https:\/\/suncasesupply.com\/de\/wp-json\/wp\/v2\/product_cat?post=21569"},{"taxonomy":"product_tag","embeddable":true,"href":"https:\/\/suncasesupply.com\/de\/wp-json\/wp\/v2\/product_tag?post=21569"}],"curies":[{"name":"wp","href":"https:\/\/api.w.org\/{rel}","templated":true}]}}