{"id":21549,"date":"2023-08-29T09:36:54","date_gmt":"2023-08-29T01:36:54","guid":{"rendered":"https:\/\/suncasesupply.com\/?post_type=product&#038;p=21549"},"modified":"2025-02-26T11:35:19","modified_gmt":"2025-02-26T03:35:19","slug":"flight-case-road-cable-trunk-transport-flight-storage-case","status":"publish","type":"product","link":"https:\/\/suncasesupply.com\/de\/product\/flight-case-road-cable-trunk-transport-flight-storage-case\/","title":{"rendered":"Flightcase Stra\u00dfenkabelkoffer Transport Flug Aufbewahrungskoffer"},"content":{"rendered":"<p>&nbsp;<\/p>\n<table width=\"774\">\n<tbody>\n<tr>\n<td width=\"177\">Artikel<\/td>\n<td width=\"597\">Flightcase<\/td>\n<\/tr>\n<tr>\n<td>Abmessungen<\/td>\n<td>1220 x 610 x 740 mm oder individuell anpassen<\/td>\n<\/tr>\n<tr>\n<td>Farben<\/td>\n<td>Wie die Bilder zeigen oder anpassen<\/td>\n<\/tr>\n<tr>\n<td>Materialien<\/td>\n<td>Aluminium, Sperrholz, EVA\/Schaum\/Stoff\/PU-Futter, Hardware<\/td>\n<\/tr>\n<tr>\n<td>Logo<\/td>\n<td>Metallplattenlogo, gedrucktes Logo, gepr\u00e4gtes Logo, Laserlogo<\/td>\n<\/tr>\n<tr>\n<td>Beispielzeit<\/td>\n<td>7 Tage<\/td>\n<\/tr>\n<tr>\n<td>Verschiffungshafen<\/td>\n<td>Guangzhou, Shenzhen<\/td>\n<\/tr>\n<tr>\n<td>Handelsbedingungen<\/td>\n<td>EXW, FOB, CIF, DDU, DDP<\/td>\n<\/tr>\n<tr>\n<td>Zahlungsarten<\/td>\n<td>T\/T, Barzahlung, PayPal, Kreditkarte<\/td>\n<\/tr>\n<\/tbody>\n<\/table>\n<p><span style=\"color: #003366;\">Merkmale:<\/span><\/p>\n<p>Innenma\u00dfe 1173 mm (L) x 566 mm (B) x 566 mm (H).<br \/>\nAu\u00dfenma\u00dfe 1220 mm (L) x 610 mm (B) x 740 mm (H) einschlie\u00dflich R\u00e4der.<br \/>\nGewicht ca. 40kg.<br \/>\nPlatten \u2013 9 mm dickes, schwarzes, mit Phenolharz gebundenes Birkensperrholz mit Sechseckmuster.<br \/>\nKugelecken.<br \/>\n2x gro\u00dfe Schmetterlingsverschl\u00fcsse.<br \/>\n4x Hochleistungs-Sch\u00fcsselngriffe mit an den Enden angebrachten Tr\u00e4gerplatten.<br \/>\n2x gro\u00dfe Deckelhalterungen und ein Klavierscharnier halten den Deckel knapp \u00fcber 90 Grad.<br \/>\n4 x 4-Zoll-Lenkrollen (2 mit Bremse) mit orangefarbenen R\u00e4dern, \u00fcber Radbretter an der Basis festgeschraubt.<\/p>\n<p>Die 8x-Griff-Version bietet 4 zus\u00e4tzliche Griffe an den Seiten<br \/>\n4x Rollbeh\u00e4lter im Kofferdeckel zum einfachen Stapeln<br \/>\nVorne angebrachte Etikettenschale f\u00fcr Etikettengr\u00f6\u00dfe 180 mm x 130 mm<\/p>\n<p>.<\/p>","protected":false},"excerpt":{"rendered":"<p>Modell: SC-FL0007<\/p>\n<p>Gr\u00f6\u00dfe: 1220 x 610 x 740 mm<\/p>\n<p>Mindestbestellmenge: 5 St\u00fcck<\/p>\n<p>Lieferzeit: 15-25 Tage<\/p>\n<p>Probe: Verf\u00fcgbar<\/p>","protected":false},"featured_media":21563,"template":"","meta":{"_gspb_post_css":""},"product_cat":[91],"product_tag":[],"featured_image_urls":{"full":["https:\/\/suncasesupply.com\/wp-content\/uploads\/2023\/08\/1-61.jpg",1600,1600,false],"thumbnail":["https:\/\/suncasesupply.com\/wp-content\/uploads\/2023\/08\/1-61-150x150.jpg",150,150,true],"medium":["https:\/\/suncasesupply.com\/wp-content\/uploads\/2023\/08\/1-61-300x300.jpg",300,300,true],"medium_large":["https:\/\/suncasesupply.com\/wp-content\/uploads\/2023\/08\/1-61-768x768.jpg",768,768,true],"large":["https:\/\/suncasesupply.com\/wp-content\/uploads\/2023\/08\/1-61-1024x1024.jpg",1024,1024,true],"1536x1536":["https:\/\/suncasesupply.com\/wp-content\/uploads\/2023\/08\/1-61-1536x1536.jpg",1536,1536,true],"2048x2048":["https:\/\/suncasesupply.com\/wp-content\/uploads\/2023\/08\/1-61.jpg",1600,1600,false],"trp-custom-language-flag":["https:\/\/suncasesupply.com\/wp-content\/uploads\/2023\/08\/1-61.jpg",12,12,false],"woocommerce_thumbnail":["https:\/\/suncasesupply.com\/wp-content\/uploads\/2023\/08\/1-61-300x300.jpg",300,300,true],"woocommerce_single":["https:\/\/suncasesupply.com\/wp-content\/uploads\/2023\/08\/1-61-600x600.jpg",600,600,true],"woocommerce_gallery_thumbnail":["https:\/\/suncasesupply.com\/wp-content\/uploads\/2023\/08\/1-61-100x100.jpg",100,100,true]},"post_excerpt_stackable":"<p>Model : SC-FL0007<\/p>\n<p>Size: 1220 x 610 x 740mm<\/p>\n<p>MOQ: 5pcs<\/p>\n<p>Delivery Time : 15-25 Days<\/p>\n<p>Sample : Available<\/p>\n","category_list":"","author_info":{"name":"","url":""},"comments_num":"0 comments","_links":{"self":[{"href":"https:\/\/suncasesupply.com\/de\/wp-json\/wp\/v2\/product\/21549"}],"collection":[{"href":"https:\/\/suncasesupply.com\/de\/wp-json\/wp\/v2\/product"}],"about":[{"href":"https:\/\/suncasesupply.com\/de\/wp-json\/wp\/v2\/types\/product"}],"wp:featuredmedia":[{"embeddable":true,"href":"https:\/\/suncasesupply.com\/de\/wp-json\/wp\/v2\/media\/21563"}],"wp:attachment":[{"href":"https:\/\/suncasesupply.com\/de\/wp-json\/wp\/v2\/media?parent=21549"}],"wp:term":[{"taxonomy":"product_cat","embeddable":true,"href":"https:\/\/suncasesupply.com\/de\/wp-json\/wp\/v2\/product_cat?post=21549"},{"taxonomy":"product_tag","embeddable":true,"href":"https:\/\/suncasesupply.com\/de\/wp-json\/wp\/v2\/product_tag?post=21549"}],"curies":[{"name":"wp","href":"https:\/\/api.w.org\/{rel}","templated":true}]}}