{"id":21520,"date":"2023-08-29T09:28:06","date_gmt":"2023-08-29T01:28:06","guid":{"rendered":"https:\/\/suncasesupply.com\/?post_type=product&#038;p=21520"},"modified":"2026-03-17T00:36:10","modified_gmt":"2026-03-16T16:36:10","slug":"aluminum-case-with-custom-size-color-locking-aluminum-box-for-storing-item","status":"publish","type":"product","link":"https:\/\/suncasesupply.com\/de\/product\/aluminum-case-with-custom-size-color-locking-aluminum-box-for-storing-item\/","title":{"rendered":"Aluminiumbox zur Aufbewahrung von Gegenst\u00e4nden Aluminiumkoffer mit Sondergr\u00f6\u00dfe"},"content":{"rendered":"<h4><span style=\"color: #003366;\">Merkmale:<\/span><\/h4>\n<ul>\n<li><strong><b>Stil<\/b><\/strong>Dieses ma\u00dfgefertigte Aluminiumgeh\u00e4use besticht durch sein schlichtes und elegantes Design. Die eisengraue Optik harmoniert perfekt mit den schwarzen Accessoires und verleiht dem Geh\u00e4use ein hochwertiges und wertiges Aussehen.<\/li>\n<li><strong><b>Haltbarkeit<\/b><\/strong>Die gesamte Konstruktion dieser Aluminium-Aufbewahrungsboxen besteht aus einem robusten Rahmen mit drei Materialschichten (Oberfl\u00e4chenmaterial\/MDF-Platte und Schaumstoffauskleidung) und hochwertigen Beschl\u00e4gen, sodass die gesamte Box sehr stabil ist und eine Tragf\u00e4higkeit von mehr als 15 kg aufweist.<\/li>\n<li><strong><b>Funktionalit\u00e4t: <\/b><\/strong>Das Innere des ma\u00dfgefertigten Aluminiumkoffers besteht aus Eierschaum im oberen Bereich und aus Pick &amp; Pluck-Schaumstoffeinlagen im unteren Deckel, die Ihre Ausr\u00fcstung w\u00e4hrend der Reise oder bei der Verwendung im Freien polstern und sichern.<\/li>\n<\/ul>\n<div style=\"display: flex; gap: 20px;\">\n<p><!-- \u7b2c\u4e00\u680f --><\/p>\n<div style=\"flex: 1; text-align: center;\">\n<p><img decoding=\"async\" style=\"max-width: 100%; height: auto; margin-bottom: 10px;\" src=\"https:\/\/suncasesupply.com\/wp-content\/uploads\/2025\/03\/1-Combination-Locks.jpg\" alt=\"Kombinationsschl\u00f6sser\" \/><\/p>\n<p><b><\/b><b><\/b><strong><b>Kombinationsschl\u00f6sser<\/b><\/strong><\/p>\n<p style=\"margin: 0;\">Das Kombinationsschloss bietet eine bequemere und sicherere Verriegelungsmethode als herk\u00f6mmliche Schl\u00f6sser und Schl\u00fcssel, sodass nur Sie Ihren ma\u00dfgefertigten Werkzeugkoffer aus Aluminium \u00f6ffnen k\u00f6nnen, was die Privatsph\u00e4re und den Diebstahlschutz erheblich verbessert.<\/p>\n<p>&nbsp;<\/p>\n<\/div>\n<p><!-- \u7b2c\u4e8c\u680f --><\/p>\n<div style=\"flex: 1; text-align: center;\">\n<p><img decoding=\"async\" style=\"max-width: 100%; height: auto; margin-bottom: 10px;\" src=\"https:\/\/suncasesupply.com\/wp-content\/uploads\/2025\/03\/2-DIY-Foam.jpg\" alt=\"DIY-Schaum\" \/><\/p>\n<p><b><\/b><b><\/b><strong><b>DIY-Schaum<\/b><\/strong><\/p>\n<p style=\"margin: 0;\">Der Boden des Deckels besteht aus selbstformbarem Schaumstoff, dessen Gr\u00f6\u00dfe und Form Sie individuell an Ihre Gegenst\u00e4nde anpassen k\u00f6nnen. Der Schaumstoff ist in verschiedenen Dichten erh\u00e4ltlich und eignet sich perfekt f\u00fcr einen ma\u00dfgefertigten Aluminiumkoffer.<\/p>\n<\/div>\n<p><!-- \u7b2c\u4e09\u680f --><\/p>\n<div style=\"flex: 1; text-align: center;\">\n<p><img decoding=\"async\" style=\"max-width: 100%; height: auto; margin-bottom: 10px;\" src=\"https:\/\/suncasesupply.com\/wp-content\/uploads\/2025\/03\/3-Back-Support-Hinge.jpg\" alt=\"R\u00fcckenst\u00fctzscharnier\" \/><\/p>\n<p><b><\/b><b><\/b><strong><b>R\u00fcckenst\u00fctzscharnier<\/b><\/strong><\/p>\n<p>Es handelt sich um ein Zubeh\u00f6rteil, das dazu dient, den oberen und unteren Deckel der Aluminiumbox zu verbinden und eine relative Drehung zwischen den beiden zu erm\u00f6glichen, wodurch es sich f\u00fcr ma\u00dfgefertigte Aluminium-Reisekoffer eignet.<\/p>\n<\/div>\n<p><!-- \u7b2c\u56db\u680f --><\/p>\n<div style=\"flex: 1; text-align: center;\">\n<p><img decoding=\"async\" style=\"max-width: 100%; height: auto; margin-bottom: 10px;\" src=\"https:\/\/suncasesupply.com\/wp-content\/uploads\/2025\/03\/4-Handle-3.jpg\" alt=\"Handhaben\" \/><\/p>\n<p><strong><b>Handhaben<\/b><\/strong><\/p>\n<p style=\"margin: 0;\">Die Hauptfunktion des Griffs besteht darin, ein Gef\u00fchl von Halt und Kontrolle zu vermitteln, damit Benutzer Objekte problemlos bedienen k\u00f6nnen. Die Funktionen des Griffs sind jedoch vielf\u00e4ltiger. Neben Halt und Kontrolle bietet er auch Unterst\u00fctzung, Stabilit\u00e4t und Balance und eignet sich somit ideal f\u00fcr jedes individuelle Aluminiumgeh\u00e4use-Design.<\/p>\n<\/div>\n<\/div>\n<div style=\"background-color: #29599a; padding: 40px 20px; text-align: center; color: #ffffff; border-radius: 10px; margin: 40px auto; max-width: 960px;\">\n<h2 style=\"font-size: 22px; margin-bottom: 20px; font-weight: bold;\"><span style=\"color: #ffffff;\">Hochwertige Aluminium-Aufbewahrungsboxen erhalten Sie bei Sun Case, bereits ab 100 St\u00fcck!<\/span><\/h2>\n<p><a style=\"display: inline-block; padding: 12px 28px; background-color: #ffffff; color: #29599a; text-decoration: none; border-radius: 6px; font-weight: bold;\" href=\"https:\/\/suncasesupply.com\/de\/contact-us\/\" target=\"_blank\" rel=\"noopener\">Ein Angebot einholen<br \/>\n<\/a><\/p>\n<\/div>\n<h4><span style=\"color: #003366;\">Herstellungsverfahren:<\/span><\/h4>\n<p><img decoding=\"async\" style=\"max-width: 100%; height: auto; margin-bottom: 10px;\" src=\"https:\/\/suncasesupply.com\/wp-content\/uploads\/2025\/07\/Manufacturing-Process.png\" alt=\"Herstellungsprozess von Suncase\" \/><\/p>\n<div style=\"display: flex; gap: 20px;\">\n<p><!-- \u7b2c\u4e00\u680f \u6d41\u7a0b1--><\/p>\n<div style=\"flex: 1; text-align: center;\"><\/div>\n<\/div>\n<div style=\"display: flex; gap: 20px;\">\n<div style=\"flex: 1; text-align: center;\">\n<p style=\"font-weight: bold; margin: 5px 0;\">\n<\/div>\n<\/div>\n<h4><span style=\"color: #003366;\">Hilfreiche Informationen f\u00fcr Gro\u00dfabnehmer:<\/span><\/h4>\n<ul>\n<li class=\"page-title\" title=\"Was macht Sportkarten so wertvoll?\">\n<p class=\"page-title\" title=\"Verschiedene Arten von Aluminium-Tragekoffern\"><a href=\"https:\/\/suncasesupply.com\/de\/blog\/custom-aluminum-case\/different-types-of-aluminum-carrying-cases\/\">Verschiedene Arten von Aluminium-Tragekoffern &gt;&gt;<\/a><\/p>\n<\/li>\n<li title=\"Was macht Sportkarten so wertvoll?\">\n<p class=\"page-title\" title=\"Alles, was Sie \u00fcber Aluminiumkoffer wissen m\u00fcssen\"><a href=\"https:\/\/suncasesupply.com\/de\/blog\/all-you-need-to-know-about-aluminum-cases\/\">Alles, was Sie \u00fcber Aluminiumkoffer wissen m\u00fcssen &gt;&gt;<\/a><\/p>\n<\/li>\n<li title=\"Was macht Sportkarten so wertvoll?\">\n<p class=\"page-title\" title=\"Wie w\u00e4hlt man das richtige Aluminiumgeh\u00e4use aus?\"><a href=\"https:\/\/suncasesupply.com\/de\/blog\/selection-of-aluminum-case\/\">Wie w\u00e4hlt man das richtige Aluminiumgeh\u00e4use aus? &gt;&gt;<\/a><\/p>\n<\/li>\n<\/ul>","protected":false},"excerpt":{"rendered":"<p>Modell: BA-25003<\/p>\n<p>Gr\u00f6\u00dfe: 450x330x120mm<\/p>\n<p>Farben: Grau<\/p>\n<p>Materialien: Aluminiumrahmen, MDF-Platte, Melaminplatte, Hardware.<\/p>\n<p>Logo: Siebdruck-Logo \/ Metallplatten-Logo<\/p>\n<p>Mindestbestellmenge: 100 St\u00fcck<\/p>\n<p>Zahlungsbedingungen: T\/T, Anzahlung + Restbetrag<\/p>","protected":false},"featured_media":25288,"template":"","meta":{"_gspb_post_css":""},"product_cat":[80],"product_tag":[],"featured_image_urls":{"full":["https:\/\/suncasesupply.com\/wp-content\/uploads\/2023\/08\/aa-6.jpg",800,800,false],"thumbnail":["https:\/\/suncasesupply.com\/wp-content\/uploads\/2023\/08\/aa-6-150x150.jpg",150,150,true],"medium":["https:\/\/suncasesupply.com\/wp-content\/uploads\/2023\/08\/aa-6-300x300.jpg",300,300,true],"medium_large":["https:\/\/suncasesupply.com\/wp-content\/uploads\/2023\/08\/aa-6-768x768.jpg",768,768,true],"large":["https:\/\/suncasesupply.com\/wp-content\/uploads\/2023\/08\/aa-6.jpg",800,800,false],"1536x1536":["https:\/\/suncasesupply.com\/wp-content\/uploads\/2023\/08\/aa-6.jpg",800,800,false],"2048x2048":["https:\/\/suncasesupply.com\/wp-content\/uploads\/2023\/08\/aa-6.jpg",800,800,false],"trp-custom-language-flag":["https:\/\/suncasesupply.com\/wp-content\/uploads\/2023\/08\/aa-6-12x12.jpg",12,12,true],"woocommerce_thumbnail":["https:\/\/suncasesupply.com\/wp-content\/uploads\/2023\/08\/aa-6-300x300.jpg",300,300,true],"woocommerce_single":["https:\/\/suncasesupply.com\/wp-content\/uploads\/2023\/08\/aa-6-600x600.jpg",600,600,true],"woocommerce_gallery_thumbnail":["https:\/\/suncasesupply.com\/wp-content\/uploads\/2023\/08\/aa-6-100x100.jpg",100,100,true]},"post_excerpt_stackable":"<p>Model:BA-25003<\/p>\n<p>Size: 450x330x120mm<\/p>\n<p>Colors: Grey color<\/p>\n<p>Materials: Aluminum Frame, MDF Board, Melamine Panel, Hardware.<\/p>\n<p>Logo: Silk Printing Logo \/ Metal Plate Logo<\/p>\n<p>MOQ: 100pcs<\/p>\n<p>Payment Terms: T\/T, Deposit+Balance<\/p>\n","category_list":"","author_info":{"name":"","url":""},"comments_num":"0 comments","_links":{"self":[{"href":"https:\/\/suncasesupply.com\/de\/wp-json\/wp\/v2\/product\/21520"}],"collection":[{"href":"https:\/\/suncasesupply.com\/de\/wp-json\/wp\/v2\/product"}],"about":[{"href":"https:\/\/suncasesupply.com\/de\/wp-json\/wp\/v2\/types\/product"}],"wp:featuredmedia":[{"embeddable":true,"href":"https:\/\/suncasesupply.com\/de\/wp-json\/wp\/v2\/media\/25288"}],"wp:attachment":[{"href":"https:\/\/suncasesupply.com\/de\/wp-json\/wp\/v2\/media?parent=21520"}],"wp:term":[{"taxonomy":"product_cat","embeddable":true,"href":"https:\/\/suncasesupply.com\/de\/wp-json\/wp\/v2\/product_cat?post=21520"},{"taxonomy":"product_tag","embeddable":true,"href":"https:\/\/suncasesupply.com\/de\/wp-json\/wp\/v2\/product_tag?post=21520"}],"curies":[{"name":"wp","href":"https:\/\/api.w.org\/{rel}","templated":true}]}}