{"id":21446,"date":"2023-08-28T16:26:11","date_gmt":"2023-08-28T08:26:11","guid":{"rendered":"https:\/\/suncasesupply.com\/?post_type=product&#038;p=21446"},"modified":"2025-02-20T14:33:37","modified_gmt":"2025-02-20T06:33:37","slug":"black-7-inch-aluminum-storage-box-custom-size-lp-record-case-locking-heavy-duty-record-box","status":"publish","type":"product","link":"https:\/\/suncasesupply.com\/de\/product\/black-7-inch-aluminum-storage-box-custom-size-lp-record-case-locking-heavy-duty-record-box\/","title":{"rendered":"Schwarze 7-Zoll-Aufbewahrungsbox aus Aluminium, Sondergr\u00f6\u00dfe, verschlie\u00dfbare Hochleistungs-Schallplattenbox"},"content":{"rendered":"<p>&nbsp;<\/p>\n<table width=\"774\">\n<tbody>\n<tr>\n<td width=\"177\">Artikel<\/td>\n<td width=\"597\">Aluminiumgeh\u00e4use<\/td>\n<\/tr>\n<tr>\n<td>Abmessungen<\/td>\n<td>\u00a043,5 x 22,5 x 22,5 cm oder individuell anpassen<\/td>\n<\/tr>\n<tr>\n<td>Farben<\/td>\n<td>Wie die Bilder zeigen oder anpassen<\/td>\n<\/tr>\n<tr>\n<td>Materialien<\/td>\n<td>Aluminium, ABS-Platte, MDF-Platte, EVA\/Schaum\/Stoff\/PU-Futter, Hardware<\/td>\n<\/tr>\n<tr>\n<td>Logo<\/td>\n<td>Metallplattenlogo, gedrucktes Logo, gepr\u00e4gtes Logo, Laserlogo<\/td>\n<\/tr>\n<tr>\n<td>Beispielzeit<\/td>\n<td>7 Tage<\/td>\n<\/tr>\n<tr>\n<td>Verschiffungshafen<\/td>\n<td>Guangzhou, Shenzhen<\/td>\n<\/tr>\n<tr>\n<td>Handelsbedingungen<\/td>\n<td>EXW, FOB, CIF, DDU, DDP<\/td>\n<\/tr>\n<tr>\n<td>Zahlungsarten<\/td>\n<td>T\/T, Barzahlung, PayPal, Kreditkarte<\/td>\n<\/tr>\n<\/tbody>\n<\/table>\n<p><span style=\"color: #003366;\">Merkmale:<\/span><\/p>\n<p>Mit einer Kapazit\u00e4t von bis zu 120 Singles ist das 7-Zoll-Schallplattencase ein Must-Have f\u00fcr jeden, der gerne DJ ist. Der Deckel des DJ-Schallplattencases ist auf 2 stabilen Metallscharnieren fest montiert. Die stabile Konstruktion aus Aluminium, kunststoffbeschichteten MDF-Platten und weicher Polsterung im Inneren bietet Singles einen hervorragenden Schutz vor St\u00f6\u00dfen, Licht und Hitze. Ein abschlie\u00dfbares Schnappschloss mit Schl\u00fcssel sch\u00fctzt Ihre Singles vor Diebstahl. Das Schallplattencase f\u00fcr Singles l\u00e4sst sich am Case-Griff bequem tragen. Trotz seines riesigen Fassungsverm\u00f6gens, der stabilen Konstruktion und der hochwertigen Materialien weist das Vinyl Record Case ein geringes Eigengewicht auf.<\/p>","protected":false},"excerpt":{"rendered":"<p>Modell: Z42<\/p>\n<p>Gr\u00f6\u00dfe: 43,5 x 22,5 x 22,5 cm<\/p>\n<p>Kapazit\u00e4t: 120 x 7\u2033-LPs<\/p>\n<p>Mindestbestellmenge: 100 St\u00fcck<\/p>\n<p>Lieferzeit: 15-25 Tage<\/p>\n<p>Probe: Verf\u00fcgbar<\/p>","protected":false},"featured_media":21447,"template":"","meta":{"_gspb_post_css":""},"product_cat":[83],"product_tag":[],"featured_image_urls":{"full":["https:\/\/suncasesupply.com\/wp-content\/uploads\/2023\/08\/256.png",800,800,false],"thumbnail":["https:\/\/suncasesupply.com\/wp-content\/uploads\/2023\/08\/256-150x150.png",150,150,true],"medium":["https:\/\/suncasesupply.com\/wp-content\/uploads\/2023\/08\/256-300x300.png",300,300,true],"medium_large":["https:\/\/suncasesupply.com\/wp-content\/uploads\/2023\/08\/256-768x768.png",768,768,true],"large":["https:\/\/suncasesupply.com\/wp-content\/uploads\/2023\/08\/256.png",800,800,false],"1536x1536":["https:\/\/suncasesupply.com\/wp-content\/uploads\/2023\/08\/256.png",800,800,false],"2048x2048":["https:\/\/suncasesupply.com\/wp-content\/uploads\/2023\/08\/256.png",800,800,false],"trp-custom-language-flag":["https:\/\/suncasesupply.com\/wp-content\/uploads\/2023\/08\/256.png",12,12,false],"woocommerce_thumbnail":["https:\/\/suncasesupply.com\/wp-content\/uploads\/2023\/08\/256-300x300.png",300,300,true],"woocommerce_single":["https:\/\/suncasesupply.com\/wp-content\/uploads\/2023\/08\/256-600x600.png",600,600,true],"woocommerce_gallery_thumbnail":["https:\/\/suncasesupply.com\/wp-content\/uploads\/2023\/08\/256-100x100.png",100,100,true]},"post_excerpt_stackable":"<p>Model : Z42<\/p>\n<p>Size: \u00a043,5 x 22,5 x 22,5 cm<\/p>\n<p>Capacity: 120 x 7&#8243; LPs<\/p>\n<p>MOQ: 100pcs<\/p>\n<p>Delivery Time : 15-25 Days<\/p>\n<p>Sample : Available<\/p>\n","category_list":"","author_info":{"name":"","url":""},"comments_num":"0 comments","_links":{"self":[{"href":"https:\/\/suncasesupply.com\/de\/wp-json\/wp\/v2\/product\/21446"}],"collection":[{"href":"https:\/\/suncasesupply.com\/de\/wp-json\/wp\/v2\/product"}],"about":[{"href":"https:\/\/suncasesupply.com\/de\/wp-json\/wp\/v2\/types\/product"}],"wp:featuredmedia":[{"embeddable":true,"href":"https:\/\/suncasesupply.com\/de\/wp-json\/wp\/v2\/media\/21447"}],"wp:attachment":[{"href":"https:\/\/suncasesupply.com\/de\/wp-json\/wp\/v2\/media?parent=21446"}],"wp:term":[{"taxonomy":"product_cat","embeddable":true,"href":"https:\/\/suncasesupply.com\/de\/wp-json\/wp\/v2\/product_cat?post=21446"},{"taxonomy":"product_tag","embeddable":true,"href":"https:\/\/suncasesupply.com\/de\/wp-json\/wp\/v2\/product_tag?post=21446"}],"curies":[{"name":"wp","href":"https:\/\/api.w.org\/{rel}","templated":true}]}}