{"id":21440,"date":"2023-08-28T16:22:50","date_gmt":"2023-08-28T08:22:50","guid":{"rendered":"https:\/\/suncasesupply.com\/?post_type=product&#038;p=21440"},"modified":"2025-07-15T10:56:58","modified_gmt":"2025-07-15T02:56:58","slug":"acrylic-clear-display-vinyl-lp-record-case-aluminum-album-storage-box-for-12-record","status":"publish","type":"product","link":"https:\/\/suncasesupply.com\/de\/product\/acrylic-clear-display-vinyl-lp-record-case-aluminum-album-storage-box-for-12-record\/","title":{"rendered":"Transparente Vinyl-LP-Schallplattenh\u00fclle aus Acryl, Aluminium-Album-Aufbewahrungsbox f\u00fcr 12-Zoll-Schallplatten"},"content":{"rendered":"<h4><span style=\"color: #003366;\">Merkmale:<\/span><\/h4>\n<ul>\n<li><strong><b>Haltbarkeit und St\u00e4rke<\/b><\/strong>Einer der Hauptvorteile von Schallplattenboxen aus Acryl gegen\u00fcber Glas ist ihre h\u00f6here Haltbarkeit und Festigkeit. Acryl ist ein thermoplastisches Material, das f\u00fcr seine Schlagfestigkeit bekannt ist und daher sehr bruch- und bruchfest ist. Daher eignet es sich ideal zum Schutz Ihrer Sammlung in einer transparenten Acryl-Aufbewahrungsbox f\u00fcr Schallplatten.<\/li>\n<li><strong><b>Optische Klarheit und Transparenz<\/b><\/strong>Acryl bietet eine hervorragende optische Klarheit, die mit der von Glas mithalten kann. Seine Durchsichtigkeit macht es ideal f\u00fcr Ausstellungszwecke. Bei der Aufbewahrung von Schallplatten aus Acryl erm\u00f6glicht es Ihnen, Ihre Sammlung klar zu betrachten und gleichzeitig vollst\u00e4ndig zu sch\u00fctzen \u2013 ideal f\u00fcr Sammler und Einzelh\u00e4ndler gleicherma\u00dfen.<\/li>\n<li><strong><b>Gro\u00dfe Kapazit\u00e4t<\/b><\/strong>: Das Fassungsverm\u00f6gen und die Abmessungen der Box k\u00f6nnen individuell an Ihre Bed\u00fcrfnisse angepasst werden. Diese Schallplatten-Aufbewahrungsboxen werden \u00fcblicherweise zur Aufbewahrung und Organisation von 7- und 12-Zoll-Vinylalben verwendet und kombinieren Schutz mit Pr\u00e4sentation.<\/li>\n<li><strong><b>Leicht<\/b><\/strong>: Die Acrylstruktur ist deutlich leichter als Glas, sodass sich die Tragetasche f\u00fcr Schallplatten leicht transportieren und auf Ausstellungen, in Gesch\u00e4ften oder zu Hause ausstellen l\u00e4sst.<\/li>\n<\/ul>\n<h4><span style=\"color: #003366;\">Produktdetails:<\/span><\/h4>\n<div style=\"display: flex; gap: 20px;\">\n<p><!-- \u7b2c\u4e00\u680f --><\/p>\n<div style=\"flex: 1; text-align: center;\">\n<p><img decoding=\"async\" style=\"max-width: 100%; height: auto; margin-bottom: 10px;\" src=\"https:\/\/suncasesupply.com\/wp-content\/uploads\/2024\/12\/1-Strong-Corner.webp\" alt=\"Starke Ecke\" \/><\/p>\n<p style=\"font-weight: bold; margin: 5px 0;\"><strong><b>Starke Ecke<\/b><\/strong><\/p>\n<p style=\"margin: 0;\">Die Hauptfunktion der Ecken besteht im Schutz. Sie bilden eine sch\u00fctzende Verbindung an den h\u00e4ufigsten Aufprallpunkten eines Geh\u00e4uses. Das Metallmaterial und die halbrunde Form sorgen f\u00fcr eine bessere Sto\u00dffestigkeit. Die Farbe kann an die Farbe des Geh\u00e4uses\/Panels angepasst werden.<\/p>\n<\/div>\n<p><!-- \u7b2c\u4e8c\u680f --><\/p>\n<div style=\"flex: 1; text-align: center;\">\n<p><img decoding=\"async\" style=\"max-width: 100%; height: auto; margin-bottom: 10px;\" src=\"https:\/\/suncasesupply.com\/wp-content\/uploads\/2024\/12\/2-Butterfly-Latches.webp\" alt=\"2-Butterfly-Verschl\u00fcsse\" \/><\/p>\n<p style=\"font-weight: bold; margin: 5px 0;\"><strong><b>Butterfly-Verschl\u00fcsse<\/b><\/strong><\/p>\n<p style=\"margin: 0;\">Die Namen sind an ihrer schmetterlings\u00e4hnlichen Form erkennbar. Es besteht aus hochwertigem Edelstahl und Stahl. Es ist sehr leistungsstark, da das Festziehen durch Drehen des Knopfs erfolgt. Normalerweise kann ein Vorh\u00e4ngeschloss angebracht werden, wenn mehr Sicherheit erforderlich ist. Die Standardfarbe ist Silber, aber es kann in jeder gew\u00fcnschten Farbe hergestellt werden.<\/p>\n<\/div>\n<p><!-- \u7b2c\u4e09\u680f --><\/p>\n<div style=\"flex: 1; text-align: center;\">\n<p><img decoding=\"async\" style=\"max-width: 100%; height: auto; margin-bottom: 10px;\" src=\"https:\/\/suncasesupply.com\/wp-content\/uploads\/2024\/12\/3-Aluminum-Frame.webp\" alt=\"Ma\u00dfgeschneiderter Schaumstoffeinsatz (EVA)\" \/><\/p>\n<p style=\"font-weight: bold; margin: 5px 0;\">Aluminiumrahmen<\/p>\n<p style=\"margin: 0;\">Der Aluminiumrahmen bildet das R\u00fcckgrat des Koffers und sorgt f\u00fcr strukturelle Stabilit\u00e4t. Dicke und Breite werden je nach Kartongr\u00f6\u00dfe und Tragf\u00e4higkeit individuell an Ihre Anforderungen zur Aufbewahrung von Acrylplatten angepasst. G\u00e4ngige Farben sind Silber und Schwarz.<\/p>\n<\/div>\n<p><!-- \u7b2c\u56db\u680f --><\/p>\n<div style=\"flex: 1; text-align: center;\">\n<p><img decoding=\"async\" style=\"max-width: 100%; height: auto; margin-bottom: 10px;\" src=\"https:\/\/suncasesupply.com\/wp-content\/uploads\/2024\/12\/4-Acrylic-Panel.webp\" alt=\"4-Acrylplatte\" \/><\/p>\n<p style=\"font-weight: bold; margin: 5px 0;\"><strong><b>4-Acrylplatte<\/b><\/strong><\/p>\n<p data-start=\"2082\" data-end=\"2362\">Alle sechs Paneele bestehen aus 4 mm starkem, transparentem Acryl mit mittlerer Kratzfestigkeit. Der Inhalt des LP-Organizers kann ohne \u00d6ffnen der H\u00fclle betrachtet und bewundert werden \u2013 eine elegante L\u00f6sung f\u00fcr alle, die eine funktionale Acryl-Vitrine suchen.<\/p>\n<\/div>\n<\/div>\n<div style=\"background-color: #29599a; padding: 40px 20px; text-align: center; color: #ffffff; border-radius: 10px; margin: 40px auto; max-width: 960px;\">\n<h2 style=\"font-size: 22px; margin-bottom: 20px; font-weight: bold;\"><span style=\"color: #ffffff;\">Sch\u00fctzen und pr\u00e4sentieren Sie Ihre Vinyl-Sammlung \u2013 Mindestbestellmenge 100, langlebiges Design aus Acryl und Aluminium!<\/span><\/h2>\n<p><a style=\"display: inline-block; padding: 12px 28px; background-color: #ffffff; color: #29599a; text-decoration: none; border-radius: 6px; font-weight: bold;\" href=\"https:\/\/suncasesupply.com\/de\/contact-us\/\" target=\"_blank\" rel=\"noopener\">Holen Sie sich noch heute Ihr Angebot<br \/>\n<\/a><\/p>\n<\/div>\n<h4><span style=\"color: #003366;\">Herstellungsprozess der Aufbewahrungsbox f\u00fcr Aluminiumalben:<\/span><\/h4>\n<p><img decoding=\"async\" style=\"max-width: 100%; height: auto; margin-bottom: 10px;\" src=\"https:\/\/suncasesupply.com\/wp-content\/uploads\/2025\/07\/Manufacturing-Process.png\" alt=\"Herstellungsprozess von Suncase\" \/><\/p>\n<h4><span style=\"color: #003366;\">Hilfreiche Informationen f\u00fcr Gro\u00dfabnehmer:<\/span><\/h4>\n<ul>\n<li class=\"page-title\" title=\"Was macht Sportkarten so wertvoll?\">\n<p class=\"page-title\" title=\"Welche Gr\u00f6\u00dfe hat die Schallplattenh\u00fclle?\"><a href=\"https:\/\/suncasesupply.com\/de\/blog\/size-of-the-vinyl-record-case\/\">Welche Gr\u00f6\u00dfe hat die Schallplattenh\u00fclle &gt;&gt;<\/a><\/p>\n<\/li>\n<li class=\"page-title\" title=\"Was macht Sportkarten so wertvoll?\">\n<p class=\"page-title\" title=\"Welche Gr\u00f6\u00dfe hat die Schallplattenh\u00fclle?\"><a href=\"https:\/\/suncasesupply.com\/de\/blog\/what-vinyl-record-case-made-of\/\">Woraus bestehen Schallplattenh\u00fcllen?<\/a><\/p>\n<\/li>\n<li title=\"Was macht Sportkarten so wertvoll?\"><a href=\"https:\/\/suncasesupply.com\/de\/blog\/custom-aluminum-case\/aluminum-storage-box-for-organization\/\">Wie lagert man Schallplatten in einer Aluminiumh\u00fclle?<\/a><\/li>\n<\/ul>","protected":false},"excerpt":{"rendered":"<p>Modell: SC-BA001<\/p>\n<p>Gr\u00f6\u00dfe: 360 * 190 * 360 mm oder anpassen<\/p>\n<p>Kapazit\u00e4t: 50 St\u00fcck x 12-Zoll-LPs\/Vinyl\/Schallplatten<\/p>\n<p>Farben: Transparent<\/p>\n<p>Materialien: Aluminium, Acrylplatte, ABS-Platte, Zubeh\u00f6r.<\/p>\n<p>Logo: Metallplattenlogo, Siebdrucklogo<\/p>\n<p>Mindestbestellmenge: 100 St\u00fcck<\/p>","protected":false},"featured_media":21443,"template":"","meta":{"_gspb_post_css":""},"product_cat":[83],"product_tag":[],"featured_image_urls":{"full":["https:\/\/suncasesupply.com\/wp-content\/uploads\/2023\/08\/230.jpg",800,800,false],"thumbnail":["https:\/\/suncasesupply.com\/wp-content\/uploads\/2023\/08\/230-150x150.jpg",150,150,true],"medium":["https:\/\/suncasesupply.com\/wp-content\/uploads\/2023\/08\/230-300x300.jpg",300,300,true],"medium_large":["https:\/\/suncasesupply.com\/wp-content\/uploads\/2023\/08\/230-768x768.jpg",768,768,true],"large":["https:\/\/suncasesupply.com\/wp-content\/uploads\/2023\/08\/230.jpg",800,800,false],"1536x1536":["https:\/\/suncasesupply.com\/wp-content\/uploads\/2023\/08\/230.jpg",800,800,false],"2048x2048":["https:\/\/suncasesupply.com\/wp-content\/uploads\/2023\/08\/230.jpg",800,800,false],"trp-custom-language-flag":["https:\/\/suncasesupply.com\/wp-content\/uploads\/2023\/08\/230.jpg",12,12,false],"woocommerce_thumbnail":["https:\/\/suncasesupply.com\/wp-content\/uploads\/2023\/08\/230-300x300.jpg",300,300,true],"woocommerce_single":["https:\/\/suncasesupply.com\/wp-content\/uploads\/2023\/08\/230-600x600.jpg",600,600,true],"woocommerce_gallery_thumbnail":["https:\/\/suncasesupply.com\/wp-content\/uploads\/2023\/08\/230-100x100.jpg",100,100,true]},"post_excerpt_stackable":"<p>Model: SC-BA001<\/p>\n<p>Size: 360*190*360mm or Customize<\/p>\n<p>Capacity: 50pcs x\u00a012inch LPs\/Vinyl\/Records<\/p>\n<p>Colors: Transparent<\/p>\n<p>Materials: Aluminum, Acrylic\u00a0panel, ABS\u00a0Panel, Accessories.<\/p>\n<p>Logo: Metal plate logo, silk screen logo<\/p>\n<p>MOQ: 100pcs<\/p>\n","category_list":"","author_info":{"name":"","url":""},"comments_num":"0 comments","_links":{"self":[{"href":"https:\/\/suncasesupply.com\/de\/wp-json\/wp\/v2\/product\/21440"}],"collection":[{"href":"https:\/\/suncasesupply.com\/de\/wp-json\/wp\/v2\/product"}],"about":[{"href":"https:\/\/suncasesupply.com\/de\/wp-json\/wp\/v2\/types\/product"}],"wp:featuredmedia":[{"embeddable":true,"href":"https:\/\/suncasesupply.com\/de\/wp-json\/wp\/v2\/media\/21443"}],"wp:attachment":[{"href":"https:\/\/suncasesupply.com\/de\/wp-json\/wp\/v2\/media?parent=21440"}],"wp:term":[{"taxonomy":"product_cat","embeddable":true,"href":"https:\/\/suncasesupply.com\/de\/wp-json\/wp\/v2\/product_cat?post=21440"},{"taxonomy":"product_tag","embeddable":true,"href":"https:\/\/suncasesupply.com\/de\/wp-json\/wp\/v2\/product_tag?post=21440"}],"curies":[{"name":"wp","href":"https:\/\/api.w.org\/{rel}","templated":true}]}}