{"id":21407,"date":"2023-08-28T16:14:35","date_gmt":"2023-08-28T08:14:35","guid":{"rendered":"https:\/\/suncasesupply.com\/?post_type=product&#038;p=21407"},"modified":"2025-02-20T09:47:33","modified_gmt":"2025-02-20T01:47:33","slug":"aluminum-alloy-carrying-case-portable-storage-box-for-wireless-mic-system-storage-camera-gear","status":"publish","type":"product","link":"https:\/\/suncasesupply.com\/de\/product\/aluminum-alloy-carrying-case-portable-storage-box-for-wireless-mic-system-storage-camera-gear\/","title":{"rendered":"Tragbare Aufbewahrungsbox aus Aluminiumlegierung f\u00fcr die Aufbewahrung von drahtlosen Mikrofonsystemen und Kameraausr\u00fcstung"},"content":{"rendered":"<p>&nbsp;<\/p>\n<table width=\"774\">\n<tbody>\n<tr>\n<td width=\"177\">Artikel<\/td>\n<td width=\"597\">Aluminiumgeh\u00e4use<\/td>\n<\/tr>\n<tr>\n<td>Abmessungen<\/td>\n<td>43,5 cm x 32 cm x 10,5 cm oder individuell gestalten<\/td>\n<\/tr>\n<tr>\n<td>Farben<\/td>\n<td>Wie die Bilder zeigen oder anpassen<\/td>\n<\/tr>\n<tr>\n<td>Materialien<\/td>\n<td>Aluminium, ABS-Platte, MDF-Platte, EVA\/Schaum\/Stoff\/PU-Futter, Hardware<\/td>\n<\/tr>\n<tr>\n<td>Logo<\/td>\n<td>Metallplattenlogo, gedrucktes Logo, gepr\u00e4gtes Logo, Laserlogo<\/td>\n<\/tr>\n<tr>\n<td>Beispielzeit<\/td>\n<td>7 Tage<\/td>\n<\/tr>\n<tr>\n<td>Verschiffungshafen<\/td>\n<td>Guangzhou, Shenzhen<\/td>\n<\/tr>\n<tr>\n<td>Handelsbedingungen<\/td>\n<td>EXW, FOB, CIF, DDU, DDP<\/td>\n<\/tr>\n<tr>\n<td>Zahlungsarten<\/td>\n<td>T\/T, Barzahlung, PayPal, Kreditkarte<\/td>\n<\/tr>\n<\/tbody>\n<\/table>\n<p><span style=\"color: #003366;\">Merkmale:<\/span><\/p>\n<p>Hochwertige Konstruktion aus Aluminiumlegierung: Diese robuste und langlebige Tragetasche hat au\u00dfen eine Konstruktion aus harter Aluminiumlegierung und innen einen sto\u00dfd\u00e4mpfenden Formwandrand, um Ihre Ausr\u00fcstung vor pl\u00f6tzlichen St\u00fcrzen und St\u00f6\u00dfen zu sch\u00fctzen.<\/p>\n<p>Zweischichtiger anpassbarer Schaumstoff: Die Tragetasche besteht aus einer Schicht aus anpassbarem, vorgeschnittenem Schaumstoff, der entfernt werden kann, um Ihre Systeme und Zubeh\u00f6rteile, einschlie\u00dflich Sender, Empf\u00e4nger und Headset\/Ansteckmikrofon, unterzubringen. Sie k\u00f6nnen Ihre eigenen F\u00e4cher gestalten.<\/p>\n<p>Spezifikation: Au\u00dfenma\u00dfe: 43,5 cm x 32 cm x 10,5 cm. Innenma\u00dfe: 42 cm x 30 cm x 5,7 cm. Gewicht: 1,7 kg.<\/p>\n<p>Metallbandverst\u00e4rkung: Metallbandverst\u00e4rkung an der Au\u00dfenseite der Tragetasche, extrem robuste Bauqualit\u00e4t, um starker Beanspruchung und h\u00e4ufigem Transport w\u00e4hrend Touren\/Shows standzuhalten<\/p>","protected":false},"excerpt":{"rendered":"<p>Modell: CC-0002<\/p>\n<p>Gr\u00f6\u00dfe: 43,5 cm x 32 cm x 10,5 cm<\/p>\n<p>Mindestbestellmenge: 100 St\u00fcck<\/p>\n<p>Lieferzeit: 15-25 Tage<\/p>\n<p>Probe: Verf\u00fcgbar<\/p>","protected":false},"featured_media":21419,"template":"","meta":{"_gspb_post_css":""},"product_cat":[42,80],"product_tag":[],"featured_image_urls":{"full":["https:\/\/suncasesupply.com\/wp-content\/uploads\/2023\/08\/81OoffT0ycL._AC_SL1500_.jpg",1441,1500,false],"thumbnail":["https:\/\/suncasesupply.com\/wp-content\/uploads\/2023\/08\/81OoffT0ycL._AC_SL1500_-150x150.jpg",150,150,true],"medium":["https:\/\/suncasesupply.com\/wp-content\/uploads\/2023\/08\/81OoffT0ycL._AC_SL1500_-288x300.jpg",288,300,true],"medium_large":["https:\/\/suncasesupply.com\/wp-content\/uploads\/2023\/08\/81OoffT0ycL._AC_SL1500_-768x799.jpg",768,799,true],"large":["https:\/\/suncasesupply.com\/wp-content\/uploads\/2023\/08\/81OoffT0ycL._AC_SL1500_-984x1024.jpg",984,1024,true],"1536x1536":["https:\/\/suncasesupply.com\/wp-content\/uploads\/2023\/08\/81OoffT0ycL._AC_SL1500_.jpg",1441,1500,false],"2048x2048":["https:\/\/suncasesupply.com\/wp-content\/uploads\/2023\/08\/81OoffT0ycL._AC_SL1500_.jpg",1441,1500,false],"trp-custom-language-flag":["https:\/\/suncasesupply.com\/wp-content\/uploads\/2023\/08\/81OoffT0ycL._AC_SL1500_.jpg",12,12,false],"woocommerce_thumbnail":["https:\/\/suncasesupply.com\/wp-content\/uploads\/2023\/08\/81OoffT0ycL._AC_SL1500_-300x300.jpg",300,300,true],"woocommerce_single":["https:\/\/suncasesupply.com\/wp-content\/uploads\/2023\/08\/81OoffT0ycL._AC_SL1500_-600x625.jpg",600,625,true],"woocommerce_gallery_thumbnail":["https:\/\/suncasesupply.com\/wp-content\/uploads\/2023\/08\/81OoffT0ycL._AC_SL1500_-100x100.jpg",100,100,true]},"post_excerpt_stackable":"<p>Model : CC-0002<\/p>\n<p>Size: 43.5 cm X 32 cm X 10.5 cm<\/p>\n<p>MOQ: 100pcs<\/p>\n<p>Delivery Time : 15-25 Days<\/p>\n<p>Sample : Available<\/p>\n","category_list":"","author_info":{"name":"","url":""},"comments_num":"0 comments","_links":{"self":[{"href":"https:\/\/suncasesupply.com\/de\/wp-json\/wp\/v2\/product\/21407"}],"collection":[{"href":"https:\/\/suncasesupply.com\/de\/wp-json\/wp\/v2\/product"}],"about":[{"href":"https:\/\/suncasesupply.com\/de\/wp-json\/wp\/v2\/types\/product"}],"wp:featuredmedia":[{"embeddable":true,"href":"https:\/\/suncasesupply.com\/de\/wp-json\/wp\/v2\/media\/21419"}],"wp:attachment":[{"href":"https:\/\/suncasesupply.com\/de\/wp-json\/wp\/v2\/media?parent=21407"}],"wp:term":[{"taxonomy":"product_cat","embeddable":true,"href":"https:\/\/suncasesupply.com\/de\/wp-json\/wp\/v2\/product_cat?post=21407"},{"taxonomy":"product_tag","embeddable":true,"href":"https:\/\/suncasesupply.com\/de\/wp-json\/wp\/v2\/product_tag?post=21407"}],"curies":[{"name":"wp","href":"https:\/\/api.w.org\/{rel}","templated":true}]}}