{"id":21389,"date":"2023-08-28T16:05:17","date_gmt":"2023-08-28T08:05:17","guid":{"rendered":"https:\/\/suncasesupply.com\/?post_type=product&#038;p=21389"},"modified":"2025-02-20T14:35:44","modified_gmt":"2025-02-20T06:35:44","slug":"pink-pattern-custom-record-case-storage-case-for-12-lp-vinyl-record-case-display-album-case","status":"publish","type":"product","link":"https:\/\/suncasesupply.com\/de\/product\/pink-pattern-custom-record-case-storage-case-for-12-lp-vinyl-record-case-display-album-case\/","title":{"rendered":"Schallplattenh\u00fclle mit rosa Muster, Aufbewahrungsh\u00fclle f\u00fcr 12-Zoll-LPs, Vinyl-Schallplatten, Display-Albumh\u00fclle"},"content":{"rendered":"<p>&nbsp;<\/p>\n<table width=\"774\">\n<tbody>\n<tr>\n<td width=\"177\">Artikel<\/td>\n<td width=\"597\">Schallplattenkoffer aus Aluminium<\/td>\n<\/tr>\n<tr>\n<td>Abmessungen<\/td>\n<td>36 x 36 x 36 cm oder individuell gestalten<\/td>\n<\/tr>\n<tr>\n<td>Farben<\/td>\n<td>Wie die Bilder zeigen oder anpassen<\/td>\n<\/tr>\n<tr>\n<td>Materialien<\/td>\n<td>Aluminium, ABS-Platte, MDF-Platte, EVA\/Schaum\/Stoff\/PU-Futter, Hardware<\/td>\n<\/tr>\n<tr>\n<td>Logo<\/td>\n<td>Metallplattenlogo, gedrucktes Logo, gepr\u00e4gtes Logo, Laserlogo<\/td>\n<\/tr>\n<tr>\n<td>Beispielzeit<\/td>\n<td>7 Tage<\/td>\n<\/tr>\n<tr>\n<td>Verschiffungshafen<\/td>\n<td>Guangzhou, Shenzhen<\/td>\n<\/tr>\n<tr>\n<td>Handelsbedingungen<\/td>\n<td>EXW, FOB, CIF, DDU, DDP<\/td>\n<\/tr>\n<tr>\n<td>Zahlungsarten<\/td>\n<td>T\/T, Barzahlung, PayPal, Kreditkarte<\/td>\n<\/tr>\n<\/tbody>\n<\/table>\n<p><span style=\"color: #003366;\">Merkmale:<\/span><\/p>\n<p>Das 12\u2033 Record Case ist f\u00fcr die Aufbewahrung und den Transport von bis zu 50 12\u2033 Schallplatten konzipiert. Mit seiner stabilen Konstruktion aus Aluminiumprofilen, kunststoffbeschichteten MDF-Platten, Nieten und einer Auskleidung aus Weichschaum bietet der Plattenkoffer optimalen Schutz vor St\u00f6\u00dfen, Licht und Hitze.<\/p>\n<p>Der Deckel des LP Record Case ist fest auf 2 stabilen Metallscharnieren montiert. Ein Schnappverschluss sorgt f\u00fcr zuverl\u00e4ssigen Diebstahlschutz. Durch das geringe Eigengewicht und die stabile Konstruktion ist das Aluminium-Schallplattencase ein ideales DJ-Plattencase, das auch regelm\u00e4\u00dfig problemlos transportiert werden kann. Die Box ist in drei Farbvarianten erh\u00e4ltlich: silber\/silber, silber\/schwarz und schwarz\/schwarz.<\/p>\n<p>Technische Details:<br \/>\n\u2022 Kapazit\u00e4t: max. 100 Stk. 12\u2033-Schallplatten<br \/>\n\u2022 Material: Aluminium, kunststoffbeschichtete MDF-Platten<br \/>\n\u2022 Metallschutzecken sch\u00fctzen vor St\u00f6\u00dfen und Abnutzung<br \/>\n\u2022 In drei Farben erh\u00e4ltlich: Silber\/Silber, Silber\/Schwarz; Schwarz\/Schwarz.<br \/>\n\u2022 Rutschfeste Gummif\u00fc\u00dfe<br \/>\n\u2022 Abmessungen (L x B x H): 36 x 36 x 36 cm<br \/>\n\u2022 Gewicht 2,5 kg<\/p>","protected":false},"excerpt":{"rendered":"<p>Modell: Z35<\/p>\n<p>Gr\u00f6\u00dfe: 36 x 36 x 36 cm<\/p>\n<p>Kapazit\u00e4t: 100 x 12\u2033 LPs<\/p>\n<p>Mindestbestellmenge: 100 St\u00fcck<\/p>\n<p>Lieferzeit: 15-25 Tage<\/p>\n<p>Probe: Verf\u00fcgbar<\/p>","protected":false},"featured_media":21390,"template":"","meta":{"_gspb_post_css":""},"product_cat":[83],"product_tag":[],"featured_image_urls":{"full":["https:\/\/suncasesupply.com\/wp-content\/uploads\/2023\/08\/209.png",800,800,false],"thumbnail":["https:\/\/suncasesupply.com\/wp-content\/uploads\/2023\/08\/209-150x150.png",150,150,true],"medium":["https:\/\/suncasesupply.com\/wp-content\/uploads\/2023\/08\/209-300x300.png",300,300,true],"medium_large":["https:\/\/suncasesupply.com\/wp-content\/uploads\/2023\/08\/209-768x768.png",768,768,true],"large":["https:\/\/suncasesupply.com\/wp-content\/uploads\/2023\/08\/209.png",800,800,false],"1536x1536":["https:\/\/suncasesupply.com\/wp-content\/uploads\/2023\/08\/209.png",800,800,false],"2048x2048":["https:\/\/suncasesupply.com\/wp-content\/uploads\/2023\/08\/209.png",800,800,false],"trp-custom-language-flag":["https:\/\/suncasesupply.com\/wp-content\/uploads\/2023\/08\/209.png",12,12,false],"woocommerce_thumbnail":["https:\/\/suncasesupply.com\/wp-content\/uploads\/2023\/08\/209-300x300.png",300,300,true],"woocommerce_single":["https:\/\/suncasesupply.com\/wp-content\/uploads\/2023\/08\/209-600x600.png",600,600,true],"woocommerce_gallery_thumbnail":["https:\/\/suncasesupply.com\/wp-content\/uploads\/2023\/08\/209-100x100.png",100,100,true]},"post_excerpt_stackable":"<p>Model : Z35<\/p>\n<p>Size: 36 x 36 x 36 cm<\/p>\n<p>Capacity: 100 x 12&#8243; LPs<\/p>\n<p>MOQ: 100pcs<\/p>\n<p>Delivery Time : 15-25 Days<\/p>\n<p>Sample : Available<\/p>\n","category_list":"","author_info":{"name":"","url":""},"comments_num":"0 comments","_links":{"self":[{"href":"https:\/\/suncasesupply.com\/de\/wp-json\/wp\/v2\/product\/21389"}],"collection":[{"href":"https:\/\/suncasesupply.com\/de\/wp-json\/wp\/v2\/product"}],"about":[{"href":"https:\/\/suncasesupply.com\/de\/wp-json\/wp\/v2\/types\/product"}],"wp:featuredmedia":[{"embeddable":true,"href":"https:\/\/suncasesupply.com\/de\/wp-json\/wp\/v2\/media\/21390"}],"wp:attachment":[{"href":"https:\/\/suncasesupply.com\/de\/wp-json\/wp\/v2\/media?parent=21389"}],"wp:term":[{"taxonomy":"product_cat","embeddable":true,"href":"https:\/\/suncasesupply.com\/de\/wp-json\/wp\/v2\/product_cat?post=21389"},{"taxonomy":"product_tag","embeddable":true,"href":"https:\/\/suncasesupply.com\/de\/wp-json\/wp\/v2\/product_tag?post=21389"}],"curies":[{"name":"wp","href":"https:\/\/api.w.org\/{rel}","templated":true}]}}