{"id":21328,"date":"2023-08-28T15:44:05","date_gmt":"2023-08-28T07:44:05","guid":{"rendered":"https:\/\/suncasesupply.com\/?post_type=product&#038;p=21328"},"modified":"2025-02-20T11:12:01","modified_gmt":"2025-02-20T03:12:01","slug":"ax-700-50-double-sided-wheeled-hard-rifle-case-black-long-rifle-gun-case-aluminum-gun-hard-case","status":"publish","type":"product","link":"https:\/\/suncasesupply.com\/de\/product\/ax-700-50-double-sided-wheeled-hard-rifle-case-black-long-rifle-gun-case-aluminum-gun-hard-case\/","title":{"rendered":"AX-700 50\u2033 doppelseitiger Hartschalen-Gewehrkoffer mit Rollen Schwarzer Langgewehr-Gewehrkoffer Aluminium-Gewehrkoffer"},"content":{"rendered":"<p>&nbsp;<\/p>\n<table width=\"774\">\n<tbody>\n<tr>\n<td width=\"177\">Artikel<\/td>\n<td width=\"597\">Waffenkoffer aus Aluminium<\/td>\n<\/tr>\n<tr>\n<td>Abmessungen<\/td>\n<td>134,6 x 33 x 23 cm oder individuell anpassen<\/td>\n<\/tr>\n<tr>\n<td>Farben<\/td>\n<td>Wie die Bilder zeigen oder anpassen<\/td>\n<\/tr>\n<tr>\n<td>Materialien<\/td>\n<td>Aluminium, ABS-Platte, MDF-Platte, EVA\/Schaum\/Stoff\/PU-Futter, Hardware<\/td>\n<\/tr>\n<tr>\n<td>Logo<\/td>\n<td>Metallplattenlogo, gedrucktes Logo, gepr\u00e4gtes Logo, Laserlogo<\/td>\n<\/tr>\n<tr>\n<td>Beispielzeit<\/td>\n<td>7 Tage<\/td>\n<\/tr>\n<tr>\n<td>Verschiffungshafen<\/td>\n<td>Guangzhou, Shenzhen<\/td>\n<\/tr>\n<tr>\n<td>Handelsbedingungen<\/td>\n<td>EXW, FOB, CIF, DDU, DDP<\/td>\n<\/tr>\n<tr>\n<td>Zahlungsarten<\/td>\n<td>T\/T, Barzahlung, PayPal, Kreditkarte<\/td>\n<\/tr>\n<\/tbody>\n<\/table>\n<p><span style=\"color: #003366;\">Merkmale:<\/span><\/p>\n<ul class=\"v_features\">\n<li>Geformte Endplatten aus Polypropylen<\/li>\n<li>Aluminiumrahmen<\/li>\n<li>Verst\u00e4rkte Metallecken<\/li>\n<li>Hochdrucklaminatplatten<\/li>\n<li>Eckr\u00e4der<\/li>\n<li>Zwei Gummigriffe<\/li>\n<li>Zwei versenkte Butterfly-Verschl\u00fcsse mit abschlie\u00dfbaren Anschl\u00fcssen<\/li>\n<li>Zwei Zugriegel mit abschlie\u00dfbaren Anschl\u00fcssen<\/li>\n<li>Klavierscharniere<\/li>\n<li>Noppenschaumstoff im Deckel befestigt<\/li>\n<li>Zwei Lagen herausnehmbarer Schaumstoff (gewellt und Pick-n-Pluck) im Geh\u00e4useboden<\/li>\n<\/ul>","protected":false},"excerpt":{"rendered":"<p>Modell: Z31<\/p>\n<p>Gr\u00f6\u00dfe: 134,6 x 33 x 23 cm<\/p>\n<p>Mindestbestellmenge: 100 St\u00fcck<\/p>\n<p>Lieferzeit: 15-25 Tage<\/p>\n<p>Probe: Verf\u00fcgbar<\/p>","protected":false},"featured_media":21336,"template":"","meta":{"_gspb_post_css":""},"product_cat":[85],"product_tag":[],"featured_image_urls":{"full":["https:\/\/suncasesupply.com\/wp-content\/uploads\/2023\/08\/45-4.jpg",1000,1000,false],"thumbnail":["https:\/\/suncasesupply.com\/wp-content\/uploads\/2023\/08\/45-4-150x150.jpg",150,150,true],"medium":["https:\/\/suncasesupply.com\/wp-content\/uploads\/2023\/08\/45-4-300x300.jpg",300,300,true],"medium_large":["https:\/\/suncasesupply.com\/wp-content\/uploads\/2023\/08\/45-4-768x768.jpg",768,768,true],"large":["https:\/\/suncasesupply.com\/wp-content\/uploads\/2023\/08\/45-4.jpg",1000,1000,false],"1536x1536":["https:\/\/suncasesupply.com\/wp-content\/uploads\/2023\/08\/45-4.jpg",1000,1000,false],"2048x2048":["https:\/\/suncasesupply.com\/wp-content\/uploads\/2023\/08\/45-4.jpg",1000,1000,false],"trp-custom-language-flag":["https:\/\/suncasesupply.com\/wp-content\/uploads\/2023\/08\/45-4.jpg",12,12,false],"woocommerce_thumbnail":["https:\/\/suncasesupply.com\/wp-content\/uploads\/2023\/08\/45-4-300x300.jpg",300,300,true],"woocommerce_single":["https:\/\/suncasesupply.com\/wp-content\/uploads\/2023\/08\/45-4-600x600.jpg",600,600,true],"woocommerce_gallery_thumbnail":["https:\/\/suncasesupply.com\/wp-content\/uploads\/2023\/08\/45-4-100x100.jpg",100,100,true]},"post_excerpt_stackable":"<p>Model : Z31<\/p>\n<p>Size: 134.6 x 33 x 23 cm<\/p>\n<p>MOQ: 100pcs<\/p>\n<p>Delivery Time : 15-25 Days<\/p>\n<p>Sample : Available<\/p>\n","category_list":"","author_info":{"name":"","url":""},"comments_num":"0 comments","_links":{"self":[{"href":"https:\/\/suncasesupply.com\/de\/wp-json\/wp\/v2\/product\/21328"}],"collection":[{"href":"https:\/\/suncasesupply.com\/de\/wp-json\/wp\/v2\/product"}],"about":[{"href":"https:\/\/suncasesupply.com\/de\/wp-json\/wp\/v2\/types\/product"}],"wp:featuredmedia":[{"embeddable":true,"href":"https:\/\/suncasesupply.com\/de\/wp-json\/wp\/v2\/media\/21336"}],"wp:attachment":[{"href":"https:\/\/suncasesupply.com\/de\/wp-json\/wp\/v2\/media?parent=21328"}],"wp:term":[{"taxonomy":"product_cat","embeddable":true,"href":"https:\/\/suncasesupply.com\/de\/wp-json\/wp\/v2\/product_cat?post=21328"},{"taxonomy":"product_tag","embeddable":true,"href":"https:\/\/suncasesupply.com\/de\/wp-json\/wp\/v2\/product_tag?post=21328"}],"curies":[{"name":"wp","href":"https:\/\/api.w.org\/{rel}","templated":true}]}}