{"id":21280,"date":"2023-08-28T15:15:17","date_gmt":"2023-08-28T07:15:17","guid":{"rendered":"https:\/\/suncasesupply.com\/?post_type=product&#038;p=21280"},"modified":"2025-02-20T10:27:08","modified_gmt":"2025-02-20T02:27:08","slug":"aluminium-wheeled-trolley-pilot-case-hard-briefcase-flight-bag-attache-case","status":"publish","type":"product","link":"https:\/\/suncasesupply.com\/de\/product\/aluminium-wheeled-trolley-pilot-case-hard-briefcase-flight-bag-attache-case\/","title":{"rendered":"Aluminium Trolley Pilotenkoffer Hartschalen Aktenkoffer Flugtasche Aktenkoffer"},"content":{"rendered":"<p>&nbsp;<\/p>\n<table width=\"774\">\n<tbody>\n<tr>\n<td width=\"177\">Artikel<\/td>\n<td width=\"597\">Aluminiumgeh\u00e4use<\/td>\n<\/tr>\n<tr>\n<td>Abmessungen<\/td>\n<td>49 x 41 x 23cm oder individuell gestalten<\/td>\n<\/tr>\n<tr>\n<td>Farben<\/td>\n<td>Wie die Bilder zeigen oder anpassen<\/td>\n<\/tr>\n<tr>\n<td>Materialien<\/td>\n<td>Aluminium, ABS-Platte, MDF-Platte, EVA\/Schaum\/Stoff\/PU-Futter, Hardware<\/td>\n<\/tr>\n<tr>\n<td>Logo<\/td>\n<td>Metallplattenlogo, gedrucktes Logo, gepr\u00e4gtes Logo, Laserlogo<\/td>\n<\/tr>\n<tr>\n<td>Beispielzeit<\/td>\n<td>7 Tage<\/td>\n<\/tr>\n<tr>\n<td>Verschiffungshafen<\/td>\n<td>Guangzhou, Shenzhen<\/td>\n<\/tr>\n<tr>\n<td>Handelsbedingungen<\/td>\n<td>EXW, FOB, CIF, DDU, DDP<\/td>\n<\/tr>\n<tr>\n<td>Zahlungsarten<\/td>\n<td>T\/T, Barzahlung, PayPal, Kreditkarte<\/td>\n<\/tr>\n<\/tbody>\n<\/table>\n<p><span style=\"color: #003366;\">Merkmale:<\/span><\/p>\n<p>Professioneller, stilvoller Look in eleganter Farbe. Schwarz geripptes Aluminium mit Gun-Metal-Beschl\u00e4gen<br \/>\nRobust, wiegt ca. 5,4 kg. Doppelte Akten-\/Dokumententasche mit Klettverschluss: 40 x 25 x 4 cm.<br \/>\nAu\u00dfenma\u00dfe: 49 x 41 x 23 cm. Passend f\u00fcr das Handgep\u00e4ck der meisten Fluggesellschaften: 49 x 41 x 23 cm (erkundigen Sie sich zuerst bei Ihrer Fluggesellschaft \u00fcber die zul\u00e4ssige Gr\u00f6\u00dfe)<br \/>\nInnenma\u00dfe: 47 x 38,5 x 16,5 cm<br \/>\nGro\u00dfes Hauptfach. Im Innendeckel sind vier Stifthalter und ein Visitenkartenfach enthalten. Au\u00dfenausstattung in schwarzer Farbe. Doppelte Zahlenschl\u00f6sser. Stabiler Tragegriff aus poliertem Chrom. Der starke Teleskopgriff l\u00e4sst sich auf 90 cm einstellen. Leichtlaufende Inliner-R\u00e4der.<\/p>","protected":false},"excerpt":{"rendered":"<p>Modell: BC-0009<\/p>\n<p>Gr\u00f6\u00dfe: 49 x 41 x 23cm<\/p>\n<p>Mindestbestellmenge: 100 St\u00fcck<\/p>\n<p>Lieferzeit: 15-25 Tage<\/p>\n<p>Probe: Verf\u00fcgbar<\/p>","protected":false},"featured_media":21285,"template":"","meta":{"_gspb_post_css":""},"product_cat":[82],"product_tag":[],"featured_image_urls":{"full":["https:\/\/suncasesupply.com\/wp-content\/uploads\/2023\/08\/1-54-scaled.jpg",2560,2560,false],"thumbnail":["https:\/\/suncasesupply.com\/wp-content\/uploads\/2023\/08\/1-54-150x150.jpg",150,150,true],"medium":["https:\/\/suncasesupply.com\/wp-content\/uploads\/2023\/08\/1-54-300x300.jpg",300,300,true],"medium_large":["https:\/\/suncasesupply.com\/wp-content\/uploads\/2023\/08\/1-54-768x768.jpg",768,768,true],"large":["https:\/\/suncasesupply.com\/wp-content\/uploads\/2023\/08\/1-54-1024x1024.jpg",1024,1024,true],"1536x1536":["https:\/\/suncasesupply.com\/wp-content\/uploads\/2023\/08\/1-54-1536x1536.jpg",1536,1536,true],"2048x2048":["https:\/\/suncasesupply.com\/wp-content\/uploads\/2023\/08\/1-54-2048x2048.jpg",2048,2048,true],"trp-custom-language-flag":["https:\/\/suncasesupply.com\/wp-content\/uploads\/2023\/08\/1-54-scaled.jpg",12,12,false],"woocommerce_thumbnail":["https:\/\/suncasesupply.com\/wp-content\/uploads\/2023\/08\/1-54-300x300.jpg",300,300,true],"woocommerce_single":["https:\/\/suncasesupply.com\/wp-content\/uploads\/2023\/08\/1-54-600x600.jpg",600,600,true],"woocommerce_gallery_thumbnail":["https:\/\/suncasesupply.com\/wp-content\/uploads\/2023\/08\/1-54-100x100.jpg",100,100,true]},"post_excerpt_stackable":"<p>Model : BC-0009<\/p>\n<p>Size: 49 x 41 x 23cm<\/p>\n<p>MOQ: 100pcs<\/p>\n<p>Delivery Time : 15-25 Days<\/p>\n<p>Sample : Available<\/p>\n","category_list":"","author_info":{"name":"","url":""},"comments_num":"0 comments","_links":{"self":[{"href":"https:\/\/suncasesupply.com\/de\/wp-json\/wp\/v2\/product\/21280"}],"collection":[{"href":"https:\/\/suncasesupply.com\/de\/wp-json\/wp\/v2\/product"}],"about":[{"href":"https:\/\/suncasesupply.com\/de\/wp-json\/wp\/v2\/types\/product"}],"wp:featuredmedia":[{"embeddable":true,"href":"https:\/\/suncasesupply.com\/de\/wp-json\/wp\/v2\/media\/21285"}],"wp:attachment":[{"href":"https:\/\/suncasesupply.com\/de\/wp-json\/wp\/v2\/media?parent=21280"}],"wp:term":[{"taxonomy":"product_cat","embeddable":true,"href":"https:\/\/suncasesupply.com\/de\/wp-json\/wp\/v2\/product_cat?post=21280"},{"taxonomy":"product_tag","embeddable":true,"href":"https:\/\/suncasesupply.com\/de\/wp-json\/wp\/v2\/product_tag?post=21280"}],"curies":[{"name":"wp","href":"https:\/\/api.w.org\/{rel}","templated":true}]}}