{"id":21275,"date":"2023-08-28T15:12:24","date_gmt":"2023-08-28T07:12:24","guid":{"rendered":"https:\/\/suncasesupply.com\/?post_type=product&#038;p=21275"},"modified":"2025-02-20T11:13:37","modified_gmt":"2025-02-20T03:13:37","slug":"aluminum-diamond-plate-gun-case-with-keyed-locks-luxury-gun-case-with-custom-pattern","status":"publish","type":"product","link":"https:\/\/suncasesupply.com\/de\/product\/aluminum-diamond-plate-gun-case-with-keyed-locks-luxury-gun-case-with-custom-pattern\/","title":{"rendered":"Aluminium-Waffenkoffer mit Diamantplatte und Schl\u00fcsselschl\u00f6ssern. Luxuri\u00f6ser Waffenkoffer mit individuellem Muster"},"content":{"rendered":"<p>&nbsp;<\/p>\n<table width=\"774\">\n<tbody>\n<tr>\n<td width=\"177\">Artikel<\/td>\n<td width=\"597\">Waffenkoffer aus Aluminium<\/td>\n<\/tr>\n<tr>\n<td>Abmessungen<\/td>\n<td>47 x 35,5 x 12 cm oder Anpassen<\/td>\n<\/tr>\n<tr>\n<td>Farben<\/td>\n<td>Wie die Bilder zeigen oder anpassen<\/td>\n<\/tr>\n<tr>\n<td>Materialien<\/td>\n<td>Aluminium, ABS-Platte, MDF-Platte, EVA\/Schaum\/Stoff\/PU-Futter, Hardware<\/td>\n<\/tr>\n<tr>\n<td>Logo<\/td>\n<td>Metallplattenlogo, gedrucktes Logo, gepr\u00e4gtes Logo, Laserlogo<\/td>\n<\/tr>\n<tr>\n<td>Beispielzeit<\/td>\n<td>7 Tage<\/td>\n<\/tr>\n<tr>\n<td>Verschiffungshafen<\/td>\n<td>Guangzhou, Shenzhen<\/td>\n<\/tr>\n<tr>\n<td>Handelsbedingungen<\/td>\n<td>EXW, FOB, CIF, DDU, DDP<\/td>\n<\/tr>\n<tr>\n<td>Zahlungsarten<\/td>\n<td>T\/T, Barzahlung, PayPal, Kreditkarte<\/td>\n<\/tr>\n<\/tbody>\n<\/table>\n<p><span style=\"color: #003366;\">Merkmale:<\/span><\/p>\n<ul class=\"v_features\">\n<li>Geformte Endplatten aus Polypropylen<\/li>\n<li>Aluminiumrahmen<\/li>\n<li>Verst\u00e4rkte Metallecken<\/li>\n<li>Hochdrucklaminatplatten<\/li>\n<li>Eckr\u00e4der<\/li>\n<li>Zwei Gummigriffe<\/li>\n<li>Zwei versenkte Butterfly-Verschl\u00fcsse mit abschlie\u00dfbaren Anschl\u00fcssen<\/li>\n<li>Zwei Zugriegel mit abschlie\u00dfbaren Anschl\u00fcssen<\/li>\n<li>Klavierscharniere<\/li>\n<li>Noppenschaumstoff im Deckel befestigt<\/li>\n<li>Zwei Lagen herausnehmbarer Schaumstoff (gewellt und Pick-n-Pluck) im Geh\u00e4useboden<\/li>\n<\/ul>","protected":false},"excerpt":{"rendered":"<p>Modell: Z26<\/p>\n<p>Gr\u00f6\u00dfe: 47 x 35,5 x 12 cm<\/p>\n<p>Mindestbestellmenge: 100 St\u00fcck<\/p>\n<p>Lieferzeit: 15-25 Tage<\/p>\n<p>Probe: Verf\u00fcgbar<\/p>","protected":false},"featured_media":21276,"template":"","meta":{"_gspb_post_css":""},"product_cat":[85],"product_tag":[],"featured_image_urls":{"full":["https:\/\/suncasesupply.com\/wp-content\/uploads\/2023\/08\/32-2.jpg",984,983,false],"thumbnail":["https:\/\/suncasesupply.com\/wp-content\/uploads\/2023\/08\/32-2-150x150.jpg",150,150,true],"medium":["https:\/\/suncasesupply.com\/wp-content\/uploads\/2023\/08\/32-2-300x300.jpg",300,300,true],"medium_large":["https:\/\/suncasesupply.com\/wp-content\/uploads\/2023\/08\/32-2-768x767.jpg",768,767,true],"large":["https:\/\/suncasesupply.com\/wp-content\/uploads\/2023\/08\/32-2.jpg",984,983,false],"1536x1536":["https:\/\/suncasesupply.com\/wp-content\/uploads\/2023\/08\/32-2.jpg",984,983,false],"2048x2048":["https:\/\/suncasesupply.com\/wp-content\/uploads\/2023\/08\/32-2.jpg",984,983,false],"trp-custom-language-flag":["https:\/\/suncasesupply.com\/wp-content\/uploads\/2023\/08\/32-2.jpg",12,12,false],"woocommerce_thumbnail":["https:\/\/suncasesupply.com\/wp-content\/uploads\/2023\/08\/32-2-300x300.jpg",300,300,true],"woocommerce_single":["https:\/\/suncasesupply.com\/wp-content\/uploads\/2023\/08\/32-2-600x599.jpg",600,599,true],"woocommerce_gallery_thumbnail":["https:\/\/suncasesupply.com\/wp-content\/uploads\/2023\/08\/32-2-100x100.jpg",100,100,true]},"post_excerpt_stackable":"<p>Model : Z26<\/p>\n<p>Size: 47 x 35.5 x 12 cm<\/p>\n<p>MOQ: 100pcs<\/p>\n<p>Delivery Time : 15-25 Days<\/p>\n<p>Sample : Available<\/p>\n","category_list":"","author_info":{"name":"","url":""},"comments_num":"0 comments","_links":{"self":[{"href":"https:\/\/suncasesupply.com\/de\/wp-json\/wp\/v2\/product\/21275"}],"collection":[{"href":"https:\/\/suncasesupply.com\/de\/wp-json\/wp\/v2\/product"}],"about":[{"href":"https:\/\/suncasesupply.com\/de\/wp-json\/wp\/v2\/types\/product"}],"wp:featuredmedia":[{"embeddable":true,"href":"https:\/\/suncasesupply.com\/de\/wp-json\/wp\/v2\/media\/21276"}],"wp:attachment":[{"href":"https:\/\/suncasesupply.com\/de\/wp-json\/wp\/v2\/media?parent=21275"}],"wp:term":[{"taxonomy":"product_cat","embeddable":true,"href":"https:\/\/suncasesupply.com\/de\/wp-json\/wp\/v2\/product_cat?post=21275"},{"taxonomy":"product_tag","embeddable":true,"href":"https:\/\/suncasesupply.com\/de\/wp-json\/wp\/v2\/product_tag?post=21275"}],"curies":[{"name":"wp","href":"https:\/\/api.w.org\/{rel}","templated":true}]}}