{"id":21265,"date":"2023-08-28T14:56:18","date_gmt":"2023-08-28T06:56:18","guid":{"rendered":"https:\/\/suncasesupply.com\/?post_type=product&#038;p=21265"},"modified":"2026-03-17T01:30:02","modified_gmt":"2026-03-16T17:30:02","slug":"aluminum-tool-case-18-x-14-x-6-tools-storage-carrying-case-hot-selling","status":"publish","type":"product","link":"https:\/\/suncasesupply.com\/de\/product\/aluminum-tool-case-18-x-14-x-6-tools-storage-carrying-case-hot-selling\/","title":{"rendered":"Aluminium-Werkzeugkoffer 18\u2033 x 14\u2033 x 6\u2033 Werkzeugaufbewahrungs-Tragekoffer Hei\u00dfer Verkauf"},"content":{"rendered":"<h4><span style=\"color: #003366;\">Merkmale:<\/span><\/h4>\n<ul>\n<li><strong>Gro\u00dfe Kapazit\u00e4t<\/strong>Dieser Werkzeugkoffer aus Aluminium verf\u00fcgt \u00fcber ein Werkzeugpanel, Schaumstoffeinlagen und EVA-Trennw\u00e4nde und bietet ausreichend Platz f\u00fcr Ihre verschiedenen Werkzeuge. Dank seines Designs ist er eine vielseitige L\u00f6sung f\u00fcr Ihre Werkzeuge.<\/li>\n<li><strong>Leicht zu tragen<\/strong>: Dieser Werkzeugkoffer mit leichtem und stabilem Griff ist eine gute Wahl f\u00fcr unterwegs und verf\u00fcgt \u00fcber einen Schultergurt, der Ihre H\u00e4nde frei l\u00e4sst.<\/li>\n<li><strong>Universelle Speicherfunktion<\/strong>Der Aluminiumkoffer dient nicht nur zur Aufbewahrung von Werkzeugen, sondern auch vieler anderer Produkte. Er bietet Platz f\u00fcr Kameras, elektronische Ger\u00e4te und weiteres Equipment und erm\u00f6glicht deren Transport. Die Schaumstoffeinlage sch\u00fctzt Ihre Produkte vor Besch\u00e4digungen und macht den Koffer somit zu einem praktischen Werkzeugkoffer mit Schaumstoffpolsterung.<\/li>\n<\/ul>\n<h4><span style=\"color: #003366;\">Produktdetails:<\/span><\/h4>\n<div style=\"display: flex; gap: 20px;\">\n<p><!-- \u7b2c\u4e00\u680f --><\/p>\n<div style=\"flex: 1; text-align: center;\">\n<p><img decoding=\"async\" style=\"max-width: 100%; height: auto; margin-bottom: 10px;\" src=\"https:\/\/suncasesupply.com\/wp-content\/uploads\/2025\/03\/DIY-Foam.png\" alt=\"DIY-Schaum\" \/><\/p>\n<p style=\"font-weight: bold; margin: 5px 0;\">DIY-Schaum<\/p>\n<p style=\"margin: 0;\">Ausgestattet mit einem individuell anpassbaren Schaumstoffeinsatz, k\u00f6nnen Sie den Stauraum f\u00fcr Ihre verschiedenen Werkzeuge selbst gestalten. Der Schaumstoff ist besonders weich und sch\u00fctzt Ihre Werkzeuge optimal. Sollte der Schaumstoffeinsatz nicht ben\u00f6tigt werden, l\u00e4sst er sich entfernen, um mehr Platz in diesem Werkzeugkoffer aus Aluminium zu schaffen.<\/p>\n<\/div>\n<p><!-- \u7b2c\u4e8c\u680f --><\/p>\n<div style=\"flex: 1; text-align: center;\">\n<p><img decoding=\"async\" style=\"max-width: 100%; height: auto; margin-bottom: 10px;\" src=\"https:\/\/suncasesupply.com\/wp-content\/uploads\/2025\/03\/EVA-dividers-1.png\" alt=\"Trennw\u00e4nde aus EVA\" \/><\/p>\n<p style=\"font-weight: bold; margin: 5px 0;\">Trennw\u00e4nde aus EVA<\/p>\n<p style=\"margin: 0;\">Ausgestattet mit EVA-Trennw\u00e4nden unterschiedlicher L\u00e4nge. Diese Trennw\u00e4nde sind abnehmbar, sodass Sie den Innenraum je nach den verschiedenen Produkten individuell gestalten und f\u00fcr Ordnung und Ordnung im Innenraum sorgen k\u00f6nnen.<\/p>\n<\/div>\n<p><!-- \u7b2c\u4e09\u680f --><\/p>\n<div style=\"flex: 1; text-align: center;\">\n<p><img decoding=\"async\" style=\"max-width: 100%; height: auto; margin-bottom: 10px;\" src=\"https:\/\/suncasesupply.com\/wp-content\/uploads\/2025\/03\/Shoulder-Strap.png\" alt=\"Schulterriemen\" \/><\/p>\n<p style=\"font-weight: bold; margin: 5px 0;\">Schulterriemen<\/p>\n<p style=\"margin: 0;\">Der Koffer verf\u00fcgt \u00fcber einen Schultergurt, der Ihnen auf Reisen die H\u00e4nde frei l\u00e4sst. Der Gurt ist h\u00f6henverstellbar und somit besonders komfortabel und tragbar. Gleichzeitig dient er als zuverl\u00e4ssige Werkzeugaufbewahrungsbox aus Metall und eignet sich perfekt f\u00fcr Werkzeuge \u2013 sowohl f\u00fcr zu Hause als auch f\u00fcr unterwegs.<\/p>\n<\/div>\n<p><!-- \u7b2c\u56db\u680f --><\/p>\n<div style=\"flex: 1; text-align: center;\">\n<p><img decoding=\"async\" style=\"max-width: 100%; height: auto; margin-bottom: 10px;\" src=\"https:\/\/suncasesupply.com\/wp-content\/uploads\/2025\/03\/Tool-panel.png\" alt=\"Werkzeugleiste\" \/><\/p>\n<p style=\"font-weight: bold; margin: 5px 0;\">Werkzeugleiste<\/p>\n<p style=\"margin: 0;\">Das Werkzeugfach im Deckel bietet Platz f\u00fcr Schere, Pinzette, Schraubenschl\u00fcssel, Schraubendreher und mehr. Es ist aus PU gefertigt, leicht zu reinigen und bei Nichtgebrauch abnehmbar \u2013 eine vielseitige L\u00f6sung f\u00fcr die Werkzeugaufbewahrung.<\/p>\n<\/div>\n<\/div>\n<div style=\"background-color: #29599a; padding: 40px 20px; text-align: center; color: #ffffff; border-radius: 10px; margin: 40px auto; max-width: 960px;\">\n<h2 style=\"font-size: 22px; margin-bottom: 20px; font-weight: bold;\"><span style=\"color: #ffffff;\">Sichern Sie sich jetzt Ihren Sun Case Werkzeugkoffer aus Aluminium, Mindestbestellmenge 100 St\u00fcck, perfekt f\u00fcr \u00fcbersichtliches Werkzeug.<\/span><\/h2>\n<p><a style=\"display: inline-block; padding: 12px 28px; background-color: #ffffff; color: #29599a; text-decoration: none; border-radius: 6px; font-weight: bold;\" href=\"https:\/\/suncasesupply.com\/de\/contact-us\/\" target=\"_blank\" rel=\"noopener\">Ein Angebot einholen<br \/>\n<\/a><\/p>\n<\/div>\n<h4><span style=\"color: #003366;\">Herstellungsprozess des Aluminium-Werkzeugkoffers:<\/span><\/h4>\n<p><img decoding=\"async\" style=\"max-width: 100%; height: auto; margin-bottom: 10px;\" src=\"https:\/\/suncasesupply.com\/wp-content\/uploads\/2025\/07\/Manufacturing-Process.png\" alt=\"Herstellungsprozess von Suncase\" \/><\/p>\n<div style=\"display: flex; gap: 20px;\">\n<p><!-- \u7b2c\u4e00\u680f \u6d41\u7a0b1--><\/p>\n<div style=\"flex: 1; text-align: center;\"><\/div>\n<\/div>\n<div style=\"display: flex; gap: 20px;\">\n<div style=\"flex: 1; text-align: center;\">\n<p style=\"font-weight: bold; margin: 5px 0;\">\n<\/div>\n<\/div>\n<h4><span style=\"color: #003366;\">Hilfreiche Informationen f\u00fcr Gro\u00dfabnehmer:<\/span><\/h4>\n<ul>\n<li><a href=\"https:\/\/suncasesupply.com\/de\/blog\/custom-aluminum-case\/types-of-materials-used-in-tool-cases\/\">Erkundung von Werkzeugkoffern aus Aluminium und anderen Materialien<\/a><\/li>\n<li><a href=\"https:\/\/suncasesupply.com\/de\/blog\/reason-to-have-aluminum-tool-case\/\">Warum brauchen Sie einen Werkzeugkoffer aus Aluminium?<\/a><\/li>\n<\/ul>","protected":false},"excerpt":{"rendered":"<p>Modell: BL-0022<\/p>\n<p>Gr\u00f6\u00dfe: 45 x 33 x 15 cm<\/p>\n<p>Farben: Silber oder anpassen<\/p>\n<p>Materialien: Aluminium, ABS-Platte, EVA-Trennw\u00e4nde, Schaumstoff, PU-Leder<\/p>\n<p>Logo: Metallplattenlogo, Siebdrucklogo<\/p>\n<p>Mindestbestellmenge: 100 St\u00fcck<\/p>","protected":false},"featured_media":21267,"template":"","meta":{"_gspb_post_css":""},"product_cat":[81],"product_tag":[],"featured_image_urls":{"full":["https:\/\/suncasesupply.com\/wp-content\/uploads\/2023\/08\/18-2.jpg",500,500,false],"thumbnail":["https:\/\/suncasesupply.com\/wp-content\/uploads\/2023\/08\/18-2-150x150.jpg",150,150,true],"medium":["https:\/\/suncasesupply.com\/wp-content\/uploads\/2023\/08\/18-2-300x300.jpg",300,300,true],"medium_large":["https:\/\/suncasesupply.com\/wp-content\/uploads\/2023\/08\/18-2.jpg",500,500,false],"large":["https:\/\/suncasesupply.com\/wp-content\/uploads\/2023\/08\/18-2.jpg",500,500,false],"1536x1536":["https:\/\/suncasesupply.com\/wp-content\/uploads\/2023\/08\/18-2.jpg",500,500,false],"2048x2048":["https:\/\/suncasesupply.com\/wp-content\/uploads\/2023\/08\/18-2.jpg",500,500,false],"trp-custom-language-flag":["https:\/\/suncasesupply.com\/wp-content\/uploads\/2023\/08\/18-2.jpg",12,12,false],"woocommerce_thumbnail":["https:\/\/suncasesupply.com\/wp-content\/uploads\/2023\/08\/18-2-300x300.jpg",300,300,true],"woocommerce_single":["https:\/\/suncasesupply.com\/wp-content\/uploads\/2023\/08\/18-2.jpg",500,500,false],"woocommerce_gallery_thumbnail":["https:\/\/suncasesupply.com\/wp-content\/uploads\/2023\/08\/18-2-100x100.jpg",100,100,true]},"post_excerpt_stackable":"<p>Model : BL-0022<\/p>\n<p>Size:\u00a0 45 x 33 x 15cm<\/p>\n<p>Colors: Silver or customize<\/p>\n<p>Materials: Aluminum, ABS panel, EVA dividers, Pluck foam, PU leather<\/p>\n<p>Logo: Metal plate logo, silk screen logo<\/p>\n<p>MOQ: 100pcs<\/p>\n","category_list":"","author_info":{"name":"","url":""},"comments_num":"0 comments","_links":{"self":[{"href":"https:\/\/suncasesupply.com\/de\/wp-json\/wp\/v2\/product\/21265"}],"collection":[{"href":"https:\/\/suncasesupply.com\/de\/wp-json\/wp\/v2\/product"}],"about":[{"href":"https:\/\/suncasesupply.com\/de\/wp-json\/wp\/v2\/types\/product"}],"wp:featuredmedia":[{"embeddable":true,"href":"https:\/\/suncasesupply.com\/de\/wp-json\/wp\/v2\/media\/21267"}],"wp:attachment":[{"href":"https:\/\/suncasesupply.com\/de\/wp-json\/wp\/v2\/media?parent=21265"}],"wp:term":[{"taxonomy":"product_cat","embeddable":true,"href":"https:\/\/suncasesupply.com\/de\/wp-json\/wp\/v2\/product_cat?post=21265"},{"taxonomy":"product_tag","embeddable":true,"href":"https:\/\/suncasesupply.com\/de\/wp-json\/wp\/v2\/product_tag?post=21265"}],"curies":[{"name":"wp","href":"https:\/\/api.w.org\/{rel}","templated":true}]}}