{"id":21226,"date":"2023-08-28T14:37:48","date_gmt":"2023-08-28T06:37:48","guid":{"rendered":"https:\/\/suncasesupply.com\/?post_type=product&#038;p=21226"},"modified":"2025-02-20T09:48:16","modified_gmt":"2025-02-20T01:48:16","slug":"aluminum-hard-case-carrying-storage-box-tool-case","status":"publish","type":"product","link":"https:\/\/suncasesupply.com\/de\/product\/aluminum-hard-case-carrying-storage-box-tool-case\/","title":{"rendered":"Aluminium-Hartschalenkoffer Tragetasche Aufbewahrungsbox Werkzeugkoffer"},"content":{"rendered":"<p>&nbsp;<\/p>\n<table width=\"774\">\n<tbody>\n<tr>\n<td width=\"177\">Artikel<\/td>\n<td width=\"597\">Aluminiumgeh\u00e4use<\/td>\n<\/tr>\n<tr>\n<td>Abmessungen<\/td>\n<td>42\u00d730 x15cm oder individuell anpassen<\/td>\n<\/tr>\n<tr>\n<td>Farben<\/td>\n<td>Wie die Bilder zeigen oder anpassen<\/td>\n<\/tr>\n<tr>\n<td>Materialien<\/td>\n<td>Aluminium, ABS-Platte, MDF-Platte, EVA\/Schaum\/Stoff\/PU-Futter, Hardware<\/td>\n<\/tr>\n<tr>\n<td>Logo<\/td>\n<td>Metallplattenlogo, gedrucktes Logo, gepr\u00e4gtes Logo, Laserlogo<\/td>\n<\/tr>\n<tr>\n<td>Beispielzeit<\/td>\n<td>7 Tage<\/td>\n<\/tr>\n<tr>\n<td>Verschiffungshafen<\/td>\n<td>Guangzhou, Shenzhen<\/td>\n<\/tr>\n<tr>\n<td>Handelsbedingungen<\/td>\n<td>EXW, FOB, CIF, DDU, DDP<\/td>\n<\/tr>\n<tr>\n<td>Zahlungsarten<\/td>\n<td>T\/T, Barzahlung, PayPal, Kreditkarte<\/td>\n<\/tr>\n<\/tbody>\n<\/table>\n<p><span style=\"color: #003366;\">Merkmale:<\/span><\/p>\n<p>Es kann eine Aktentasche, ein Werkzeugkasten oder ein Aufbewahrungskoffer usw. sein, je nachdem, wof\u00fcr Sie es verwenden m\u00f6chten.<br \/>\nZum Beispiel zur Platzierung wichtiger Dokumente, Schraubendreher, H\u00e4mmer, Fahrzeuge, Garten- oder anderer Werkzeuge.<\/p>\n<p>Material: Aluminiumrahmen\/Seitenteile aus schlagfestem ABS-Kunststoff\/Metallecken\/Gummibasis\/ABS-Griff<br \/>\nInnenma\u00dfe: 15,7&quot; L\u00e4nge x 11&quot; Breite x 5,07&quot; H\u00f6he<br \/>\nAu\u00dfenma\u00dfe: 16,5 Zoll L\u00e4nge x 11,8 Zoll Breite x 5,9 Zoll H\u00f6he.<\/p>","protected":false},"excerpt":{"rendered":"<p>Modell: BC-0026<\/p>\n<p>Gr\u00f6\u00dfe: 42\u00d730 x15cm<\/p>\n<p>Mindestbestellmenge: 100 St\u00fcck<\/p>\n<p>Lieferzeit: 15-25 Tage<\/p>\n<p>Probe: Verf\u00fcgbar<\/p>","protected":false},"featured_media":21230,"template":"","meta":{"_gspb_post_css":""},"product_cat":[42,80],"product_tag":[],"featured_image_urls":{"full":["https:\/\/suncasesupply.com\/wp-content\/uploads\/2023\/08\/s-l1600-5-3.jpg",1000,1000,false],"thumbnail":["https:\/\/suncasesupply.com\/wp-content\/uploads\/2023\/08\/s-l1600-5-3-150x150.jpg",150,150,true],"medium":["https:\/\/suncasesupply.com\/wp-content\/uploads\/2023\/08\/s-l1600-5-3-300x300.jpg",300,300,true],"medium_large":["https:\/\/suncasesupply.com\/wp-content\/uploads\/2023\/08\/s-l1600-5-3-768x768.jpg",768,768,true],"large":["https:\/\/suncasesupply.com\/wp-content\/uploads\/2023\/08\/s-l1600-5-3.jpg",1000,1000,false],"1536x1536":["https:\/\/suncasesupply.com\/wp-content\/uploads\/2023\/08\/s-l1600-5-3.jpg",1000,1000,false],"2048x2048":["https:\/\/suncasesupply.com\/wp-content\/uploads\/2023\/08\/s-l1600-5-3.jpg",1000,1000,false],"trp-custom-language-flag":["https:\/\/suncasesupply.com\/wp-content\/uploads\/2023\/08\/s-l1600-5-3.jpg",12,12,false],"woocommerce_thumbnail":["https:\/\/suncasesupply.com\/wp-content\/uploads\/2023\/08\/s-l1600-5-3-300x300.jpg",300,300,true],"woocommerce_single":["https:\/\/suncasesupply.com\/wp-content\/uploads\/2023\/08\/s-l1600-5-3-600x600.jpg",600,600,true],"woocommerce_gallery_thumbnail":["https:\/\/suncasesupply.com\/wp-content\/uploads\/2023\/08\/s-l1600-5-3-100x100.jpg",100,100,true]},"post_excerpt_stackable":"<p>Model : BC-0026<\/p>\n<p>Size: 42&#215;30 x15cm<\/p>\n<p>MOQ: 100pcs<\/p>\n<p>Delivery Time : 15-25 Days<\/p>\n<p>Sample : Available<\/p>\n","category_list":"","author_info":{"name":"","url":""},"comments_num":"0 comments","_links":{"self":[{"href":"https:\/\/suncasesupply.com\/de\/wp-json\/wp\/v2\/product\/21226"}],"collection":[{"href":"https:\/\/suncasesupply.com\/de\/wp-json\/wp\/v2\/product"}],"about":[{"href":"https:\/\/suncasesupply.com\/de\/wp-json\/wp\/v2\/types\/product"}],"wp:featuredmedia":[{"embeddable":true,"href":"https:\/\/suncasesupply.com\/de\/wp-json\/wp\/v2\/media\/21230"}],"wp:attachment":[{"href":"https:\/\/suncasesupply.com\/de\/wp-json\/wp\/v2\/media?parent=21226"}],"wp:term":[{"taxonomy":"product_cat","embeddable":true,"href":"https:\/\/suncasesupply.com\/de\/wp-json\/wp\/v2\/product_cat?post=21226"},{"taxonomy":"product_tag","embeddable":true,"href":"https:\/\/suncasesupply.com\/de\/wp-json\/wp\/v2\/product_tag?post=21226"}],"curies":[{"name":"wp","href":"https:\/\/api.w.org\/{rel}","templated":true}]}}