{"id":21217,"date":"2023-08-28T14:34:04","date_gmt":"2023-08-28T06:34:04","guid":{"rendered":"https:\/\/suncasesupply.com\/?post_type=product&#038;p=21217"},"modified":"2025-02-20T10:28:07","modified_gmt":"2025-02-20T02:28:07","slug":"black-aluminum-hard-briefcase-with-foam-protection-business-flight-carrying-case","status":"publish","type":"product","link":"https:\/\/suncasesupply.com\/de\/product\/black-aluminum-hard-briefcase-with-foam-protection-business-flight-carrying-case\/","title":{"rendered":"Harte Aktentasche aus schwarzem Aluminium mit Schaumstoffschutz f\u00fcr den Business-Flug"},"content":{"rendered":"<p>&nbsp;<\/p>\n<table width=\"774\">\n<tbody>\n<tr>\n<td width=\"177\">Artikel<\/td>\n<td width=\"597\">Aluminiumgeh\u00e4use<\/td>\n<\/tr>\n<tr>\n<td>Abmessungen<\/td>\n<td>450*330*110mm oder anpassen<\/td>\n<\/tr>\n<tr>\n<td>Farben<\/td>\n<td>Wie die Bilder zeigen oder anpassen<\/td>\n<\/tr>\n<tr>\n<td>Materialien<\/td>\n<td>Aluminium, ABS-Platte, MDF-Platte, EVA\/Schaum\/Stoff\/PU-Futter, Hardware<\/td>\n<\/tr>\n<tr>\n<td>Logo<\/td>\n<td>Metallplattenlogo, gedrucktes Logo, gepr\u00e4gtes Logo, Laserlogo<\/td>\n<\/tr>\n<tr>\n<td>Beispielzeit<\/td>\n<td>7 Tage<\/td>\n<\/tr>\n<tr>\n<td>Verschiffungshafen<\/td>\n<td>Guangzhou, Shenzhen<\/td>\n<\/tr>\n<tr>\n<td>Handelsbedingungen<\/td>\n<td>EXW, FOB, CIF, DDU, DDP<\/td>\n<\/tr>\n<tr>\n<td>Zahlungsarten<\/td>\n<td>T\/T, Barzahlung, PayPal, Kreditkarte<\/td>\n<\/tr>\n<\/tbody>\n<\/table>\n<p><span style=\"color: #003366;\">Merkmale:<\/span><\/p>\n<p>*Stabiles Design macht das Geh\u00e4use langlebig;<br \/>\n*Viele verschiedene Innentaschen sorgen f\u00fcr eine gute Organisation und helfen Ihnen, Ihre Sachen \u00fcbersichtlich zu pr\u00e4sentieren.<br \/>\n*Kombinationsschl\u00f6sser k\u00f6nnen Ihre pers\u00f6nlichen Gegenst\u00e4nde sicher aufbewahren.<br \/>\n*Leicht und tragbar, unsere Tasche ist eine gute Wahl f\u00fcr Sie.<\/p>\n<p>Name: Aluminium-Hartschalenkoffer (Werkzeugkasten\/Aktenkoffer).<br \/>\nFarbe: Schwarz<br \/>\nMaterial: Aluminiumrahmen\/Seitenteile aus schlagfestem ABS-Kunststoff\/Metallecken\/Gummibasis\/ABS-Griff<br \/>\nFuttermaterial: EVA<br \/>\nSchloss: Doppelschloss<br \/>\nGesamtgr\u00f6\u00dfe: 17,7&quot;L x 12,99&quot;B x 4,3&quot;H \/ (450 x 330 x 110 mm)<br \/>\nInnenma\u00dfe: 16,9&quot;L x 12,4&quot;B x 3,54&quot;H \/ (435 x 315 x 95 mm)<\/p>","protected":false},"excerpt":{"rendered":"<p>Modell: BC-0005<\/p>\n<p>Gr\u00f6\u00dfe: 460 * 330 * 135 mm<\/p>\n<p>Mindestbestellmenge: 100 St\u00fcck<\/p>\n<p>Lieferzeit: 15-25 Tage<\/p>\n<p>Probe: Verf\u00fcgbar<\/p>","protected":false},"featured_media":21218,"template":"","meta":{"_gspb_post_css":""},"product_cat":[82],"product_tag":[],"featured_image_urls":{"full":["https:\/\/suncasesupply.com\/wp-content\/uploads\/2023\/08\/s-l1600.png",800,800,false],"thumbnail":["https:\/\/suncasesupply.com\/wp-content\/uploads\/2023\/08\/s-l1600-150x150.png",150,150,true],"medium":["https:\/\/suncasesupply.com\/wp-content\/uploads\/2023\/08\/s-l1600-300x300.png",300,300,true],"medium_large":["https:\/\/suncasesupply.com\/wp-content\/uploads\/2023\/08\/s-l1600-768x768.png",768,768,true],"large":["https:\/\/suncasesupply.com\/wp-content\/uploads\/2023\/08\/s-l1600.png",800,800,false],"1536x1536":["https:\/\/suncasesupply.com\/wp-content\/uploads\/2023\/08\/s-l1600.png",800,800,false],"2048x2048":["https:\/\/suncasesupply.com\/wp-content\/uploads\/2023\/08\/s-l1600.png",800,800,false],"trp-custom-language-flag":["https:\/\/suncasesupply.com\/wp-content\/uploads\/2023\/08\/s-l1600.png",12,12,false],"woocommerce_thumbnail":["https:\/\/suncasesupply.com\/wp-content\/uploads\/2023\/08\/s-l1600-300x300.png",300,300,true],"woocommerce_single":["https:\/\/suncasesupply.com\/wp-content\/uploads\/2023\/08\/s-l1600-600x600.png",600,600,true],"woocommerce_gallery_thumbnail":["https:\/\/suncasesupply.com\/wp-content\/uploads\/2023\/08\/s-l1600-100x100.png",100,100,true]},"post_excerpt_stackable":"<p>Model : BC-0005<\/p>\n<p>Size: \u00a0460*330*135mm<\/p>\n<p>MOQ: 100pcs<\/p>\n<p>Delivery Time : 15-25 Days<\/p>\n<p>Sample : Available<\/p>\n","category_list":"","author_info":{"name":"","url":""},"comments_num":"0 comments","_links":{"self":[{"href":"https:\/\/suncasesupply.com\/de\/wp-json\/wp\/v2\/product\/21217"}],"collection":[{"href":"https:\/\/suncasesupply.com\/de\/wp-json\/wp\/v2\/product"}],"about":[{"href":"https:\/\/suncasesupply.com\/de\/wp-json\/wp\/v2\/types\/product"}],"wp:featuredmedia":[{"embeddable":true,"href":"https:\/\/suncasesupply.com\/de\/wp-json\/wp\/v2\/media\/21218"}],"wp:attachment":[{"href":"https:\/\/suncasesupply.com\/de\/wp-json\/wp\/v2\/media?parent=21217"}],"wp:term":[{"taxonomy":"product_cat","embeddable":true,"href":"https:\/\/suncasesupply.com\/de\/wp-json\/wp\/v2\/product_cat?post=21217"},{"taxonomy":"product_tag","embeddable":true,"href":"https:\/\/suncasesupply.com\/de\/wp-json\/wp\/v2\/product_tag?post=21217"}],"curies":[{"name":"wp","href":"https:\/\/api.w.org\/{rel}","templated":true}]}}