{"id":21174,"date":"2023-08-28T14:12:38","date_gmt":"2023-08-28T06:12:38","guid":{"rendered":"https:\/\/suncasesupply.com\/?post_type=product&#038;p=21174"},"modified":"2025-07-15T10:55:30","modified_gmt":"2025-07-15T02:55:30","slug":"53-rifle-gun-case-aluminum-long-gun-hard-case-portable-locking-shotgun-storage-box","status":"publish","type":"product","link":"https:\/\/suncasesupply.com\/de\/product\/53-rifle-gun-case-aluminum-long-gun-hard-case-portable-locking-shotgun-storage-box\/","title":{"rendered":"53-Zoll-Gewehrkoffer, Aluminium-Hartschalenkoffer f\u00fcr Langwaffen, tragbare, verschlie\u00dfbare Aufbewahrungsbox f\u00fcr Schrotflinten"},"content":{"rendered":"<h4><span style=\"color: #003366;\">Merkmale:<\/span><\/h4>\n<p><strong>1. Hohe Festigkeit und Haltbarkeit<\/strong><br \/>\nDieser Gewehrkoffer aus Aluminium besteht \u00fcblicherweise aus leichtem, aber hochfestem Aluminium und ist sowohl sto\u00df- als auch druckfest. Er h\u00e4lt rauen Umgebungen und versehentlichem Herunterfallen stand. Die robuste Konstruktion des Koffers und die Kanten sind oft mit Verst\u00e4rkungsrippen versehen, um \u00e4u\u00dferen Besch\u00e4digungen standzuhalten. Er ist ideal f\u00fcr alle, die einen Hartschalenkoffer f\u00fcr den professionellen oder Outdoor-Einsatz ben\u00f6tigen.<\/p>\n<p><strong>2. Sicherheit<\/strong><br \/>\nZertifizierte Schl\u00f6sser: Standardm\u00e4\u00dfige Hochsicherheits-Kombinationsschl\u00f6sser gew\u00e4hrleisten die Sicherheit der Waffe im Inneren. Das wasser- und staubdichte Design sorgt daf\u00fcr, dass der Innenraum trocken bleibt. Dadurch eignet sich dieser abschlie\u00dfbare Gewehrkoffer aus Aluminium mit Schl\u00fcsseln f\u00fcr den Einsatz im Freien oder in taktischen Umgebungen, in denen Zuverl\u00e4ssigkeit eine wichtige Rolle spielt.<\/p>\n<p><strong>3. Leicht und tragbar<\/strong><br \/>\nDas Gewicht betr\u00e4gt in der Regel 5\u201310 kg (je nach Gr\u00f6\u00dfe). Einige Modelle sind f\u00fcr den einfachen Transport mit Rollen oder Gurten ausgestattet. Obwohl es sich um einen langen Gewehrkoffer handelt, ist er auch f\u00fcr den Solotransport gut handlich und bietet optimalen Schutz und optimale Tragbarkeit.<\/p>\n<h4><span style=\"color: #003366;\">Produktdetails:<\/span><\/h4>\n<div style=\"display: flex; gap: 20px;\">\n<p><!-- \u7b2c\u4e00\u680f --><\/p>\n<div style=\"flex: 1; text-align: center;\">\n<p><img decoding=\"async\" style=\"max-width: 100%; height: auto; margin-bottom: 10px;\" src=\"https:\/\/suncasesupply.com\/wp-content\/uploads\/2025\/05\/strong-handle.jpg\" alt=\"Robuster und komfortabler Griff\" \/><\/p>\n<p style=\"font-weight: bold; margin: 5px 0;\">Robuster Griff<\/p>\n<p style=\"margin: 0;\">Der Griff besteht aus rutschfestem, d\u00e4mpfendem Gummimaterial, um die Erm\u00fcdung der Hand beim langen Heben zu verringern. Gleichzeitig passt er sich dem Griffbogen an und verbessert so den Komfort. Er ist durch Metallklammern oder Nieten fest mit dem Kofferk\u00f6rper verbunden. Dies gew\u00e4hrleistet nicht nur eine hohe Tragf\u00e4higkeit, sondern verst\u00e4rkt auch die Gesamtstruktur des Koffers und verhindert Verformungen. Dieses durchdachte Design ist bei hochwertigen Hartschalenkoffern f\u00fcr Gewehre \u00fcblich.<\/p>\n<\/div>\n<p><!-- \u7b2c\u4e8c\u680f --><\/p>\n<div style=\"flex: 1; text-align: center;\">\n<p><img decoding=\"async\" style=\"max-width: 100%; height: auto; margin-bottom: 10px;\" src=\"https:\/\/suncasesupply.com\/wp-content\/uploads\/2025\/05\/Protective-foam.jpg\" alt=\"Schutzschaum\" \/><\/p>\n<p style=\"font-weight: bold; margin: 5px 0;\">Schutzschaum<\/p>\n<p style=\"margin: 0;\">Wellenbaumwolle absorbiert St\u00f6\u00dfe und Vibrationen effektiv und reduziert so die direkte Einwirkung \u00e4u\u00dferer Kr\u00e4fte auf die Waffe w\u00e4hrend des Transports oder bei Kollisionen. Dadurch werden Sch\u00e4den an Pr\u00e4zisionsteilen (wie Zielfernrohren, L\u00e4ufen usw.) durch Vibrationen vermieden. Das an die Form der Waffe angepasste Rillendesign fixiert diese sicher und eignet sich daher hervorragend als Gewehrkoffer f\u00fcr Langwaffen. Einige Modelle eignen sich auch gut als Aufbewahrungsbox f\u00fcr Schrotflinten und bieten flexible Waffenkompatibilit\u00e4t.<\/p>\n<\/div>\n<p><!-- \u7b2c\u4e09\u680f --><\/p>\n<div style=\"flex: 1; text-align: center;\">\n<p><img decoding=\"async\" style=\"max-width: 100%; height: auto; margin-bottom: 10px;\" src=\"https:\/\/suncasesupply.com\/wp-content\/uploads\/2025\/05\/Diamond-surface.jpg\" alt=\"Diamantoberfl\u00e4che\" \/><\/p>\n<p style=\"font-weight: bold; margin: 5px 0;\">Diamantoberfl\u00e4che<\/p>\n<p style=\"margin: 0;\">Die rautenf\u00f6rmige ABS-Platte sch\u00fctzt die Box effektiv vor Kratzern w\u00e4hrend Transport und Gebrauch und verl\u00e4ngert so ihre Lebensdauer. Dieses Oberfl\u00e4chendesign erh\u00f6ht die Attraktivit\u00e4t und Robustheit jedes Hartschalen-Gewehrkoffers, der unter rauen Bedingungen eingesetzt wird.<\/p>\n<\/div>\n<p><!-- \u7b2c\u56db\u680f --><\/p>\n<div style=\"flex: 1; text-align: center;\">\n<p><img decoding=\"async\" style=\"max-width: 100%; height: auto; margin-bottom: 10px;\" src=\"https:\/\/suncasesupply.com\/wp-content\/uploads\/2025\/05\/Commbination-lock.jpg\" alt=\"Kombinationsschloss\" \/><\/p>\n<p style=\"font-weight: bold; margin: 5px 0;\">Kombinationsschloss<\/p>\n<p style=\"margin: 0;\">Kombinationsschl\u00f6sser gew\u00e4hrleisten die Sicherheit von Waffen und verhindern den Zugriff Dritter (z. B. Kinder, Diebe oder Unbefugte). Im Vergleich zu Schl\u00fcsselschl\u00f6ssern ben\u00f6tigen Kombinationsschl\u00f6sser keine Schl\u00fcssel. Sie m\u00fcssen lediglich die Kombination eingeben, um die Waffenkiste schnell zu \u00f6ffnen (besonders praktisch in Notsituationen).<\/p>\n<\/div>\n<\/div>\n<div style=\"background-color: #29599a; padding: 40px 20px; text-align: center; color: #ffffff; border-radius: 10px; margin: 40px auto; max-width: 960px;\">\n<h2 style=\"font-size: 22px; margin-bottom: 20px; font-weight: bold;\"><span style=\"color: #ffffff;\">Mindestbestellmenge 100 f\u00fcr robuste Waffenkoffer aus Aluminium \u2013 Kontaktieren Sie Sun Case f\u00fcr das beste Angebot!<\/span><\/h2>\n<p><a style=\"display: inline-block; padding: 12px 28px; background-color: #ffffff; color: #29599a; text-decoration: none; border-radius: 6px; font-weight: bold;\" href=\"https:\/\/suncasesupply.com\/de\/contact-us\/\" target=\"_blank\" rel=\"noopener\">Preise anfordern<br \/>\n<\/a><\/p>\n<\/div>\n<h4><span style=\"color: #003366;\">Herstellungsprozess des Waffenkoffers:<\/span><\/h4>\n<p><img decoding=\"async\" style=\"max-width: 100%; height: auto; margin-bottom: 10px;\" src=\"https:\/\/suncasesupply.com\/wp-content\/uploads\/2025\/07\/Manufacturing-Process.png\" alt=\"Herstellungsprozess von Suncase\" \/><\/p>\n<h4><span style=\"color: #003366;\">Hilfreiche Informationen f\u00fcr Gro\u00dfabnehmer:<\/span><\/h4>\n<p><a href=\"https:\/\/suncasesupply.com\/de\/blog\/aluminum-gun-case\/gun-case-durability-test-aluminum-vs-plastic\/\">1. Haltbarkeitstest f\u00fcr Waffenkoffer: Aluminium vs. Kunststoff<\/a><\/p>\n<p><a href=\"https:\/\/suncasesupply.com\/de\/blog\/aluminum-gun-case\/consider-gun-case-factors\/\">2. Worauf achten Sie bei der Auswahl verschiedener Waffenkoffer?<\/a><\/p>\n<p><a href=\"https:\/\/suncasesupply.com\/de\/blog\/aluminum-gun-case\/best-aluminum-gun-cases\/\">3. Beste Aluminium-Waffenkoffer von Suncase im Jahr 2024<\/a><\/p>\n<p><a href=\"https:\/\/suncasesupply.com\/de\/blog\/aluminum-gun-case\/top-3-aluminum-gun-cases-manufacturers-of-china\/\">4. Top 3 Hersteller von Aluminium-Waffenkoffern in China<\/a><\/p>\n<p><a href=\"https:\/\/suncasesupply.com\/de\/blog\/aluminum-gun-case\/hard-vs-soft-rifle-case\/\">5. Harter vs. weicher Gewehrkoffer: Welcher Aluminium-Waffenkoffer ist besser?<\/a><\/p>\n<p><a href=\"https:\/\/suncasesupply.com\/de\/blog\/aluminum-gun-case\/best-foam-for-aluminum-gun-cases\/\">6. Der beste Schaumstoff f\u00fcr einen Aluminium-Waffenkoffer<\/a><\/p>","protected":false},"excerpt":{"rendered":"<p>Modell: Z22<\/p>\n<p>Gr\u00f6\u00dfe: 150 x 35 x 12 cm<\/p>\n<p>Farben: Schwarz oder anpassen<\/p>\n<p>Materialien: Aluminium, ABS-Platte, Acrylplatte<\/p>\n<p>Logo: Metallplattenlogo, Siebdrucklogo<\/p>\n<p>Mindestbestellmenge: 100 St\u00fcck<\/p>","protected":false},"featured_media":21175,"template":"","meta":{"_gspb_post_css":""},"product_cat":[85],"product_tag":[],"featured_image_urls":{"full":["https:\/\/suncasesupply.com\/wp-content\/uploads\/2023\/08\/12-7.jpg",947,947,false],"thumbnail":["https:\/\/suncasesupply.com\/wp-content\/uploads\/2023\/08\/12-7-150x150.jpg",150,150,true],"medium":["https:\/\/suncasesupply.com\/wp-content\/uploads\/2023\/08\/12-7-300x300.jpg",300,300,true],"medium_large":["https:\/\/suncasesupply.com\/wp-content\/uploads\/2023\/08\/12-7-768x768.jpg",768,768,true],"large":["https:\/\/suncasesupply.com\/wp-content\/uploads\/2023\/08\/12-7.jpg",947,947,false],"1536x1536":["https:\/\/suncasesupply.com\/wp-content\/uploads\/2023\/08\/12-7.jpg",947,947,false],"2048x2048":["https:\/\/suncasesupply.com\/wp-content\/uploads\/2023\/08\/12-7.jpg",947,947,false],"trp-custom-language-flag":["https:\/\/suncasesupply.com\/wp-content\/uploads\/2023\/08\/12-7.jpg",12,12,false],"woocommerce_thumbnail":["https:\/\/suncasesupply.com\/wp-content\/uploads\/2023\/08\/12-7-300x300.jpg",300,300,true],"woocommerce_single":["https:\/\/suncasesupply.com\/wp-content\/uploads\/2023\/08\/12-7-600x600.jpg",600,600,true],"woocommerce_gallery_thumbnail":["https:\/\/suncasesupply.com\/wp-content\/uploads\/2023\/08\/12-7-100x100.jpg",100,100,true]},"post_excerpt_stackable":"<p>Model : Z22<\/p>\n<p>Size: 150 x 35 x 12 cm<\/p>\n<p>Colors: Black or customize<\/p>\n<p>Materials: Aluminum, ABS panel, Acrylic Panel<\/p>\n<p>Logo: Metal plate logo, silk screen logo<\/p>\n<p>MOQ: 100pcs<\/p>\n","category_list":"","author_info":{"name":"","url":""},"comments_num":"0 comments","_links":{"self":[{"href":"https:\/\/suncasesupply.com\/de\/wp-json\/wp\/v2\/product\/21174"}],"collection":[{"href":"https:\/\/suncasesupply.com\/de\/wp-json\/wp\/v2\/product"}],"about":[{"href":"https:\/\/suncasesupply.com\/de\/wp-json\/wp\/v2\/types\/product"}],"wp:featuredmedia":[{"embeddable":true,"href":"https:\/\/suncasesupply.com\/de\/wp-json\/wp\/v2\/media\/21175"}],"wp:attachment":[{"href":"https:\/\/suncasesupply.com\/de\/wp-json\/wp\/v2\/media?parent=21174"}],"wp:term":[{"taxonomy":"product_cat","embeddable":true,"href":"https:\/\/suncasesupply.com\/de\/wp-json\/wp\/v2\/product_cat?post=21174"},{"taxonomy":"product_tag","embeddable":true,"href":"https:\/\/suncasesupply.com\/de\/wp-json\/wp\/v2\/product_tag?post=21174"}],"curies":[{"name":"wp","href":"https:\/\/api.w.org\/{rel}","templated":true}]}}