{"id":21173,"date":"2023-08-28T14:11:46","date_gmt":"2023-08-28T06:11:46","guid":{"rendered":"https:\/\/suncasesupply.com\/?post_type=product&#038;p=21173"},"modified":"2025-02-20T09:50:27","modified_gmt":"2025-02-20T01:50:27","slug":"silver-portable-aluminum-tool-storage-case-hard-carrying-box","status":"publish","type":"product","link":"https:\/\/suncasesupply.com\/de\/product\/silver-portable-aluminum-tool-storage-case-hard-carrying-box\/","title":{"rendered":"Silberner tragbarer Werkzeugaufbewahrungskoffer aus Aluminium mit harter Tragebox"},"content":{"rendered":"<p>&nbsp;<\/p>\n<table width=\"774\">\n<tbody>\n<tr>\n<td width=\"177\">Artikel<\/td>\n<td width=\"597\">Aluminiumgeh\u00e4use<\/td>\n<\/tr>\n<tr>\n<td>Abmessungen<\/td>\n<td>33\u00d728 x11cm oder anpassen<\/td>\n<\/tr>\n<tr>\n<td>Farben<\/td>\n<td>Wie die Bilder zeigen oder anpassen<\/td>\n<\/tr>\n<tr>\n<td>Materialien<\/td>\n<td>Aluminium, ABS-Platte, MDF-Platte, EVA\/Schaum\/Stoff\/PU-Futter, Hardware<\/td>\n<\/tr>\n<tr>\n<td>Logo<\/td>\n<td>Metallplattenlogo, gedrucktes Logo, gepr\u00e4gtes Logo, Laserlogo<\/td>\n<\/tr>\n<tr>\n<td>Beispielzeit<\/td>\n<td>7 Tage<\/td>\n<\/tr>\n<tr>\n<td>Verschiffungshafen<\/td>\n<td>Guangzhou, Shenzhen<\/td>\n<\/tr>\n<tr>\n<td>Handelsbedingungen<\/td>\n<td>EXW, FOB, CIF, DDU, DDP<\/td>\n<\/tr>\n<tr>\n<td>Zahlungsarten<\/td>\n<td>T\/T, Barzahlung, PayPal, Kreditkarte<\/td>\n<\/tr>\n<\/tbody>\n<\/table>\n<p><span style=\"color: #003366;\">Merkmale:<\/span><\/p>\n<p>Tragbarer, harter Reisekoffer f\u00fcr Make-up, Kosmetiksalons und Friseure. Mit Schl\u00f6ssern ausgestattet, f\u00fcr extrem hohe Vertraulichkeit.<\/p>\n<p>Ausgestattet mit einem gro\u00dfen Griff im amerikanischen Stil, aus ABS-Mischmaterial, hoher Stabilit\u00e4t, starker Tragf\u00e4higkeit und komfortabel und sch\u00f6n.<\/p>\n<p>Unterst\u00fctzung, die die Verbindung zwischen dem Kastendeckel und dem Kastenk\u00f6rper st\u00e4rker macht, das \u00d6ffnen und Schlie\u00dfen erleichtert und langlebiger macht.<\/p>\n<p>Einzigartige verbreiterte und verdickte, runde, glatte Eckenumh\u00fcllung aus Metall und Verst\u00e4rkung mit Nieten, um sicherzustellen, dass das Gep\u00e4ck eine st\u00e4rkere Tragf\u00e4higkeit hat.<\/p>","protected":false},"excerpt":{"rendered":"<p>Modell: BC-0025<\/p>\n<p>Gr\u00f6\u00dfe: 33\u00d728 x11cm<\/p>\n<p>Mindestbestellmenge: 100 St\u00fcck<\/p>\n<p>Lieferzeit: 15-25 Tage<\/p>\n<p>Probe: Verf\u00fcgbar<\/p>","protected":false},"featured_media":21167,"template":"","meta":{"_gspb_post_css":""},"product_cat":[42,80],"product_tag":[],"featured_image_urls":{"full":["https:\/\/suncasesupply.com\/wp-content\/uploads\/2023\/08\/04f39834-9b81-46f2-98e2-68cd91ff9f83.a1cbdb999a1a1293e77fa2b50c72a93d.jpeg",768,768,false],"thumbnail":["https:\/\/suncasesupply.com\/wp-content\/uploads\/2023\/08\/04f39834-9b81-46f2-98e2-68cd91ff9f83.a1cbdb999a1a1293e77fa2b50c72a93d-150x150.jpeg",150,150,true],"medium":["https:\/\/suncasesupply.com\/wp-content\/uploads\/2023\/08\/04f39834-9b81-46f2-98e2-68cd91ff9f83.a1cbdb999a1a1293e77fa2b50c72a93d-300x300.jpeg",300,300,true],"medium_large":["https:\/\/suncasesupply.com\/wp-content\/uploads\/2023\/08\/04f39834-9b81-46f2-98e2-68cd91ff9f83.a1cbdb999a1a1293e77fa2b50c72a93d.jpeg",768,768,false],"large":["https:\/\/suncasesupply.com\/wp-content\/uploads\/2023\/08\/04f39834-9b81-46f2-98e2-68cd91ff9f83.a1cbdb999a1a1293e77fa2b50c72a93d.jpeg",768,768,false],"1536x1536":["https:\/\/suncasesupply.com\/wp-content\/uploads\/2023\/08\/04f39834-9b81-46f2-98e2-68cd91ff9f83.a1cbdb999a1a1293e77fa2b50c72a93d.jpeg",768,768,false],"2048x2048":["https:\/\/suncasesupply.com\/wp-content\/uploads\/2023\/08\/04f39834-9b81-46f2-98e2-68cd91ff9f83.a1cbdb999a1a1293e77fa2b50c72a93d.jpeg",768,768,false],"trp-custom-language-flag":["https:\/\/suncasesupply.com\/wp-content\/uploads\/2023\/08\/04f39834-9b81-46f2-98e2-68cd91ff9f83.a1cbdb999a1a1293e77fa2b50c72a93d.jpeg",12,12,false],"woocommerce_thumbnail":["https:\/\/suncasesupply.com\/wp-content\/uploads\/2023\/08\/04f39834-9b81-46f2-98e2-68cd91ff9f83.a1cbdb999a1a1293e77fa2b50c72a93d-300x300.jpeg",300,300,true],"woocommerce_single":["https:\/\/suncasesupply.com\/wp-content\/uploads\/2023\/08\/04f39834-9b81-46f2-98e2-68cd91ff9f83.a1cbdb999a1a1293e77fa2b50c72a93d-600x600.jpeg",600,600,true],"woocommerce_gallery_thumbnail":["https:\/\/suncasesupply.com\/wp-content\/uploads\/2023\/08\/04f39834-9b81-46f2-98e2-68cd91ff9f83.a1cbdb999a1a1293e77fa2b50c72a93d-100x100.jpeg",100,100,true]},"post_excerpt_stackable":"<p>Model : BC-0025<\/p>\n<p>Size: 33&#215;28 x11cm<\/p>\n<p>MOQ: 100pcs<\/p>\n<p>Delivery Time : 15-25 Days<\/p>\n<p>Sample : Available<\/p>\n","category_list":"","author_info":{"name":"","url":""},"comments_num":"0 comments","_links":{"self":[{"href":"https:\/\/suncasesupply.com\/de\/wp-json\/wp\/v2\/product\/21173"}],"collection":[{"href":"https:\/\/suncasesupply.com\/de\/wp-json\/wp\/v2\/product"}],"about":[{"href":"https:\/\/suncasesupply.com\/de\/wp-json\/wp\/v2\/types\/product"}],"wp:featuredmedia":[{"embeddable":true,"href":"https:\/\/suncasesupply.com\/de\/wp-json\/wp\/v2\/media\/21167"}],"wp:attachment":[{"href":"https:\/\/suncasesupply.com\/de\/wp-json\/wp\/v2\/media?parent=21173"}],"wp:term":[{"taxonomy":"product_cat","embeddable":true,"href":"https:\/\/suncasesupply.com\/de\/wp-json\/wp\/v2\/product_cat?post=21173"},{"taxonomy":"product_tag","embeddable":true,"href":"https:\/\/suncasesupply.com\/de\/wp-json\/wp\/v2\/product_tag?post=21173"}],"curies":[{"name":"wp","href":"https:\/\/api.w.org\/{rel}","templated":true}]}}