{"id":21160,"date":"2023-08-28T14:09:09","date_gmt":"2023-08-28T06:09:09","guid":{"rendered":"https:\/\/suncasesupply.com\/?post_type=product&#038;p=21160"},"modified":"2025-02-20T11:15:13","modified_gmt":"2025-02-20T03:15:13","slug":"double-open-design-portable-pistol-storage-aluminum-gun-case-with-egg-sponge-interior","status":"publish","type":"product","link":"https:\/\/suncasesupply.com\/de\/product\/double-open-design-portable-pistol-storage-aluminum-gun-case-with-egg-sponge-interior\/","title":{"rendered":"Doppelt offener, tragbarer Pistolenkoffer aus Aluminium mit Eierschwamm-Innenseite"},"content":{"rendered":"<p>&nbsp;<\/p>\n<table width=\"774\">\n<tbody>\n<tr>\n<td width=\"177\">Artikel<\/td>\n<td width=\"597\">Waffenkoffer aus Aluminium<\/td>\n<\/tr>\n<tr>\n<td>Abmessungen<\/td>\n<td>31,8 x 25,4 x 16,5 cm oder individuell gestalten<\/td>\n<\/tr>\n<tr>\n<td>Farben<\/td>\n<td>Wie die Bilder zeigen oder anpassen<\/td>\n<\/tr>\n<tr>\n<td>Materialien<\/td>\n<td>Aluminium, ABS-Platte, MDF-Platte, EVA\/Schaum\/Stoff\/PU-Futter, Hardware<\/td>\n<\/tr>\n<tr>\n<td>Logo<\/td>\n<td>Metallplattenlogo, gedrucktes Logo, gepr\u00e4gtes Logo, Laserlogo<\/td>\n<\/tr>\n<tr>\n<td>Beispielzeit<\/td>\n<td>7 Tage<\/td>\n<\/tr>\n<tr>\n<td>Verschiffungshafen<\/td>\n<td>Guangzhou, Shenzhen<\/td>\n<\/tr>\n<tr>\n<td>Handelsbedingungen<\/td>\n<td>EXW, FOB, CIF, DDU, DDP<\/td>\n<\/tr>\n<tr>\n<td>Zahlungsarten<\/td>\n<td>T\/T, Barzahlung, PayPal, Kreditkarte<\/td>\n<\/tr>\n<\/tbody>\n<\/table>\n<p><span style=\"color: #003366;\">Merkmale:<\/span><\/p>\n<p>Waffenkoffer im Attash Case-Stil.<\/p>\n<p>Ein robuster Waffenkoffer mit Teilen aus Aluminiumlegierung an den Ecken und Kanten. Kann sicher zum Aufbewahren und Transportieren von Waffen verwendet werden.<\/p>\n<p>Der Innenraum entspricht einer originalen Milit\u00e4rbasis. 1 dicker geschnittener Flachschwamm mit Schnittlinie im bekannten Rasterpapier, 2 d\u00fcnne normale Flachschw\u00e4mme, 1 gewellter Schwamm auf dem Deckel. Kann passend f\u00fcr Waffen und Magazine zugeschnitten werden, um eine hervorragende Passform zu erzielen.<\/p>\n<p>Es kann als eigenst\u00e4ndige Schleifmaschine in einem angeh\u00e4ngten Koffer verwendet werden, der wie ein Hitman aussieht. Es kann auch zum Transport und zur Aufbewahrung empfindlicher Pr\u00e4zisionsger\u00e4te wie Kameras und PCs verwendet werden.<\/p>\n<p>\u2013 Kann kleine bis gro\u00dfe Handfeuerwaffen und Magazine aufbewahren<br \/>\nKann verschiedene Handfeuerwaffen der Glock-Serie, M9\/M92, Government, DE und andere kleine bis gro\u00dfe Gr\u00f6\u00dfen aufbewahren. Der Gitterschwamm l\u00e4sst sich leicht in jede beliebige Form schneiden und kann Ihre Waffe oder Ihr Magazin aufnehmen<\/p>","protected":false},"excerpt":{"rendered":"<p>Modell: Z21<\/p>\n<p>Gr\u00f6\u00dfe: 31,8 x 25,4 x 16,5 cm<\/p>\n<p>Mindestbestellmenge: 100 St\u00fcck<\/p>\n<p>Lieferzeit: 15-25 Tage<\/p>\n<p>Probe: Verf\u00fcgbar<\/p>","protected":false},"featured_media":21161,"template":"","meta":{"_gspb_post_css":""},"product_cat":[85],"product_tag":[],"featured_image_urls":{"full":["https:\/\/suncasesupply.com\/wp-content\/uploads\/2023\/08\/7-12.jpg",768,768,false],"thumbnail":["https:\/\/suncasesupply.com\/wp-content\/uploads\/2023\/08\/7-12-150x150.jpg",150,150,true],"medium":["https:\/\/suncasesupply.com\/wp-content\/uploads\/2023\/08\/7-12-300x300.jpg",300,300,true],"medium_large":["https:\/\/suncasesupply.com\/wp-content\/uploads\/2023\/08\/7-12.jpg",768,768,false],"large":["https:\/\/suncasesupply.com\/wp-content\/uploads\/2023\/08\/7-12.jpg",768,768,false],"1536x1536":["https:\/\/suncasesupply.com\/wp-content\/uploads\/2023\/08\/7-12.jpg",768,768,false],"2048x2048":["https:\/\/suncasesupply.com\/wp-content\/uploads\/2023\/08\/7-12.jpg",768,768,false],"trp-custom-language-flag":["https:\/\/suncasesupply.com\/wp-content\/uploads\/2023\/08\/7-12.jpg",12,12,false],"woocommerce_thumbnail":["https:\/\/suncasesupply.com\/wp-content\/uploads\/2023\/08\/7-12-300x300.jpg",300,300,true],"woocommerce_single":["https:\/\/suncasesupply.com\/wp-content\/uploads\/2023\/08\/7-12-600x600.jpg",600,600,true],"woocommerce_gallery_thumbnail":["https:\/\/suncasesupply.com\/wp-content\/uploads\/2023\/08\/7-12-100x100.jpg",100,100,true]},"post_excerpt_stackable":"<p>Model : Z21<\/p>\n<p>Size: 31.8 x 25.4 x 16.5 cm<\/p>\n<p>MOQ: 100pcs<\/p>\n<p>Delivery Time : 15-25 Days<\/p>\n<p>Sample : Available<\/p>\n","category_list":"","author_info":{"name":"","url":""},"comments_num":"0 comments","_links":{"self":[{"href":"https:\/\/suncasesupply.com\/de\/wp-json\/wp\/v2\/product\/21160"}],"collection":[{"href":"https:\/\/suncasesupply.com\/de\/wp-json\/wp\/v2\/product"}],"about":[{"href":"https:\/\/suncasesupply.com\/de\/wp-json\/wp\/v2\/types\/product"}],"wp:featuredmedia":[{"embeddable":true,"href":"https:\/\/suncasesupply.com\/de\/wp-json\/wp\/v2\/media\/21161"}],"wp:attachment":[{"href":"https:\/\/suncasesupply.com\/de\/wp-json\/wp\/v2\/media?parent=21160"}],"wp:term":[{"taxonomy":"product_cat","embeddable":true,"href":"https:\/\/suncasesupply.com\/de\/wp-json\/wp\/v2\/product_cat?post=21160"},{"taxonomy":"product_tag","embeddable":true,"href":"https:\/\/suncasesupply.com\/de\/wp-json\/wp\/v2\/product_tag?post=21160"}],"curies":[{"name":"wp","href":"https:\/\/api.w.org\/{rel}","templated":true}]}}