{"id":21148,"date":"2023-08-28T14:03:51","date_gmt":"2023-08-28T06:03:51","guid":{"rendered":"https:\/\/suncasesupply.com\/?post_type=product&#038;p=21148"},"modified":"2025-02-20T10:29:16","modified_gmt":"2025-02-20T02:29:16","slug":"purpose-black-aluminum-briefcase-pilot-aluminum-attache-briefcase","status":"publish","type":"product","link":"https:\/\/suncasesupply.com\/de\/product\/purpose-black-aluminum-briefcase-pilot-aluminum-attache-briefcase\/","title":{"rendered":"Zweck Schwarze Aluminium Aktentasche Pilot Aluminium Aktentasche"},"content":{"rendered":"<p>&nbsp;<\/p>\n<table width=\"774\">\n<tbody>\n<tr>\n<td width=\"177\">Artikel<\/td>\n<td width=\"597\">Aluminiumgeh\u00e4use<\/td>\n<\/tr>\n<tr>\n<td>Abmessungen<\/td>\n<td>460*330*135mm oder anpassen<\/td>\n<\/tr>\n<tr>\n<td>Farben<\/td>\n<td>Wie die Bilder zeigen oder anpassen<\/td>\n<\/tr>\n<tr>\n<td>Materialien<\/td>\n<td>Aluminium, ABS-Platte, MDF-Platte, EVA\/Schaum\/Stoff\/PU-Futter, Hardware<\/td>\n<\/tr>\n<tr>\n<td>Logo<\/td>\n<td>Metallplattenlogo, gedrucktes Logo, gepr\u00e4gtes Logo, Laserlogo<\/td>\n<\/tr>\n<tr>\n<td>Beispielzeit<\/td>\n<td>7 Tage<\/td>\n<\/tr>\n<tr>\n<td>Verschiffungshafen<\/td>\n<td>Guangzhou, Shenzhen<\/td>\n<\/tr>\n<tr>\n<td>Handelsbedingungen<\/td>\n<td>EXW, FOB, CIF, DDU, DDP<\/td>\n<\/tr>\n<tr>\n<td>Zahlungsarten<\/td>\n<td>T\/T, Barzahlung, PayPal, Kreditkarte<\/td>\n<\/tr>\n<\/tbody>\n<\/table>\n<p><span style=\"color: #003366;\">Merkmale:<\/span><\/p>\n<p>Dieser eloxierte Pilotenkoffer aus waffenfarbenem Aluminium besteht aus einem waffenfarbenen Aluminiumrahmen und waffenfarbenem Aluminium in Diamantfarbe. Er hat zwei Kombinationsschl\u00f6sser und einen Griff. Die langen Scharniere auf der R\u00fcckseite machen den Koffer robuster als bei normaler Ausf\u00fchrung.<\/p>\n<p>Die Aktenkoffer verf\u00fcgen innen \u00fcber ein Dokumentenfach, sodass Sie alle f\u00fcr die Arbeit ben\u00f6tigten Dokumente transportieren k\u00f6nnen. Sie k\u00f6nnen diesen hochwertigen Aluminium-Aktenkoffer auch zum Transportieren von 14- und 15-Zoll-Notebooks verwenden.<\/p>\n<p>Da das Kombinationsschloss sehr sicher ist, m\u00fcssen Sie sich keine Sorgen um die Sicherheit machen. Es ist sehr sicher, wenn Sie um die Welt reisen.<\/p>","protected":false},"excerpt":{"rendered":"<p>Modell: BC-0002<\/p>\n<p>Gr\u00f6\u00dfe: 460 * 330 * 135 mm<\/p>\n<p>Mindestbestellmenge: 100 St\u00fcck<\/p>\n<p>Lieferzeit: 15-25 Tage<\/p>\n<p>Probe: Verf\u00fcgbar<\/p>","protected":false},"featured_media":21149,"template":"","meta":{"_gspb_post_css":""},"product_cat":[82],"product_tag":[],"featured_image_urls":{"full":["https:\/\/suncasesupply.com\/wp-content\/uploads\/2023\/08\/IMG_3863.webp",1000,902,false],"thumbnail":["https:\/\/suncasesupply.com\/wp-content\/uploads\/2023\/08\/IMG_3863-150x150.webp",150,150,true],"medium":["https:\/\/suncasesupply.com\/wp-content\/uploads\/2023\/08\/IMG_3863-300x271.webp",300,271,true],"medium_large":["https:\/\/suncasesupply.com\/wp-content\/uploads\/2023\/08\/IMG_3863-768x693.webp",768,693,true],"large":["https:\/\/suncasesupply.com\/wp-content\/uploads\/2023\/08\/IMG_3863.webp",1000,902,false],"1536x1536":["https:\/\/suncasesupply.com\/wp-content\/uploads\/2023\/08\/IMG_3863.webp",1000,902,false],"2048x2048":["https:\/\/suncasesupply.com\/wp-content\/uploads\/2023\/08\/IMG_3863.webp",1000,902,false],"trp-custom-language-flag":["https:\/\/suncasesupply.com\/wp-content\/uploads\/2023\/08\/IMG_3863.webp",13,12,false],"woocommerce_thumbnail":["https:\/\/suncasesupply.com\/wp-content\/uploads\/2023\/08\/IMG_3863-300x300.webp",300,300,true],"woocommerce_single":["https:\/\/suncasesupply.com\/wp-content\/uploads\/2023\/08\/IMG_3863-600x541.webp",600,541,true],"woocommerce_gallery_thumbnail":["https:\/\/suncasesupply.com\/wp-content\/uploads\/2023\/08\/IMG_3863-100x100.webp",100,100,true]},"post_excerpt_stackable":"<p>Model : BC-0002<\/p>\n<p>Size: \u00a0460*330*135mm<\/p>\n<p>MOQ: 100pcs<\/p>\n<p>Delivery Time : 15-25 Days<\/p>\n<p>Sample : Available<\/p>\n","category_list":"","author_info":{"name":"","url":""},"comments_num":"0 comments","_links":{"self":[{"href":"https:\/\/suncasesupply.com\/de\/wp-json\/wp\/v2\/product\/21148"}],"collection":[{"href":"https:\/\/suncasesupply.com\/de\/wp-json\/wp\/v2\/product"}],"about":[{"href":"https:\/\/suncasesupply.com\/de\/wp-json\/wp\/v2\/types\/product"}],"wp:featuredmedia":[{"embeddable":true,"href":"https:\/\/suncasesupply.com\/de\/wp-json\/wp\/v2\/media\/21149"}],"wp:attachment":[{"href":"https:\/\/suncasesupply.com\/de\/wp-json\/wp\/v2\/media?parent=21148"}],"wp:term":[{"taxonomy":"product_cat","embeddable":true,"href":"https:\/\/suncasesupply.com\/de\/wp-json\/wp\/v2\/product_cat?post=21148"},{"taxonomy":"product_tag","embeddable":true,"href":"https:\/\/suncasesupply.com\/de\/wp-json\/wp\/v2\/product_tag?post=21148"}],"curies":[{"name":"wp","href":"https:\/\/api.w.org\/{rel}","templated":true}]}}