{"id":21110,"date":"2023-08-28T13:53:05","date_gmt":"2023-08-28T05:53:05","guid":{"rendered":"https:\/\/suncasesupply.com\/?post_type=product&#038;p=21110"},"modified":"2025-02-20T10:29:45","modified_gmt":"2025-02-20T02:29:45","slug":"aluminum-briefcase-with-foam-insert-hard-document-carry-case","status":"publish","type":"product","link":"https:\/\/suncasesupply.com\/de\/product\/aluminum-briefcase-with-foam-insert-hard-document-carry-case\/","title":{"rendered":"Aktentasche aus Aluminium mit Schaumstoffeinlage, Tragetasche f\u00fcr harte Dokumente"},"content":{"rendered":"<p>&nbsp;<\/p>\n<table width=\"774\">\n<tbody>\n<tr>\n<td width=\"177\">Artikel<\/td>\n<td width=\"597\">Aluminiumgeh\u00e4use<\/td>\n<\/tr>\n<tr>\n<td>Abmessungen<\/td>\n<td>400 x 300 x 100 mm oder individuell anpassen<\/td>\n<\/tr>\n<tr>\n<td>Farben<\/td>\n<td>Wie die Bilder zeigen oder anpassen<\/td>\n<\/tr>\n<tr>\n<td>Materialien<\/td>\n<td>Aluminium, ABS-Platte, MDF-Platte, EVA\/Schaum\/Stoff\/PU-Futter, Hardware<\/td>\n<\/tr>\n<tr>\n<td>Logo<\/td>\n<td>Metallplattenlogo, gedrucktes Logo, gepr\u00e4gtes Logo, Laserlogo<\/td>\n<\/tr>\n<tr>\n<td>Beispielzeit<\/td>\n<td>7 Tage<\/td>\n<\/tr>\n<tr>\n<td>Verschiffungshafen<\/td>\n<td>Guangzhou, Shenzhen<\/td>\n<\/tr>\n<tr>\n<td>Handelsbedingungen<\/td>\n<td>EXW, FOB, CIF, DDU, DDP<\/td>\n<\/tr>\n<tr>\n<td>Zahlungsarten<\/td>\n<td>T\/T, Barzahlung, PayPal, Kreditkarte<\/td>\n<\/tr>\n<\/tbody>\n<\/table>\n<p><span style=\"color: #003366;\">Merkmale:<\/span><\/p>\n<p>Dieser hochwertige Aluminiumrahmenkoffer sch\u00fctzt empfindliche Werkzeuge und Instrumente auf Reisen oder dem Weg zur Arbeit.<br \/>\nDer Kofferdeckel bietet Platz f\u00fcr Dokumente im A4-Format, Schreibutensilien, Visitenkarten oder ein Mobiltelefon.<br \/>\nDer Koffer verf\u00fcgt \u00fcber eine stabile Konstruktion mit verst\u00e4rkten Kanten und abgerundeten Ecken und wird mit einer herausnehmbaren W\u00fcrfelschaumstoffeinlage geliefert.<br \/>\nDie Doppelnut in der Schlie\u00dfkante verhindert das Eindringen von Staub und Spritzwasser, w\u00e4hrend die gepolsterte Innenseite die Ger\u00e4te vor Sturzsch\u00e4den sch\u00fctzt.<\/p>\n<ul>\n<li>Abmessungen (au\u00dfen) 400 x 300 x 100 mm<\/li>\n<li>Abmessungen (innen) 380 x 285 x 80 mm<\/li>\n<li>Nutzlast max. 19kg<\/li>\n<li>Struktur aus Aluminium und Verbundwerkstoffen<\/li>\n<li>Schnappverschluss (abschlie\u00dfbar)<\/li>\n<li>Titansilberfarbe<\/li>\n<li>W\u00fcrfelschaumeinlage<\/li>\n<\/ul>","protected":false},"excerpt":{"rendered":"<p>Modell: BC-0001<\/p>\n<p>Gr\u00f6\u00dfe: 400 x 300 x 100 mm<\/p>\n<p>Mindestbestellmenge: 100 St\u00fcck<\/p>\n<p>Lieferzeit: 15-25 Tage<\/p>\n<p>Probe: Verf\u00fcgbar<\/p>","protected":false},"featured_media":21127,"template":"","meta":{"_gspb_post_css":""},"product_cat":[82],"product_tag":[],"featured_image_urls":{"full":["https:\/\/suncasesupply.com\/wp-content\/uploads\/2023\/08\/peaktech-7330-valise-universelle-400-x-300-x-100-mm-avec-cubed-foam-couleur-titanium-silver-8.jpg",600,600,false],"thumbnail":["https:\/\/suncasesupply.com\/wp-content\/uploads\/2023\/08\/peaktech-7330-valise-universelle-400-x-300-x-100-mm-avec-cubed-foam-couleur-titanium-silver-8-150x150.jpg",150,150,true],"medium":["https:\/\/suncasesupply.com\/wp-content\/uploads\/2023\/08\/peaktech-7330-valise-universelle-400-x-300-x-100-mm-avec-cubed-foam-couleur-titanium-silver-8-300x300.jpg",300,300,true],"medium_large":["https:\/\/suncasesupply.com\/wp-content\/uploads\/2023\/08\/peaktech-7330-valise-universelle-400-x-300-x-100-mm-avec-cubed-foam-couleur-titanium-silver-8.jpg",600,600,false],"large":["https:\/\/suncasesupply.com\/wp-content\/uploads\/2023\/08\/peaktech-7330-valise-universelle-400-x-300-x-100-mm-avec-cubed-foam-couleur-titanium-silver-8.jpg",600,600,false],"1536x1536":["https:\/\/suncasesupply.com\/wp-content\/uploads\/2023\/08\/peaktech-7330-valise-universelle-400-x-300-x-100-mm-avec-cubed-foam-couleur-titanium-silver-8.jpg",600,600,false],"2048x2048":["https:\/\/suncasesupply.com\/wp-content\/uploads\/2023\/08\/peaktech-7330-valise-universelle-400-x-300-x-100-mm-avec-cubed-foam-couleur-titanium-silver-8.jpg",600,600,false],"trp-custom-language-flag":["https:\/\/suncasesupply.com\/wp-content\/uploads\/2023\/08\/peaktech-7330-valise-universelle-400-x-300-x-100-mm-avec-cubed-foam-couleur-titanium-silver-8.jpg",12,12,false],"woocommerce_thumbnail":["https:\/\/suncasesupply.com\/wp-content\/uploads\/2023\/08\/peaktech-7330-valise-universelle-400-x-300-x-100-mm-avec-cubed-foam-couleur-titanium-silver-8-300x300.jpg",300,300,true],"woocommerce_single":["https:\/\/suncasesupply.com\/wp-content\/uploads\/2023\/08\/peaktech-7330-valise-universelle-400-x-300-x-100-mm-avec-cubed-foam-couleur-titanium-silver-8.jpg",600,600,false],"woocommerce_gallery_thumbnail":["https:\/\/suncasesupply.com\/wp-content\/uploads\/2023\/08\/peaktech-7330-valise-universelle-400-x-300-x-100-mm-avec-cubed-foam-couleur-titanium-silver-8-100x100.jpg",100,100,true]},"post_excerpt_stackable":"<p>Model : BC-0001<\/p>\n<p>Size: 400 x 300 x 100 mm<\/p>\n<p>MOQ: 100pcs<\/p>\n<p>Delivery Time : 15-25 Days<\/p>\n<p>Sample : Available<\/p>\n","category_list":"","author_info":{"name":"","url":""},"comments_num":"0 comments","_links":{"self":[{"href":"https:\/\/suncasesupply.com\/de\/wp-json\/wp\/v2\/product\/21110"}],"collection":[{"href":"https:\/\/suncasesupply.com\/de\/wp-json\/wp\/v2\/product"}],"about":[{"href":"https:\/\/suncasesupply.com\/de\/wp-json\/wp\/v2\/types\/product"}],"wp:featuredmedia":[{"embeddable":true,"href":"https:\/\/suncasesupply.com\/de\/wp-json\/wp\/v2\/media\/21127"}],"wp:attachment":[{"href":"https:\/\/suncasesupply.com\/de\/wp-json\/wp\/v2\/media?parent=21110"}],"wp:term":[{"taxonomy":"product_cat","embeddable":true,"href":"https:\/\/suncasesupply.com\/de\/wp-json\/wp\/v2\/product_cat?post=21110"},{"taxonomy":"product_tag","embeddable":true,"href":"https:\/\/suncasesupply.com\/de\/wp-json\/wp\/v2\/product_tag?post=21110"}],"curies":[{"name":"wp","href":"https:\/\/api.w.org\/{rel}","templated":true}]}}