{"id":21026,"date":"2023-08-28T11:34:16","date_gmt":"2023-08-28T03:34:16","guid":{"rendered":"https:\/\/suncasesupply.com\/?post_type=product&#038;p=21026"},"modified":"2025-02-20T11:03:03","modified_gmt":"2025-02-20T03:03:03","slug":"metal-horse-grooming-box-organizer-transport-tack-kit-aluminum-case","status":"publish","type":"product","link":"https:\/\/suncasesupply.com\/de\/product\/metal-horse-grooming-box-organizer-transport-tack-kit-aluminum-case\/","title":{"rendered":"Metall Pferd Pflege Box Veranstalter Transport Tack Kit Aluminium Fall"},"content":{"rendered":"<p>&nbsp;<\/p>\n<table width=\"774\">\n<tbody>\n<tr>\n<td width=\"177\">Artikel<\/td>\n<td width=\"597\">Pflegekoffer aus Aluminium<\/td>\n<\/tr>\n<tr>\n<td>Abmessungen<\/td>\n<td>40 x 31 x 32 cm oder individuell anpassen<\/td>\n<\/tr>\n<tr>\n<td>Farben<\/td>\n<td>Wie die Bilder zeigen oder anpassen<\/td>\n<\/tr>\n<tr>\n<td>Materialien<\/td>\n<td>Aluminium, ABS-Platte, MDF-Platte, EVA\/Schaum\/Stoff\/PU-Futter, Hardware<\/td>\n<\/tr>\n<tr>\n<td>Logo<\/td>\n<td>Metallplattenlogo, gedrucktes Logo, gepr\u00e4gtes Logo, Laserlogo<\/td>\n<\/tr>\n<tr>\n<td>Beispielzeit<\/td>\n<td>7 Tage<\/td>\n<\/tr>\n<tr>\n<td>Verschiffungshafen<\/td>\n<td>Guangzhou, Shenzhen<\/td>\n<\/tr>\n<tr>\n<td>Handelsbedingungen<\/td>\n<td>EXW, FOB, CIF, DDU, DDP<\/td>\n<\/tr>\n<tr>\n<td>Zahlungsarten<\/td>\n<td>T\/T, Barzahlung, PayPal, Kreditkarte<\/td>\n<\/tr>\n<\/tbody>\n<\/table>\n<p><span style=\"color: #003366;\">Merkmale:<\/span><\/p>\n<ul>\n<li>Jede Menge Stauraum \u2013 die Putzbox ist \u00e4u\u00dferst ger\u00e4umig und bietet die M\u00f6glichkeit, s\u00e4mtliche Putzutensilien bequem aufzubewahren. Sogar hohe Flaschen k\u00f6nnen Sie aufrecht hinstellen.<\/li>\n<li>Alles in Ordnung, denn die Box verf\u00fcgt \u00fcber zwei variable Trennw\u00e4nde und eine Ablage f\u00fcr Kleinteile wie Hufkratzer, M\u00e4hnengummis, Schw\u00e4mme.<\/li>\n<li>Immer sicher und stabil \u2013 Die Alu-Rahmenbox sch\u00fctzt den Inhalt und zwei Schl\u00f6sser garantieren einen sicheren Verschluss, sodass nichts verloren geht.<\/li>\n<li>Super angenehm zu tragen, mit Hilfe des verst\u00e4rkten Griffs l\u00e4sst sich die Putzbox einfach und bequem tragen<\/li>\n<li>Gr\u00f6\u00dfe: 40 x 31 x 32 cm<\/li>\n<\/ul>","protected":false},"excerpt":{"rendered":"<p>Modell: Z11<\/p>\n<p>Gr\u00f6\u00dfe: 40 x 31 x 32 cm<\/p>\n<p>Mindestbestellmenge: 100 St\u00fcck<\/p>\n<p>Lieferzeit: 15-25 Tage<\/p>\n<p>Probe: Verf\u00fcgbar<\/p>","protected":false},"featured_media":21027,"template":"","meta":{"_gspb_post_css":""},"product_cat":[86],"product_tag":[],"featured_image_urls":{"full":["https:\/\/suncasesupply.com\/wp-content\/uploads\/2023\/08\/17.jpg",800,800,false],"thumbnail":["https:\/\/suncasesupply.com\/wp-content\/uploads\/2023\/08\/17-150x150.jpg",150,150,true],"medium":["https:\/\/suncasesupply.com\/wp-content\/uploads\/2023\/08\/17-300x300.jpg",300,300,true],"medium_large":["https:\/\/suncasesupply.com\/wp-content\/uploads\/2023\/08\/17-768x768.jpg",768,768,true],"large":["https:\/\/suncasesupply.com\/wp-content\/uploads\/2023\/08\/17.jpg",800,800,false],"1536x1536":["https:\/\/suncasesupply.com\/wp-content\/uploads\/2023\/08\/17.jpg",800,800,false],"2048x2048":["https:\/\/suncasesupply.com\/wp-content\/uploads\/2023\/08\/17.jpg",800,800,false],"trp-custom-language-flag":["https:\/\/suncasesupply.com\/wp-content\/uploads\/2023\/08\/17.jpg",12,12,false],"woocommerce_thumbnail":["https:\/\/suncasesupply.com\/wp-content\/uploads\/2023\/08\/17-300x300.jpg",300,300,true],"woocommerce_single":["https:\/\/suncasesupply.com\/wp-content\/uploads\/2023\/08\/17-600x600.jpg",600,600,true],"woocommerce_gallery_thumbnail":["https:\/\/suncasesupply.com\/wp-content\/uploads\/2023\/08\/17-100x100.jpg",100,100,true]},"post_excerpt_stackable":"<p>Model : Z11<\/p>\n<p>Size: 40 x 31 x 32 cm<\/p>\n<p>MOQ: 100pcs<\/p>\n<p>Delivery Time : 15-25 Days<\/p>\n<p>Sample : Available<\/p>\n","category_list":"","author_info":{"name":"","url":""},"comments_num":"0 comments","_links":{"self":[{"href":"https:\/\/suncasesupply.com\/de\/wp-json\/wp\/v2\/product\/21026"}],"collection":[{"href":"https:\/\/suncasesupply.com\/de\/wp-json\/wp\/v2\/product"}],"about":[{"href":"https:\/\/suncasesupply.com\/de\/wp-json\/wp\/v2\/types\/product"}],"wp:featuredmedia":[{"embeddable":true,"href":"https:\/\/suncasesupply.com\/de\/wp-json\/wp\/v2\/media\/21027"}],"wp:attachment":[{"href":"https:\/\/suncasesupply.com\/de\/wp-json\/wp\/v2\/media?parent=21026"}],"wp:term":[{"taxonomy":"product_cat","embeddable":true,"href":"https:\/\/suncasesupply.com\/de\/wp-json\/wp\/v2\/product_cat?post=21026"},{"taxonomy":"product_tag","embeddable":true,"href":"https:\/\/suncasesupply.com\/de\/wp-json\/wp\/v2\/product_tag?post=21026"}],"curies":[{"name":"wp","href":"https:\/\/api.w.org\/{rel}","templated":true}]}}