{"id":21013,"date":"2023-08-28T11:24:19","date_gmt":"2023-08-28T03:24:19","guid":{"rendered":"https:\/\/suncasesupply.com\/?post_type=product&#038;p=21013"},"modified":"2025-02-20T09:54:19","modified_gmt":"2025-02-20T01:54:19","slug":"aluminum-hard-case-camera-case-with-foam-for-cameraequipment","status":"publish","type":"product","link":"https:\/\/suncasesupply.com\/de\/product\/aluminum-hard-case-camera-case-with-foam-for-cameraequipment\/","title":{"rendered":"Aluminium Hard Case Kameratasche mit Schaumstoff f\u00fcr Kamera, Ausr\u00fcstung"},"content":{"rendered":"<p>&nbsp;<\/p>\n<table width=\"774\">\n<tbody>\n<tr>\n<td width=\"177\">Artikel<\/td>\n<td width=\"597\">Aluminiumgeh\u00e4use<\/td>\n<\/tr>\n<tr>\n<td>Abmessungen<\/td>\n<td>406*305*152mm oder anpassen<\/td>\n<\/tr>\n<tr>\n<td>Farben<\/td>\n<td>Wie die Bilder zeigen oder anpassen<\/td>\n<\/tr>\n<tr>\n<td>Materialien<\/td>\n<td>Aluminium, ABS-Platte, MDF-Platte, EVA\/Schaum\/Stoff\/PU-Futter, Hardware<\/td>\n<\/tr>\n<tr>\n<td>Logo<\/td>\n<td>Metallplattenlogo, gedrucktes Logo, gepr\u00e4gtes Logo, Laserlogo<\/td>\n<\/tr>\n<tr>\n<td>Beispielzeit<\/td>\n<td>7 Tage<\/td>\n<\/tr>\n<tr>\n<td>Verschiffungshafen<\/td>\n<td>Guangzhou, Shenzhen<\/td>\n<\/tr>\n<tr>\n<td>Handelsbedingungen<\/td>\n<td>EXW, FOB, CIF, DDU, DDP<\/td>\n<\/tr>\n<tr>\n<td>Zahlungsarten<\/td>\n<td>T\/T, Barzahlung, PayPal, Kreditkarte<\/td>\n<\/tr>\n<\/tbody>\n<\/table>\n<p><span style=\"color: #003366;\">Merkmale:<\/span><\/p>\n<p>Der Kofferrahmen besteht aus einer Aluminiumlegierung, der Mittelteil ist aus feuerfester Platte gefertigt und bietet Haltbarkeit und Sto\u00dffestigkeit. Der VERSCHLUSS-Koffer mit 2 Riegeln und einem Gummigriff l\u00e4sst sich leicht \u00fcberallhin mitnehmen. Der wasserfeste Schutzkoffer sch\u00fctzt Wertsachen und zerbrechliche Gegenst\u00e4nde vor versehentlicher Feuchtigkeitseinwirkung.<br \/>\nWasserdichte Hartschalen-Trockenbox f\u00fcr den Kofferraum, Aufbewahrung f\u00fcr Camping, Reisen, Offroad, Overlanding<br \/>\nDie Hartschale bietet bruchfeste Haltbarkeit und einzigartige exklusive Funktionen, die sich perfekt zum Schutz von Ger\u00e4ten in Branchen wie Fotografie, Luftdrohnen, Laptops, Werkzeugen, Musik und Medizin eignen.<br \/>\nINDIVIDUELLE AUFBEWAHRUNG: Jeder wasserdichte Hartschalenkoffer bietet 3 Lagen Pick-and-Pluck-Schaumstoff. Zupfen Sie die vorgeschnittenen W\u00fcrfel ab, um die Passform speziell f\u00fcr Ihre Ausr\u00fcstung anzupassen.<\/p>","protected":false},"excerpt":{"rendered":"<p>Modell: SC-0019<\/p>\n<p>Gr\u00f6\u00dfe: 406 * 305 * 152 mm<\/p>\n<p>Mindestbestellmenge: 100 St\u00fcck<\/p>\n<p>Lieferzeit: 15-25 Tage<\/p>\n<p>Probe: Verf\u00fcgbar<\/p>","protected":false},"featured_media":21016,"template":"","meta":{"_gspb_post_css":""},"product_cat":[42,80],"product_tag":[],"featured_image_urls":{"full":["https:\/\/suncasesupply.com\/wp-content\/uploads\/2023\/08\/81iPaYZtHL._AC_SL1500_.jpg",1415,1390,false],"thumbnail":["https:\/\/suncasesupply.com\/wp-content\/uploads\/2023\/08\/81iPaYZtHL._AC_SL1500_-150x150.jpg",150,150,true],"medium":["https:\/\/suncasesupply.com\/wp-content\/uploads\/2023\/08\/81iPaYZtHL._AC_SL1500_-300x295.jpg",300,295,true],"medium_large":["https:\/\/suncasesupply.com\/wp-content\/uploads\/2023\/08\/81iPaYZtHL._AC_SL1500_-768x754.jpg",768,754,true],"large":["https:\/\/suncasesupply.com\/wp-content\/uploads\/2023\/08\/81iPaYZtHL._AC_SL1500_-1024x1006.jpg",1024,1006,true],"1536x1536":["https:\/\/suncasesupply.com\/wp-content\/uploads\/2023\/08\/81iPaYZtHL._AC_SL1500_.jpg",1415,1390,false],"2048x2048":["https:\/\/suncasesupply.com\/wp-content\/uploads\/2023\/08\/81iPaYZtHL._AC_SL1500_.jpg",1415,1390,false],"trp-custom-language-flag":["https:\/\/suncasesupply.com\/wp-content\/uploads\/2023\/08\/81iPaYZtHL._AC_SL1500_.jpg",12,12,false],"woocommerce_thumbnail":["https:\/\/suncasesupply.com\/wp-content\/uploads\/2023\/08\/81iPaYZtHL._AC_SL1500_-300x300.jpg",300,300,true],"woocommerce_single":["https:\/\/suncasesupply.com\/wp-content\/uploads\/2023\/08\/81iPaYZtHL._AC_SL1500_-600x589.jpg",600,589,true],"woocommerce_gallery_thumbnail":["https:\/\/suncasesupply.com\/wp-content\/uploads\/2023\/08\/81iPaYZtHL._AC_SL1500_-100x100.jpg",100,100,true]},"post_excerpt_stackable":"<p>Model : SC-0019<\/p>\n<p>Size: \u00a0406*305*152mm<\/p>\n<p>MOQ: 100pcs<\/p>\n<p>Delivery Time : 15-25 Days<\/p>\n<p>Sample : Available<\/p>\n","category_list":"","author_info":{"name":"","url":""},"comments_num":"0 comments","_links":{"self":[{"href":"https:\/\/suncasesupply.com\/de\/wp-json\/wp\/v2\/product\/21013"}],"collection":[{"href":"https:\/\/suncasesupply.com\/de\/wp-json\/wp\/v2\/product"}],"about":[{"href":"https:\/\/suncasesupply.com\/de\/wp-json\/wp\/v2\/types\/product"}],"wp:featuredmedia":[{"embeddable":true,"href":"https:\/\/suncasesupply.com\/de\/wp-json\/wp\/v2\/media\/21016"}],"wp:attachment":[{"href":"https:\/\/suncasesupply.com\/de\/wp-json\/wp\/v2\/media?parent=21013"}],"wp:term":[{"taxonomy":"product_cat","embeddable":true,"href":"https:\/\/suncasesupply.com\/de\/wp-json\/wp\/v2\/product_cat?post=21013"},{"taxonomy":"product_tag","embeddable":true,"href":"https:\/\/suncasesupply.com\/de\/wp-json\/wp\/v2\/product_tag?post=21013"}],"curies":[{"name":"wp","href":"https:\/\/api.w.org\/{rel}","templated":true}]}}