{"id":21002,"date":"2023-08-28T11:21:16","date_gmt":"2023-08-28T03:21:16","guid":{"rendered":"https:\/\/suncasesupply.com\/?post_type=product&#038;p=21002"},"modified":"2025-05-22T15:19:27","modified_gmt":"2025-05-22T07:19:27","slug":"grooming-strorage-case-box-for-riding-horse-tools","status":"publish","type":"product","link":"https:\/\/suncasesupply.com\/de\/product\/grooming-strorage-case-box-for-riding-horse-tools\/","title":{"rendered":"Fellpflege-Aufbewahrungsbox f\u00fcr Reitpferdewerkzeuge"},"content":{"rendered":"<h4><span style=\"color: #003366;\">Merkmale:<\/span><\/h4>\n<p>1. Lagerung der Pferdeausr\u00fcstung<br \/>\nwie Sattel, Sattelunterlage, Bauchgurt etc.<\/p>\n<p>2. Bequemer Transport<br \/>\nLeichtgewicht: Aluminium ist leichter als herk\u00f6mmliche Holzkisten und l\u00e4sst sich bequem tragen oder im Auto transportieren.<br \/>\nRobustheit: sto\u00dffest, geeignet f\u00fcr Langstreckentransporte oder Feldwettbewerbe.<\/p>\n<p>3. Schutzfunktion<br \/>\nFeuchtigkeitsbest\u00e4ndig und rostfrei: Die korrosionsbest\u00e4ndigen Eigenschaften von Aluminium k\u00f6nnen Sch\u00e4den an Pferdeausr\u00fcstung aus Metall (wie z. B. Gebissen) in einer feuchten Umgebung verhindern.<br \/>\nSauberkeit und Hygiene: Die geschlossene Bauweise reduziert die Verschmutzung durch Staub, Regen oder Schmutz im Pferdestall.<\/p>\n<p>4. Haltbarkeit und Wartung<br \/>\nLangzeitgebrauch: Aluminium ist verschlei\u00dffest und verformt sich nicht leicht, geeignet f\u00fcr den Hochfrequenzgebrauch.<br \/>\nLeicht zu reinigen: Oberfl\u00e4chliche Flecken lassen sich ohne aufwendige Pflege schnell abwischen.<\/p>\n<h4><span style=\"color: #003366;\">Produktdetails:<\/span><\/h4>\n<div style=\"display: flex; gap: 20px;\">\n<p><!-- \u7b2c\u4e00\u680f --><\/p>\n<div style=\"flex: 1; text-align: center;\">\n<p><img decoding=\"async\" style=\"max-width: 100%; height: auto; margin-bottom: 10px;\" src=\"https:\/\/suncasesupply.com\/wp-content\/uploads\/2025\/05\/strong-corner.jpg\" alt=\"Starke Ecke\" \/><\/p>\n<p style=\"font-weight: bold; margin: 5px 0;\">Robuste Ecke<\/p>\n<p style=\"margin: 0;\">Beim Stapeln, Handhaben oder Transportieren k\u00f6nnen die Metallecken einem gewissen Druck standhalten und verhindern, dass sich die Box verformt. Dies ist f\u00fcr den Transport \u00fcber lange Strecken oder f\u00fcr Wettk\u00e4mpfe im Freien geeignet.<\/p>\n<\/div>\n<p><!-- \u7b2c\u4e8c\u680f --><\/p>\n<div style=\"flex: 1; text-align: center;\">\n<p><img decoding=\"async\" style=\"max-width: 100%; height: auto; margin-bottom: 10px;\" src=\"https:\/\/suncasesupply.com\/wp-content\/uploads\/2025\/05\/removable-tray.jpg\" alt=\"herausnehmbares Tablett\" \/><\/p>\n<p style=\"font-weight: bold; margin: 5px 0;\">Herausnehmbares Tablett<\/p>\n<p style=\"margin: 0;\">Das Tablett unterteilt den Raum in der Box in Ebenen und erleichtert so die geordnete Unterbringung verschiedener Pferdeutensilien (wie Gebisse, Zaumzeug, Huf\u00f6l usw.) und vermeidet so Unordnung. Das Tablett ist herausnehmbar, um Gegenst\u00e4nde unterschiedlicher Gr\u00f6\u00dfe unterzubringen.<\/p>\n<\/div>\n<p><!-- \u7b2c\u4e09\u680f --><\/p>\n<div style=\"flex: 1; text-align: center;\">\n<p><img decoding=\"async\" style=\"max-width: 100%; height: auto; margin-bottom: 10px;\" src=\"https:\/\/suncasesupply.com\/wp-content\/uploads\/2025\/05\/locks-with-keys.jpg\" alt=\"Schloss mit Schl\u00fcsseln\" \/><\/p>\n<p style=\"font-weight: bold; margin: 5px 0;\">Schloss mit Schl\u00fcsseln<\/p>\n<p style=\"margin: 0;\">Zu jedem Schloss geh\u00f6rt ein Schl\u00fcssel, um wertvolle Pferdeausr\u00fcstung, wie zum Beispiel ma\u00dfgefertigte S\u00e4ttel, sicher aufzubewahren.<\/p>\n<\/div>\n<p><!-- \u7b2c\u56db\u680f --><\/p>\n<div style=\"flex: 1; text-align: center;\">\n<p><img decoding=\"async\" style=\"max-width: 100%; height: auto; margin-bottom: 10px;\" src=\"https:\/\/suncasesupply.com\/wp-content\/uploads\/2025\/05\/inner-dividers.jpg\" alt=\"Inneneinteilungen\" \/><\/p>\n<p style=\"font-weight: bold; margin: 5px 0;\">Verstellbare Trennw\u00e4nde<\/p>\n<p style=\"margin: 0;\">Die herausnehmbaren Trennw\u00e4nde erm\u00f6glichen die Anpassung des Platzes an den Bedarf und erm\u00f6glichen die separate Aufbewahrung von Pferdegeschirr mit unterschiedlichen Funktionen (wie Gebiss, Wasserz\u00fcgel, Z\u00fcgel, Gamaschen usw.), um Verwicklungen oder Reibung zu vermeiden. Die Trennw\u00e4nde stabilisieren das Pferdegeschirr w\u00e4hrend des Transports und reduzieren den Verschlei\u00df durch Ersch\u00fctterungen in der Box.<\/p>\n<\/div>\n<\/div>\n<h4><span style=\"color: #003366;\">Herstellungsprozess des Pferdepflegekoffers:<\/span><\/h4>\n<div style=\"display: flex; gap: 20px;\">\n<p><!-- \u7b2c\u4e00\u680f \u6d41\u7a0b1--><\/p>\n<div style=\"flex: 1; text-align: center;\">\n<p><img decoding=\"async\" style=\"max-width: 100%; height: auto; margin-bottom: 10px;\" src=\"https:\/\/suncasesupply.com\/wp-content\/uploads\/2024\/12\/1-Prepare-materials.webp\" alt=\"1-Materialien vorbereiten\" \/><\/p>\n<p style=\"font-weight: bold; margin: 5px 0;\">1. Materialien vorbereiten<\/p>\n<\/div>\n<p><!-- \u7b2c\u4e8c\u680f \u6d41\u7a0b2--><\/p>\n<div style=\"flex: 1; text-align: center;\">\n<p><img decoding=\"async\" style=\"max-width: 100%; height: auto; margin-bottom: 10px;\" src=\"https:\/\/suncasesupply.com\/wp-content\/uploads\/2024\/12\/2-Drill-Hole.webp\" alt=\"2-Bohrloch\" \/><\/p>\n<p style=\"font-weight: bold; margin: 5px 0;\">2. Loch bohren<\/p>\n<\/div>\n<p><!-- \u7b2c\u4e09\u680f \u6d41\u7a0b3--><\/p>\n<div style=\"flex: 1; text-align: center;\">\n<p><img decoding=\"async\" style=\"max-width: 100%; height: auto; margin-bottom: 10px;\" src=\"https:\/\/suncasesupply.com\/wp-content\/uploads\/2024\/12\/3-Rivet.webp\" alt=\"3-Niete\" \/><\/p>\n<p style=\"font-weight: bold; margin: 5px 0;\">3. Niete<\/p>\n<\/div>\n<p><!-- \u7b2c\u56db\u680f \u6d41\u7a0b4--><\/p>\n<div style=\"flex: 1; text-align: center;\">\n<p><img decoding=\"async\" style=\"max-width: 100%; height: auto; margin-bottom: 10px;\" src=\"https:\/\/suncasesupply.com\/wp-content\/uploads\/2024\/12\/4-Assemble.webp\" alt=\"4-Zusammenbauen\" \/><\/p>\n<p style=\"font-weight: bold; margin: 5px 0;\">4. Zusammenbauen<\/p>\n<\/div>\n<\/div>\n<p>&nbsp;<\/p>\n<div style=\"display: flex; gap: 20px;\">\n<p><!-- \u7b2c\u4e00\u680f \u6d41\u7a0b5--><\/p>\n<div style=\"flex: 1; text-align: center;\">\n<p><img decoding=\"async\" style=\"max-width: 100%; height: auto; margin-bottom: 10px;\" src=\"https:\/\/suncasesupply.com\/wp-content\/uploads\/2024\/12\/5-glue-lining.webp\" alt=\"5-Leim-Beschichtung\" \/><\/p>\n<p style=\"font-weight: bold; margin: 5px 0;\">5. Leimauskleidung<\/p>\n<\/div>\n<p><!-- \u7b2c\u4e8c\u680f \u6d41\u7a0b6--><\/p>\n<div style=\"flex: 1; text-align: center;\">\n<p><img decoding=\"async\" style=\"max-width: 100%; height: auto; margin-bottom: 10px;\" src=\"https:\/\/suncasesupply.com\/wp-content\/uploads\/2024\/12\/6-Cleaning.webp\" alt=\"6-Reinigung\" \/><\/p>\n<p style=\"font-weight: bold; margin: 5px 0;\">6. Reinigung<\/p>\n<\/div>\n<p><!-- \u7b2c\u4e09\u680f \u6d41\u7a0b7--><\/p>\n<div style=\"flex: 1; text-align: center;\">\n<p><img decoding=\"async\" style=\"max-width: 100%; height: auto; margin-bottom: 10px;\" src=\"https:\/\/suncasesupply.com\/wp-content\/uploads\/2024\/12\/7-Package.webp\" alt=\"7-Paket\" \/><\/p>\n<p style=\"font-weight: bold; margin: 5px 0;\">7. Paket<\/p>\n<\/div>\n<p><!-- \u7b2c\u56db\u680f \u6d41\u7a0b8--><\/p>\n<div style=\"flex: 1; text-align: center;\">\n<p><img decoding=\"async\" style=\"max-width: 100%; height: auto; margin-bottom: 10px;\" src=\"https:\/\/suncasesupply.com\/wp-content\/uploads\/2024\/12\/8-Loading.webp\" alt=\"8-Laden\" \/><\/p>\n<p style=\"font-weight: bold; margin: 5px 0;\">8. Laden<\/p>\n<\/div>\n<\/div>\n<h4><span style=\"color: #003366;\">Hilfreiche Informationen f\u00fcr Gro\u00dfabnehmer:<\/span><\/h4>\n<p class=\"page-title\" title=\"Aufbewahrungsboxen f\u00fcr Sportkarten: Die beste M\u00f6glichkeit, Sportkarten aufzubewahren\"><a href=\"https:\/\/suncasesupply.com\/de\/blog\/aluminum-horse-grooming-box\/top-3-picks-of-aluminum-groom-box-for-horses\/\">1. Top 3 der Aluminium-Pflegeboxen f\u00fcr Pferde im Jahr 2024<\/a><\/p>\n<p title=\"Aufbewahrungsboxen f\u00fcr Sportkarten: Die beste M\u00f6glichkeit, Sportkarten aufzubewahren\">2, <a href=\"https:\/\/suncasesupply.com\/de\/blog\/aluminum-horse-grooming-box\/how-to-choose-your-horse-grooming-box\/\">So w\u00e4hlen Sie Ihre Aluminium-Pferdepflegebox aus<\/a><\/p>","protected":false},"excerpt":{"rendered":"<p>Modell: Z08<\/p>\n<p>Gr\u00f6\u00dfe: 38 x 28 x 30 cm<\/p>\n<p>Farben: Schwarz, Blau, Pink oder individuell<\/p>\n<p>Materialien: Aluminium, ABS-Platte, Acrylplatte<\/p>\n<p>Logo: Metallplattenlogo, Siebdrucklogo<\/p>\n<p>Mindestbestellmenge: 100 St\u00fcck<\/p>","protected":false},"featured_media":20993,"template":"","meta":{"_gspb_post_css":""},"product_cat":[86],"product_tag":[],"featured_image_urls":{"full":["https:\/\/suncasesupply.com\/wp-content\/uploads\/2023\/08\/3-2.png",800,800,false],"thumbnail":["https:\/\/suncasesupply.com\/wp-content\/uploads\/2023\/08\/3-2-150x150.png",150,150,true],"medium":["https:\/\/suncasesupply.com\/wp-content\/uploads\/2023\/08\/3-2-300x300.png",300,300,true],"medium_large":["https:\/\/suncasesupply.com\/wp-content\/uploads\/2023\/08\/3-2-768x768.png",768,768,true],"large":["https:\/\/suncasesupply.com\/wp-content\/uploads\/2023\/08\/3-2.png",800,800,false],"1536x1536":["https:\/\/suncasesupply.com\/wp-content\/uploads\/2023\/08\/3-2.png",800,800,false],"2048x2048":["https:\/\/suncasesupply.com\/wp-content\/uploads\/2023\/08\/3-2.png",800,800,false],"trp-custom-language-flag":["https:\/\/suncasesupply.com\/wp-content\/uploads\/2023\/08\/3-2.png",12,12,false],"woocommerce_thumbnail":["https:\/\/suncasesupply.com\/wp-content\/uploads\/2023\/08\/3-2-300x300.png",300,300,true],"woocommerce_single":["https:\/\/suncasesupply.com\/wp-content\/uploads\/2023\/08\/3-2-600x600.png",600,600,true],"woocommerce_gallery_thumbnail":["https:\/\/suncasesupply.com\/wp-content\/uploads\/2023\/08\/3-2-100x100.png",100,100,true]},"post_excerpt_stackable":"<p>Model : Z08<\/p>\n<p>Size: 38 x 28 x 30 cm<\/p>\n<p>Colors: Black, blue, pink or customize<\/p>\n<p>Materials: Aluminum, ABS panel, Acrylic Panel<\/p>\n<p>Logo: Metal plate logo, silk screen logo<\/p>\n<p>MOQ: 100pcs<\/p>\n","category_list":"","author_info":{"name":"","url":""},"comments_num":"0 comments","_links":{"self":[{"href":"https:\/\/suncasesupply.com\/de\/wp-json\/wp\/v2\/product\/21002"}],"collection":[{"href":"https:\/\/suncasesupply.com\/de\/wp-json\/wp\/v2\/product"}],"about":[{"href":"https:\/\/suncasesupply.com\/de\/wp-json\/wp\/v2\/types\/product"}],"wp:featuredmedia":[{"embeddable":true,"href":"https:\/\/suncasesupply.com\/de\/wp-json\/wp\/v2\/media\/20993"}],"wp:attachment":[{"href":"https:\/\/suncasesupply.com\/de\/wp-json\/wp\/v2\/media?parent=21002"}],"wp:term":[{"taxonomy":"product_cat","embeddable":true,"href":"https:\/\/suncasesupply.com\/de\/wp-json\/wp\/v2\/product_cat?post=21002"},{"taxonomy":"product_tag","embeddable":true,"href":"https:\/\/suncasesupply.com\/de\/wp-json\/wp\/v2\/product_tag?post=21002"}],"curies":[{"name":"wp","href":"https:\/\/api.w.org\/{rel}","templated":true}]}}