{"id":20986,"date":"2023-08-28T11:17:35","date_gmt":"2023-08-28T03:17:35","guid":{"rendered":"https:\/\/suncasesupply.com\/?post_type=product&#038;p=20986"},"modified":"2023-08-28T11:21:34","modified_gmt":"2023-08-28T03:21:34","slug":"custom-portable-hard-carrying-case-aluminum-storage-box","status":"publish","type":"product","link":"https:\/\/suncasesupply.com\/de\/product\/custom-portable-hard-carrying-case-aluminum-storage-box\/","title":{"rendered":"Ma\u00dfgeschneiderte tragbare Hartschalen-Aufbewahrungsbox aus Aluminium"},"content":{"rendered":"<p>&nbsp;<\/p>\n<table width=\"774\">\n<tbody>\n<tr>\n<td width=\"177\">Artikel<\/td>\n<td width=\"597\">Aluminiumgeh\u00e4use<\/td>\n<\/tr>\n<tr>\n<td>Abmessungen<\/td>\n<td>41*22*32cm oder anpassen<\/td>\n<\/tr>\n<tr>\n<td>Farben<\/td>\n<td>Wie die Bilder zeigen oder anpassen<\/td>\n<\/tr>\n<tr>\n<td>Materialien<\/td>\n<td>Aluminium, ABS-Platte, MDF-Platte, EVA\/Schaum\/Stoff\/PU-Futter, Hardware<\/td>\n<\/tr>\n<tr>\n<td>Logo<\/td>\n<td>Metallplattenlogo, gedrucktes Logo, gepr\u00e4gtes Logo, Laserlogo<\/td>\n<\/tr>\n<tr>\n<td>Beispielzeit<\/td>\n<td>7 Tage<\/td>\n<\/tr>\n<tr>\n<td>Verschiffungshafen<\/td>\n<td>Guangzhou, Shenzhen<\/td>\n<\/tr>\n<tr>\n<td>Handelsbedingungen<\/td>\n<td>EXW, FOB, CIF, DDU, DDP<\/td>\n<\/tr>\n<tr>\n<td>Zahlungsarten<\/td>\n<td>T\/T, Barzahlung, PayPal, Kreditkarte<\/td>\n<\/tr>\n<\/tbody>\n<\/table>\n<p><span style=\"color: #003366;\">Merkmale:<\/span><\/p>\n<p>Unser robuster und langlebiger Tragekoffer verf\u00fcgt \u00fcber eine Au\u00dfenkonstruktion aus harter Aluminiumlegierung, die Ihre Gegenst\u00e4nde wirksam vor Besch\u00e4digungen sch\u00fctzen kann. Und die schwarze Farbe macht diesen Tragekoffer aus Aluminiumlegierung hochwertig und elegant.<br \/>\nAnpassbare Schaumstoffh\u00fclleDie Trageh\u00fclle besteht aus drei Schichten anpassbarem, vorgeschnittenem Schaumstoff zum Zerrei\u00dfen. Sie k\u00f6nnen den Schaumstoff je nach Gr\u00f6\u00dfe des zu platzierenden Gegenstands zerrei\u00dfen und die gew\u00fcnschte Form selbst gestalten.<br \/>\nUnsere Koffer sind mit Schl\u00fcsseln ausgestattet, um Ihren Wertsachen mehr Sicherheit zu bieten. Sie k\u00f6nnen Ihr Mikrofon, Ihr drahtloses Mikrofon, Ihr Soundkartenmikrofon, Ihre professionelle Ausr\u00fcstung, Ihr Objektiv, Ihre Drohnen, Pistolen, Ihre taktische Ausr\u00fcstung usw. in dieser Box verstauen, um sie unterwegs einfach mitzunehmen.<\/p>","protected":false},"excerpt":{"rendered":"<p>Modell: SC-0018<\/p>\n<p>Gr\u00f6\u00dfe: 41*22*32cm<\/p>\n<p>Mindestbestellmenge: Niedrige Mindestbestellmenge akzeptabel<\/p>\n<p>Lieferzeit: 15-25 Tage<\/p>\n<p>Probe: Verf\u00fcgbar<\/p>","protected":false},"featured_media":20996,"template":"","meta":{"_gspb_post_css":""},"product_cat":[42],"product_tag":[],"featured_image_urls":{"full":["https:\/\/suncasesupply.com\/wp-content\/uploads\/2023\/08\/1-50-scaled.jpg",2560,2560,false],"thumbnail":["https:\/\/suncasesupply.com\/wp-content\/uploads\/2023\/08\/1-50-150x150.jpg",150,150,true],"medium":["https:\/\/suncasesupply.com\/wp-content\/uploads\/2023\/08\/1-50-300x300.jpg",300,300,true],"medium_large":["https:\/\/suncasesupply.com\/wp-content\/uploads\/2023\/08\/1-50-768x768.jpg",768,768,true],"large":["https:\/\/suncasesupply.com\/wp-content\/uploads\/2023\/08\/1-50-1024x1024.jpg",1024,1024,true],"1536x1536":["https:\/\/suncasesupply.com\/wp-content\/uploads\/2023\/08\/1-50-1536x1536.jpg",1536,1536,true],"2048x2048":["https:\/\/suncasesupply.com\/wp-content\/uploads\/2023\/08\/1-50-2048x2048.jpg",2048,2048,true],"trp-custom-language-flag":["https:\/\/suncasesupply.com\/wp-content\/uploads\/2023\/08\/1-50-scaled.jpg",12,12,false],"woocommerce_thumbnail":["https:\/\/suncasesupply.com\/wp-content\/uploads\/2023\/08\/1-50-300x300.jpg",300,300,true],"woocommerce_single":["https:\/\/suncasesupply.com\/wp-content\/uploads\/2023\/08\/1-50-600x600.jpg",600,600,true],"woocommerce_gallery_thumbnail":["https:\/\/suncasesupply.com\/wp-content\/uploads\/2023\/08\/1-50-100x100.jpg",100,100,true]},"post_excerpt_stackable":"<p>Model : SC-0018<\/p>\n<p>Size: 41*22*32cm<\/p>\n<p>MOQ: Low MOQ acceptable<\/p>\n<p>Delivery Time : 15-25 Days<\/p>\n<p>Sample : Available<\/p>\n","category_list":"","author_info":{"name":"","url":""},"comments_num":"0 comments","_links":{"self":[{"href":"https:\/\/suncasesupply.com\/de\/wp-json\/wp\/v2\/product\/20986"}],"collection":[{"href":"https:\/\/suncasesupply.com\/de\/wp-json\/wp\/v2\/product"}],"about":[{"href":"https:\/\/suncasesupply.com\/de\/wp-json\/wp\/v2\/types\/product"}],"wp:featuredmedia":[{"embeddable":true,"href":"https:\/\/suncasesupply.com\/de\/wp-json\/wp\/v2\/media\/20996"}],"wp:attachment":[{"href":"https:\/\/suncasesupply.com\/de\/wp-json\/wp\/v2\/media?parent=20986"}],"wp:term":[{"taxonomy":"product_cat","embeddable":true,"href":"https:\/\/suncasesupply.com\/de\/wp-json\/wp\/v2\/product_cat?post=20986"},{"taxonomy":"product_tag","embeddable":true,"href":"https:\/\/suncasesupply.com\/de\/wp-json\/wp\/v2\/product_tag?post=20986"}],"curies":[{"name":"wp","href":"https:\/\/api.w.org\/{rel}","templated":true}]}}