{"id":20939,"date":"2023-08-28T10:54:25","date_gmt":"2023-08-28T02:54:25","guid":{"rendered":"https:\/\/suncasesupply.com\/?post_type=product&#038;p=20939"},"modified":"2023-08-28T11:00:41","modified_gmt":"2023-08-28T03:00:41","slug":"aluminum-portable-hard-carrying-case-with-foam-insert","status":"publish","type":"product","link":"https:\/\/suncasesupply.com\/de\/product\/aluminum-portable-hard-carrying-case-with-foam-insert\/","title":{"rendered":"Tragbarer Hartschalenkoffer aus Aluminium mit Schaumstoffeinlage"},"content":{"rendered":"<p>&nbsp;<\/p>\n<table width=\"774\">\n<tbody>\n<tr>\n<td width=\"177\">Artikel<\/td>\n<td width=\"597\">Aluminiumgeh\u00e4use<\/td>\n<\/tr>\n<tr>\n<td>Abmessungen<\/td>\n<td>32*18*11,5 cm oder anpassen<\/td>\n<\/tr>\n<tr>\n<td>Farben<\/td>\n<td>Wie die Bilder zeigen oder anpassen<\/td>\n<\/tr>\n<tr>\n<td>Materialien<\/td>\n<td>Aluminium, ABS-Platte, MDF-Platte, EVA\/Schaum\/Stoff\/PU-Futter, Hardware<\/td>\n<\/tr>\n<tr>\n<td>Logo<\/td>\n<td>Metallplattenlogo, gedrucktes Logo, gepr\u00e4gtes Logo, Laserlogo<\/td>\n<\/tr>\n<tr>\n<td>Beispielzeit<\/td>\n<td>7 Tage<\/td>\n<\/tr>\n<tr>\n<td>Verschiffungshafen<\/td>\n<td>Guangzhou, Shenzhen<\/td>\n<\/tr>\n<tr>\n<td>Handelsbedingungen<\/td>\n<td>EXW, FOB, CIF, DDU, DDP<\/td>\n<\/tr>\n<tr>\n<td>Zahlungsarten<\/td>\n<td>T\/T, Barzahlung, PayPal, Kreditkarte<\/td>\n<\/tr>\n<\/tbody>\n<\/table>\n<p><span style=\"color: #003366;\">Merkmale:<\/span><\/p>\n<p>Unser robuster und langlebiger Tragekoffer verf\u00fcgt \u00fcber eine Au\u00dfenkonstruktion aus harter Aluminiumlegierung, die Ihre Gegenst\u00e4nde wirksam vor Besch\u00e4digungen sch\u00fctzen kann. Und die schwarze Farbe macht diesen Tragekoffer aus Aluminiumlegierung hochwertig und elegant.<br \/>\nDie Tragetasche besteht aus einer Schicht vorgeschnittenen Schaumstoffs, der individuell zugeschnitten werden kann. Sie k\u00f6nnen den Schaumstoff je nach Gr\u00f6\u00dfe des zu platzierenden Gegenstands zerrei\u00dfen und die gew\u00fcnschte Form selbst gestalten.<br \/>\nUnsere Koffer sind mit Schl\u00fcsseln ausgestattet, um Ihren Wertsachen mehr Sicherheit zu bieten. Sie k\u00f6nnen Ihr Mikrofon, Ihr drahtloses Mikrofon, Ihr Soundkartenmikrofon, Ihre professionelle Ausr\u00fcstung, Ihr Objektiv, Ihre Drohnen, Pistolen, Ihre taktische Ausr\u00fcstung usw. in dieser Box verstauen, um sie unterwegs einfach mitzunehmen.<\/p>","protected":false},"excerpt":{"rendered":"<p>Modell: SC-0016<\/p>\n<p>Gr\u00f6\u00dfe: 32 * 18 * 11,5 cm<\/p>\n<p>Mindestbestellmenge: Niedrige Mindestbestellmenge akzeptabel<\/p>\n<p>Lieferzeit: 15-25 Tage<\/p>\n<p>Probe: Verf\u00fcgbar<\/p>","protected":false},"featured_media":20952,"template":"","meta":{"_gspb_post_css":""},"product_cat":[42],"product_tag":[],"featured_image_urls":{"full":["https:\/\/suncasesupply.com\/wp-content\/uploads\/2023\/08\/81oil4CzKKL._AC_SL1500_.jpg",1494,1500,false],"thumbnail":["https:\/\/suncasesupply.com\/wp-content\/uploads\/2023\/08\/81oil4CzKKL._AC_SL1500_-150x150.jpg",150,150,true],"medium":["https:\/\/suncasesupply.com\/wp-content\/uploads\/2023\/08\/81oil4CzKKL._AC_SL1500_-300x300.jpg",300,300,true],"medium_large":["https:\/\/suncasesupply.com\/wp-content\/uploads\/2023\/08\/81oil4CzKKL._AC_SL1500_-768x771.jpg",768,771,true],"large":["https:\/\/suncasesupply.com\/wp-content\/uploads\/2023\/08\/81oil4CzKKL._AC_SL1500_-1020x1024.jpg",1020,1024,true],"1536x1536":["https:\/\/suncasesupply.com\/wp-content\/uploads\/2023\/08\/81oil4CzKKL._AC_SL1500_.jpg",1494,1500,false],"2048x2048":["https:\/\/suncasesupply.com\/wp-content\/uploads\/2023\/08\/81oil4CzKKL._AC_SL1500_.jpg",1494,1500,false],"trp-custom-language-flag":["https:\/\/suncasesupply.com\/wp-content\/uploads\/2023\/08\/81oil4CzKKL._AC_SL1500_.jpg",12,12,false],"woocommerce_thumbnail":["https:\/\/suncasesupply.com\/wp-content\/uploads\/2023\/08\/81oil4CzKKL._AC_SL1500_-300x300.jpg",300,300,true],"woocommerce_single":["https:\/\/suncasesupply.com\/wp-content\/uploads\/2023\/08\/81oil4CzKKL._AC_SL1500_-600x602.jpg",600,602,true],"woocommerce_gallery_thumbnail":["https:\/\/suncasesupply.com\/wp-content\/uploads\/2023\/08\/81oil4CzKKL._AC_SL1500_-100x100.jpg",100,100,true]},"post_excerpt_stackable":"<p>Model : SC-0016<\/p>\n<p>Size: 32*18*11.5cm<\/p>\n<p>MOQ: Low MOQ acceptable<\/p>\n<p>Delivery Time : 15-25 Days<\/p>\n<p>Sample : Available<\/p>\n","category_list":"","author_info":{"name":"","url":""},"comments_num":"0 comments","_links":{"self":[{"href":"https:\/\/suncasesupply.com\/de\/wp-json\/wp\/v2\/product\/20939"}],"collection":[{"href":"https:\/\/suncasesupply.com\/de\/wp-json\/wp\/v2\/product"}],"about":[{"href":"https:\/\/suncasesupply.com\/de\/wp-json\/wp\/v2\/types\/product"}],"wp:featuredmedia":[{"embeddable":true,"href":"https:\/\/suncasesupply.com\/de\/wp-json\/wp\/v2\/media\/20952"}],"wp:attachment":[{"href":"https:\/\/suncasesupply.com\/de\/wp-json\/wp\/v2\/media?parent=20939"}],"wp:term":[{"taxonomy":"product_cat","embeddable":true,"href":"https:\/\/suncasesupply.com\/de\/wp-json\/wp\/v2\/product_cat?post=20939"},{"taxonomy":"product_tag","embeddable":true,"href":"https:\/\/suncasesupply.com\/de\/wp-json\/wp\/v2\/product_tag?post=20939"}],"curies":[{"name":"wp","href":"https:\/\/api.w.org\/{rel}","templated":true}]}}