{"id":20903,"date":"2023-08-28T10:17:10","date_gmt":"2023-08-28T02:17:10","guid":{"rendered":"https:\/\/suncasesupply.com\/?post_type=product&#038;p=20903"},"modified":"2025-02-20T09:54:44","modified_gmt":"2025-02-20T01:54:44","slug":"aluminum-case-with-pluck-foam-interior-for-test-instruments-cameras-tools-parts-and-accessories-2","status":"publish","type":"product","link":"https:\/\/suncasesupply.com\/de\/product\/aluminum-case-with-pluck-foam-interior-for-test-instruments-cameras-tools-parts-and-accessories-2\/","title":{"rendered":"Mikrofonkoffer aus hartem Aluminium mit Aufbewahrungskoffer aus Schaumstoff zum Tragen von Werkzeugen"},"content":{"rendered":"<p>&nbsp;<\/p>\n<table width=\"774\">\n<tbody>\n<tr>\n<td width=\"177\">Artikel<\/td>\n<td width=\"597\">Aluminiumgeh\u00e4use<\/td>\n<\/tr>\n<tr>\n<td>Abmessungen<\/td>\n<td>356 x 254 x 127 mm oder individuell anpassen<\/td>\n<\/tr>\n<tr>\n<td>Farben<\/td>\n<td>Wie die Bilder zeigen oder anpassen<\/td>\n<\/tr>\n<tr>\n<td>Materialien<\/td>\n<td>Aluminium, ABS-Platte, MDF-Platte, EVA\/Schaum\/Stoff\/PU-Futter, Hardware<\/td>\n<\/tr>\n<tr>\n<td>Logo<\/td>\n<td>Metallplattenlogo, gedrucktes Logo, gepr\u00e4gtes Logo, Laserlogo<\/td>\n<\/tr>\n<tr>\n<td>Beispielzeit<\/td>\n<td>7 Tage<\/td>\n<\/tr>\n<tr>\n<td>Verschiffungshafen<\/td>\n<td>Guangzhou, Shenzhen<\/td>\n<\/tr>\n<tr>\n<td>Handelsbedingungen<\/td>\n<td>EXW, FOB, CIF, DDU, DDP<\/td>\n<\/tr>\n<tr>\n<td>Zahlungsarten<\/td>\n<td>T\/T, Barzahlung, PayPal, Kreditkarte<\/td>\n<\/tr>\n<\/tbody>\n<\/table>\n<p><span style=\"color: #003366;\">Merkmale:<\/span><\/p>\n<p>Wir haben diesen Hartschalenkoffer f\u00fcr die Aufbewahrung und den Transport wichtiger und wertvoller Instrumente wie Mikrofonkameras, Objektive, Pistolen, Gewehre, elektronische Produkte usw. entwickelt.<br \/>\nInnenma\u00dfe: L 13,5 Zoll x B 9,7 Zoll x H 3 Zoll, Au\u00dfenma\u00dfe: L 14 Zoll x B 10,5 Zoll x H 5,1 Zoll, Gewicht: 2,2 Pfund<br \/>\nDer Schaumstoff wurde im Voraus zugeschnitten. Sie k\u00f6nnen die passende Gr\u00f6\u00dfe entsprechend der Gr\u00f6\u00dfe des Gegenstands selbst herstellen und in die Mitte des Schwamms legen. Der Schaumstoff sch\u00fctzt Ihre Wertsachen vor St\u00f6\u00dfen und Ersch\u00fctterungen auf der Stra\u00dfe.<\/p>","protected":false},"excerpt":{"rendered":"<p>Modell: SC-0015<\/p>\n<p>Gr\u00f6\u00dfe: 356 x 254 x 127 mm<\/p>\n<p>Mindestbestellmenge: 100 St\u00fcck<\/p>\n<p>Lieferzeit: 15-25 Tage<\/p>\n<p>Probe: Verf\u00fcgbar<\/p>","protected":false},"featured_media":20914,"template":"","meta":{"_gspb_post_css":""},"product_cat":[42,80],"product_tag":[],"featured_image_urls":{"full":["https:\/\/suncasesupply.com\/wp-content\/uploads\/2023\/08\/81rlkSidknL._AC_SL1500_.jpg",1459,1500,false],"thumbnail":["https:\/\/suncasesupply.com\/wp-content\/uploads\/2023\/08\/81rlkSidknL._AC_SL1500_-150x150.jpg",150,150,true],"medium":["https:\/\/suncasesupply.com\/wp-content\/uploads\/2023\/08\/81rlkSidknL._AC_SL1500_-292x300.jpg",292,300,true],"medium_large":["https:\/\/suncasesupply.com\/wp-content\/uploads\/2023\/08\/81rlkSidknL._AC_SL1500_-768x790.jpg",768,790,true],"large":["https:\/\/suncasesupply.com\/wp-content\/uploads\/2023\/08\/81rlkSidknL._AC_SL1500_-996x1024.jpg",996,1024,true],"1536x1536":["https:\/\/suncasesupply.com\/wp-content\/uploads\/2023\/08\/81rlkSidknL._AC_SL1500_.jpg",1459,1500,false],"2048x2048":["https:\/\/suncasesupply.com\/wp-content\/uploads\/2023\/08\/81rlkSidknL._AC_SL1500_.jpg",1459,1500,false],"trp-custom-language-flag":["https:\/\/suncasesupply.com\/wp-content\/uploads\/2023\/08\/81rlkSidknL._AC_SL1500_.jpg",12,12,false],"woocommerce_thumbnail":["https:\/\/suncasesupply.com\/wp-content\/uploads\/2023\/08\/81rlkSidknL._AC_SL1500_-300x300.jpg",300,300,true],"woocommerce_single":["https:\/\/suncasesupply.com\/wp-content\/uploads\/2023\/08\/81rlkSidknL._AC_SL1500_-600x617.jpg",600,617,true],"woocommerce_gallery_thumbnail":["https:\/\/suncasesupply.com\/wp-content\/uploads\/2023\/08\/81rlkSidknL._AC_SL1500_-100x100.jpg",100,100,true]},"post_excerpt_stackable":"<p>Model : SC-0015<\/p>\n<p>Size: \u00a0356 x 254 x 127mm<\/p>\n<p>MOQ: 100pcs<\/p>\n<p>Delivery Time : 15-25 Days<\/p>\n<p>Sample : Available<\/p>\n","category_list":"","author_info":{"name":"","url":""},"comments_num":"0 comments","_links":{"self":[{"href":"https:\/\/suncasesupply.com\/de\/wp-json\/wp\/v2\/product\/20903"}],"collection":[{"href":"https:\/\/suncasesupply.com\/de\/wp-json\/wp\/v2\/product"}],"about":[{"href":"https:\/\/suncasesupply.com\/de\/wp-json\/wp\/v2\/types\/product"}],"wp:featuredmedia":[{"embeddable":true,"href":"https:\/\/suncasesupply.com\/de\/wp-json\/wp\/v2\/media\/20914"}],"wp:attachment":[{"href":"https:\/\/suncasesupply.com\/de\/wp-json\/wp\/v2\/media?parent=20903"}],"wp:term":[{"taxonomy":"product_cat","embeddable":true,"href":"https:\/\/suncasesupply.com\/de\/wp-json\/wp\/v2\/product_cat?post=20903"},{"taxonomy":"product_tag","embeddable":true,"href":"https:\/\/suncasesupply.com\/de\/wp-json\/wp\/v2\/product_tag?post=20903"}],"curies":[{"name":"wp","href":"https:\/\/api.w.org\/{rel}","templated":true}]}}