{"id":20873,"date":"2023-08-28T09:26:38","date_gmt":"2023-08-28T01:26:38","guid":{"rendered":"https:\/\/suncasesupply.com\/?post_type=product&#038;p=20873"},"modified":"2025-02-20T15:02:51","modified_gmt":"2025-02-20T07:02:51","slug":"black-aluminum-case-for-tools-universal-equipment-storage-box-aluminum-toolbox-with-customized-foam-insert","status":"publish","type":"product","link":"https:\/\/suncasesupply.com\/de\/product\/black-aluminum-case-for-tools-universal-equipment-storage-box-aluminum-toolbox-with-customized-foam-insert\/","title":{"rendered":"Schwarzer Aluminiumkoffer f\u00fcr Werkzeuge, Universal-Aufbewahrungsbox f\u00fcr Ger\u00e4te"},"content":{"rendered":"<p>&nbsp;<\/p>\n<table width=\"774\">\n<tbody>\n<tr>\n<td width=\"177\">Artikel<\/td>\n<td width=\"597\">Aluminium Werkzeugkoffer<\/td>\n<\/tr>\n<tr>\n<td>Abmessungen<\/td>\n<td>L46 x B35,5 x H15 cm oder individuell anpassen<\/td>\n<\/tr>\n<tr>\n<td>Farben<\/td>\n<td>Wie die Bilder zeigen oder anpassen<\/td>\n<\/tr>\n<tr>\n<td>Materialien<\/td>\n<td>Aluminium, ABS-Platte, MDF-Platte, EVA\/Schaum\/Stoff\/PU-Futter, Hardware<\/td>\n<\/tr>\n<tr>\n<td>Logo<\/td>\n<td>Metallplattenlogo, gedrucktes Logo, gepr\u00e4gtes Logo, Laserlogo<\/td>\n<\/tr>\n<tr>\n<td>Beispielzeit<\/td>\n<td>7 Tage<\/td>\n<\/tr>\n<tr>\n<td>Verschiffungshafen<\/td>\n<td>Guangzhou, Shenzhen<\/td>\n<\/tr>\n<tr>\n<td>Handelsbedingungen<\/td>\n<td>EXW, FOB, CIF, DDU, DDP<\/td>\n<\/tr>\n<tr>\n<td>Zahlungsarten<\/td>\n<td>T\/T, Barzahlung, PayPal, Kreditkarte<\/td>\n<\/tr>\n<\/tbody>\n<\/table>\n<p><span style=\"color: #003366;\">Merkmale:<\/span><\/p>\n<p>Der robuste Aufbewahrungskoffer aus Aluminium bietet hervorragenden Schutz f\u00fcr teure Ger\u00e4te und Zubeh\u00f6r w\u00e4hrend des Transports.<br \/>\nEs besteht aus MDF-Platten (mitteldichte Faserplatte) mit aufgeklebter silberner ABS-Platten-Au\u00dfenschicht und Aluminiumrahmen.<br \/>\nDer robuste Aufbewahrungskoffer aus Aluminium verf\u00fcgt \u00fcber eine strukturierte Oberfl\u00e4che f\u00fcr Besch\u00e4digungs- und Kratzfestigkeit.<br \/>\nAbgerundete Ecken f\u00fcr mehr Sicherheit.<br \/>\nTragegriff mit Verriegelungsriegeln inklusive 2 Schl\u00fcsseln zur Sicherheit.<\/p>","protected":false},"excerpt":{"rendered":"<p>Modell: BL-0002<\/p>\n<p>Gr\u00f6\u00dfe: L46 x B35,5 x H15 cm<\/p>\n<p>Mindestbestellmenge: 100 St\u00fcck<\/p>\n<p>Lieferzeit: 15-25 Tage<\/p>\n<p>Probe: Verf\u00fcgbar<\/p>","protected":false},"featured_media":20879,"template":"","meta":{"_gspb_post_css":""},"product_cat":[81],"product_tag":[],"featured_image_urls":{"full":["https:\/\/suncasesupply.com\/wp-content\/uploads\/2023\/08\/4-2-1.jpg",800,800,false],"thumbnail":["https:\/\/suncasesupply.com\/wp-content\/uploads\/2023\/08\/4-2-1-150x150.jpg",150,150,true],"medium":["https:\/\/suncasesupply.com\/wp-content\/uploads\/2023\/08\/4-2-1-300x300.jpg",300,300,true],"medium_large":["https:\/\/suncasesupply.com\/wp-content\/uploads\/2023\/08\/4-2-1-768x768.jpg",768,768,true],"large":["https:\/\/suncasesupply.com\/wp-content\/uploads\/2023\/08\/4-2-1.jpg",800,800,false],"1536x1536":["https:\/\/suncasesupply.com\/wp-content\/uploads\/2023\/08\/4-2-1.jpg",800,800,false],"2048x2048":["https:\/\/suncasesupply.com\/wp-content\/uploads\/2023\/08\/4-2-1.jpg",800,800,false],"trp-custom-language-flag":["https:\/\/suncasesupply.com\/wp-content\/uploads\/2023\/08\/4-2-1.jpg",12,12,false],"woocommerce_thumbnail":["https:\/\/suncasesupply.com\/wp-content\/uploads\/2023\/08\/4-2-1-300x300.jpg",300,300,true],"woocommerce_single":["https:\/\/suncasesupply.com\/wp-content\/uploads\/2023\/08\/4-2-1-600x600.jpg",600,600,true],"woocommerce_gallery_thumbnail":["https:\/\/suncasesupply.com\/wp-content\/uploads\/2023\/08\/4-2-1-100x100.jpg",100,100,true]},"post_excerpt_stackable":"<p>Model : BL-0002<\/p>\n<p>Size: \u00a0L46x W35.5 x H15cm<\/p>\n<p>MOQ: 100pcs<\/p>\n<p>Delivery Time : 15-25 Days<\/p>\n<p>Sample : Available<\/p>\n","category_list":"","author_info":{"name":"","url":""},"comments_num":"0 comments","_links":{"self":[{"href":"https:\/\/suncasesupply.com\/de\/wp-json\/wp\/v2\/product\/20873"}],"collection":[{"href":"https:\/\/suncasesupply.com\/de\/wp-json\/wp\/v2\/product"}],"about":[{"href":"https:\/\/suncasesupply.com\/de\/wp-json\/wp\/v2\/types\/product"}],"wp:featuredmedia":[{"embeddable":true,"href":"https:\/\/suncasesupply.com\/de\/wp-json\/wp\/v2\/media\/20879"}],"wp:attachment":[{"href":"https:\/\/suncasesupply.com\/de\/wp-json\/wp\/v2\/media?parent=20873"}],"wp:term":[{"taxonomy":"product_cat","embeddable":true,"href":"https:\/\/suncasesupply.com\/de\/wp-json\/wp\/v2\/product_cat?post=20873"},{"taxonomy":"product_tag","embeddable":true,"href":"https:\/\/suncasesupply.com\/de\/wp-json\/wp\/v2\/product_tag?post=20873"}],"curies":[{"name":"wp","href":"https:\/\/api.w.org\/{rel}","templated":true}]}}