{"id":20863,"date":"2023-08-28T09:03:17","date_gmt":"2023-08-28T01:03:17","guid":{"rendered":"https:\/\/suncasesupply.com\/?post_type=product&#038;p=20863"},"modified":"2025-02-20T09:56:17","modified_gmt":"2025-02-20T01:56:17","slug":"lightweight-aluminum-water-resistant-travel-carry-case-for-dji-mavic-air","status":"publish","type":"product","link":"https:\/\/suncasesupply.com\/de\/product\/lightweight-aluminum-water-resistant-travel-carry-case-for-dji-mavic-air\/","title":{"rendered":"Leichte, wasserabweisende Reisetasche aus Aluminium f\u00fcr DJI Mavic Air"},"content":{"rendered":"<p>&nbsp;<\/p>\n<table width=\"774\">\n<tbody>\n<tr>\n<td width=\"177\">Artikel<\/td>\n<td width=\"597\">Aluminiumgeh\u00e4use<\/td>\n<\/tr>\n<tr>\n<td>Abmessungen<\/td>\n<td>41,6*36*19cm oder anpassen<\/td>\n<\/tr>\n<tr>\n<td>Farben<\/td>\n<td>Wie die Bilder zeigen oder anpassen<\/td>\n<\/tr>\n<tr>\n<td>Materialien<\/td>\n<td>Aluminium, ABS-Platte, MDF-Platte, EVA\/Schaum\/Stoff\/PU-Futter, Hardware<\/td>\n<\/tr>\n<tr>\n<td>Logo<\/td>\n<td>Metallplattenlogo, gedrucktes Logo, gepr\u00e4gtes Logo, Laserlogo<\/td>\n<\/tr>\n<tr>\n<td>Beispielzeit<\/td>\n<td>7 Tage<\/td>\n<\/tr>\n<tr>\n<td>Verschiffungshafen<\/td>\n<td>Guangzhou, Shenzhen<\/td>\n<\/tr>\n<tr>\n<td>Handelsbedingungen<\/td>\n<td>EXW, FOB, CIF, DDU, DDP<\/td>\n<\/tr>\n<tr>\n<td>Zahlungsarten<\/td>\n<td>T\/T, Barzahlung, PayPal, Kreditkarte<\/td>\n<\/tr>\n<\/tbody>\n<\/table>\n<p><span style=\"color: #003366;\">Merkmale:<\/span><\/p>\n<p>Mit dieser wasserfesten Aluminium-Tragetasche k\u00f6nnen Sie Ihre DJI Mavic Air-Drohne sicher unterwegs mitnehmen! Dieses Aluminiumgeh\u00e4use f\u00fcr DJI Mavic Air sorgt f\u00fcr eine luftdichte Abdichtung, um Ihre Drohne und ihr Zubeh\u00f6r vor Regen, Schmutz und anderen Fremdk\u00f6rpern zu sch\u00fctzen. Die ma\u00dfgeschneiderten Zubeh\u00f6rf\u00e4cher bieten den gesamten gesch\u00fctzten Raum, den Sie f\u00fcr Ihre gesamte Drohnenausr\u00fcstung ben\u00f6tigen. Leicht und langlebig: Nehmen Sie Ihre Mavic Air \u00fcberall hin mit der Gewissheit, dass sie sicher und an Ort und Stelle bleibt. Dieser aus hochwertigem, langlebigem Aluminium gefertigte Drohnenkoffer sch\u00fctzt Ihre Drohne, ohne unn\u00f6tiges Gewicht hinzuzuf\u00fcgen.<\/p>","protected":false},"excerpt":{"rendered":"<p>Modell: SC-0013<\/p>\n<p>Gr\u00f6\u00dfe: 41,6 * 36 * 19 cm<\/p>\n<p>Mindestbestellmenge: 100 St\u00fcck<\/p>\n<p>Lieferzeit: 15-25 Tage<\/p>\n<p>Probe: Verf\u00fcgbar<\/p>","protected":false},"featured_media":20872,"template":"","meta":{"_gspb_post_css":""},"product_cat":[42,80],"product_tag":[],"featured_image_urls":{"full":["https:\/\/suncasesupply.com\/wp-content\/uploads\/2023\/08\/3-26.jpg",1500,1481,false],"thumbnail":["https:\/\/suncasesupply.com\/wp-content\/uploads\/2023\/08\/3-26-150x150.jpg",150,150,true],"medium":["https:\/\/suncasesupply.com\/wp-content\/uploads\/2023\/08\/3-26-300x296.jpg",300,296,true],"medium_large":["https:\/\/suncasesupply.com\/wp-content\/uploads\/2023\/08\/3-26-768x758.jpg",768,758,true],"large":["https:\/\/suncasesupply.com\/wp-content\/uploads\/2023\/08\/3-26-1024x1011.jpg",1024,1011,true],"1536x1536":["https:\/\/suncasesupply.com\/wp-content\/uploads\/2023\/08\/3-26.jpg",1500,1481,false],"2048x2048":["https:\/\/suncasesupply.com\/wp-content\/uploads\/2023\/08\/3-26.jpg",1500,1481,false],"trp-custom-language-flag":["https:\/\/suncasesupply.com\/wp-content\/uploads\/2023\/08\/3-26.jpg",12,12,false],"woocommerce_thumbnail":["https:\/\/suncasesupply.com\/wp-content\/uploads\/2023\/08\/3-26-300x300.jpg",300,300,true],"woocommerce_single":["https:\/\/suncasesupply.com\/wp-content\/uploads\/2023\/08\/3-26-600x592.jpg",600,592,true],"woocommerce_gallery_thumbnail":["https:\/\/suncasesupply.com\/wp-content\/uploads\/2023\/08\/3-26-100x100.jpg",100,100,true]},"post_excerpt_stackable":"<p>Model : SC-0013<\/p>\n<p>Size: 41.6*36*19cm<\/p>\n<p>MOQ: 100pcs<\/p>\n<p>Delivery Time : 15-25 Days<\/p>\n<p>Sample : Available<\/p>\n","category_list":"","author_info":{"name":"","url":""},"comments_num":"0 comments","_links":{"self":[{"href":"https:\/\/suncasesupply.com\/de\/wp-json\/wp\/v2\/product\/20863"}],"collection":[{"href":"https:\/\/suncasesupply.com\/de\/wp-json\/wp\/v2\/product"}],"about":[{"href":"https:\/\/suncasesupply.com\/de\/wp-json\/wp\/v2\/types\/product"}],"wp:featuredmedia":[{"embeddable":true,"href":"https:\/\/suncasesupply.com\/de\/wp-json\/wp\/v2\/media\/20872"}],"wp:attachment":[{"href":"https:\/\/suncasesupply.com\/de\/wp-json\/wp\/v2\/media?parent=20863"}],"wp:term":[{"taxonomy":"product_cat","embeddable":true,"href":"https:\/\/suncasesupply.com\/de\/wp-json\/wp\/v2\/product_cat?post=20863"},{"taxonomy":"product_tag","embeddable":true,"href":"https:\/\/suncasesupply.com\/de\/wp-json\/wp\/v2\/product_tag?post=20863"}],"curies":[{"name":"wp","href":"https:\/\/api.w.org\/{rel}","templated":true}]}}