{"id":20817,"date":"2023-08-25T17:36:01","date_gmt":"2023-08-25T09:36:01","guid":{"rendered":"https:\/\/suncasesupply.com\/?post_type=product&#038;p=20817"},"modified":"2025-02-20T09:56:39","modified_gmt":"2025-02-20T01:56:39","slug":"aluminum-alloy-carrying-case-with-two-layer-pick-and-pluck-foam-for-musicial-instruments","status":"publish","type":"product","link":"https:\/\/suncasesupply.com\/de\/product\/aluminum-alloy-carrying-case-with-two-layer-pick-and-pluck-foam-for-musicial-instruments\/","title":{"rendered":"Tragetasche aus Aluminiumlegierung mit zweilagigem Plektrum- und Zupfschaum f\u00fcr Musikerinstrumente"},"content":{"rendered":"<p>&nbsp;<\/p>\n<table width=\"774\">\n<tbody>\n<tr>\n<td width=\"177\">Artikel<\/td>\n<td width=\"597\">Aluminiumgeh\u00e4use<\/td>\n<\/tr>\n<tr>\n<td>Abmessungen<\/td>\n<td>51,5 * 25,4 * 15 cm oder anpassen<\/td>\n<\/tr>\n<tr>\n<td>Farben<\/td>\n<td>Wie die Bilder zeigen oder anpassen<\/td>\n<\/tr>\n<tr>\n<td>Materialien<\/td>\n<td>Aluminium, ABS-Platte, MDF-Platte, EVA\/Schaum\/Stoff\/PU-Futter, Hardware<\/td>\n<\/tr>\n<tr>\n<td>Logo<\/td>\n<td>Metallplattenlogo, gedrucktes Logo, gepr\u00e4gtes Logo, Laserlogo<\/td>\n<\/tr>\n<tr>\n<td>Beispielzeit<\/td>\n<td>7 Tage<\/td>\n<\/tr>\n<tr>\n<td>Verschiffungshafen<\/td>\n<td>Guangzhou, Shenzhen<\/td>\n<\/tr>\n<tr>\n<td>Handelsbedingungen<\/td>\n<td>EXW, FOB, CIF, DDU, DDP<\/td>\n<\/tr>\n<tr>\n<td>Zahlungsarten<\/td>\n<td>T\/T, Barzahlung, PayPal, Kreditkarte<\/td>\n<\/tr>\n<\/tbody>\n<\/table>\n<p><span style=\"color: #003366;\">Merkmale:<\/span><\/p>\n<p>Die Tragetasche ist au\u00dfen mit einem Metallband verst\u00e4rkt, das f\u00fcr zus\u00e4tzliche Haltbarkeit bei h\u00e4ufigem Transport und starker Beanspruchung sorgt und sie somit ideal f\u00fcr Touren und Shows macht. Diese Verst\u00e4rkung bietet zus\u00e4tzlichen Schutz f\u00fcr Ihre Ausr\u00fcstung und liegt gut in der Hand, was sie zu einer zuverl\u00e4ssigen Option f\u00fcr jeden Profi macht.<\/p>","protected":false},"excerpt":{"rendered":"<p>Modell: SC-0013<\/p>\n<p>Gr\u00f6\u00dfe: 51,5 * 25,4 * 15 cm<\/p>\n<p>Mindestbestellmenge: 100 St\u00fcck<\/p>\n<p>Lieferzeit: 15-25 Tage<\/p>\n<p>Probe: Verf\u00fcgbar<\/p>","protected":false},"featured_media":20820,"template":"","meta":{"_gspb_post_css":""},"product_cat":[42,80],"product_tag":[],"featured_image_urls":{"full":["https:\/\/suncasesupply.com\/wp-content\/uploads\/2023\/08\/81Z4w870mL._AC_SL1500_.jpg",1500,1367,false],"thumbnail":["https:\/\/suncasesupply.com\/wp-content\/uploads\/2023\/08\/81Z4w870mL._AC_SL1500_-150x150.jpg",150,150,true],"medium":["https:\/\/suncasesupply.com\/wp-content\/uploads\/2023\/08\/81Z4w870mL._AC_SL1500_-300x273.jpg",300,273,true],"medium_large":["https:\/\/suncasesupply.com\/wp-content\/uploads\/2023\/08\/81Z4w870mL._AC_SL1500_-768x700.jpg",768,700,true],"large":["https:\/\/suncasesupply.com\/wp-content\/uploads\/2023\/08\/81Z4w870mL._AC_SL1500_-1024x933.jpg",1024,933,true],"1536x1536":["https:\/\/suncasesupply.com\/wp-content\/uploads\/2023\/08\/81Z4w870mL._AC_SL1500_.jpg",1500,1367,false],"2048x2048":["https:\/\/suncasesupply.com\/wp-content\/uploads\/2023\/08\/81Z4w870mL._AC_SL1500_.jpg",1500,1367,false],"trp-custom-language-flag":["https:\/\/suncasesupply.com\/wp-content\/uploads\/2023\/08\/81Z4w870mL._AC_SL1500_.jpg",13,12,false],"woocommerce_thumbnail":["https:\/\/suncasesupply.com\/wp-content\/uploads\/2023\/08\/81Z4w870mL._AC_SL1500_-300x300.jpg",300,300,true],"woocommerce_single":["https:\/\/suncasesupply.com\/wp-content\/uploads\/2023\/08\/81Z4w870mL._AC_SL1500_-600x547.jpg",600,547,true],"woocommerce_gallery_thumbnail":["https:\/\/suncasesupply.com\/wp-content\/uploads\/2023\/08\/81Z4w870mL._AC_SL1500_-100x100.jpg",100,100,true]},"post_excerpt_stackable":"<p>Model : SC-0013<\/p>\n<p>Size: 51.5*25.4*15cm<\/p>\n<p>MOQ: 100pcs<\/p>\n<p>Delivery Time : 15-25 Days<\/p>\n<p>Sample : Available<\/p>\n","category_list":"","author_info":{"name":"","url":""},"comments_num":"0 comments","_links":{"self":[{"href":"https:\/\/suncasesupply.com\/de\/wp-json\/wp\/v2\/product\/20817"}],"collection":[{"href":"https:\/\/suncasesupply.com\/de\/wp-json\/wp\/v2\/product"}],"about":[{"href":"https:\/\/suncasesupply.com\/de\/wp-json\/wp\/v2\/types\/product"}],"wp:featuredmedia":[{"embeddable":true,"href":"https:\/\/suncasesupply.com\/de\/wp-json\/wp\/v2\/media\/20820"}],"wp:attachment":[{"href":"https:\/\/suncasesupply.com\/de\/wp-json\/wp\/v2\/media?parent=20817"}],"wp:term":[{"taxonomy":"product_cat","embeddable":true,"href":"https:\/\/suncasesupply.com\/de\/wp-json\/wp\/v2\/product_cat?post=20817"},{"taxonomy":"product_tag","embeddable":true,"href":"https:\/\/suncasesupply.com\/de\/wp-json\/wp\/v2\/product_tag?post=20817"}],"curies":[{"name":"wp","href":"https:\/\/api.w.org\/{rel}","templated":true}]}}