{"id":20810,"date":"2023-08-25T17:24:47","date_gmt":"2023-08-25T09:24:47","guid":{"rendered":"https:\/\/suncasesupply.com\/?post_type=product&#038;p=20810"},"modified":"2025-02-20T09:58:05","modified_gmt":"2025-02-20T01:58:05","slug":"aluminum-case-with-customized-pluck-foam-interior-for-test-instruments-cameras","status":"publish","type":"product","link":"https:\/\/suncasesupply.com\/de\/product\/aluminum-case-with-customized-pluck-foam-interior-for-test-instruments-cameras\/","title":{"rendered":"Aluminiumgeh\u00e4use mit ma\u00dfgeschneiderter Innenseite aus Zupfschaum f\u00fcr Pr\u00fcfger\u00e4tekameras"},"content":{"rendered":"<p>&nbsp;<\/p>\n<table width=\"774\">\n<tbody>\n<tr>\n<td width=\"177\">Artikel<\/td>\n<td width=\"597\">Aluminiumgeh\u00e4use<\/td>\n<\/tr>\n<tr>\n<td>Abmessungen<\/td>\n<td>48*38*17,8 cm oder anpassen<\/td>\n<\/tr>\n<tr>\n<td>Farben<\/td>\n<td>Wie die Bilder zeigen oder anpassen<\/td>\n<\/tr>\n<tr>\n<td>Materialien<\/td>\n<td>Aluminium, ABS-Platte, MDF-Platte, EVA\/Schaum\/Stoff\/PU-Futter, Hardware<\/td>\n<\/tr>\n<tr>\n<td>Logo<\/td>\n<td>Metallplattenlogo, gedrucktes Logo, gepr\u00e4gtes Logo, Laserlogo<\/td>\n<\/tr>\n<tr>\n<td>Beispielzeit<\/td>\n<td>7 Tage<\/td>\n<\/tr>\n<tr>\n<td>Verschiffungshafen<\/td>\n<td>Guangzhou, Shenzhen<\/td>\n<\/tr>\n<tr>\n<td>Handelsbedingungen<\/td>\n<td>EXW, FOB, CIF, DDU, DDP<\/td>\n<\/tr>\n<tr>\n<td>Zahlungsarten<\/td>\n<td>T\/T, Barzahlung, PayPal, Kreditkarte<\/td>\n<\/tr>\n<\/tbody>\n<\/table>\n<p><span style=\"color: #003366;\">Merkmale:<\/span><\/p>\n<p>Langlebige Aluminiumrahmenkonstruktion mit ABS-Kunststoffplatten.<\/p>\n<p>Individuelle Aufbewahrung: Jeder wasserdichte Hartschalenkoffer verf\u00fcgt \u00fcber Pick-and-Pluck-Schaum.<\/p>\n<p>Zupfen Sie an den vorgeschnittenen W\u00fcrfeln herum, um die Passform speziell f\u00fcr Ihre Ausr\u00fcstung anzupassen.<\/p>\n<p>Abschlie\u00dfbares Etui mit 2 Riegeln und Gummigriff, sodass Sie es problemlos \u00fcberallhin mitnehmen k\u00f6nnen.<\/p>\n<p>Die wasserabweisende Schutzh\u00fclle sch\u00fctzt Wertsachen und zerbrechliche Gegenst\u00e4nde vor versehentlicher Feuchtigkeitseinwirkung<\/p>","protected":false},"excerpt":{"rendered":"<p>Modell: SC-0012<\/p>\n<p>Gr\u00f6\u00dfe: 48 * 38 * 17,8 cm<\/p>\n<p>Mindestbestellmenge: 100 St\u00fcck<\/p>\n<p>Lieferzeit: 15-25 Tage<\/p>\n<p>Probe: Verf\u00fcgbar<\/p>","protected":false},"featured_media":20811,"template":"","meta":{"_gspb_post_css":""},"product_cat":[42,80],"product_tag":[],"featured_image_urls":{"full":["https:\/\/suncasesupply.com\/wp-content\/uploads\/2023\/08\/12-1.jpg",379,410,false],"thumbnail":["https:\/\/suncasesupply.com\/wp-content\/uploads\/2023\/08\/12-1-150x150.jpg",150,150,true],"medium":["https:\/\/suncasesupply.com\/wp-content\/uploads\/2023\/08\/12-1-277x300.jpg",277,300,true],"medium_large":["https:\/\/suncasesupply.com\/wp-content\/uploads\/2023\/08\/12-1.jpg",379,410,false],"large":["https:\/\/suncasesupply.com\/wp-content\/uploads\/2023\/08\/12-1.jpg",379,410,false],"1536x1536":["https:\/\/suncasesupply.com\/wp-content\/uploads\/2023\/08\/12-1.jpg",379,410,false],"2048x2048":["https:\/\/suncasesupply.com\/wp-content\/uploads\/2023\/08\/12-1.jpg",379,410,false],"trp-custom-language-flag":["https:\/\/suncasesupply.com\/wp-content\/uploads\/2023\/08\/12-1.jpg",11,12,false],"woocommerce_thumbnail":["https:\/\/suncasesupply.com\/wp-content\/uploads\/2023\/08\/12-1-300x300.jpg",300,300,true],"woocommerce_single":["https:\/\/suncasesupply.com\/wp-content\/uploads\/2023\/08\/12-1.jpg",379,410,false],"woocommerce_gallery_thumbnail":["https:\/\/suncasesupply.com\/wp-content\/uploads\/2023\/08\/12-1-100x100.jpg",100,100,true]},"post_excerpt_stackable":"<p>Model : SC-0012<\/p>\n<p>Size: \u00a048*38*17.8cm<\/p>\n<p>MOQ: 100pcs<\/p>\n<p>Delivery Time : 15-25 Days<\/p>\n<p>Sample : Available<\/p>\n","category_list":"","author_info":{"name":"","url":""},"comments_num":"0 comments","_links":{"self":[{"href":"https:\/\/suncasesupply.com\/de\/wp-json\/wp\/v2\/product\/20810"}],"collection":[{"href":"https:\/\/suncasesupply.com\/de\/wp-json\/wp\/v2\/product"}],"about":[{"href":"https:\/\/suncasesupply.com\/de\/wp-json\/wp\/v2\/types\/product"}],"wp:featuredmedia":[{"embeddable":true,"href":"https:\/\/suncasesupply.com\/de\/wp-json\/wp\/v2\/media\/20811"}],"wp:attachment":[{"href":"https:\/\/suncasesupply.com\/de\/wp-json\/wp\/v2\/media?parent=20810"}],"wp:term":[{"taxonomy":"product_cat","embeddable":true,"href":"https:\/\/suncasesupply.com\/de\/wp-json\/wp\/v2\/product_cat?post=20810"},{"taxonomy":"product_tag","embeddable":true,"href":"https:\/\/suncasesupply.com\/de\/wp-json\/wp\/v2\/product_tag?post=20810"}],"curies":[{"name":"wp","href":"https:\/\/api.w.org\/{rel}","templated":true}]}}