{"id":20805,"date":"2023-08-25T17:06:25","date_gmt":"2023-08-25T09:06:25","guid":{"rendered":"https:\/\/suncasesupply.com\/?post_type=product&#038;p=20805"},"modified":"2025-02-20T09:58:28","modified_gmt":"2025-02-20T01:58:28","slug":"aluminum-case-for-m150-microscopes-custom-aluminum-case","status":"publish","type":"product","link":"https:\/\/suncasesupply.com\/de\/product\/aluminum-case-for-m150-microscopes-custom-aluminum-case\/","title":{"rendered":"Aluminiumkoffer f\u00fcr M150-Mikroskope Kundenspezifischer Aluminiumkoffer"},"content":{"rendered":"<p>&nbsp;<\/p>\n<table width=\"774\">\n<tbody>\n<tr>\n<td width=\"177\">Artikel<\/td>\n<td width=\"597\">Aluminiumgeh\u00e4use<\/td>\n<\/tr>\n<tr>\n<td>Abmessungen<\/td>\n<td>38*26*17cm oder anpassen<\/td>\n<\/tr>\n<tr>\n<td>Farben<\/td>\n<td>Wie die Bilder zeigen oder anpassen<\/td>\n<\/tr>\n<tr>\n<td>Materialien<\/td>\n<td>Aluminium, ABS-Platte, MDF-Platte, EVA\/Schaum\/Stoff\/PU-Futter, Hardware<\/td>\n<\/tr>\n<tr>\n<td>Logo<\/td>\n<td>Metallplattenlogo, gedrucktes Logo, gepr\u00e4gtes Logo, Laserlogo<\/td>\n<\/tr>\n<tr>\n<td>Beispielzeit<\/td>\n<td>7 Tage<\/td>\n<\/tr>\n<tr>\n<td>Verschiffungshafen<\/td>\n<td>Guangzhou, Shenzhen<\/td>\n<\/tr>\n<tr>\n<td>Handelsbedingungen<\/td>\n<td>EXW, FOB, CIF, DDU, DDP<\/td>\n<\/tr>\n<tr>\n<td>Zahlungsarten<\/td>\n<td>T\/T, Barzahlung, PayPal, Kreditkarte<\/td>\n<\/tr>\n<\/tbody>\n<\/table>\n<p><span style=\"color: #003366;\">Merkmale:<\/span><\/p>\n<p>Dieser robuste Hartschalenkoffer sch\u00fctzt Ihr Mikroskop vor St\u00f6\u00dfen und Witterungseinfl\u00fcssen. Die gestanzte, herausnehmbare Schaumstoffeinlage bietet eine individuelle Passform mit reichlich Polsterung f\u00fcr AmScope M150-Verbundmikroskope. Dies gew\u00e4hrleistet optimalen Schutz und Komfort beim Verpacken oder Herausnehmen Ihres Mikroskops. Der Objekttisch und der Revolver bleiben sicher, wodurch eine \u00fcberm\u00e4\u00dfige Belastung des Instruments w\u00e4hrend des Transports vermieden wird. F\u00fcr verschiedenes Zubeh\u00f6r sind zus\u00e4tzliche Steckpl\u00e4tze vorhanden.<\/p>","protected":false},"excerpt":{"rendered":"<p>Modell: SC-0012<\/p>\n<p>Gr\u00f6\u00dfe: 38*26*17cm<\/p>\n<p>Mindestbestellmenge: 100 St\u00fcck<\/p>\n<p>Lieferzeit: 15-25 Tage<\/p>\n<p>Probe: Verf\u00fcgbar<\/p>","protected":false},"featured_media":20806,"template":"","meta":{"_gspb_post_css":""},"product_cat":[42,80],"product_tag":[],"featured_image_urls":{"full":["https:\/\/suncasesupply.com\/wp-content\/uploads\/2023\/08\/aluminum-microscope-case-ac-m150-01_1800x-e1714112133517.webp",600,600,false],"thumbnail":["https:\/\/suncasesupply.com\/wp-content\/uploads\/2023\/08\/aluminum-microscope-case-ac-m150-01_1800x-e1714112133517-150x150.webp",150,150,true],"medium":["https:\/\/suncasesupply.com\/wp-content\/uploads\/2023\/08\/aluminum-microscope-case-ac-m150-01_1800x-e1714112133517-300x300.webp",300,300,true],"medium_large":["https:\/\/suncasesupply.com\/wp-content\/uploads\/2023\/08\/aluminum-microscope-case-ac-m150-01_1800x-e1714112121475-768x768.webp",768,768,true],"large":["https:\/\/suncasesupply.com\/wp-content\/uploads\/2023\/08\/aluminum-microscope-case-ac-m150-01_1800x-1024x1024.webp",1024,1024,true],"1536x1536":["https:\/\/suncasesupply.com\/wp-content\/uploads\/2023\/08\/aluminum-microscope-case-ac-m150-01_1800x-e1714112133517.webp",600,600,false],"2048x2048":["https:\/\/suncasesupply.com\/wp-content\/uploads\/2023\/08\/aluminum-microscope-case-ac-m150-01_1800x-e1714112133517.webp",600,600,false],"trp-custom-language-flag":["https:\/\/suncasesupply.com\/wp-content\/uploads\/2023\/08\/aluminum-microscope-case-ac-m150-01_1800x-e1714112133517-12x12.webp",12,12,true],"woocommerce_thumbnail":["https:\/\/suncasesupply.com\/wp-content\/uploads\/2023\/08\/aluminum-microscope-case-ac-m150-01_1800x-e1714112133517-300x300.webp",300,300,true],"woocommerce_single":["https:\/\/suncasesupply.com\/wp-content\/uploads\/2023\/08\/aluminum-microscope-case-ac-m150-01_1800x-e1714112121475-600x600.webp",600,600,true],"woocommerce_gallery_thumbnail":["https:\/\/suncasesupply.com\/wp-content\/uploads\/2023\/08\/aluminum-microscope-case-ac-m150-01_1800x-e1714112133517-100x100.webp",100,100,true]},"post_excerpt_stackable":"<p>Model : SC-0012<\/p>\n<p>Size: \u00a038*26*17cm<\/p>\n<p>MOQ: 100pcs<\/p>\n<p>Delivery Time : 15-25 Days<\/p>\n<p>Sample : Available<\/p>\n","category_list":"","author_info":{"name":"","url":""},"comments_num":"0 comments","_links":{"self":[{"href":"https:\/\/suncasesupply.com\/de\/wp-json\/wp\/v2\/product\/20805"}],"collection":[{"href":"https:\/\/suncasesupply.com\/de\/wp-json\/wp\/v2\/product"}],"about":[{"href":"https:\/\/suncasesupply.com\/de\/wp-json\/wp\/v2\/types\/product"}],"wp:featuredmedia":[{"embeddable":true,"href":"https:\/\/suncasesupply.com\/de\/wp-json\/wp\/v2\/media\/20806"}],"wp:attachment":[{"href":"https:\/\/suncasesupply.com\/de\/wp-json\/wp\/v2\/media?parent=20805"}],"wp:term":[{"taxonomy":"product_cat","embeddable":true,"href":"https:\/\/suncasesupply.com\/de\/wp-json\/wp\/v2\/product_cat?post=20805"},{"taxonomy":"product_tag","embeddable":true,"href":"https:\/\/suncasesupply.com\/de\/wp-json\/wp\/v2\/product_tag?post=20805"}],"curies":[{"name":"wp","href":"https:\/\/api.w.org\/{rel}","templated":true}]}}