{"id":20784,"date":"2023-08-25T16:40:01","date_gmt":"2023-08-25T08:40:01","guid":{"rendered":"https:\/\/suncasesupply.com\/?post_type=product&#038;p=20784"},"modified":"2025-02-20T15:03:24","modified_gmt":"2025-02-20T07:03:24","slug":"aluminum-tool-storage-case-carry-storage-box-with-dividers-and-foam","status":"publish","type":"product","link":"https:\/\/suncasesupply.com\/de\/product\/aluminum-tool-storage-case-carry-storage-box-with-dividers-and-foam\/","title":{"rendered":"Aluminium-Werkzeugkoffer, Aufbewahrungsbox mit Trennw\u00e4nden und Schaumstoff"},"content":{"rendered":"<p>&nbsp;<\/p>\n<table width=\"774\">\n<tbody>\n<tr>\n<td width=\"177\">Artikel<\/td>\n<td width=\"597\">Aluminiumgeh\u00e4use<\/td>\n<\/tr>\n<tr>\n<td>Abmessungen<\/td>\n<td>46x33x15cm oder anpassen<\/td>\n<\/tr>\n<tr>\n<td>Farben<\/td>\n<td>Wie die Bilder zeigen oder anpassen<\/td>\n<\/tr>\n<tr>\n<td>Materialien<\/td>\n<td>Aluminium, ABS-Platte, MDF-Platte, EVA\/Schaum\/Stoff\/PU-Futter, Hardware<\/td>\n<\/tr>\n<tr>\n<td>Logo<\/td>\n<td>Metallplattenlogo, gedrucktes Logo, gepr\u00e4gtes Logo, Laserlogo<\/td>\n<\/tr>\n<tr>\n<td>Beispielzeit<\/td>\n<td>7 Tage<\/td>\n<\/tr>\n<tr>\n<td>Verschiffungshafen<\/td>\n<td>Guangzhou, Shenzhen<\/td>\n<\/tr>\n<tr>\n<td>Handelsbedingungen<\/td>\n<td>EXW, FOB, CIF, DDU, DDP<\/td>\n<\/tr>\n<tr>\n<td>Zahlungsarten<\/td>\n<td>T\/T, Barzahlung, PayPal, Kreditkarte<\/td>\n<\/tr>\n<\/tbody>\n<\/table>\n<p><span style=\"color: #003366;\">Merkmale:<\/span><\/p>\n<p>Unser Werkzeugkoffer ist 18\u2033 B x 13\u2033 L x 6\u2033 T gro\u00df und aus schwarzem Aluminium gefertigt. Enth\u00e4lt ein Schaumstoffpolster zum Zupfen und Ziehen, um eine individuelle Gestaltung sowie Trennw\u00e4nde zu erm\u00f6glichen. Enth\u00e4lt au\u00dferdem eine Werkzeugpalette mit 17 F\u00e4chern zur Aufbewahrung von Handwerkzeugen. Der Werkzeugkoffer ist abschlie\u00dfbar und enth\u00e4lt 2 Schl\u00fcssel.<\/p>","protected":false},"excerpt":{"rendered":"<p>Modell: SC-0009<\/p>\n<p>Gr\u00f6\u00dfe: 46x33x15cm<\/p>\n<p>Mindestbestellmenge: 100 St\u00fcck<\/p>\n<p>Lieferzeit: 15-25 Tage<\/p>\n<p>Probe: Verf\u00fcgbar<\/p>","protected":false},"featured_media":20785,"template":"","meta":{"_gspb_post_css":""},"product_cat":[81],"product_tag":[],"featured_image_urls":{"full":["https:\/\/suncasesupply.com\/wp-content\/uploads\/2023\/08\/tool-case-black-aluminum-1__00361.jpg",1280,1280,false],"thumbnail":["https:\/\/suncasesupply.com\/wp-content\/uploads\/2023\/08\/tool-case-black-aluminum-1__00361-150x150.jpg",150,150,true],"medium":["https:\/\/suncasesupply.com\/wp-content\/uploads\/2023\/08\/tool-case-black-aluminum-1__00361-300x300.jpg",300,300,true],"medium_large":["https:\/\/suncasesupply.com\/wp-content\/uploads\/2023\/08\/tool-case-black-aluminum-1__00361-768x768.jpg",768,768,true],"large":["https:\/\/suncasesupply.com\/wp-content\/uploads\/2023\/08\/tool-case-black-aluminum-1__00361-1024x1024.jpg",1024,1024,true],"1536x1536":["https:\/\/suncasesupply.com\/wp-content\/uploads\/2023\/08\/tool-case-black-aluminum-1__00361.jpg",1280,1280,false],"2048x2048":["https:\/\/suncasesupply.com\/wp-content\/uploads\/2023\/08\/tool-case-black-aluminum-1__00361.jpg",1280,1280,false],"trp-custom-language-flag":["https:\/\/suncasesupply.com\/wp-content\/uploads\/2023\/08\/tool-case-black-aluminum-1__00361.jpg",12,12,false],"woocommerce_thumbnail":["https:\/\/suncasesupply.com\/wp-content\/uploads\/2023\/08\/tool-case-black-aluminum-1__00361-300x300.jpg",300,300,true],"woocommerce_single":["https:\/\/suncasesupply.com\/wp-content\/uploads\/2023\/08\/tool-case-black-aluminum-1__00361-600x600.jpg",600,600,true],"woocommerce_gallery_thumbnail":["https:\/\/suncasesupply.com\/wp-content\/uploads\/2023\/08\/tool-case-black-aluminum-1__00361-100x100.jpg",100,100,true]},"post_excerpt_stackable":"<p>Model : SC-0009<\/p>\n<p>Size: \u00a046x33x15cm<\/p>\n<p>MOQ: 100pcs<\/p>\n<p>Delivery Time : 15-25 Days<\/p>\n<p>Sample : Available<\/p>\n","category_list":"","author_info":{"name":"","url":""},"comments_num":"0 comments","_links":{"self":[{"href":"https:\/\/suncasesupply.com\/de\/wp-json\/wp\/v2\/product\/20784"}],"collection":[{"href":"https:\/\/suncasesupply.com\/de\/wp-json\/wp\/v2\/product"}],"about":[{"href":"https:\/\/suncasesupply.com\/de\/wp-json\/wp\/v2\/types\/product"}],"wp:featuredmedia":[{"embeddable":true,"href":"https:\/\/suncasesupply.com\/de\/wp-json\/wp\/v2\/media\/20785"}],"wp:attachment":[{"href":"https:\/\/suncasesupply.com\/de\/wp-json\/wp\/v2\/media?parent=20784"}],"wp:term":[{"taxonomy":"product_cat","embeddable":true,"href":"https:\/\/suncasesupply.com\/de\/wp-json\/wp\/v2\/product_cat?post=20784"},{"taxonomy":"product_tag","embeddable":true,"href":"https:\/\/suncasesupply.com\/de\/wp-json\/wp\/v2\/product_tag?post=20784"}],"curies":[{"name":"wp","href":"https:\/\/api.w.org\/{rel}","templated":true}]}}