{"id":20772,"date":"2023-08-25T16:25:55","date_gmt":"2023-08-25T08:25:55","guid":{"rendered":"https:\/\/suncasesupply.com\/?post_type=product&#038;p=20772"},"modified":"2025-02-20T10:00:00","modified_gmt":"2025-02-20T02:00:00","slug":"aluminum-briefcase-for-large-watches-storage-case-aluminum-watch-case","status":"publish","type":"product","link":"https:\/\/suncasesupply.com\/de\/product\/aluminum-briefcase-for-large-watches-storage-case-aluminum-watch-case\/","title":{"rendered":"Aluminium-Aktentasche f\u00fcr gro\u00dfe Uhren. Aufbewahrungskoffer. Aluminium-Uhrenkoffer"},"content":{"rendered":"<p>&nbsp;<\/p>\n<table width=\"774\">\n<tbody>\n<tr>\n<td width=\"177\">Artikel<\/td>\n<td width=\"597\">Aluminiumgeh\u00e4use<\/td>\n<\/tr>\n<tr>\n<td>Abmessungen<\/td>\n<td>368 x 222 x 102 mm oder individuell<\/td>\n<\/tr>\n<tr>\n<td>Farben<\/td>\n<td>Wie die Bilder zeigen oder anpassen<\/td>\n<\/tr>\n<tr>\n<td>Materialien<\/td>\n<td>Aluminium, ABS-Platte, MDF-Platte, EVA\/Schaum\/Stoff\/PU-Futter, Hardware<\/td>\n<\/tr>\n<tr>\n<td>Logo<\/td>\n<td>Metallplattenlogo, gedrucktes Logo, gepr\u00e4gtes Logo, Laserlogo<\/td>\n<\/tr>\n<tr>\n<td>Beispielzeit<\/td>\n<td>7 Tage<\/td>\n<\/tr>\n<tr>\n<td>Verschiffungshafen<\/td>\n<td>Guangzhou, Shenzhen<\/td>\n<\/tr>\n<tr>\n<td>Handelsbedingungen<\/td>\n<td>EXW, FOB, CIF, DDU, DDP<\/td>\n<\/tr>\n<tr>\n<td>Zahlungsarten<\/td>\n<td>T\/T, Barzahlung, PayPal, Kreditkarte<\/td>\n<\/tr>\n<\/tbody>\n<\/table>\n<p><span style=\"color: #003366;\">Merkmale:<\/span><\/p>\n<ul>\n<li>Robustes Uhrengeh\u00e4use \u2013 Aluminium-Uhrenbox f\u00fcr 12 gro\u00dfe Uhren (passend bis zu 58 mm). Aktentaschen-Design mit Griff<\/li>\n<li>Aluminium Fame, strukturierte Au\u00dfenseite, Schaumstoffschicht im Deckel f\u00fcr zus\u00e4tzlichen Halt und drehbarer Griff<\/li>\n<li>Kofferma\u00dfe: 14,5\u2033 L x 8,75\u2033 B x 4\u2033 H Fachgr\u00f6\u00dfe: 3,25\u2033 L x 2,25\u2033 B x 3,75\u2033 H<\/li>\n<li>Das Uhrenetui ist perfekt f\u00fcr den Transport und die Aufbewahrung von Uhren. Uhrensammler werden es lieben!<\/li>\n<li>F\u00e4cher f\u00fcr Uhren (passend f\u00fcr Uhrengeh\u00e4use bis zu 58 mm). Weiche Kissen f\u00fcr Herren- und Damenuhren, zus\u00e4tzlicher Freiraum im Deckel und in den Frontschl\u00f6ssern.<\/li>\n<\/ul>","protected":false},"excerpt":{"rendered":"<p>Modell: SC-0007<\/p>\n<p>Gr\u00f6\u00dfe: 35x23x12cm<\/p>\n<p>Mindestbestellmenge: 100 St\u00fcck<\/p>\n<p>Lieferzeit: 15-25 Tage<\/p>\n<p>Probe: Verf\u00fcgbar<\/p>","protected":false},"featured_media":20773,"template":"","meta":{"_gspb_post_css":""},"product_cat":[42,80],"product_tag":[],"featured_image_urls":{"full":["https:\/\/suncasesupply.com\/wp-content\/uploads\/2023\/08\/ALGN12_A__16502.jpg",2048,2048,false],"thumbnail":["https:\/\/suncasesupply.com\/wp-content\/uploads\/2023\/08\/ALGN12_A__16502-150x150.jpg",150,150,true],"medium":["https:\/\/suncasesupply.com\/wp-content\/uploads\/2023\/08\/ALGN12_A__16502-300x300.jpg",300,300,true],"medium_large":["https:\/\/suncasesupply.com\/wp-content\/uploads\/2023\/08\/ALGN12_A__16502-768x768.jpg",768,768,true],"large":["https:\/\/suncasesupply.com\/wp-content\/uploads\/2023\/08\/ALGN12_A__16502-1024x1024.jpg",1024,1024,true],"1536x1536":["https:\/\/suncasesupply.com\/wp-content\/uploads\/2023\/08\/ALGN12_A__16502-1536x1536.jpg",1536,1536,true],"2048x2048":["https:\/\/suncasesupply.com\/wp-content\/uploads\/2023\/08\/ALGN12_A__16502.jpg",2048,2048,false],"trp-custom-language-flag":["https:\/\/suncasesupply.com\/wp-content\/uploads\/2023\/08\/ALGN12_A__16502.jpg",12,12,false],"woocommerce_thumbnail":["https:\/\/suncasesupply.com\/wp-content\/uploads\/2023\/08\/ALGN12_A__16502-300x300.jpg",300,300,true],"woocommerce_single":["https:\/\/suncasesupply.com\/wp-content\/uploads\/2023\/08\/ALGN12_A__16502-600x600.jpg",600,600,true],"woocommerce_gallery_thumbnail":["https:\/\/suncasesupply.com\/wp-content\/uploads\/2023\/08\/ALGN12_A__16502-100x100.jpg",100,100,true]},"post_excerpt_stackable":"<p>Model : SC-0007<\/p>\n<p>Size: 35x23x12cm<\/p>\n<p>MOQ: 100pcs<\/p>\n<p>Delivery Time : 15-25 Days<\/p>\n<p>Sample : Available<\/p>\n","category_list":"","author_info":{"name":"","url":""},"comments_num":"0 comments","_links":{"self":[{"href":"https:\/\/suncasesupply.com\/de\/wp-json\/wp\/v2\/product\/20772"}],"collection":[{"href":"https:\/\/suncasesupply.com\/de\/wp-json\/wp\/v2\/product"}],"about":[{"href":"https:\/\/suncasesupply.com\/de\/wp-json\/wp\/v2\/types\/product"}],"wp:featuredmedia":[{"embeddable":true,"href":"https:\/\/suncasesupply.com\/de\/wp-json\/wp\/v2\/media\/20773"}],"wp:attachment":[{"href":"https:\/\/suncasesupply.com\/de\/wp-json\/wp\/v2\/media?parent=20772"}],"wp:term":[{"taxonomy":"product_cat","embeddable":true,"href":"https:\/\/suncasesupply.com\/de\/wp-json\/wp\/v2\/product_cat?post=20772"},{"taxonomy":"product_tag","embeddable":true,"href":"https:\/\/suncasesupply.com\/de\/wp-json\/wp\/v2\/product_tag?post=20772"}],"curies":[{"name":"wp","href":"https:\/\/api.w.org\/{rel}","templated":true}]}}