{"id":20764,"date":"2023-08-25T16:11:43","date_gmt":"2023-08-25T08:11:43","guid":{"rendered":"https:\/\/suncasesupply.com\/?post_type=product&#038;p=20764"},"modified":"2025-02-20T10:00:18","modified_gmt":"2025-02-20T02:00:18","slug":"aluminum-hard-storage-case-carrying-tool-box","status":"publish","type":"product","link":"https:\/\/suncasesupply.com\/de\/product\/aluminum-hard-storage-case-carrying-tool-box\/","title":{"rendered":"Hartschalen-Aufbewahrungskoffer aus Aluminium mit Werkzeugkasten"},"content":{"rendered":"<p>&nbsp;<\/p>\n<table width=\"774\">\n<tbody>\n<tr>\n<td width=\"177\">Artikel<\/td>\n<td width=\"597\">Aluminiumgeh\u00e4use<\/td>\n<\/tr>\n<tr>\n<td>Abmessungen<\/td>\n<td>35x23x12cm oder anpassen<\/td>\n<\/tr>\n<tr>\n<td>Farben<\/td>\n<td>Wie die Bilder zeigen oder anpassen<\/td>\n<\/tr>\n<tr>\n<td>Materialien<\/td>\n<td>Aluminium, ABS-Platte, MDF-Platte, EVA\/Schaum\/Stoff\/PU-Futter, Hardware<\/td>\n<\/tr>\n<tr>\n<td>Logo<\/td>\n<td>Metallplattenlogo, gedrucktes Logo, gepr\u00e4gtes Logo, Laserlogo<\/td>\n<\/tr>\n<tr>\n<td>Beispielzeit<\/td>\n<td>7 Tage<\/td>\n<\/tr>\n<tr>\n<td>Verschiffungshafen<\/td>\n<td>Guangzhou, Shenzhen<\/td>\n<\/tr>\n<tr>\n<td>Handelsbedingungen<\/td>\n<td>EXW, FOB, CIF, DDU, DDP<\/td>\n<\/tr>\n<tr>\n<td>Zahlungsarten<\/td>\n<td>T\/T, Barzahlung, PayPal, Kreditkarte<\/td>\n<\/tr>\n<\/tbody>\n<\/table>\n<p><span style=\"color: #003366;\">Merkmale:<\/span><\/p>\n<p>\u2013 Universelles RC-Aluminiumgeh\u00e4use f\u00fcr JR, Empf\u00e4nger, Servo, .<br \/>\n\u2013 Langlebige, abschlie\u00dfbare Riegel, Innenseite aus hochdichtem Schaumstoff.<br \/>\n\u2013 Geh\u00e4rtete Hardcover-Aluminiumh\u00fclle und hochwertiges Futter.<br \/>\n\u2013 5 Servopositionen, 2 Empf\u00e4ngerpositionen und Empf\u00e4ngerposition.<br \/>\n\u2013 Passend f\u00fcr JR Universal.<\/p>","protected":false},"excerpt":{"rendered":"<p>Modell: SC-0006<\/p>\n<p>Gr\u00f6\u00dfe: 35x23x12cm<\/p>\n<p>Mindestbestellmenge: 100 St\u00fcck<\/p>\n<p>Lieferzeit: 15-25 Tage<\/p>\n<p>Probe: Verf\u00fcgbar<\/p>","protected":false},"featured_media":20765,"template":"","meta":{"_gspb_post_css":""},"product_cat":[42,80],"product_tag":[],"featured_image_urls":{"full":["https:\/\/suncasesupply.com\/wp-content\/uploads\/2023\/08\/51pBbHM9C3L._AC_SL1024_.jpg",857,891,false],"thumbnail":["https:\/\/suncasesupply.com\/wp-content\/uploads\/2023\/08\/51pBbHM9C3L._AC_SL1024_-150x150.jpg",150,150,true],"medium":["https:\/\/suncasesupply.com\/wp-content\/uploads\/2023\/08\/51pBbHM9C3L._AC_SL1024_-289x300.jpg",289,300,true],"medium_large":["https:\/\/suncasesupply.com\/wp-content\/uploads\/2023\/08\/51pBbHM9C3L._AC_SL1024_-768x798.jpg",768,798,true],"large":["https:\/\/suncasesupply.com\/wp-content\/uploads\/2023\/08\/51pBbHM9C3L._AC_SL1024_.jpg",857,891,false],"1536x1536":["https:\/\/suncasesupply.com\/wp-content\/uploads\/2023\/08\/51pBbHM9C3L._AC_SL1024_.jpg",857,891,false],"2048x2048":["https:\/\/suncasesupply.com\/wp-content\/uploads\/2023\/08\/51pBbHM9C3L._AC_SL1024_.jpg",857,891,false],"trp-custom-language-flag":["https:\/\/suncasesupply.com\/wp-content\/uploads\/2023\/08\/51pBbHM9C3L._AC_SL1024_.jpg",12,12,false],"woocommerce_thumbnail":["https:\/\/suncasesupply.com\/wp-content\/uploads\/2023\/08\/51pBbHM9C3L._AC_SL1024_-300x300.jpg",300,300,true],"woocommerce_single":["https:\/\/suncasesupply.com\/wp-content\/uploads\/2023\/08\/51pBbHM9C3L._AC_SL1024_-600x624.jpg",600,624,true],"woocommerce_gallery_thumbnail":["https:\/\/suncasesupply.com\/wp-content\/uploads\/2023\/08\/51pBbHM9C3L._AC_SL1024_-100x100.jpg",100,100,true]},"post_excerpt_stackable":"<p>Model : SC-0006<\/p>\n<p>Size: 35x23x12cm<\/p>\n<p>MOQ: 100pcs<\/p>\n<p>Delivery Time : 15-25 Days<\/p>\n<p>Sample : Available<\/p>\n","category_list":"","author_info":{"name":"","url":""},"comments_num":"0 comments","_links":{"self":[{"href":"https:\/\/suncasesupply.com\/de\/wp-json\/wp\/v2\/product\/20764"}],"collection":[{"href":"https:\/\/suncasesupply.com\/de\/wp-json\/wp\/v2\/product"}],"about":[{"href":"https:\/\/suncasesupply.com\/de\/wp-json\/wp\/v2\/types\/product"}],"wp:featuredmedia":[{"embeddable":true,"href":"https:\/\/suncasesupply.com\/de\/wp-json\/wp\/v2\/media\/20765"}],"wp:attachment":[{"href":"https:\/\/suncasesupply.com\/de\/wp-json\/wp\/v2\/media?parent=20764"}],"wp:term":[{"taxonomy":"product_cat","embeddable":true,"href":"https:\/\/suncasesupply.com\/de\/wp-json\/wp\/v2\/product_cat?post=20764"},{"taxonomy":"product_tag","embeddable":true,"href":"https:\/\/suncasesupply.com\/de\/wp-json\/wp\/v2\/product_tag?post=20764"}],"curies":[{"name":"wp","href":"https:\/\/api.w.org\/{rel}","templated":true}]}}