{"id":20752,"date":"2023-08-25T15:45:04","date_gmt":"2023-08-25T07:45:04","guid":{"rendered":"https:\/\/suncasesupply.com\/?post_type=product&#038;p=20752"},"modified":"2025-02-26T11:28:19","modified_gmt":"2025-02-26T03:28:19","slug":"large-trolley-cosmetic-case-new-rolling-luggage-multi-layer-trolley-makeup-box-beauty-tattoo-manicure-case","status":"publish","type":"product","link":"https:\/\/suncasesupply.com\/de\/product\/large-trolley-cosmetic-case-new-rolling-luggage-multi-layer-trolley-makeup-box-beauty-tattoo-manicure-case\/","title":{"rendered":"Gro\u00dfer Trolley-Kosmetikkoffer, neues Rollgep\u00e4ck, mehrschichtiger Trolley, Make-up-Box, Beauty-Tattoo-Manik\u00fcre-Koffer"},"content":{"rendered":"<p>&nbsp;<\/p>\n<table width=\"774\">\n<tbody>\n<tr>\n<td width=\"177\">Artikel<\/td>\n<td width=\"597\">Make-up-Koffer auf Rollen<\/td>\n<\/tr>\n<tr>\n<td>Abmessungen<\/td>\n<td>69*37*24,5 cm oder anpassen<\/td>\n<\/tr>\n<tr>\n<td>Farben<\/td>\n<td>Wie die Bilder zeigen oder anpassen<\/td>\n<\/tr>\n<tr>\n<td>Materialien<\/td>\n<td>Aluminium, ABS-Platte, MDF-Platte, EVA\/Schaum\/Stoff\/PU-Futter, Hardware<\/td>\n<\/tr>\n<tr>\n<td>Logo<\/td>\n<td>Metallplattenlogo, gedrucktes Logo, gepr\u00e4gtes Logo, Laserlogo<\/td>\n<\/tr>\n<tr>\n<td>Beispielzeit<\/td>\n<td>7 Tage<\/td>\n<\/tr>\n<tr>\n<td>Verschiffungshafen<\/td>\n<td>Guangzhou, Shenzhen<\/td>\n<\/tr>\n<tr>\n<td>Handelsbedingungen<\/td>\n<td>EXW, FOB, CIF, DDU, DDP<\/td>\n<\/tr>\n<tr>\n<td>Zahlungsarten<\/td>\n<td>T\/T, Barzahlung, PayPal, Kreditkarte<\/td>\n<\/tr>\n<\/tbody>\n<\/table>\n<p><span style=\"color: #003366;\">Merkmale:<\/span><\/p>\n<p>Sch\u00f6nheitskoffer: Er besteht aus hochwertigen, umweltfreundlichen Materialien, ist sicher und ungiftig. Er kann als Kosmetik verwendet werden.<br \/>\nBequemer technischer Stoff: Dieser gro\u00dfe Trolley ist aus atmungsaktivem und feuchtigkeitsableitendem Stoff gefertigt, der leicht zu reinigen und zu pflegen ist. Au\u00dferdem besteht er aus kratzfestem Mikrofasermaterial, das Ihre Haut vor den sch\u00e4dlichen UV-Strahlen der Sonne sch\u00fctzen kann.<br \/>\nHochwertiges PU-Leder: Dieser Kosmetikaufbewahrungskoffer ist aus hochwertigem PU-Leder mit glatter Oberfl\u00e4che gefertigt, was ihn langlebig und leicht zu reinigen macht.<\/p>","protected":false},"excerpt":{"rendered":"<p>Modell: SC-RM0021<\/p>\n<p>Gr\u00f6\u00dfe: 69 * 37 * 24,5 cm<\/p>\n<p>Mindestbestellmenge: 50 St\u00fcck<\/p>\n<p>Lieferzeit: 15-25 Tage<\/p>\n<p>Probe: Verf\u00fcgbar<\/p>","protected":false},"featured_media":20753,"template":"","meta":{"_gspb_post_css":""},"product_cat":[34,97],"product_tag":[],"featured_image_urls":{"full":["https:\/\/suncasesupply.com\/wp-content\/uploads\/2023\/08\/Women-Large-trolley-cosmetic-case-new-rolling-luggage-multi-layer-trolley-makeup-box-beauty-tattoo-manicure.jpg_220x220.jpg_.webp",220,220,false],"thumbnail":["https:\/\/suncasesupply.com\/wp-content\/uploads\/2023\/08\/Women-Large-trolley-cosmetic-case-new-rolling-luggage-multi-layer-trolley-makeup-box-beauty-tattoo-manicure.jpg_220x220.jpg_-150x150.webp",150,150,true],"medium":["https:\/\/suncasesupply.com\/wp-content\/uploads\/2023\/08\/Women-Large-trolley-cosmetic-case-new-rolling-luggage-multi-layer-trolley-makeup-box-beauty-tattoo-manicure.jpg_220x220.jpg_.webp",220,220,false],"medium_large":["https:\/\/suncasesupply.com\/wp-content\/uploads\/2023\/08\/Women-Large-trolley-cosmetic-case-new-rolling-luggage-multi-layer-trolley-makeup-box-beauty-tattoo-manicure.jpg_220x220.jpg_.webp",220,220,false],"large":["https:\/\/suncasesupply.com\/wp-content\/uploads\/2023\/08\/Women-Large-trolley-cosmetic-case-new-rolling-luggage-multi-layer-trolley-makeup-box-beauty-tattoo-manicure.jpg_220x220.jpg_.webp",220,220,false],"1536x1536":["https:\/\/suncasesupply.com\/wp-content\/uploads\/2023\/08\/Women-Large-trolley-cosmetic-case-new-rolling-luggage-multi-layer-trolley-makeup-box-beauty-tattoo-manicure.jpg_220x220.jpg_.webp",220,220,false],"2048x2048":["https:\/\/suncasesupply.com\/wp-content\/uploads\/2023\/08\/Women-Large-trolley-cosmetic-case-new-rolling-luggage-multi-layer-trolley-makeup-box-beauty-tattoo-manicure.jpg_220x220.jpg_.webp",220,220,false],"trp-custom-language-flag":["https:\/\/suncasesupply.com\/wp-content\/uploads\/2023\/08\/Women-Large-trolley-cosmetic-case-new-rolling-luggage-multi-layer-trolley-makeup-box-beauty-tattoo-manicure.jpg_220x220.jpg_.webp",12,12,false],"woocommerce_thumbnail":["https:\/\/suncasesupply.com\/wp-content\/uploads\/2023\/08\/Women-Large-trolley-cosmetic-case-new-rolling-luggage-multi-layer-trolley-makeup-box-beauty-tattoo-manicure.jpg_220x220.jpg_.webp",220,220,false],"woocommerce_single":["https:\/\/suncasesupply.com\/wp-content\/uploads\/2023\/08\/Women-Large-trolley-cosmetic-case-new-rolling-luggage-multi-layer-trolley-makeup-box-beauty-tattoo-manicure.jpg_220x220.jpg_.webp",220,220,false],"woocommerce_gallery_thumbnail":["https:\/\/suncasesupply.com\/wp-content\/uploads\/2023\/08\/Women-Large-trolley-cosmetic-case-new-rolling-luggage-multi-layer-trolley-makeup-box-beauty-tattoo-manicure.jpg_220x220.jpg_-100x100.webp",100,100,true]},"post_excerpt_stackable":"<p>Model : SC-RM0021<\/p>\n<p>Size: 69*37*24.5cm<\/p>\n<p>MOQ: 50pcs<\/p>\n<p>Delivery Time : 15-25 Days<\/p>\n<p>Sample : Available<\/p>\n","category_list":"","author_info":{"name":"","url":""},"comments_num":"0 comments","_links":{"self":[{"href":"https:\/\/suncasesupply.com\/de\/wp-json\/wp\/v2\/product\/20752"}],"collection":[{"href":"https:\/\/suncasesupply.com\/de\/wp-json\/wp\/v2\/product"}],"about":[{"href":"https:\/\/suncasesupply.com\/de\/wp-json\/wp\/v2\/types\/product"}],"wp:featuredmedia":[{"embeddable":true,"href":"https:\/\/suncasesupply.com\/de\/wp-json\/wp\/v2\/media\/20753"}],"wp:attachment":[{"href":"https:\/\/suncasesupply.com\/de\/wp-json\/wp\/v2\/media?parent=20752"}],"wp:term":[{"taxonomy":"product_cat","embeddable":true,"href":"https:\/\/suncasesupply.com\/de\/wp-json\/wp\/v2\/product_cat?post=20752"},{"taxonomy":"product_tag","embeddable":true,"href":"https:\/\/suncasesupply.com\/de\/wp-json\/wp\/v2\/product_tag?post=20752"}],"curies":[{"name":"wp","href":"https:\/\/api.w.org\/{rel}","templated":true}]}}