{"id":20743,"date":"2023-08-25T15:17:00","date_gmt":"2023-08-25T07:17:00","guid":{"rendered":"https:\/\/suncasesupply.com\/?post_type=product&#038;p=20743"},"modified":"2025-02-26T11:28:34","modified_gmt":"2025-02-26T03:28:34","slug":"professional-trolley-cosmetic-case-lockable-vanity-case-with-wheels","status":"publish","type":"product","link":"https:\/\/suncasesupply.com\/de\/product\/professional-trolley-cosmetic-case-lockable-vanity-case-with-wheels\/","title":{"rendered":"Professioneller Trolley-Kosmetikkoffer, abschlie\u00dfbarer Kosmetikkoffer mit Rollen"},"content":{"rendered":"<p>&nbsp;<\/p>\n<table width=\"774\">\n<tbody>\n<tr>\n<td width=\"177\">Artikel<\/td>\n<td width=\"597\">Make-up-Koffer auf Rollen<\/td>\n<\/tr>\n<tr>\n<td>Abmessungen<\/td>\n<td>38 x 26 x 56 cm \/ Anpassen<\/td>\n<\/tr>\n<tr>\n<td>Farben<\/td>\n<td>Wie die Bilder zeigen oder anpassen<\/td>\n<\/tr>\n<tr>\n<td>Materialien<\/td>\n<td>Aluminium, ABS-Platte, MDF-Platte, EVA\/Schaum\/Stoff\/PU-Futter, Hardware<\/td>\n<\/tr>\n<tr>\n<td>Logo<\/td>\n<td>Metallplattenlogo, gedrucktes Logo, gepr\u00e4gtes Logo, Laserlogo<\/td>\n<\/tr>\n<tr>\n<td>Beispielzeit<\/td>\n<td>7 Tage<\/td>\n<\/tr>\n<tr>\n<td>Verschiffungshafen<\/td>\n<td>Guangzhou, Shenzhen<\/td>\n<\/tr>\n<tr>\n<td>Handelsbedingungen<\/td>\n<td>EXW, FOB, CIF, DDU, DDP<\/td>\n<\/tr>\n<tr>\n<td>Zahlungsarten<\/td>\n<td>T\/T, Barzahlung, PayPal, Kreditkarte<\/td>\n<\/tr>\n<\/tbody>\n<\/table>\n<p><span style=\"color: #003366;\">Merkmale:<\/span><\/p>\n<div class=\"mb3\">\n<div class=\"dangerous-html mb3\">\n<ul class=\"a-unordered-list a-vertical a-spacing-mini\">\n<li class=\"a-spacing-mini\"><span class=\"a-list-item\">Gutes Material: hochwertiges PVC-Material, Rahmen aus Aluminiumlegierung, umweltfreundlich, geruchslos, wasserdicht und feuchtigkeitsbest\u00e4ndig, verschlei\u00dffest und langlebig, verformt sich nicht leicht, langlebig.<\/span><\/li>\n<li class=\"a-spacing-mini\"><span class=\"a-list-item\">Produktgr\u00f6\u00dfe: 38 x 26 x 56 cm, Spurstangenh\u00f6he 37 cm.<\/span><\/li>\n<li class=\"a-spacing-mini\"><span class=\"a-list-item\">Sicherheitsschloss-Design: Um ein sicheres Au\u00dfengeh\u00e4use zu gew\u00e4hrleisten, verbessern das Metallscharnierdesign und das achtpolige Metallscharnier die Haltbarkeit des robusten Verst\u00e4rkungskastens.<\/span><\/li>\n<li class=\"a-spacing-mini\"><span class=\"a-list-item\">Einteilige Zugstange: Sie besteht aus einer dreiteiligen Teleskop-Zugstange aus einer Legierung. Sie ist wirtschaftlich, langlebig und verf\u00fcgt \u00fcber eine sanfte Hebefunktion. Sie kann je nach H\u00f6he eingestellt werden.<\/span><\/li>\n<li class=\"a-spacing-mini\"><span class=\"a-list-item\">Geeignet f\u00fcr Szenen: professionelle Friseure, Manik\u00fcre, Friseursalons und andere professionelle Kosmetik-Aufbewahrungsboxen. Egal wohin Sie gehen, Sie m\u00fcssen keine Kompromisse bei Ihren Werkzeugen eingehen, Sie k\u00f6nnen sie immer mitnehmen.<\/span><\/li>\n<\/ul>\n<\/div>\n<\/div>","protected":false},"excerpt":{"rendered":"<p>Modell: SC-RM0019<\/p>\n<p>Gr\u00f6\u00dfe: 38 x 26 x 56 cm<\/p>\n<p>Mindestbestellmenge: 50 St\u00fcck<\/p>\n<p>Lieferzeit: 15-25 Tage<\/p>\n<p>Probe: Verf\u00fcgbar<\/p>","protected":false},"featured_media":20737,"template":"","meta":{"_gspb_post_css":""},"product_cat":[97],"product_tag":[],"featured_image_urls":{"full":["https:\/\/suncasesupply.com\/wp-content\/uploads\/2023\/08\/31dy7jNEjgL._SX300_SY300_QL70_ML2_.jpg",286,300,false],"thumbnail":["https:\/\/suncasesupply.com\/wp-content\/uploads\/2023\/08\/31dy7jNEjgL._SX300_SY300_QL70_ML2_-150x150.jpg",150,150,true],"medium":["https:\/\/suncasesupply.com\/wp-content\/uploads\/2023\/08\/31dy7jNEjgL._SX300_SY300_QL70_ML2_.jpg",286,300,false],"medium_large":["https:\/\/suncasesupply.com\/wp-content\/uploads\/2023\/08\/31dy7jNEjgL._SX300_SY300_QL70_ML2_.jpg",286,300,false],"large":["https:\/\/suncasesupply.com\/wp-content\/uploads\/2023\/08\/31dy7jNEjgL._SX300_SY300_QL70_ML2_.jpg",286,300,false],"1536x1536":["https:\/\/suncasesupply.com\/wp-content\/uploads\/2023\/08\/31dy7jNEjgL._SX300_SY300_QL70_ML2_.jpg",286,300,false],"2048x2048":["https:\/\/suncasesupply.com\/wp-content\/uploads\/2023\/08\/31dy7jNEjgL._SX300_SY300_QL70_ML2_.jpg",286,300,false],"trp-custom-language-flag":["https:\/\/suncasesupply.com\/wp-content\/uploads\/2023\/08\/31dy7jNEjgL._SX300_SY300_QL70_ML2_.jpg",11,12,false],"woocommerce_thumbnail":["https:\/\/suncasesupply.com\/wp-content\/uploads\/2023\/08\/31dy7jNEjgL._SX300_SY300_QL70_ML2_.jpg",286,300,false],"woocommerce_single":["https:\/\/suncasesupply.com\/wp-content\/uploads\/2023\/08\/31dy7jNEjgL._SX300_SY300_QL70_ML2_.jpg",286,300,false],"woocommerce_gallery_thumbnail":["https:\/\/suncasesupply.com\/wp-content\/uploads\/2023\/08\/31dy7jNEjgL._SX300_SY300_QL70_ML2_-100x100.jpg",100,100,true]},"post_excerpt_stackable":"<p>Model : SC-RM0019<\/p>\n<p>Size: \u00a038 x 26 x 56 cm<\/p>\n<p>MOQ: 50pcs<\/p>\n<p>Delivery Time : 15-25 Days<\/p>\n<p>Sample : Available<\/p>\n","category_list":"","author_info":{"name":"","url":""},"comments_num":"0 comments","_links":{"self":[{"href":"https:\/\/suncasesupply.com\/de\/wp-json\/wp\/v2\/product\/20743"}],"collection":[{"href":"https:\/\/suncasesupply.com\/de\/wp-json\/wp\/v2\/product"}],"about":[{"href":"https:\/\/suncasesupply.com\/de\/wp-json\/wp\/v2\/types\/product"}],"wp:featuredmedia":[{"embeddable":true,"href":"https:\/\/suncasesupply.com\/de\/wp-json\/wp\/v2\/media\/20737"}],"wp:attachment":[{"href":"https:\/\/suncasesupply.com\/de\/wp-json\/wp\/v2\/media?parent=20743"}],"wp:term":[{"taxonomy":"product_cat","embeddable":true,"href":"https:\/\/suncasesupply.com\/de\/wp-json\/wp\/v2\/product_cat?post=20743"},{"taxonomy":"product_tag","embeddable":true,"href":"https:\/\/suncasesupply.com\/de\/wp-json\/wp\/v2\/product_tag?post=20743"}],"curies":[{"name":"wp","href":"https:\/\/api.w.org\/{rel}","templated":true}]}}