{"id":20728,"date":"2023-08-25T15:02:09","date_gmt":"2023-08-25T07:02:09","guid":{"rendered":"https:\/\/suncasesupply.com\/?post_type=product&#038;p=20728"},"modified":"2025-02-26T11:28:41","modified_gmt":"2025-02-26T03:28:41","slug":"rolling-professional-cosmetic-case-trolley-makeup-case-with-4-extendable-compartments","status":"publish","type":"product","link":"https:\/\/suncasesupply.com\/de\/product\/rolling-professional-cosmetic-case-trolley-makeup-case-with-4-extendable-compartments\/","title":{"rendered":"Rollbarer Profi-Kosmetikkoffer, Trolley, Make-up-Koffer mit 4 ausziehbaren F\u00e4chern"},"content":{"rendered":"<p>&nbsp;<\/p>\n<table width=\"774\">\n<tbody>\n<tr>\n<td width=\"177\">Artikel<\/td>\n<td width=\"597\">Make-up-Koffer auf Rollen<\/td>\n<\/tr>\n<tr>\n<td>Abmessungen<\/td>\n<td>370*230*550mm \/ Anpassen<\/td>\n<\/tr>\n<tr>\n<td>Farben<\/td>\n<td>Wie die Bilder zeigen oder anpassen<\/td>\n<\/tr>\n<tr>\n<td>Materialien<\/td>\n<td>Aluminium, ABS-Platte, MDF-Platte, EVA\/Schaum\/Stoff\/PU-Futter, Hardware<\/td>\n<\/tr>\n<tr>\n<td>Logo<\/td>\n<td>Metallplattenlogo, gedrucktes Logo, gepr\u00e4gtes Logo, Laserlogo<\/td>\n<\/tr>\n<tr>\n<td>Beispielzeit<\/td>\n<td>7 Tage<\/td>\n<\/tr>\n<tr>\n<td>Verschiffungshafen<\/td>\n<td>Guangzhou, Shenzhen<\/td>\n<\/tr>\n<tr>\n<td>Handelsbedingungen<\/td>\n<td>EXW, FOB, CIF, DDU, DDP<\/td>\n<\/tr>\n<tr>\n<td>Zahlungsarten<\/td>\n<td>T\/T, Barzahlung, PayPal, Kreditkarte<\/td>\n<\/tr>\n<\/tbody>\n<\/table>\n<p><span style=\"color: #003366;\">Merkmale:<\/span><\/p>\n<div class=\"mb3\">\n<div class=\"dangerous-html mb3\">\n<p>Dieser tolle Aluminium-Trolley mit 4 R\u00e4dern ist ein Muss f\u00fcr Make-up-Profis. Er bietet viel Platz f\u00fcr alle Dinge, die Sie bei Ihrer Arbeit mitnehmen m\u00fcssen. Die clevere breite \u00d6ffnung mit separaten F\u00e4chern macht ihn ideal als tragbare Make-up-Station. Er hat einen Teleskopgriff, sodass er sich leicht herumziehen l\u00e4sst. Mit seinem praktischen Design und dem glamour\u00f6sen Aussehen ist er Ihr Allround-Koffer, der bereit f\u00fcr die Arbeit ist.<\/p>\n<\/div>\n<\/div>","protected":false},"excerpt":{"rendered":"<p>Modell: SC-RM0018<\/p>\n<p>Gr\u00f6\u00dfe: 370 * 230 * 550 mm<\/p>\n<p>Mindestbestellmenge: 50 St\u00fcck<\/p>\n<p>Lieferzeit: 15-25 Tage<\/p>\n<p>Probe: Verf\u00fcgbar<\/p>","protected":false},"featured_media":20729,"template":"","meta":{"_gspb_post_css":""},"product_cat":[97],"product_tag":[],"featured_image_urls":{"full":["https:\/\/suncasesupply.com\/wp-content\/uploads\/2023\/08\/71u22pBJRJL._AC_SL1500.webp",1206,1213,false],"thumbnail":["https:\/\/suncasesupply.com\/wp-content\/uploads\/2023\/08\/71u22pBJRJL._AC_SL1500-150x150.webp",150,150,true],"medium":["https:\/\/suncasesupply.com\/wp-content\/uploads\/2023\/08\/71u22pBJRJL._AC_SL1500-298x300.webp",298,300,true],"medium_large":["https:\/\/suncasesupply.com\/wp-content\/uploads\/2023\/08\/71u22pBJRJL._AC_SL1500-768x772.webp",768,772,true],"large":["https:\/\/suncasesupply.com\/wp-content\/uploads\/2023\/08\/71u22pBJRJL._AC_SL1500-1018x1024.webp",1018,1024,true],"1536x1536":["https:\/\/suncasesupply.com\/wp-content\/uploads\/2023\/08\/71u22pBJRJL._AC_SL1500.webp",1206,1213,false],"2048x2048":["https:\/\/suncasesupply.com\/wp-content\/uploads\/2023\/08\/71u22pBJRJL._AC_SL1500.webp",1206,1213,false],"trp-custom-language-flag":["https:\/\/suncasesupply.com\/wp-content\/uploads\/2023\/08\/71u22pBJRJL._AC_SL1500.webp",12,12,false],"woocommerce_thumbnail":["https:\/\/suncasesupply.com\/wp-content\/uploads\/2023\/08\/71u22pBJRJL._AC_SL1500-300x300.webp",300,300,true],"woocommerce_single":["https:\/\/suncasesupply.com\/wp-content\/uploads\/2023\/08\/71u22pBJRJL._AC_SL1500-600x603.webp",600,603,true],"woocommerce_gallery_thumbnail":["https:\/\/suncasesupply.com\/wp-content\/uploads\/2023\/08\/71u22pBJRJL._AC_SL1500-100x100.webp",100,100,true]},"post_excerpt_stackable":"<p>Model : SC-RM0018<\/p>\n<p>Size: 370*230*550mm<\/p>\n<p>MOQ: 50pcs<\/p>\n<p>Delivery Time : 15-25 Days<\/p>\n<p>Sample : Available<\/p>\n","category_list":"","author_info":{"name":"","url":""},"comments_num":"0 comments","_links":{"self":[{"href":"https:\/\/suncasesupply.com\/de\/wp-json\/wp\/v2\/product\/20728"}],"collection":[{"href":"https:\/\/suncasesupply.com\/de\/wp-json\/wp\/v2\/product"}],"about":[{"href":"https:\/\/suncasesupply.com\/de\/wp-json\/wp\/v2\/types\/product"}],"wp:featuredmedia":[{"embeddable":true,"href":"https:\/\/suncasesupply.com\/de\/wp-json\/wp\/v2\/media\/20729"}],"wp:attachment":[{"href":"https:\/\/suncasesupply.com\/de\/wp-json\/wp\/v2\/media?parent=20728"}],"wp:term":[{"taxonomy":"product_cat","embeddable":true,"href":"https:\/\/suncasesupply.com\/de\/wp-json\/wp\/v2\/product_cat?post=20728"},{"taxonomy":"product_tag","embeddable":true,"href":"https:\/\/suncasesupply.com\/de\/wp-json\/wp\/v2\/product_tag?post=20728"}],"curies":[{"name":"wp","href":"https:\/\/api.w.org\/{rel}","templated":true}]}}