{"id":20715,"date":"2023-08-25T14:39:57","date_gmt":"2023-08-25T06:39:57","guid":{"rendered":"https:\/\/suncasesupply.com\/?post_type=product&#038;p=20715"},"modified":"2025-02-26T11:28:54","modified_gmt":"2025-02-26T03:28:54","slug":"professional-rolling-makeup-case-nail-case-trolley-traveling-cosmetic-train-case-with-drawers","status":"publish","type":"product","link":"https:\/\/suncasesupply.com\/de\/product\/professional-rolling-makeup-case-nail-case-trolley-traveling-cosmetic-train-case-with-drawers\/","title":{"rendered":"Professioneller Roll-Make-up-Koffer, Nageletui, Trolley, Reise-Kosmetik-Zugkoffer mit Schubladen"},"content":{"rendered":"<p>&nbsp;<\/p>\n<table width=\"774\">\n<tbody>\n<tr>\n<td width=\"177\">Artikel<\/td>\n<td width=\"597\">Make-up-Koffer auf Rollen<\/td>\n<\/tr>\n<tr>\n<td>Abmessungen<\/td>\n<td>350*230*572mm \/ Anpassen<\/td>\n<\/tr>\n<tr>\n<td>Farben<\/td>\n<td>Wie die Bilder zeigen oder anpassen<\/td>\n<\/tr>\n<tr>\n<td>Materialien<\/td>\n<td>Aluminium, ABS-Platte, MDF-Platte, EVA\/Schaum\/Stoff\/PU-Futter, Hardware<\/td>\n<\/tr>\n<tr>\n<td>Logo<\/td>\n<td>Metallplattenlogo, gedrucktes Logo, gepr\u00e4gtes Logo, Laserlogo<\/td>\n<\/tr>\n<tr>\n<td>Beispielzeit<\/td>\n<td>7 Tage<\/td>\n<\/tr>\n<tr>\n<td>Verschiffungshafen<\/td>\n<td>Guangzhou, Shenzhen<\/td>\n<\/tr>\n<tr>\n<td>Handelsbedingungen<\/td>\n<td>EXW, FOB, CIF, DDU, DDP<\/td>\n<\/tr>\n<tr>\n<td>Zahlungsarten<\/td>\n<td>T\/T, Barzahlung, PayPal, Kreditkarte<\/td>\n<\/tr>\n<\/tbody>\n<\/table>\n<p><span style=\"color: #003366;\">Merkmale:<\/span><\/p>\n<div class=\"mb3\">\n<div class=\"dangerous-html mb3\">\n<p><span class=\"a-list-item\">Professioneller Make-up-Rollkoffer aus schwarzem Leder: Der Make-up-Rollkoffer ist aus schwarzem veganem Leder mit einem speziell angefertigten schwarzen Aluminiumrahmen. Robustes und robustes Aluminium der G\u00fcteklasse A an allen Rahmen und eine hochwertige Struktur f\u00fcr zus\u00e4tzliche Haltbarkeit und Schutz. Seine wasserdichte schwarze Lederoberfl\u00e4che macht ihn zu einem hervorragenden Kosmetikkoffer f\u00fcr den Au\u00dfenbereich.<\/span><\/p>\n<\/div>\n<\/div>","protected":false},"excerpt":{"rendered":"<p>Modell: SC-RM0016<\/p>\n<p>Gr\u00f6\u00dfe: 350*230*572mm<\/p>\n<p>Mindestbestellmenge: 50 St\u00fcck<\/p>\n<p>Lieferzeit: 15-25 Tage<\/p>\n<p>Probe: Verf\u00fcgbar<\/p>","protected":false},"featured_media":20716,"template":"","meta":{"_gspb_post_css":""},"product_cat":[97],"product_tag":[],"featured_image_urls":{"full":["https:\/\/suncasesupply.com\/wp-content\/uploads\/2023\/08\/71KUVKiN5aL._AC_SX679_.jpg",679,717,false],"thumbnail":["https:\/\/suncasesupply.com\/wp-content\/uploads\/2023\/08\/71KUVKiN5aL._AC_SX679_-150x150.jpg",150,150,true],"medium":["https:\/\/suncasesupply.com\/wp-content\/uploads\/2023\/08\/71KUVKiN5aL._AC_SX679_-284x300.jpg",284,300,true],"medium_large":["https:\/\/suncasesupply.com\/wp-content\/uploads\/2023\/08\/71KUVKiN5aL._AC_SX679_.jpg",679,717,false],"large":["https:\/\/suncasesupply.com\/wp-content\/uploads\/2023\/08\/71KUVKiN5aL._AC_SX679_.jpg",679,717,false],"1536x1536":["https:\/\/suncasesupply.com\/wp-content\/uploads\/2023\/08\/71KUVKiN5aL._AC_SX679_.jpg",679,717,false],"2048x2048":["https:\/\/suncasesupply.com\/wp-content\/uploads\/2023\/08\/71KUVKiN5aL._AC_SX679_.jpg",679,717,false],"trp-custom-language-flag":["https:\/\/suncasesupply.com\/wp-content\/uploads\/2023\/08\/71KUVKiN5aL._AC_SX679_.jpg",11,12,false],"woocommerce_thumbnail":["https:\/\/suncasesupply.com\/wp-content\/uploads\/2023\/08\/71KUVKiN5aL._AC_SX679_-300x300.jpg",300,300,true],"woocommerce_single":["https:\/\/suncasesupply.com\/wp-content\/uploads\/2023\/08\/71KUVKiN5aL._AC_SX679_-600x634.jpg",600,634,true],"woocommerce_gallery_thumbnail":["https:\/\/suncasesupply.com\/wp-content\/uploads\/2023\/08\/71KUVKiN5aL._AC_SX679_-100x100.jpg",100,100,true]},"post_excerpt_stackable":"<p>Model : SC-RM0016<\/p>\n<p>Size: 350*230*572mm<\/p>\n<p>MOQ: 50pcs<\/p>\n<p>Delivery Time : 15-25 Days<\/p>\n<p>Sample : Available<\/p>\n","category_list":"","author_info":{"name":"","url":""},"comments_num":"0 comments","_links":{"self":[{"href":"https:\/\/suncasesupply.com\/de\/wp-json\/wp\/v2\/product\/20715"}],"collection":[{"href":"https:\/\/suncasesupply.com\/de\/wp-json\/wp\/v2\/product"}],"about":[{"href":"https:\/\/suncasesupply.com\/de\/wp-json\/wp\/v2\/types\/product"}],"wp:featuredmedia":[{"embeddable":true,"href":"https:\/\/suncasesupply.com\/de\/wp-json\/wp\/v2\/media\/20716"}],"wp:attachment":[{"href":"https:\/\/suncasesupply.com\/de\/wp-json\/wp\/v2\/media?parent=20715"}],"wp:term":[{"taxonomy":"product_cat","embeddable":true,"href":"https:\/\/suncasesupply.com\/de\/wp-json\/wp\/v2\/product_cat?post=20715"},{"taxonomy":"product_tag","embeddable":true,"href":"https:\/\/suncasesupply.com\/de\/wp-json\/wp\/v2\/product_tag?post=20715"}],"curies":[{"name":"wp","href":"https:\/\/api.w.org\/{rel}","templated":true}]}}