{"id":20708,"date":"2023-08-25T14:30:31","date_gmt":"2023-08-25T06:30:31","guid":{"rendered":"https:\/\/suncasesupply.com\/?post_type=product&#038;p=20708"},"modified":"2025-02-26T11:29:00","modified_gmt":"2025-02-26T03:29:00","slug":"rolling-makeup-case-with-drawer-makeup-storage-salon-barber-case-on-wheels","status":"publish","type":"product","link":"https:\/\/suncasesupply.com\/de\/product\/rolling-makeup-case-with-drawer-makeup-storage-salon-barber-case-on-wheels\/","title":{"rendered":"Rollbarer Make-up-Koffer mit Schublade, Make-up-Aufbewahrung, Salon-Friseurkoffer auf Rollen"},"content":{"rendered":"<p>&nbsp;<\/p>\n<table width=\"774\">\n<tbody>\n<tr>\n<td width=\"177\">Artikel<\/td>\n<td width=\"597\">Make-up-Koffer auf Rollen<\/td>\n<\/tr>\n<tr>\n<td>Abmessungen<\/td>\n<td>485*340*239mm \/ Anpassen<\/td>\n<\/tr>\n<tr>\n<td>Farben<\/td>\n<td>Wie die Bilder zeigen oder anpassen<\/td>\n<\/tr>\n<tr>\n<td>Materialien<\/td>\n<td>Aluminium, ABS-Platte, MDF-Platte, EVA\/Schaum\/Stoff\/PU-Futter, Hardware<\/td>\n<\/tr>\n<tr>\n<td>Logo<\/td>\n<td>Metallplattenlogo, gedrucktes Logo, gepr\u00e4gtes Logo, Laserlogo<\/td>\n<\/tr>\n<tr>\n<td>Beispielzeit<\/td>\n<td>7 Tage<\/td>\n<\/tr>\n<tr>\n<td>Verschiffungshafen<\/td>\n<td>Guangzhou, Shenzhen<\/td>\n<\/tr>\n<tr>\n<td>Handelsbedingungen<\/td>\n<td>EXW, FOB, CIF, DDU, DDP<\/td>\n<\/tr>\n<tr>\n<td>Zahlungsarten<\/td>\n<td>T\/T, Barzahlung, PayPal, Kreditkarte<\/td>\n<\/tr>\n<\/tbody>\n<\/table>\n<p><span style=\"color: #003366;\">Merkmale:<\/span><\/p>\n<div class=\"mb3\">\n<div class=\"dangerous-html mb3\">\n<p><span class=\"a-list-item\">Robuster Make-up-Rollkoffer: Die verst\u00e4rkten Kanten und Ecken aus Aluminium der G\u00fcteklasse A und Metall sind \u00e4u\u00dferst abriebfest und zeichnen sich durch ihr geringes Gewicht und ihre Langlebigkeit aus. Zugstangen aus Aluminium sorgen f\u00fcr einen reibungslosen Betrieb und sind zudem korrosionsbest\u00e4ndig. Die wasserdichte blaue Oberfl\u00e4che macht diesen Make-up-Rollkoffer zu einem hervorragenden Schutz f\u00fcr Kosmetikartikel im Freien. Wenn er Licht aus verschiedenen Winkeln einf\u00e4ngt, \u00e4ndert er den Farbton.<\/span><\/p>\n<\/div>\n<\/div>","protected":false},"excerpt":{"rendered":"<p>Modell: SC-RM0015<\/p>\n<p>Gr\u00f6\u00dfe: 485 * 340 * 239 mm<\/p>\n<p>Mindestbestellmenge: 50 St\u00fcck<\/p>\n<p>Lieferzeit: 15-25 Tage<\/p>\n<p>Probe: Verf\u00fcgbar<\/p>","protected":false},"featured_media":20709,"template":"","meta":{"_gspb_post_css":""},"product_cat":[97],"product_tag":[],"featured_image_urls":{"full":["https:\/\/suncasesupply.com\/wp-content\/uploads\/2023\/08\/71CPT6SUjEL._AC_SL1500_.jpg",1494,1500,false],"thumbnail":["https:\/\/suncasesupply.com\/wp-content\/uploads\/2023\/08\/71CPT6SUjEL._AC_SL1500_-150x150.jpg",150,150,true],"medium":["https:\/\/suncasesupply.com\/wp-content\/uploads\/2023\/08\/71CPT6SUjEL._AC_SL1500_-300x300.jpg",300,300,true],"medium_large":["https:\/\/suncasesupply.com\/wp-content\/uploads\/2023\/08\/71CPT6SUjEL._AC_SL1500_-768x771.jpg",768,771,true],"large":["https:\/\/suncasesupply.com\/wp-content\/uploads\/2023\/08\/71CPT6SUjEL._AC_SL1500_-1020x1024.jpg",1020,1024,true],"1536x1536":["https:\/\/suncasesupply.com\/wp-content\/uploads\/2023\/08\/71CPT6SUjEL._AC_SL1500_.jpg",1494,1500,false],"2048x2048":["https:\/\/suncasesupply.com\/wp-content\/uploads\/2023\/08\/71CPT6SUjEL._AC_SL1500_.jpg",1494,1500,false],"trp-custom-language-flag":["https:\/\/suncasesupply.com\/wp-content\/uploads\/2023\/08\/71CPT6SUjEL._AC_SL1500_.jpg",12,12,false],"woocommerce_thumbnail":["https:\/\/suncasesupply.com\/wp-content\/uploads\/2023\/08\/71CPT6SUjEL._AC_SL1500_-300x300.jpg",300,300,true],"woocommerce_single":["https:\/\/suncasesupply.com\/wp-content\/uploads\/2023\/08\/71CPT6SUjEL._AC_SL1500_-600x602.jpg",600,602,true],"woocommerce_gallery_thumbnail":["https:\/\/suncasesupply.com\/wp-content\/uploads\/2023\/08\/71CPT6SUjEL._AC_SL1500_-100x100.jpg",100,100,true]},"post_excerpt_stackable":"<p>Model : SC-RM0015<\/p>\n<p>Size: 485*340*239mm<\/p>\n<p>MOQ: 50pcs<\/p>\n<p>Delivery Time : 15-25 Days<\/p>\n<p>Sample : Available<\/p>\n","category_list":"","author_info":{"name":"","url":""},"comments_num":"0 comments","_links":{"self":[{"href":"https:\/\/suncasesupply.com\/de\/wp-json\/wp\/v2\/product\/20708"}],"collection":[{"href":"https:\/\/suncasesupply.com\/de\/wp-json\/wp\/v2\/product"}],"about":[{"href":"https:\/\/suncasesupply.com\/de\/wp-json\/wp\/v2\/types\/product"}],"wp:featuredmedia":[{"embeddable":true,"href":"https:\/\/suncasesupply.com\/de\/wp-json\/wp\/v2\/media\/20709"}],"wp:attachment":[{"href":"https:\/\/suncasesupply.com\/de\/wp-json\/wp\/v2\/media?parent=20708"}],"wp:term":[{"taxonomy":"product_cat","embeddable":true,"href":"https:\/\/suncasesupply.com\/de\/wp-json\/wp\/v2\/product_cat?post=20708"},{"taxonomy":"product_tag","embeddable":true,"href":"https:\/\/suncasesupply.com\/de\/wp-json\/wp\/v2\/product_tag?post=20708"}],"curies":[{"name":"wp","href":"https:\/\/api.w.org\/{rel}","templated":true}]}}