{"id":20676,"date":"2023-08-25T11:28:14","date_gmt":"2023-08-25T03:28:14","guid":{"rendered":"https:\/\/suncasesupply.com\/?post_type=product&#038;p=20676"},"modified":"2025-02-26T11:30:59","modified_gmt":"2025-02-26T03:30:59","slug":"rolling-makeup-train-case-lockable-portable-cosmetic-organizer-trolley-2-drawer-beauty-salon","status":"publish","type":"product","link":"https:\/\/suncasesupply.com\/de\/product\/rolling-makeup-train-case-lockable-portable-cosmetic-organizer-trolley-2-drawer-beauty-salon\/","title":{"rendered":"Rolling Makeup Train Case Abschlie\u00dfbarer tragbarer Kosmetik-Organizer Trolley 2 Schubladen Beauty Salon"},"content":{"rendered":"<p>&nbsp;<\/p>\n<table width=\"774\">\n<tbody>\n<tr>\n<td width=\"177\">Artikel<\/td>\n<td width=\"597\">Make-up-Koffer auf Rollen<\/td>\n<\/tr>\n<tr>\n<td>Abmessungen<\/td>\n<td>386 x 310 x 660 mm oder individuell<\/td>\n<\/tr>\n<tr>\n<td>Farben<\/td>\n<td>Wie die Bilder zeigen oder anpassen<\/td>\n<\/tr>\n<tr>\n<td>Materialien<\/td>\n<td>Aluminium, ABS-Platte, MDF-Platte, EVA\/Schaum\/Stoff\/PU-Futter, Hardware<\/td>\n<\/tr>\n<tr>\n<td>Logo<\/td>\n<td>Metallplattenlogo, gedrucktes Logo, gepr\u00e4gtes Logo, Laserlogo<\/td>\n<\/tr>\n<tr>\n<td>Beispielzeit<\/td>\n<td>7 Tage<\/td>\n<\/tr>\n<tr>\n<td>Verschiffungshafen<\/td>\n<td>Guangzhou, Shenzhen<\/td>\n<\/tr>\n<tr>\n<td>Handelsbedingungen<\/td>\n<td>EXW, FOB, CIF, DDU, DDP<\/td>\n<\/tr>\n<tr>\n<td>Zahlungsarten<\/td>\n<td>T\/T, Barzahlung, PayPal, Kreditkarte<\/td>\n<\/tr>\n<\/tbody>\n<\/table>\n<p><span style=\"color: #003366;\">Merkmale:<\/span><\/p>\n<div class=\"mb3\">\n<div class=\"dangerous-html mb3\">\n<p>Der Rolling Makeup Train Case hat ein Retro-Design in Smaragdgr\u00fcn und eine kratzfeste, matte Oberfl\u00e4che mit Rautenmuster, sodass Sie Ihren einzigartigen Modegeschmack \u00fcberall zeigen k\u00f6nnen. Seine kompakte Gr\u00f6\u00dfe erm\u00f6glicht einfaches Aufbewahren und Tragen, ideal f\u00fcr professionelle Visagisten, Manik\u00fcristen, freiberufliche Kosmetikerinnen, Beauty-Blogger usw.<\/p>\n<\/div>\n<\/div>","protected":false},"excerpt":{"rendered":"<p>Modell: SC-RM0011<\/p>\n<p>Gr\u00f6\u00dfe: 386 x 310 x 660 mm<\/p>\n<p>Mindestbestellmenge: 50 St\u00fcck<\/p>\n<p>Lieferzeit: 15-25 Tage<\/p>\n<p>Probe: Verf\u00fcgbar<\/p>","protected":false},"featured_media":20684,"template":"","meta":{"_gspb_post_css":""},"product_cat":[97],"product_tag":[],"featured_image_urls":{"full":["https:\/\/suncasesupply.com\/wp-content\/uploads\/2023\/08\/5-14-scaled.jpg",2560,2560,false],"thumbnail":["https:\/\/suncasesupply.com\/wp-content\/uploads\/2023\/08\/5-14-150x150.jpg",150,150,true],"medium":["https:\/\/suncasesupply.com\/wp-content\/uploads\/2023\/08\/5-14-300x300.jpg",300,300,true],"medium_large":["https:\/\/suncasesupply.com\/wp-content\/uploads\/2023\/08\/5-14-768x768.jpg",768,768,true],"large":["https:\/\/suncasesupply.com\/wp-content\/uploads\/2023\/08\/5-14-1024x1024.jpg",1024,1024,true],"1536x1536":["https:\/\/suncasesupply.com\/wp-content\/uploads\/2023\/08\/5-14-1536x1536.jpg",1536,1536,true],"2048x2048":["https:\/\/suncasesupply.com\/wp-content\/uploads\/2023\/08\/5-14-2048x2048.jpg",2048,2048,true],"trp-custom-language-flag":["https:\/\/suncasesupply.com\/wp-content\/uploads\/2023\/08\/5-14-scaled.jpg",12,12,false],"woocommerce_thumbnail":["https:\/\/suncasesupply.com\/wp-content\/uploads\/2023\/08\/5-14-300x300.jpg",300,300,true],"woocommerce_single":["https:\/\/suncasesupply.com\/wp-content\/uploads\/2023\/08\/5-14-600x600.jpg",600,600,true],"woocommerce_gallery_thumbnail":["https:\/\/suncasesupply.com\/wp-content\/uploads\/2023\/08\/5-14-100x100.jpg",100,100,true]},"post_excerpt_stackable":"<p>Model : SC-RM0011<\/p>\n<p>Size: \u00a0386 x 310 x 660mm<\/p>\n<p>MOQ: 50pcs<\/p>\n<p>Delivery Time : 15-25 Days<\/p>\n<p>Sample : Available<\/p>\n","category_list":"","author_info":{"name":"","url":""},"comments_num":"0 comments","_links":{"self":[{"href":"https:\/\/suncasesupply.com\/de\/wp-json\/wp\/v2\/product\/20676"}],"collection":[{"href":"https:\/\/suncasesupply.com\/de\/wp-json\/wp\/v2\/product"}],"about":[{"href":"https:\/\/suncasesupply.com\/de\/wp-json\/wp\/v2\/types\/product"}],"wp:featuredmedia":[{"embeddable":true,"href":"https:\/\/suncasesupply.com\/de\/wp-json\/wp\/v2\/media\/20684"}],"wp:attachment":[{"href":"https:\/\/suncasesupply.com\/de\/wp-json\/wp\/v2\/media?parent=20676"}],"wp:term":[{"taxonomy":"product_cat","embeddable":true,"href":"https:\/\/suncasesupply.com\/de\/wp-json\/wp\/v2\/product_cat?post=20676"},{"taxonomy":"product_tag","embeddable":true,"href":"https:\/\/suncasesupply.com\/de\/wp-json\/wp\/v2\/product_tag?post=20676"}],"curies":[{"name":"wp","href":"https:\/\/api.w.org\/{rel}","templated":true}]}}