{"id":20675,"date":"2023-08-25T11:12:28","date_gmt":"2023-08-25T03:12:28","guid":{"rendered":"https:\/\/suncasesupply.com\/?post_type=product&#038;p=20675"},"modified":"2025-02-26T11:31:05","modified_gmt":"2025-02-26T03:31:05","slug":"professional-makeup-trolley-case-for-makeup-artist-black","status":"publish","type":"product","link":"https:\/\/suncasesupply.com\/de\/product\/professional-makeup-trolley-case-for-makeup-artist-black\/","title":{"rendered":"PROFESSIONELLER MAKE-UP-WAGENKOFFER F\u00dcR MAKE-UP-K\u00dcNSTLER SCHWARZ"},"content":{"rendered":"<p>&nbsp;<\/p>\n<table width=\"774\">\n<tbody>\n<tr>\n<td width=\"177\">Artikel<\/td>\n<td width=\"597\">Make-up-Koffer auf Rollen<\/td>\n<\/tr>\n<tr>\n<td>Abmessungen<\/td>\n<td>34 x 24 x 41,5 cm oder individuell gestalten<\/td>\n<\/tr>\n<tr>\n<td>Farben<\/td>\n<td>Wie die Bilder zeigen oder anpassen<\/td>\n<\/tr>\n<tr>\n<td>Materialien<\/td>\n<td>Aluminium, ABS-Platte, MDF-Platte, EVA\/Schaum\/Stoff\/PU-Futter, Hardware<\/td>\n<\/tr>\n<tr>\n<td>Logo<\/td>\n<td>Metallplattenlogo, gedrucktes Logo, gepr\u00e4gtes Logo, Laserlogo<\/td>\n<\/tr>\n<tr>\n<td>Beispielzeit<\/td>\n<td>7 Tage<\/td>\n<\/tr>\n<tr>\n<td>Verschiffungshafen<\/td>\n<td>Guangzhou, Shenzhen<\/td>\n<\/tr>\n<tr>\n<td>Handelsbedingungen<\/td>\n<td>EXW, FOB, CIF, DDU, DDP<\/td>\n<\/tr>\n<tr>\n<td>Zahlungsarten<\/td>\n<td>T\/T, Barzahlung, PayPal, Kreditkarte<\/td>\n<\/tr>\n<\/tbody>\n<\/table>\n<p><span style=\"color: #003366;\">Merkmale:<\/span><\/p>\n<div class=\"mb3\">\n<div class=\"dangerous-html mb3\">\n<ul class=\"a-unordered-list a-vertical a-spacing-mini\">\n<li><span class=\"a-list-item\">\u3010Gleitschiene mit 4 Ablagen\u3011: Die Gleitschiene l\u00e4sst sich reibungslos ausziehen, gleitet bei Nichtgebrauch nicht heraus und ist fest verbunden. Die Ablage mit 4 Ebenen hilft Ihnen beim Ordnen von Make-up-Utensilien, Lippenstiftsammlungen, Paletten und Make-up-Pinseln.<\/span><\/li>\n<li><span class=\"a-list-item\">\u3010Stabiles Rolletui f\u00fcr Make-up\u3011: Die verst\u00e4rkten Kanten und Ecken aus Aluminium und Metall der G\u00fcteklasse A weisen eine hervorragende Abriebfestigkeit auf und zeichnen sich durch ihr geringes Gewicht und ihre Langlebigkeit aus. Zugstangen aus Aluminium sorgen f\u00fcr einen reibungslosen Betrieb und sind zudem korrosionsbest\u00e4ndig. Die wasserdichte schwarze Oberfl\u00e4che macht dieses Rolletui f\u00fcr Make-up zu einem hervorragenden Schutz f\u00fcr Kosmetikartikel im Freien.<\/span><\/li>\n<li><span class=\"a-list-item\">\u3010Aufbewahrungswagen mit gro\u00dfer Kapazit\u00e4t\u3011: Es gibt auch einen gro\u00dfen Boden, der viel Stauraum f\u00fcr Haarstyling-Tools, Kosmetika und Nagelwerkzeuge bietet. Perfekt f\u00fcr professionelle Maskenbildner, Friseure, Manik\u00fcristen, T\u00e4towierer oder alle, die einen Berg an Kosmetika haben.<\/span><\/li>\n<li><span class=\"a-list-item\">\u3010Make-up-Trolley mit 360\u00b0-Schwenkr\u00e4dern\u3011: Dieser Kosmetikkoffer ist mit vier hochwertigen 360\u00b0-Schwenkr\u00e4dern ausgestattet, die ein sanftes und ger\u00e4uschloses Bewegen erm\u00f6glichen und so mehr Arbeit sparen. Abnehmbare R\u00e4der k\u00f6nnen bei Bedarf leicht entfernt oder ersetzt werden.<\/span><\/li>\n<li><span class=\"a-list-item\">\u3010Exquisites Geschenk\u3011: Der Schminkwagen h\u00e4lt Ihren Schminktisch sauber und ordentlich. Er ist elegant genug als Geschenk und wird viele sch\u00f6ne Erinnerungen bewahren. Ihr kleines M\u00e4dchen, Ihre Freundin oder Ihre geliebte Person wird gl\u00fccklicher sein, wenn Sie zum Valentinstag, zu Weihnachten, Neujahr, zum Geburtstag, zur Hochzeit usw. ein so sch\u00f6nes Geschenk erhalten.<\/span><\/li>\n<\/ul>\n<\/div>\n<\/div>","protected":false},"excerpt":{"rendered":"<p>Modell: SC-RM0010<\/p>\n<p>Gr\u00f6\u00dfe: 34 x 24 x 41,5 cm<\/p>\n<p>Mindestbestellmenge: 50 St\u00fcck<\/p>\n<p>Lieferzeit: 15-25 Tage<\/p>\n<p>Probe: Verf\u00fcgbar<\/p>","protected":false},"featured_media":20669,"template":"","meta":{"_gspb_post_css":""},"product_cat":[97],"product_tag":[],"featured_image_urls":{"full":["https:\/\/suncasesupply.com\/wp-content\/uploads\/2023\/08\/1-40-scaled.jpg",2560,2560,false],"thumbnail":["https:\/\/suncasesupply.com\/wp-content\/uploads\/2023\/08\/1-40-150x150.jpg",150,150,true],"medium":["https:\/\/suncasesupply.com\/wp-content\/uploads\/2023\/08\/1-40-300x300.jpg",300,300,true],"medium_large":["https:\/\/suncasesupply.com\/wp-content\/uploads\/2023\/08\/1-40-768x768.jpg",768,768,true],"large":["https:\/\/suncasesupply.com\/wp-content\/uploads\/2023\/08\/1-40-1024x1024.jpg",1024,1024,true],"1536x1536":["https:\/\/suncasesupply.com\/wp-content\/uploads\/2023\/08\/1-40-1536x1536.jpg",1536,1536,true],"2048x2048":["https:\/\/suncasesupply.com\/wp-content\/uploads\/2023\/08\/1-40-2048x2048.jpg",2048,2048,true],"trp-custom-language-flag":["https:\/\/suncasesupply.com\/wp-content\/uploads\/2023\/08\/1-40-scaled.jpg",12,12,false],"woocommerce_thumbnail":["https:\/\/suncasesupply.com\/wp-content\/uploads\/2023\/08\/1-40-300x300.jpg",300,300,true],"woocommerce_single":["https:\/\/suncasesupply.com\/wp-content\/uploads\/2023\/08\/1-40-600x600.jpg",600,600,true],"woocommerce_gallery_thumbnail":["https:\/\/suncasesupply.com\/wp-content\/uploads\/2023\/08\/1-40-100x100.jpg",100,100,true]},"post_excerpt_stackable":"<p>Model : SC-RM0010<\/p>\n<p>Size: 34 x 24 x 41.5cm<\/p>\n<p>MOQ: 50pcs<\/p>\n<p>Delivery Time : 15-25 Days<\/p>\n<p>Sample : Available<\/p>\n","category_list":"","author_info":{"name":"","url":""},"comments_num":"0 comments","_links":{"self":[{"href":"https:\/\/suncasesupply.com\/de\/wp-json\/wp\/v2\/product\/20675"}],"collection":[{"href":"https:\/\/suncasesupply.com\/de\/wp-json\/wp\/v2\/product"}],"about":[{"href":"https:\/\/suncasesupply.com\/de\/wp-json\/wp\/v2\/types\/product"}],"wp:featuredmedia":[{"embeddable":true,"href":"https:\/\/suncasesupply.com\/de\/wp-json\/wp\/v2\/media\/20669"}],"wp:attachment":[{"href":"https:\/\/suncasesupply.com\/de\/wp-json\/wp\/v2\/media?parent=20675"}],"wp:term":[{"taxonomy":"product_cat","embeddable":true,"href":"https:\/\/suncasesupply.com\/de\/wp-json\/wp\/v2\/product_cat?post=20675"},{"taxonomy":"product_tag","embeddable":true,"href":"https:\/\/suncasesupply.com\/de\/wp-json\/wp\/v2\/product_tag?post=20675"}],"curies":[{"name":"wp","href":"https:\/\/api.w.org\/{rel}","templated":true}]}}