{"id":20631,"date":"2023-08-25T10:09:36","date_gmt":"2023-08-25T02:09:36","guid":{"rendered":"https:\/\/suncasesupply.com\/?post_type=product&#038;p=20631"},"modified":"2025-02-26T11:31:30","modified_gmt":"2025-02-26T03:31:30","slug":"rolling-aluminum-makeup-train-case-cosmetic-trolley-with-drawers","status":"publish","type":"product","link":"https:\/\/suncasesupply.com\/de\/product\/rolling-aluminum-makeup-train-case-cosmetic-trolley-with-drawers\/","title":{"rendered":"Rollbarer Make-up-Koffer aus Aluminium mit Schubladen"},"content":{"rendered":"<p>&nbsp;<\/p>\n<table width=\"774\">\n<tbody>\n<tr>\n<td width=\"177\">Artikel<\/td>\n<td width=\"597\">Make-up-Koffer auf Rollen<\/td>\n<\/tr>\n<tr>\n<td>Abmessungen<\/td>\n<td>342*241*559mm oder anpassen<\/td>\n<\/tr>\n<tr>\n<td>Farben<\/td>\n<td>Wie die Bilder zeigen oder anpassen<\/td>\n<\/tr>\n<tr>\n<td>Materialien<\/td>\n<td>Aluminium, ABS-Platte, MDF-Platte, EVA\/Schaum\/Stoff\/PU-Futter, Hardware<\/td>\n<\/tr>\n<tr>\n<td>Logo<\/td>\n<td>Metallplattenlogo, gedrucktes Logo, gepr\u00e4gtes Logo, Laserlogo<\/td>\n<\/tr>\n<tr>\n<td>Beispielzeit<\/td>\n<td>7 Tage<\/td>\n<\/tr>\n<tr>\n<td>Verschiffungshafen<\/td>\n<td>Guangzhou, Shenzhen<\/td>\n<\/tr>\n<tr>\n<td>Handelsbedingungen<\/td>\n<td>EXW, FOB, CIF, DDU, DDP<\/td>\n<\/tr>\n<tr>\n<td>Zahlungsarten<\/td>\n<td>T\/T, Barzahlung, PayPal, Kreditkarte<\/td>\n<\/tr>\n<\/tbody>\n<\/table>\n<p><span style=\"color: #003366;\">Merkmale:<\/span><\/p>\n<div class=\"mb3\">\n<div class=\"dangerous-html mb3\">\n<p>Dieser Kosmetikkoffer besteht aus hochwertigem ABS-Kunststofffurnier, aluminium- und metallverst\u00e4rkten Kanten und Ecken, einem gut verschlei\u00dffesten 210D-Polyesterfutter und hochbelastbaren Metallbeschl\u00e4gen. Aluminium-Gleitschienen und ein Ausziehgriff sorgen f\u00fcr reibungsloses Funktionieren und sind zudem rostbest\u00e4ndig. Dieser Kosmetikkoffer ist nicht nur ein praktisches Werkzeug, sondern auch ein modisches Accessoire. Wasserfestes ABS macht diesen Kosmetikkoffer auf Rollen zu einem perfekten Schutz f\u00fcr Ihre Kosmetika, wenn er im Freien verwendet wird. Gl\u00e4nzendes ABS-Furnier und gepr\u00e4gtes Rautenmuster verleihen diesem Kosmetikkoffer eine Schicht dreidimensionaler Sch\u00f6nheit. Dieser Kosmetikkoffer verf\u00fcgt \u00fcber 4 abnehmbare, hochwertige Rollen f\u00fcr leises und m\u00fcheloses Rollen. Ein sanft gleitender Ausziehgriff mit innovativen Sechskantrohren sorgt f\u00fcr ausgezeichnete Stabilit\u00e4t. Griff an der Oberseite f\u00fcr bequemes Tragen. Im Vergleich zur herk\u00f6mmlichen runden Teleskopstange verwenden wir eine sechseckige Teleskopstange, die viel stabiler und langlebiger ist. 4 ausziehbare Seitenschubladen sind f\u00fcr kleine Gegenst\u00e4nde wie Nagellack, Lippenstift, \u00e4therisches \u00d6l, Haarnadeln usw. vorgesehen. 1 gro\u00dfes oberes Fach bietet Platz f\u00fcr Gl\u00e4tteisen\/Lockenstab, Sprays, Paletten und andere relativ gro\u00dfe Gegenst\u00e4nde. In einer unteren Schublade k\u00f6nnen Haarb\u00fcrsten und kleine Flaschen griffbereit und ordentlich aufbewahrt werden. Die oberen Griffe sind aus Sicherheitsgr\u00fcnden abschlie\u00dfbar; 2 Schl\u00fcssel f\u00fcr die Schl\u00f6sser. Jede Ecke dieses Make-up-Koffers ist mit Metall und Kunststoff gut gesch\u00fctzt, um zus\u00e4tzliche Haltbarkeit und Robustheit zu gew\u00e4hrleisten.<\/p>\n<\/div>\n<\/div>","protected":false},"excerpt":{"rendered":"<p>Modell: SC-RM0007<\/p>\n<p>Gr\u00f6\u00dfe: 342 * 241 * 559 mm<\/p>\n<p>Mindestbestellmenge: 50 St\u00fcck<\/p>\n<p>Lieferzeit: 15-25 Tage<\/p>\n<p>Probe: Verf\u00fcgbar<\/p>","protected":false},"featured_media":20633,"template":"","meta":{"_gspb_post_css":""},"product_cat":[97],"product_tag":[],"featured_image_urls":{"full":["https:\/\/suncasesupply.com\/wp-content\/uploads\/2023\/08\/d4bc0d8a-2bd6-4a04-a47c-765bd7da0f3c.93c56ac84285aff7e4077b006b6b8974.webp",1000,1000,false],"thumbnail":["https:\/\/suncasesupply.com\/wp-content\/uploads\/2023\/08\/d4bc0d8a-2bd6-4a04-a47c-765bd7da0f3c.93c56ac84285aff7e4077b006b6b8974-150x150.webp",150,150,true],"medium":["https:\/\/suncasesupply.com\/wp-content\/uploads\/2023\/08\/d4bc0d8a-2bd6-4a04-a47c-765bd7da0f3c.93c56ac84285aff7e4077b006b6b8974-300x300.webp",300,300,true],"medium_large":["https:\/\/suncasesupply.com\/wp-content\/uploads\/2023\/08\/d4bc0d8a-2bd6-4a04-a47c-765bd7da0f3c.93c56ac84285aff7e4077b006b6b8974-768x768.webp",768,768,true],"large":["https:\/\/suncasesupply.com\/wp-content\/uploads\/2023\/08\/d4bc0d8a-2bd6-4a04-a47c-765bd7da0f3c.93c56ac84285aff7e4077b006b6b8974.webp",1000,1000,false],"1536x1536":["https:\/\/suncasesupply.com\/wp-content\/uploads\/2023\/08\/d4bc0d8a-2bd6-4a04-a47c-765bd7da0f3c.93c56ac84285aff7e4077b006b6b8974.webp",1000,1000,false],"2048x2048":["https:\/\/suncasesupply.com\/wp-content\/uploads\/2023\/08\/d4bc0d8a-2bd6-4a04-a47c-765bd7da0f3c.93c56ac84285aff7e4077b006b6b8974.webp",1000,1000,false],"trp-custom-language-flag":["https:\/\/suncasesupply.com\/wp-content\/uploads\/2023\/08\/d4bc0d8a-2bd6-4a04-a47c-765bd7da0f3c.93c56ac84285aff7e4077b006b6b8974.webp",12,12,false],"woocommerce_thumbnail":["https:\/\/suncasesupply.com\/wp-content\/uploads\/2023\/08\/d4bc0d8a-2bd6-4a04-a47c-765bd7da0f3c.93c56ac84285aff7e4077b006b6b8974-300x300.webp",300,300,true],"woocommerce_single":["https:\/\/suncasesupply.com\/wp-content\/uploads\/2023\/08\/d4bc0d8a-2bd6-4a04-a47c-765bd7da0f3c.93c56ac84285aff7e4077b006b6b8974-600x600.webp",600,600,true],"woocommerce_gallery_thumbnail":["https:\/\/suncasesupply.com\/wp-content\/uploads\/2023\/08\/d4bc0d8a-2bd6-4a04-a47c-765bd7da0f3c.93c56ac84285aff7e4077b006b6b8974-100x100.webp",100,100,true]},"post_excerpt_stackable":"<p>Model : SC-RM0007<\/p>\n<p>Size: 342*241*559mm<\/p>\n<p>MOQ: 50pcs<\/p>\n<p>Delivery Time : 15-25 Days<\/p>\n<p>Sample : Available<\/p>\n","category_list":"","author_info":{"name":"","url":""},"comments_num":"0 comments","_links":{"self":[{"href":"https:\/\/suncasesupply.com\/de\/wp-json\/wp\/v2\/product\/20631"}],"collection":[{"href":"https:\/\/suncasesupply.com\/de\/wp-json\/wp\/v2\/product"}],"about":[{"href":"https:\/\/suncasesupply.com\/de\/wp-json\/wp\/v2\/types\/product"}],"wp:featuredmedia":[{"embeddable":true,"href":"https:\/\/suncasesupply.com\/de\/wp-json\/wp\/v2\/media\/20633"}],"wp:attachment":[{"href":"https:\/\/suncasesupply.com\/de\/wp-json\/wp\/v2\/media?parent=20631"}],"wp:term":[{"taxonomy":"product_cat","embeddable":true,"href":"https:\/\/suncasesupply.com\/de\/wp-json\/wp\/v2\/product_cat?post=20631"},{"taxonomy":"product_tag","embeddable":true,"href":"https:\/\/suncasesupply.com\/de\/wp-json\/wp\/v2\/product_tag?post=20631"}],"curies":[{"name":"wp","href":"https:\/\/api.w.org\/{rel}","templated":true}]}}