{"id":20619,"date":"2023-08-25T09:31:23","date_gmt":"2023-08-25T01:31:23","guid":{"rendered":"https:\/\/suncasesupply.com\/?post_type=product&#038;p=20619"},"modified":"2025-02-26T11:09:15","modified_gmt":"2025-02-26T03:09:15","slug":"carry-nail-polish-box-case-makeup-vanity-beauty-storage-box","status":"publish","type":"product","link":"https:\/\/suncasesupply.com\/de\/product\/carry-nail-polish-box-case-makeup-vanity-beauty-storage-box\/","title":{"rendered":"Tragen Sie Nagellack-Box Fall Make-up Eitelkeit Sch\u00f6nheit Aufbewahrungsbox"},"content":{"rendered":"<p>&nbsp;<\/p>\n<table width=\"774\">\n<tbody>\n<tr>\n<td width=\"177\">Artikel<\/td>\n<td width=\"597\">Make-up-Koffer aus Aluminium<\/td>\n<\/tr>\n<tr>\n<td>Abmessungen<\/td>\n<td>Anpassen<\/td>\n<\/tr>\n<tr>\n<td>Farben<\/td>\n<td>Wie die Bilder zeigen oder anpassen<\/td>\n<\/tr>\n<tr>\n<td>Materialien<\/td>\n<td>Aluminium, ABS-Platte, MDF-Platte, EVA\/Schaum\/Stoff\/PU-Futter, Hardware<\/td>\n<\/tr>\n<tr>\n<td>Logo<\/td>\n<td>Metallplattenlogo, gedrucktes Logo, gepr\u00e4gtes Logo, Laserlogo<\/td>\n<\/tr>\n<tr>\n<td>Beispielzeit<\/td>\n<td>7 Tage<\/td>\n<\/tr>\n<tr>\n<td>Verschiffungshafen<\/td>\n<td>Guangzhou, Shenzhen<\/td>\n<\/tr>\n<tr>\n<td>Handelsbedingungen<\/td>\n<td>EXW, FOB, CIF, DDU, DDP<\/td>\n<\/tr>\n<tr>\n<td>Zahlungsarten<\/td>\n<td>T\/T, Barzahlung, PayPal, Kreditkarte<\/td>\n<\/tr>\n<\/tbody>\n<\/table>\n<p><span style=\"color: #003366;\">Merkmale:<\/span><\/p>\n<ul id=\"bullets\">\n<li data-title=\"24 Removable nail polish compartments (NAIL POLISH NOT INCLUDED).\">24 herausnehmbare Nagellackf\u00e4cher (NAGELLACK NICHT INBEGRIFFEN).<\/li>\n<li data-title=\"8 Manicure tool\/file holders.\">8 Halter f\u00fcr Manik\u00fcre-Werkzeuge\/Feilen.<\/li>\n<li data-title=\"8 Manicure tool\/file holders.\">Tiefe ausziehbare Schublade f\u00fcr gro\u00dfz\u00fcgigen Stauraum f\u00fcr Nailart-Zubeh\u00f6r.<\/li>\n<li data-title=\"Made from robust aluminium.\">Aus robustem Aluminium gefertigt.<\/li>\n<li data-title=\"Faux leather trim handle for comfort and style.\">Griff mit Kunstlederbesatz f\u00fcr Komfort und Stil.<\/li>\n<li data-title=\"Removable nail polish compartments for flexible storage.\">Herausnehmbare Nagellackf\u00e4cher f\u00fcr flexible Aufbewahrung.<\/li>\n<li data-title=\"High quality robust locking clasps to keep your accessories safe and secure.\">Hochwertige, robuste Verschlussverschl\u00fcsse sorgen f\u00fcr die sichere Aufbewahrung Ihres Zubeh\u00f6rs.<\/li>\n<li data-title=\"Faux leather trim handle for comfort and style.\">Griff mit Kunstlederbesatz f\u00fcr Komfort und Stil.<\/li>\n<li data-title=\"Other Beauty Cases are available - please see other listings.\">Es sind weitere Beauty Cases verf\u00fcgbar \u2013 bitte sehen Sie sich die anderen Angebote an.<\/li>\n<li data-title=\"Nail polish not included.\">Nagellack nicht enthalten.<\/li>\n<\/ul>","protected":false},"excerpt":{"rendered":"<p>Modell: SC-CM0022<\/p>\n<p>Gr\u00f6\u00dfe: Kundenspezifisch<\/p>\n<p>Mindestbestellmenge: 100 St\u00fcck<\/p>\n<p>Lieferzeit: 15-25 Tage<\/p>\n<p>Probe: Verf\u00fcgbar<\/p>","protected":false},"featured_media":20620,"template":"","meta":{"_gspb_post_css":""},"product_cat":[96],"product_tag":[],"featured_image_urls":{"full":["https:\/\/suncasesupply.com\/wp-content\/uploads\/2023\/08\/8ad51000-1c6e-4452-8dd1-f522605f4789.jpg",1719,1800,false],"thumbnail":["https:\/\/suncasesupply.com\/wp-content\/uploads\/2023\/08\/8ad51000-1c6e-4452-8dd1-f522605f4789-150x150.jpg",150,150,true],"medium":["https:\/\/suncasesupply.com\/wp-content\/uploads\/2023\/08\/8ad51000-1c6e-4452-8dd1-f522605f4789-287x300.jpg",287,300,true],"medium_large":["https:\/\/suncasesupply.com\/wp-content\/uploads\/2023\/08\/8ad51000-1c6e-4452-8dd1-f522605f4789-768x804.jpg",768,804,true],"large":["https:\/\/suncasesupply.com\/wp-content\/uploads\/2023\/08\/8ad51000-1c6e-4452-8dd1-f522605f4789-978x1024.jpg",978,1024,true],"1536x1536":["https:\/\/suncasesupply.com\/wp-content\/uploads\/2023\/08\/8ad51000-1c6e-4452-8dd1-f522605f4789-1467x1536.jpg",1467,1536,true],"2048x2048":["https:\/\/suncasesupply.com\/wp-content\/uploads\/2023\/08\/8ad51000-1c6e-4452-8dd1-f522605f4789.jpg",1719,1800,false],"trp-custom-language-flag":["https:\/\/suncasesupply.com\/wp-content\/uploads\/2023\/08\/8ad51000-1c6e-4452-8dd1-f522605f4789.jpg",11,12,false],"woocommerce_thumbnail":["https:\/\/suncasesupply.com\/wp-content\/uploads\/2023\/08\/8ad51000-1c6e-4452-8dd1-f522605f4789-300x300.jpg",300,300,true],"woocommerce_single":["https:\/\/suncasesupply.com\/wp-content\/uploads\/2023\/08\/8ad51000-1c6e-4452-8dd1-f522605f4789-600x628.jpg",600,628,true],"woocommerce_gallery_thumbnail":["https:\/\/suncasesupply.com\/wp-content\/uploads\/2023\/08\/8ad51000-1c6e-4452-8dd1-f522605f4789-100x100.jpg",100,100,true]},"post_excerpt_stackable":"<p>Model : SC-CM0022<\/p>\n<p>Size: Customized<\/p>\n<p>MOQ: 100pcs<\/p>\n<p>Delivery Time : 15-25 Days<\/p>\n<p>Sample : Available<\/p>\n","category_list":"","author_info":{"name":"","url":""},"comments_num":"0 comments","_links":{"self":[{"href":"https:\/\/suncasesupply.com\/de\/wp-json\/wp\/v2\/product\/20619"}],"collection":[{"href":"https:\/\/suncasesupply.com\/de\/wp-json\/wp\/v2\/product"}],"about":[{"href":"https:\/\/suncasesupply.com\/de\/wp-json\/wp\/v2\/types\/product"}],"wp:featuredmedia":[{"embeddable":true,"href":"https:\/\/suncasesupply.com\/de\/wp-json\/wp\/v2\/media\/20620"}],"wp:attachment":[{"href":"https:\/\/suncasesupply.com\/de\/wp-json\/wp\/v2\/media?parent=20619"}],"wp:term":[{"taxonomy":"product_cat","embeddable":true,"href":"https:\/\/suncasesupply.com\/de\/wp-json\/wp\/v2\/product_cat?post=20619"},{"taxonomy":"product_tag","embeddable":true,"href":"https:\/\/suncasesupply.com\/de\/wp-json\/wp\/v2\/product_tag?post=20619"}],"curies":[{"name":"wp","href":"https:\/\/api.w.org\/{rel}","templated":true}]}}