{"id":20597,"date":"2023-08-24T17:59:46","date_gmt":"2023-08-24T09:59:46","guid":{"rendered":"https:\/\/suncasesupply.com\/?post_type=product&#038;p=20597"},"modified":"2025-02-26T11:10:39","modified_gmt":"2025-02-26T03:10:39","slug":"carry-aluminum-nail-case-cosmetic-storage-case-for-nail-polish","status":"publish","type":"product","link":"https:\/\/suncasesupply.com\/de\/product\/carry-aluminum-nail-case-cosmetic-storage-case-for-nail-polish\/","title":{"rendered":"Tragen Sie einen Aluminium-Nagelkoffer, einen kosmetischen Aufbewahrungskoffer f\u00fcr Nagellack"},"content":{"rendered":"<p>&nbsp;<\/p>\n<table width=\"774\">\n<tbody>\n<tr>\n<td width=\"177\">Artikel<\/td>\n<td width=\"597\">Make-up-Koffer aus Aluminium<\/td>\n<\/tr>\n<tr>\n<td>Abmessungen<\/td>\n<td>35*25*40cm oder anpassen<\/td>\n<\/tr>\n<tr>\n<td>Farben<\/td>\n<td>Wie die Bilder zeigen oder anpassen<\/td>\n<\/tr>\n<tr>\n<td>Materialien<\/td>\n<td>Aluminium, ABS-Platte, MDF-Platte, EVA\/Schaum\/Stoff\/PU-Futter, Hardware<\/td>\n<\/tr>\n<tr>\n<td>Logo<\/td>\n<td>Metallplattenlogo, gedrucktes Logo, gepr\u00e4gtes Logo, Laserlogo<\/td>\n<\/tr>\n<tr>\n<td>Beispielzeit<\/td>\n<td>7 Tage<\/td>\n<\/tr>\n<tr>\n<td>Verschiffungshafen<\/td>\n<td>Guangzhou, Shenzhen<\/td>\n<\/tr>\n<tr>\n<td>Handelsbedingungen<\/td>\n<td>EXW, FOB, CIF, DDU, DDP<\/td>\n<\/tr>\n<tr>\n<td>Zahlungsarten<\/td>\n<td>T\/T, Barzahlung, PayPal, Kreditkarte<\/td>\n<\/tr>\n<\/tbody>\n<\/table>\n<p><span style=\"color: #003366;\">Merkmale:<\/span><\/p>\n<p><strong>Kosmetik-\/Friseurkoffer<\/strong>\u00a0Ideal f\u00fcr Nagelstylisten, Kosmetikerinnen, Visagisten, die im Au\u00dfendienst arbeiten oder zur Aufbewahrung von Kosmetika zu Hause. Dank der soliden Verarbeitung, der Faltbarkeit und der optimal gew\u00e4hlten Gr\u00f6\u00dfe des Kofferraums k\u00f6nnen Sie problemlos eine vollwertige UV- und LED-Lampe darin unterbringen.<\/p>\n<p><strong>Stamm<\/strong>\u00a0Beidseitig ge\u00f6ffnet verf\u00fcgt es \u00fcber 2 ausziehbare Ablagefl\u00e4chen f\u00fcr Kleinutensilien, wie Hybridlacke, Pinsel, kleine und gro\u00dfe Kosmetikartikel.<\/p>\n<p>Die solide verarbeitete, faltbare und optimal gew\u00e4hlte Gr\u00f6\u00dfe des Koffers erm\u00f6glicht es Ihnen, problemlos eine UV- und LED-Lampe in voller Gr\u00f6\u00dfe hineinzusetzen. Die doppelseitige Truhe verf\u00fcgt \u00fcber verschiebbare Regale und Sicherheit in Form von zwei Schl\u00f6ssern mit Schl\u00fcssel.<\/p>\n<p>Aufgrund seines geringen Gewichts ideal f\u00fcr den Feldeinsatz. Ein stilvoller Koffer f\u00fcr die Pr\u00e4sentation von Produkten bei offiziellen Treffen, z. B. Gesch\u00e4ftstreffen. Es funktioniert in jeder Situation!<\/p>\n<p><strong>zwei St\u00fcck<\/strong>\u00a0\u2013 Sie k\u00f6nnen das Ganze oder nur einen abnehmbaren Teil verwenden.<\/p>\n<p>Dank zweier Schl\u00f6sser, die den Inhalt sichern, k\u00f6nnen Sie Gegenst\u00e4nde sicher im Kofferraum verstauen. Der Kofferraum wird mit 2 Schl\u00fcsseln geliefert.<\/p>\n<ul>\n<li class=\"active\">Perfekt f\u00fcr Kosmetikerinnen und Stylisten.<\/li>\n<li>Beidseitige \u00d6ffnung.<\/li>\n<li>Abschlie\u00dfbar mit Schl\u00fcssel, 2 Schl\u00f6sser.<\/li>\n<li>Zeitloses Design \u2013 \u00e4u\u00dferst exklusiv und modisch.<\/li>\n<li>Leicht zu reinigen \u2013 die Oberfl\u00e4che ist vollst\u00e4ndig abwaschbar.<\/li>\n<li>Die Innenseite ist mit einem weichen, Samt imitierenden Material ausgekleidet.<\/li>\n<li>Handlich \u2013 ein leicht zu transportierender Koffer, ideal zur Aufbewahrung von Kosmetika.<\/li>\n<li>1 gro\u00dfes Fach im oberen Teil.<\/li>\n<li>1 gro\u00dfes Fach im unteren Teil.<\/li>\n<li>Sehr gro\u00dfe Kapazit\u00e4t f\u00fcr 48\/54 W UV-LED-Lampe<\/li>\n<li>Es hat Schw\u00e4mme f\u00fcr Lacke.<\/li>\n<\/ul>","protected":false},"excerpt":{"rendered":"<p>Modell: SC-CM0019<\/p>\n<p>Gr\u00f6\u00dfe: 35*25*40 cm<\/p>\n<p>Mindestbestellmenge: 100 St\u00fcck<\/p>\n<p>Lieferzeit: 15-25 Tage<\/p>\n<p>Probe: Verf\u00fcgbar<\/p>","protected":false},"featured_media":20598,"template":"","meta":{"_gspb_post_css":""},"product_cat":[96],"product_tag":[],"featured_image_urls":{"full":["https:\/\/suncasesupply.com\/wp-content\/uploads\/2023\/08\/cosmetic-case-l.webp",750,750,false],"thumbnail":["https:\/\/suncasesupply.com\/wp-content\/uploads\/2023\/08\/cosmetic-case-l-150x150.webp",150,150,true],"medium":["https:\/\/suncasesupply.com\/wp-content\/uploads\/2023\/08\/cosmetic-case-l-300x300.webp",300,300,true],"medium_large":["https:\/\/suncasesupply.com\/wp-content\/uploads\/2023\/08\/cosmetic-case-l.webp",750,750,false],"large":["https:\/\/suncasesupply.com\/wp-content\/uploads\/2023\/08\/cosmetic-case-l.webp",750,750,false],"1536x1536":["https:\/\/suncasesupply.com\/wp-content\/uploads\/2023\/08\/cosmetic-case-l.webp",750,750,false],"2048x2048":["https:\/\/suncasesupply.com\/wp-content\/uploads\/2023\/08\/cosmetic-case-l.webp",750,750,false],"trp-custom-language-flag":["https:\/\/suncasesupply.com\/wp-content\/uploads\/2023\/08\/cosmetic-case-l.webp",12,12,false],"woocommerce_thumbnail":["https:\/\/suncasesupply.com\/wp-content\/uploads\/2023\/08\/cosmetic-case-l-300x300.webp",300,300,true],"woocommerce_single":["https:\/\/suncasesupply.com\/wp-content\/uploads\/2023\/08\/cosmetic-case-l-600x600.webp",600,600,true],"woocommerce_gallery_thumbnail":["https:\/\/suncasesupply.com\/wp-content\/uploads\/2023\/08\/cosmetic-case-l-100x100.webp",100,100,true]},"post_excerpt_stackable":"<p>Model : SC-CM0019<\/p>\n<p>Size: 35*25*40 cm<\/p>\n<p>MOQ: 100pcs<\/p>\n<p>Delivery Time : 15-25 Days<\/p>\n<p>Sample : Available<\/p>\n","category_list":"","author_info":{"name":"","url":""},"comments_num":"0 comments","_links":{"self":[{"href":"https:\/\/suncasesupply.com\/de\/wp-json\/wp\/v2\/product\/20597"}],"collection":[{"href":"https:\/\/suncasesupply.com\/de\/wp-json\/wp\/v2\/product"}],"about":[{"href":"https:\/\/suncasesupply.com\/de\/wp-json\/wp\/v2\/types\/product"}],"wp:featuredmedia":[{"embeddable":true,"href":"https:\/\/suncasesupply.com\/de\/wp-json\/wp\/v2\/media\/20598"}],"wp:attachment":[{"href":"https:\/\/suncasesupply.com\/de\/wp-json\/wp\/v2\/media?parent=20597"}],"wp:term":[{"taxonomy":"product_cat","embeddable":true,"href":"https:\/\/suncasesupply.com\/de\/wp-json\/wp\/v2\/product_cat?post=20597"},{"taxonomy":"product_tag","embeddable":true,"href":"https:\/\/suncasesupply.com\/de\/wp-json\/wp\/v2\/product_tag?post=20597"}],"curies":[{"name":"wp","href":"https:\/\/api.w.org\/{rel}","templated":true}]}}