{"id":20590,"date":"2023-08-24T17:43:31","date_gmt":"2023-08-24T09:43:31","guid":{"rendered":"https:\/\/suncasesupply.com\/?post_type=product&#038;p=20590"},"modified":"2025-02-26T11:12:42","modified_gmt":"2025-02-26T03:12:42","slug":"aluminum-beauty-storage-case-carry-cosmetic-case-for-salon-makeup-artist-travel-box","status":"publish","type":"product","link":"https:\/\/suncasesupply.com\/de\/product\/aluminum-beauty-storage-case-carry-cosmetic-case-for-salon-makeup-artist-travel-box\/","title":{"rendered":"Aluminium-Beauty-Aufbewahrungskoffer, Kosmetikkoffer f\u00fcr Salon-Make-up-K\u00fcnstler, Reisebox"},"content":{"rendered":"<p>&nbsp;<\/p>\n<table width=\"774\">\n<tbody>\n<tr>\n<td width=\"177\">Artikel<\/td>\n<td width=\"597\">Make-up-Koffer aus Aluminium<\/td>\n<\/tr>\n<tr>\n<td>Abmessungen<\/td>\n<td>380*19 *267 mm oder individuell anpassen<\/td>\n<\/tr>\n<tr>\n<td>Farben<\/td>\n<td>Wie die Bilder zeigen oder anpassen<\/td>\n<\/tr>\n<tr>\n<td>Materialien<\/td>\n<td>Aluminium, ABS-Platte, MDF-Platte, EVA\/Schaum\/Stoff\/PU-Futter, Hardware<\/td>\n<\/tr>\n<tr>\n<td>Logo<\/td>\n<td>Metallplattenlogo, gedrucktes Logo, gepr\u00e4gtes Logo, Laserlogo<\/td>\n<\/tr>\n<tr>\n<td>Beispielzeit<\/td>\n<td>7 Tage<\/td>\n<\/tr>\n<tr>\n<td>Verschiffungshafen<\/td>\n<td>Guangzhou, Shenzhen<\/td>\n<\/tr>\n<tr>\n<td>Handelsbedingungen<\/td>\n<td>EXW, FOB, CIF, DDU, DDP<\/td>\n<\/tr>\n<tr>\n<td>Zahlungsarten<\/td>\n<td>T\/T, Barzahlung, PayPal, Kreditkarte<\/td>\n<\/tr>\n<\/tbody>\n<\/table>\n<p><span style=\"color: #003366;\">Merkmale:<\/span><\/p>\n<p>Hochwertige Aluminiumoberfl\u00e4che und Konstruktion mit verst\u00e4rkten Stahlecken f\u00fcr zus\u00e4tzliche Haltbarkeit<br \/>\nSechs ausziehbare Ziehharmonikatabletts mit ger\u00e4umigem Innenraum<br \/>\nGer\u00e4umiges unteres Fach<br \/>\nDas hitzebest\u00e4ndige Au\u00dfenmaterial h\u00e4lt das Geh\u00e4use k\u00fchl und sch\u00fctzt Ihre Kosmetika<br \/>\nSchwenkbarer Griff oben<br \/>\nLeicht zu reinigender Innenraum<br \/>\nZwei Make-up-Pinselhalterbecher<br \/>\nZwei sichere, leicht zu schlie\u00dfende Riegel mit Schl\u00fcsselschloss<br \/>\nAbmessung der Tabletts (LxBxH): 6,25\u2033 x 5,25\u2033 x 1,25\u2033<br \/>\nPlatz unter den Tabletts im geschlossenen Zustand (LxBxH): 14,38\u2033 x 7\u2033 x 2,75\u2033<br \/>\nGesamtma\u00dfe des Koffers (L x B x H): 15\u2033 x 7,5\u2033 x 10,5\u2033<br \/>\nArtikelgewicht: 8lbs<\/p>","protected":false},"excerpt":{"rendered":"<p>Modell: SC-CM0018<\/p>\n<p>Gr\u00f6\u00dfe: 380 * 19 * 267 mm<\/p>\n<p>Mindestbestellmenge: 100 St\u00fcck<\/p>\n<p>Lieferzeit: 15-25 Tage<\/p>\n<p>Probe: Verf\u00fcgbar<\/p>","protected":false},"featured_media":20591,"template":"","meta":{"_gspb_post_css":""},"product_cat":[96],"product_tag":[],"featured_image_urls":{"full":["https:\/\/suncasesupply.com\/wp-content\/uploads\/2023\/08\/vp00247_a2_2000x.webp",2000,2000,false],"thumbnail":["https:\/\/suncasesupply.com\/wp-content\/uploads\/2023\/08\/vp00247_a2_2000x-150x150.webp",150,150,true],"medium":["https:\/\/suncasesupply.com\/wp-content\/uploads\/2023\/08\/vp00247_a2_2000x-300x300.webp",300,300,true],"medium_large":["https:\/\/suncasesupply.com\/wp-content\/uploads\/2023\/08\/vp00247_a2_2000x-768x768.webp",768,768,true],"large":["https:\/\/suncasesupply.com\/wp-content\/uploads\/2023\/08\/vp00247_a2_2000x-1024x1024.webp",1024,1024,true],"1536x1536":["https:\/\/suncasesupply.com\/wp-content\/uploads\/2023\/08\/vp00247_a2_2000x-1536x1536.webp",1536,1536,true],"2048x2048":["https:\/\/suncasesupply.com\/wp-content\/uploads\/2023\/08\/vp00247_a2_2000x.webp",2000,2000,false],"trp-custom-language-flag":["https:\/\/suncasesupply.com\/wp-content\/uploads\/2023\/08\/vp00247_a2_2000x.webp",12,12,false],"woocommerce_thumbnail":["https:\/\/suncasesupply.com\/wp-content\/uploads\/2023\/08\/vp00247_a2_2000x-300x300.webp",300,300,true],"woocommerce_single":["https:\/\/suncasesupply.com\/wp-content\/uploads\/2023\/08\/vp00247_a2_2000x-600x600.webp",600,600,true],"woocommerce_gallery_thumbnail":["https:\/\/suncasesupply.com\/wp-content\/uploads\/2023\/08\/vp00247_a2_2000x-100x100.webp",100,100,true]},"post_excerpt_stackable":"<p>Model : SC-CM0018<\/p>\n<p>Size: 380*19 *267 mm<\/p>\n<p>MOQ: 100pcs<\/p>\n<p>Delivery Time : 15-25 Days<\/p>\n<p>Sample : Available<\/p>\n","category_list":"","author_info":{"name":"","url":""},"comments_num":"0 comments","_links":{"self":[{"href":"https:\/\/suncasesupply.com\/de\/wp-json\/wp\/v2\/product\/20590"}],"collection":[{"href":"https:\/\/suncasesupply.com\/de\/wp-json\/wp\/v2\/product"}],"about":[{"href":"https:\/\/suncasesupply.com\/de\/wp-json\/wp\/v2\/types\/product"}],"wp:featuredmedia":[{"embeddable":true,"href":"https:\/\/suncasesupply.com\/de\/wp-json\/wp\/v2\/media\/20591"}],"wp:attachment":[{"href":"https:\/\/suncasesupply.com\/de\/wp-json\/wp\/v2\/media?parent=20590"}],"wp:term":[{"taxonomy":"product_cat","embeddable":true,"href":"https:\/\/suncasesupply.com\/de\/wp-json\/wp\/v2\/product_cat?post=20590"},{"taxonomy":"product_tag","embeddable":true,"href":"https:\/\/suncasesupply.com\/de\/wp-json\/wp\/v2\/product_tag?post=20590"}],"curies":[{"name":"wp","href":"https:\/\/api.w.org\/{rel}","templated":true}]}}