{"id":20574,"date":"2023-08-24T17:29:09","date_gmt":"2023-08-24T09:29:09","guid":{"rendered":"https:\/\/suncasesupply.com\/?post_type=product&#038;p=20574"},"modified":"2025-02-26T11:10:58","modified_gmt":"2025-02-26T03:10:58","slug":"portable-aluminum-cosmetic-storage-box-profession-travel-train-beauty-case","status":"publish","type":"product","link":"https:\/\/suncasesupply.com\/de\/product\/portable-aluminum-cosmetic-storage-box-profession-travel-train-beauty-case\/","title":{"rendered":"Tragbare Aluminium-Kosmetik-Aufbewahrungsbox, Beruf, Reise, Zug, Sch\u00f6nheitskoffer"},"content":{"rendered":"<p>&nbsp;<\/p>\n<table width=\"774\">\n<tbody>\n<tr>\n<td width=\"177\">Artikel<\/td>\n<td width=\"597\">Make-up-Koffer aus Aluminium<\/td>\n<\/tr>\n<tr>\n<td>Abmessungen<\/td>\n<td>305*205 *260 mm oder individuell anpassen<\/td>\n<\/tr>\n<tr>\n<td>Farben<\/td>\n<td>Wie die Bilder zeigen oder anpassen<\/td>\n<\/tr>\n<tr>\n<td>Materialien<\/td>\n<td>Aluminium, ABS-Platte, MDF-Platte, EVA\/Schaum\/Stoff\/PU-Futter, Hardware<\/td>\n<\/tr>\n<tr>\n<td>Logo<\/td>\n<td>Metallplattenlogo, gedrucktes Logo, gepr\u00e4gtes Logo, Laserlogo<\/td>\n<\/tr>\n<tr>\n<td>Beispielzeit<\/td>\n<td>7 Tage<\/td>\n<\/tr>\n<tr>\n<td>Verschiffungshafen<\/td>\n<td>Guangzhou, Shenzhen<\/td>\n<\/tr>\n<tr>\n<td>Handelsbedingungen<\/td>\n<td>EXW, FOB, CIF, DDU, DDP<\/td>\n<\/tr>\n<tr>\n<td>Zahlungsarten<\/td>\n<td>T\/T, Barzahlung, PayPal, Kreditkarte<\/td>\n<\/tr>\n<\/tbody>\n<\/table>\n<p><span style=\"color: #003366;\">Merkmale:<\/span><\/p>\n<p>Dieser Fall ist sicherlich ein Blickfang. Warum? Schauen Sie sich nur die kristall\u00e4hnlichen Elemente an, die in das Geh\u00e4use eingearbeitet sind, und machen es so k\u00f6niglich. Dieser Koffer verf\u00fcgt \u00fcber vier ausziehbare F\u00e4cher f\u00fcr Ihre Sch\u00f6nheitsutensilien, damit diese jederzeit organisiert bleiben. Dies ist auf jeden Fall einer Ihrer Make-up-Koffer f\u00fcr unterwegs.<\/p>\n<ul>\n<li>Hochwertige Aluminiumoberfl\u00e4che und -konstruktion f\u00fcr zus\u00e4tzliche Haltbarkeit<\/li>\n<li>Sch\u00f6nes neues schwarz-rosa und kristall\u00e4hnliches Finish mit Aluminiumbesatz<\/li>\n<li>Leicht zu reinigender Innenraum<\/li>\n<li>Gro\u00dfes Staufach in der Mitte<\/li>\n<li>Robuster Griff f\u00fcr zus\u00e4tzlichen Komfort und Halt<\/li>\n<li>Gesamtma\u00dfe des Koffers (L x B x H): 12\u2033 x 8\u2033 x 10,25\u2033<\/li>\n<li>Artikelgewicht: 8lbs<\/li>\n<\/ul>","protected":false},"excerpt":{"rendered":"<p>Modell: SC-CM0016<\/p>\n<p>Gr\u00f6\u00dfe: 305 * 205 * 260 mm<\/p>\n<p>Mindestbestellmenge: 100 St\u00fcck<\/p>\n<p>Lieferzeit: 15-25 Tage<\/p>\n<p>Probe: Verf\u00fcgbar<\/p>","protected":false},"featured_media":20575,"template":"","meta":{"_gspb_post_css":""},"product_cat":[96],"product_tag":[],"featured_image_urls":{"full":["https:\/\/suncasesupply.com\/wp-content\/uploads\/2023\/08\/vp00943_a3_2000x.webp",2000,2000,false],"thumbnail":["https:\/\/suncasesupply.com\/wp-content\/uploads\/2023\/08\/vp00943_a3_2000x-150x150.webp",150,150,true],"medium":["https:\/\/suncasesupply.com\/wp-content\/uploads\/2023\/08\/vp00943_a3_2000x-300x300.webp",300,300,true],"medium_large":["https:\/\/suncasesupply.com\/wp-content\/uploads\/2023\/08\/vp00943_a3_2000x-768x768.webp",768,768,true],"large":["https:\/\/suncasesupply.com\/wp-content\/uploads\/2023\/08\/vp00943_a3_2000x-1024x1024.webp",1024,1024,true],"1536x1536":["https:\/\/suncasesupply.com\/wp-content\/uploads\/2023\/08\/vp00943_a3_2000x-1536x1536.webp",1536,1536,true],"2048x2048":["https:\/\/suncasesupply.com\/wp-content\/uploads\/2023\/08\/vp00943_a3_2000x.webp",2000,2000,false],"trp-custom-language-flag":["https:\/\/suncasesupply.com\/wp-content\/uploads\/2023\/08\/vp00943_a3_2000x.webp",12,12,false],"woocommerce_thumbnail":["https:\/\/suncasesupply.com\/wp-content\/uploads\/2023\/08\/vp00943_a3_2000x-300x300.webp",300,300,true],"woocommerce_single":["https:\/\/suncasesupply.com\/wp-content\/uploads\/2023\/08\/vp00943_a3_2000x-600x600.webp",600,600,true],"woocommerce_gallery_thumbnail":["https:\/\/suncasesupply.com\/wp-content\/uploads\/2023\/08\/vp00943_a3_2000x-100x100.webp",100,100,true]},"post_excerpt_stackable":"<p>Model : SC-CM0016<\/p>\n<p>Size: 305*205 *260 mm<\/p>\n<p>MOQ: 100pcs<\/p>\n<p>Delivery Time : 15-25 Days<\/p>\n<p>Sample : Available<\/p>\n","category_list":"","author_info":{"name":"","url":""},"comments_num":"0 comments","_links":{"self":[{"href":"https:\/\/suncasesupply.com\/de\/wp-json\/wp\/v2\/product\/20574"}],"collection":[{"href":"https:\/\/suncasesupply.com\/de\/wp-json\/wp\/v2\/product"}],"about":[{"href":"https:\/\/suncasesupply.com\/de\/wp-json\/wp\/v2\/types\/product"}],"wp:featuredmedia":[{"embeddable":true,"href":"https:\/\/suncasesupply.com\/de\/wp-json\/wp\/v2\/media\/20575"}],"wp:attachment":[{"href":"https:\/\/suncasesupply.com\/de\/wp-json\/wp\/v2\/media?parent=20574"}],"wp:term":[{"taxonomy":"product_cat","embeddable":true,"href":"https:\/\/suncasesupply.com\/de\/wp-json\/wp\/v2\/product_cat?post=20574"},{"taxonomy":"product_tag","embeddable":true,"href":"https:\/\/suncasesupply.com\/de\/wp-json\/wp\/v2\/product_tag?post=20574"}],"curies":[{"name":"wp","href":"https:\/\/api.w.org\/{rel}","templated":true}]}}