{"id":20573,"date":"2023-08-24T17:25:18","date_gmt":"2023-08-24T09:25:18","guid":{"rendered":"https:\/\/suncasesupply.com\/?post_type=product&#038;p=20573"},"modified":"2025-02-26T11:11:05","modified_gmt":"2025-02-26T03:11:05","slug":"aluminum-train-makeup-storage-case-professional-beauty-case-for-nail-hairdressing","status":"publish","type":"product","link":"https:\/\/suncasesupply.com\/de\/product\/aluminum-train-makeup-storage-case-professional-beauty-case-for-nail-hairdressing\/","title":{"rendered":"Aluminium-Zug-Make-up-Aufbewahrungskoffer, professioneller Beauty-Koffer f\u00fcr N\u00e4gel, Friseur"},"content":{"rendered":"<p>&nbsp;<\/p>\n<table width=\"774\">\n<tbody>\n<tr>\n<td width=\"177\">Artikel<\/td>\n<td width=\"597\">Make-up-Koffer aus Aluminium<\/td>\n<\/tr>\n<tr>\n<td>Abmessungen<\/td>\n<td>261*165 *190 mm oder anpassen<\/td>\n<\/tr>\n<tr>\n<td>Farben<\/td>\n<td>Wie die Bilder zeigen oder anpassen<\/td>\n<\/tr>\n<tr>\n<td>Materialien<\/td>\n<td>Aluminium, ABS-Platte, MDF-Platte, EVA\/Schaum\/Stoff\/PU-Futter, Hardware<\/td>\n<\/tr>\n<tr>\n<td>Logo<\/td>\n<td>Metallplattenlogo, gedrucktes Logo, gepr\u00e4gtes Logo, Laserlogo<\/td>\n<\/tr>\n<tr>\n<td>Beispielzeit<\/td>\n<td>7 Tage<\/td>\n<\/tr>\n<tr>\n<td>Verschiffungshafen<\/td>\n<td>Guangzhou, Shenzhen<\/td>\n<\/tr>\n<tr>\n<td>Handelsbedingungen<\/td>\n<td>EXW, FOB, CIF, DDU, DDP<\/td>\n<\/tr>\n<tr>\n<td>Zahlungsarten<\/td>\n<td>T\/T, Barzahlung, PayPal, Kreditkarte<\/td>\n<\/tr>\n<\/tbody>\n<\/table>\n<p><span style=\"color: #003366;\">Merkmale:<\/span><\/p>\n<p>Dies ist ein so h\u00fcbsches Etui f\u00fcr alle, die einen schicken Stil suchen. Es macht Ihren Tag zu etwas Besonderem, da ein Kristall eingearbeitet ist. Es ist ein m\u00e4dchenhaftes Etui, das einfach perfekt f\u00fcr Sie ist. Es ist ein sehr auff\u00e4lliges Make-up-Etui, das Sie immer mitnehmen k\u00f6nnen, wenn Sie verreisen. Tats\u00e4chlich eines meiner Lieblingsetuis.<\/p>","protected":false},"excerpt":{"rendered":"<p>Modell: SC-CM0015<\/p>\n<p>Gr\u00f6\u00dfe: 261 * 165 * 190 mm<\/p>\n<p>Mindestbestellmenge: 100 St\u00fcck<\/p>\n<p>Lieferzeit: 15-25 Tage<\/p>\n<p>Probe: Verf\u00fcgbar<\/p>","protected":false},"featured_media":20570,"template":"","meta":{"_gspb_post_css":""},"product_cat":[96],"product_tag":[],"featured_image_urls":{"full":["https:\/\/suncasesupply.com\/wp-content\/uploads\/2023\/08\/vk00448_a_560x.jpg",560,560,false],"thumbnail":["https:\/\/suncasesupply.com\/wp-content\/uploads\/2023\/08\/vk00448_a_560x-150x150.jpg",150,150,true],"medium":["https:\/\/suncasesupply.com\/wp-content\/uploads\/2023\/08\/vk00448_a_560x-300x300.jpg",300,300,true],"medium_large":["https:\/\/suncasesupply.com\/wp-content\/uploads\/2023\/08\/vk00448_a_560x.jpg",560,560,false],"large":["https:\/\/suncasesupply.com\/wp-content\/uploads\/2023\/08\/vk00448_a_560x.jpg",560,560,false],"1536x1536":["https:\/\/suncasesupply.com\/wp-content\/uploads\/2023\/08\/vk00448_a_560x.jpg",560,560,false],"2048x2048":["https:\/\/suncasesupply.com\/wp-content\/uploads\/2023\/08\/vk00448_a_560x.jpg",560,560,false],"trp-custom-language-flag":["https:\/\/suncasesupply.com\/wp-content\/uploads\/2023\/08\/vk00448_a_560x.jpg",12,12,false],"woocommerce_thumbnail":["https:\/\/suncasesupply.com\/wp-content\/uploads\/2023\/08\/vk00448_a_560x-300x300.jpg",300,300,true],"woocommerce_single":["https:\/\/suncasesupply.com\/wp-content\/uploads\/2023\/08\/vk00448_a_560x.jpg",560,560,false],"woocommerce_gallery_thumbnail":["https:\/\/suncasesupply.com\/wp-content\/uploads\/2023\/08\/vk00448_a_560x-100x100.jpg",100,100,true]},"post_excerpt_stackable":"<p>Model : SC-CM0015<\/p>\n<p>Size: 261*165 *190 mm<\/p>\n<p>MOQ: 100pcs<\/p>\n<p>Delivery Time : 15-25 Days<\/p>\n<p>Sample : Available<\/p>\n","category_list":"","author_info":{"name":"","url":""},"comments_num":"0 comments","_links":{"self":[{"href":"https:\/\/suncasesupply.com\/de\/wp-json\/wp\/v2\/product\/20573"}],"collection":[{"href":"https:\/\/suncasesupply.com\/de\/wp-json\/wp\/v2\/product"}],"about":[{"href":"https:\/\/suncasesupply.com\/de\/wp-json\/wp\/v2\/types\/product"}],"wp:featuredmedia":[{"embeddable":true,"href":"https:\/\/suncasesupply.com\/de\/wp-json\/wp\/v2\/media\/20570"}],"wp:attachment":[{"href":"https:\/\/suncasesupply.com\/de\/wp-json\/wp\/v2\/media?parent=20573"}],"wp:term":[{"taxonomy":"product_cat","embeddable":true,"href":"https:\/\/suncasesupply.com\/de\/wp-json\/wp\/v2\/product_cat?post=20573"},{"taxonomy":"product_tag","embeddable":true,"href":"https:\/\/suncasesupply.com\/de\/wp-json\/wp\/v2\/product_tag?post=20573"}],"curies":[{"name":"wp","href":"https:\/\/api.w.org\/{rel}","templated":true}]}}