{"id":20565,"date":"2023-08-24T17:16:11","date_gmt":"2023-08-24T09:16:11","guid":{"rendered":"https:\/\/suncasesupply.com\/?post_type=product&#038;p=20565"},"modified":"2025-02-26T11:11:14","modified_gmt":"2025-02-26T03:11:14","slug":"aluminum-beauty-case-rose-gold-makeup-travel-train-box-cosmetic-salon-box","status":"publish","type":"product","link":"https:\/\/suncasesupply.com\/de\/product\/aluminum-beauty-case-rose-gold-makeup-travel-train-box-cosmetic-salon-box\/","title":{"rendered":"Aluminium Beauty Case Ros\u00e9gold Make-up Reisekoffer Kosmetikkoffer Salonkoffer"},"content":{"rendered":"<p>&nbsp;<\/p>\n<table width=\"774\">\n<tbody>\n<tr>\n<td width=\"177\">Artikel<\/td>\n<td width=\"597\">Make-up-Koffer aus Aluminium<\/td>\n<\/tr>\n<tr>\n<td>Abmessungen<\/td>\n<td>348*220 *249 mm oder individuell anpassen<\/td>\n<\/tr>\n<tr>\n<td>Farben<\/td>\n<td>Wie die Bilder zeigen oder anpassen<\/td>\n<\/tr>\n<tr>\n<td>Materialien<\/td>\n<td>Aluminium, ABS-Platte, MDF-Platte, EVA\/Schaum\/Stoff\/PU-Futter, Hardware<\/td>\n<\/tr>\n<tr>\n<td>Logo<\/td>\n<td>Metallplattenlogo, gedrucktes Logo, gepr\u00e4gtes Logo, Laserlogo<\/td>\n<\/tr>\n<tr>\n<td>Beispielzeit<\/td>\n<td>7 Tage<\/td>\n<\/tr>\n<tr>\n<td>Verschiffungshafen<\/td>\n<td>Guangzhou, Shenzhen<\/td>\n<\/tr>\n<tr>\n<td>Handelsbedingungen<\/td>\n<td>EXW, FOB, CIF, DDU, DDP<\/td>\n<\/tr>\n<tr>\n<td>Zahlungsarten<\/td>\n<td>T\/T, Barzahlung, PayPal, Kreditkarte<\/td>\n<\/tr>\n<\/tbody>\n<\/table>\n<p><span style=\"color: #003366;\">Merkmale:<\/span><\/p>\n<p>Tabletts mit Trennw\u00e4nden: 4 ausziehbare Tabletts verf\u00fcgen \u00fcber 8 verstellbare\/abnehmbare Trennw\u00e4nde, um die F\u00e4cher nach Ihren Bed\u00fcrfnissen anzupassen und Ihre Kosmetika ordentlich und aufger\u00e4umt zu halten. Die exquisite Verarbeitung spiegelt High-End-Qualit\u00e4t wider, sehr modisch und elegant, sowohl f\u00fcr Reisen als auch f\u00fcr den t\u00e4glichen Gebrauch zu Hause geeignet<\/p>","protected":false},"excerpt":{"rendered":"<p>Modell: SC-CM0014<\/p>\n<p>Gr\u00f6\u00dfe: 348 * 220 * 249 mm<\/p>\n<p>Mindestbestellmenge: 100 St\u00fcck<br \/>\nLieferzeit: 15-25 Tage<\/p>\n<p>Probe: Verf\u00fcgbar<\/p>","protected":false},"featured_media":20566,"template":"","meta":{"_gspb_post_css":""},"product_cat":[96],"product_tag":[],"featured_image_urls":{"full":["https:\/\/suncasesupply.com\/wp-content\/uploads\/2023\/08\/79122RG_5000x.jpg",731,731,false],"thumbnail":["https:\/\/suncasesupply.com\/wp-content\/uploads\/2023\/08\/79122RG_5000x-150x150.jpg",150,150,true],"medium":["https:\/\/suncasesupply.com\/wp-content\/uploads\/2023\/08\/79122RG_5000x-300x300.jpg",300,300,true],"medium_large":["https:\/\/suncasesupply.com\/wp-content\/uploads\/2023\/08\/79122RG_5000x.jpg",731,731,false],"large":["https:\/\/suncasesupply.com\/wp-content\/uploads\/2023\/08\/79122RG_5000x.jpg",731,731,false],"1536x1536":["https:\/\/suncasesupply.com\/wp-content\/uploads\/2023\/08\/79122RG_5000x.jpg",731,731,false],"2048x2048":["https:\/\/suncasesupply.com\/wp-content\/uploads\/2023\/08\/79122RG_5000x.jpg",731,731,false],"trp-custom-language-flag":["https:\/\/suncasesupply.com\/wp-content\/uploads\/2023\/08\/79122RG_5000x.jpg",12,12,false],"woocommerce_thumbnail":["https:\/\/suncasesupply.com\/wp-content\/uploads\/2023\/08\/79122RG_5000x-300x300.jpg",300,300,true],"woocommerce_single":["https:\/\/suncasesupply.com\/wp-content\/uploads\/2023\/08\/79122RG_5000x-600x600.jpg",600,600,true],"woocommerce_gallery_thumbnail":["https:\/\/suncasesupply.com\/wp-content\/uploads\/2023\/08\/79122RG_5000x-100x100.jpg",100,100,true]},"post_excerpt_stackable":"<p>Model : SC-CM0014<\/p>\n<p>Size: 348*220 *249 mm<\/p>\n<p>MOQ: 100pcs<br \/>\nDelivery Time : 15-25 Days<\/p>\n<p>Sample : Available<\/p>\n","category_list":"","author_info":{"name":"","url":""},"comments_num":"0 comments","_links":{"self":[{"href":"https:\/\/suncasesupply.com\/de\/wp-json\/wp\/v2\/product\/20565"}],"collection":[{"href":"https:\/\/suncasesupply.com\/de\/wp-json\/wp\/v2\/product"}],"about":[{"href":"https:\/\/suncasesupply.com\/de\/wp-json\/wp\/v2\/types\/product"}],"wp:featuredmedia":[{"embeddable":true,"href":"https:\/\/suncasesupply.com\/de\/wp-json\/wp\/v2\/media\/20566"}],"wp:attachment":[{"href":"https:\/\/suncasesupply.com\/de\/wp-json\/wp\/v2\/media?parent=20565"}],"wp:term":[{"taxonomy":"product_cat","embeddable":true,"href":"https:\/\/suncasesupply.com\/de\/wp-json\/wp\/v2\/product_cat?post=20565"},{"taxonomy":"product_tag","embeddable":true,"href":"https:\/\/suncasesupply.com\/de\/wp-json\/wp\/v2\/product_tag?post=20565"}],"curies":[{"name":"wp","href":"https:\/\/api.w.org\/{rel}","templated":true}]}}