{"id":20564,"date":"2023-08-24T17:09:20","date_gmt":"2023-08-24T09:09:20","guid":{"rendered":"https:\/\/suncasesupply.com\/?post_type=product&#038;p=20564"},"modified":"2025-02-26T11:11:24","modified_gmt":"2025-02-26T03:11:24","slug":"aluminum-cosmetic-organizer-storage-case-with-mirror-makeup-travel-organizer-jewelry-box","status":"publish","type":"product","link":"https:\/\/suncasesupply.com\/de\/product\/aluminum-cosmetic-organizer-storage-case-with-mirror-makeup-travel-organizer-jewelry-box\/","title":{"rendered":"Aluminium Kosmetik Organizer Aufbewahrungskoffer mit Spiegel Make-up Reise Organizer Schmuckschatulle"},"content":{"rendered":"<p>&nbsp;<\/p>\n<table width=\"774\">\n<tbody>\n<tr>\n<td width=\"177\">Artikel<\/td>\n<td width=\"597\">Make-up-Koffer aus Aluminium<\/td>\n<\/tr>\n<tr>\n<td>Abmessungen<\/td>\n<td>23 x 15 x 15cm oder individuell gestalten<\/td>\n<\/tr>\n<tr>\n<td>Farben<\/td>\n<td>Wie die Bilder zeigen oder anpassen<\/td>\n<\/tr>\n<tr>\n<td>Materialien<\/td>\n<td>Aluminium, ABS-Platte, MDF-Platte, EVA\/Schaum\/Stoff\/PU-Futter, Hardware<\/td>\n<\/tr>\n<tr>\n<td>Logo<\/td>\n<td>Metallplattenlogo, gedrucktes Logo, gepr\u00e4gtes Logo, Laserlogo<\/td>\n<\/tr>\n<tr>\n<td>Beispielzeit<\/td>\n<td>7 Tage<\/td>\n<\/tr>\n<tr>\n<td>Verschiffungshafen<\/td>\n<td>Guangzhou, Shenzhen<\/td>\n<\/tr>\n<tr>\n<td>Handelsbedingungen<\/td>\n<td>EXW, FOB, CIF, DDU, DDP<\/td>\n<\/tr>\n<tr>\n<td>Zahlungsarten<\/td>\n<td>T\/T, Barzahlung, PayPal, Kreditkarte<\/td>\n<\/tr>\n<\/tbody>\n<\/table>\n<p><span style=\"color: #003366;\">Merkmale:<\/span><\/p>\n<p>Es gibt mehrere Trennw\u00e4nde, die in die ausziehbaren Ablagen und den herausnehmbaren Stauraum in der Mitte des Kosmetikkoffers eingesetzt werden k\u00f6nnen, sodass Sie Ihre Kosmetika \u00fcbersichtlicher und ordentlicher anordnen k\u00f6nnen. Und stellen Sie sie auf unterschiedliche L\u00e4ngen f\u00fcr Make-up in verschiedenen Gr\u00f6\u00dfen ein, damit nichts herausf\u00e4llt. Gro\u00dfe obere und untere F\u00e4cher ohne Trennw\u00e4nde bieten Platz f\u00fcr Haargl\u00e4tter, Sprays, B\u00fcrstentaschen und andere relativ gro\u00dfe Gegenst\u00e4nde. Dar\u00fcber hinaus verf\u00fcgt es auch \u00fcber einen eingebauten Spiegel, der in die aufrechte Position ausgeklappt werden kann, damit Sie unterwegs ganz einfach Make-up auftragen k\u00f6nnen.<\/p>","protected":false},"excerpt":{"rendered":"<p>Modell: SC-CM00113<\/p>\n<p>Gr\u00f6\u00dfe: 23 x 15 x 15cm<\/p>\n<p>Mindestbestellmenge: 100 St\u00fcck<br \/>\nLieferzeit: 15-25 Tage<\/p>\n<p>Probe: Verf\u00fcgbar<\/p>","protected":false},"featured_media":20557,"template":"","meta":{"_gspb_post_css":""},"product_cat":[96],"product_tag":[],"featured_image_urls":{"full":["https:\/\/suncasesupply.com\/wp-content\/uploads\/2023\/08\/5_a3cb2c29-d40a-4daf-905a-f09c588bfc3a_2048x.webp",612,612,false],"thumbnail":["https:\/\/suncasesupply.com\/wp-content\/uploads\/2023\/08\/5_a3cb2c29-d40a-4daf-905a-f09c588bfc3a_2048x-150x150.webp",150,150,true],"medium":["https:\/\/suncasesupply.com\/wp-content\/uploads\/2023\/08\/5_a3cb2c29-d40a-4daf-905a-f09c588bfc3a_2048x-300x300.webp",300,300,true],"medium_large":["https:\/\/suncasesupply.com\/wp-content\/uploads\/2023\/08\/5_a3cb2c29-d40a-4daf-905a-f09c588bfc3a_2048x.webp",612,612,false],"large":["https:\/\/suncasesupply.com\/wp-content\/uploads\/2023\/08\/5_a3cb2c29-d40a-4daf-905a-f09c588bfc3a_2048x.webp",612,612,false],"1536x1536":["https:\/\/suncasesupply.com\/wp-content\/uploads\/2023\/08\/5_a3cb2c29-d40a-4daf-905a-f09c588bfc3a_2048x.webp",612,612,false],"2048x2048":["https:\/\/suncasesupply.com\/wp-content\/uploads\/2023\/08\/5_a3cb2c29-d40a-4daf-905a-f09c588bfc3a_2048x.webp",612,612,false],"trp-custom-language-flag":["https:\/\/suncasesupply.com\/wp-content\/uploads\/2023\/08\/5_a3cb2c29-d40a-4daf-905a-f09c588bfc3a_2048x.webp",12,12,false],"woocommerce_thumbnail":["https:\/\/suncasesupply.com\/wp-content\/uploads\/2023\/08\/5_a3cb2c29-d40a-4daf-905a-f09c588bfc3a_2048x-300x300.webp",300,300,true],"woocommerce_single":["https:\/\/suncasesupply.com\/wp-content\/uploads\/2023\/08\/5_a3cb2c29-d40a-4daf-905a-f09c588bfc3a_2048x-600x600.webp",600,600,true],"woocommerce_gallery_thumbnail":["https:\/\/suncasesupply.com\/wp-content\/uploads\/2023\/08\/5_a3cb2c29-d40a-4daf-905a-f09c588bfc3a_2048x-100x100.webp",100,100,true]},"post_excerpt_stackable":"<p>Model : SC-CM00113<\/p>\n<p>Size: 23 x 15 x 15cm<\/p>\n<p>MOQ: 100pcs<br \/>\nDelivery Time : 15-25 Days<\/p>\n<p>Sample : Available<\/p>\n","category_list":"","author_info":{"name":"","url":""},"comments_num":"0 comments","_links":{"self":[{"href":"https:\/\/suncasesupply.com\/de\/wp-json\/wp\/v2\/product\/20564"}],"collection":[{"href":"https:\/\/suncasesupply.com\/de\/wp-json\/wp\/v2\/product"}],"about":[{"href":"https:\/\/suncasesupply.com\/de\/wp-json\/wp\/v2\/types\/product"}],"wp:featuredmedia":[{"embeddable":true,"href":"https:\/\/suncasesupply.com\/de\/wp-json\/wp\/v2\/media\/20557"}],"wp:attachment":[{"href":"https:\/\/suncasesupply.com\/de\/wp-json\/wp\/v2\/media?parent=20564"}],"wp:term":[{"taxonomy":"product_cat","embeddable":true,"href":"https:\/\/suncasesupply.com\/de\/wp-json\/wp\/v2\/product_cat?post=20564"},{"taxonomy":"product_tag","embeddable":true,"href":"https:\/\/suncasesupply.com\/de\/wp-json\/wp\/v2\/product_tag?post=20564"}],"curies":[{"name":"wp","href":"https:\/\/api.w.org\/{rel}","templated":true}]}}