{"id":20525,"date":"2023-08-24T16:08:23","date_gmt":"2023-08-24T08:08:23","guid":{"rendered":"https:\/\/suncasesupply.com\/?post_type=product&#038;p=20525"},"modified":"2025-02-20T14:37:03","modified_gmt":"2025-02-20T06:37:03","slug":"carrying-aluminum-lp-storage-case-portable-vinyl-record-case-25-lps","status":"publish","type":"product","link":"https:\/\/suncasesupply.com\/de\/product\/carrying-aluminum-lp-storage-case-portable-vinyl-record-case-25-lps\/","title":{"rendered":"Tragbarer Aufbewahrungskoffer aus Aluminium f\u00fcr Schallplatten (25 LPs)"},"content":{"rendered":"<p>&nbsp;<\/p>\n<table width=\"774\">\n<tbody>\n<tr>\n<td width=\"177\">Artikel<\/td>\n<td width=\"597\">Aluminiumgeh\u00e4use<\/td>\n<\/tr>\n<tr>\n<td>Abmessungen<\/td>\n<td>36 x 12 x 36 cm oder individuell anpassen<\/td>\n<\/tr>\n<tr>\n<td>Farben<\/td>\n<td>Wie die Bilder zeigen oder anpassen<\/td>\n<\/tr>\n<tr>\n<td>Materialien<\/td>\n<td>Aluminium, ABS-Platte, MDF-Platte, EVA\/Schaum\/Stoff\/PU-Futter, Hardware<\/td>\n<\/tr>\n<tr>\n<td>Logo<\/td>\n<td>Metallplattenlogo, gedrucktes Logo, gepr\u00e4gtes Logo, Laserlogo<\/td>\n<\/tr>\n<tr>\n<td>Beispielzeit<\/td>\n<td>7 Tage<\/td>\n<\/tr>\n<tr>\n<td>Verschiffungshafen<\/td>\n<td>Guangzhou, Shenzhen<\/td>\n<\/tr>\n<tr>\n<td>Handelsbedingungen<\/td>\n<td>EXW, FOB, CIF, DDU, DDP<\/td>\n<\/tr>\n<tr>\n<td>Zahlungsarten<\/td>\n<td>T\/T, Barzahlung, PayPal, Kreditkarte<\/td>\n<\/tr>\n<\/tbody>\n<\/table>\n<p><span style=\"color: #003366;\">Merkmale:<\/span><\/p>\n<p>Dieses 12\u2033 Record Case ist f\u00fcr die Archivierung und den Transport von maximal 25 12-Zoll-LPs konzipiert. Dieses Format ist die kompakteste L\u00f6sung der Serie und eignet sich ideal zur Aufbewahrung von Rarit\u00e4ten. Der Deckel des Record Case ist fest auf zwei Metallscharnieren montiert, ein Schnappschloss mit Schl\u00fcssel sch\u00fctzt vor Diebstahl einzelner Schallplatten.<\/p>\n<p>Trotz der stabilen Bauweise weist das Plattencase ein geringes Eigengewicht auf und durch den aufgesetzten Case-Griff ist die Box gut stapelbar. Die Konstruktion aus Aluminium, kunststoffbeschichteten MDF-Platten, Nieten und weicher Polsterung im Inneren sorgt f\u00fcr optimalen Schutz der Schallplatten. Das DJ-Plattencase ist in den drei Farbvarianten Silber\/Silber, Silber\/Schwarz und Schwarz\/Schwarz erh\u00e4ltlich.<\/p>\n<p>Technische Details:<br \/>\n\u2022 Plattenkoffer mit einer maximalen Kapazit\u00e4t von 25 Stk. 12\u2033-Platten.<br \/>\n\u2022 Fester Deckel, Schnappverschluss<br \/>\n\u2022 Material: Aluminium, kunststoffbeschichtete MDF-Platten<br \/>\n\u2022 Metallschutzecken sch\u00fctzen vor St\u00f6\u00dfen und Abnutzung<br \/>\n\u2022 Rutschfeste Gummif\u00fc\u00dfe<br \/>\n\u2022 Erh\u00e4ltlich in drei Farben: Silber\/Silber, Silber\/Schwarz; Schwarz\/Schwarz<br \/>\n\u2022 Abmessungen (L x B x H): 36 x 12 x 36 cm<br \/>\n\u2022 Gewicht 2 kg<\/p>","protected":false},"excerpt":{"rendered":"<p>Modell: SC-LP0022<\/p>\n<p>Gr\u00f6\u00dfe: 36 x 12 x 36 cm<\/p>\n<p>Kapazit\u00e4t: 70 12\u2033 LPs<\/p>\n<p>Mindestbestellmenge: 100 St\u00fcck<\/p>\n<p>Lieferzeit: 15-25 Tage<\/p>\n<p>Probe: Verf\u00fcgbar<\/p>","protected":false},"featured_media":20526,"template":"","meta":{"_gspb_post_css":""},"product_cat":[83],"product_tag":[],"featured_image_urls":{"full":["https:\/\/suncasesupply.com\/wp-content\/uploads\/2023\/08\/3-vinyl-case-12-record-case-25-lps-silver-silver.webp",970,970,false],"thumbnail":["https:\/\/suncasesupply.com\/wp-content\/uploads\/2023\/08\/3-vinyl-case-12-record-case-25-lps-silver-silver-150x150.webp",150,150,true],"medium":["https:\/\/suncasesupply.com\/wp-content\/uploads\/2023\/08\/3-vinyl-case-12-record-case-25-lps-silver-silver-300x300.webp",300,300,true],"medium_large":["https:\/\/suncasesupply.com\/wp-content\/uploads\/2023\/08\/3-vinyl-case-12-record-case-25-lps-silver-silver-768x768.webp",768,768,true],"large":["https:\/\/suncasesupply.com\/wp-content\/uploads\/2023\/08\/3-vinyl-case-12-record-case-25-lps-silver-silver.webp",970,970,false],"1536x1536":["https:\/\/suncasesupply.com\/wp-content\/uploads\/2023\/08\/3-vinyl-case-12-record-case-25-lps-silver-silver.webp",970,970,false],"2048x2048":["https:\/\/suncasesupply.com\/wp-content\/uploads\/2023\/08\/3-vinyl-case-12-record-case-25-lps-silver-silver.webp",970,970,false],"trp-custom-language-flag":["https:\/\/suncasesupply.com\/wp-content\/uploads\/2023\/08\/3-vinyl-case-12-record-case-25-lps-silver-silver.webp",12,12,false],"woocommerce_thumbnail":["https:\/\/suncasesupply.com\/wp-content\/uploads\/2023\/08\/3-vinyl-case-12-record-case-25-lps-silver-silver-300x300.webp",300,300,true],"woocommerce_single":["https:\/\/suncasesupply.com\/wp-content\/uploads\/2023\/08\/3-vinyl-case-12-record-case-25-lps-silver-silver-600x600.webp",600,600,true],"woocommerce_gallery_thumbnail":["https:\/\/suncasesupply.com\/wp-content\/uploads\/2023\/08\/3-vinyl-case-12-record-case-25-lps-silver-silver-100x100.webp",100,100,true]},"post_excerpt_stackable":"<p>Model : SC-LP0022<\/p>\n<p>Size: 36 x 12 x 36 cm<\/p>\n<p>Capacity: 70 12&#8243; LPs<\/p>\n<p>MOQ: 100pcs<\/p>\n<p>Delivery Time : 15-25 Days<\/p>\n<p>Sample : Available<\/p>\n","category_list":"","author_info":{"name":"","url":""},"comments_num":"0 comments","_links":{"self":[{"href":"https:\/\/suncasesupply.com\/de\/wp-json\/wp\/v2\/product\/20525"}],"collection":[{"href":"https:\/\/suncasesupply.com\/de\/wp-json\/wp\/v2\/product"}],"about":[{"href":"https:\/\/suncasesupply.com\/de\/wp-json\/wp\/v2\/types\/product"}],"wp:featuredmedia":[{"embeddable":true,"href":"https:\/\/suncasesupply.com\/de\/wp-json\/wp\/v2\/media\/20526"}],"wp:attachment":[{"href":"https:\/\/suncasesupply.com\/de\/wp-json\/wp\/v2\/media?parent=20525"}],"wp:term":[{"taxonomy":"product_cat","embeddable":true,"href":"https:\/\/suncasesupply.com\/de\/wp-json\/wp\/v2\/product_cat?post=20525"},{"taxonomy":"product_tag","embeddable":true,"href":"https:\/\/suncasesupply.com\/de\/wp-json\/wp\/v2\/product_tag?post=20525"}],"curies":[{"name":"wp","href":"https:\/\/api.w.org\/{rel}","templated":true}]}}