{"id":20502,"date":"2023-08-24T15:30:02","date_gmt":"2023-08-24T07:30:02","guid":{"rendered":"https:\/\/suncasesupply.com\/?post_type=product&#038;p=20502"},"modified":"2025-07-14T16:17:24","modified_gmt":"2025-07-14T08:17:24","slug":"leather-portable-record-carrying-case-for-30-vinyl-albums-vinyl-record-storage-box","status":"publish","type":"product","link":"https:\/\/suncasesupply.com\/de\/product\/leather-portable-record-carrying-case-for-30-vinyl-albums-vinyl-record-storage-box\/","title":{"rendered":"Tragbare Schallplattentragetasche aus Leder f\u00fcr \u00fcber 30 Vinylalben, Aufbewahrungsbox f\u00fcr Schallplatten"},"content":{"rendered":"<h4><span style=\"color: #003366;\">Merkmale:<\/span><\/h4>\n<p>Diese Vintage-PU-H\u00fclle ist die perfekte Aufbewahrungs- und Sammell\u00f6sung f\u00fcr all Ihre wertvollen 12-Zoll-Vinyls. Sie hat ein stilvolles Design mit rotem Leder au\u00dfen und schwarzem Futter innen, ist au\u00dferdem eine sehr sch\u00f6ne Dekoration f\u00fcr Ihr Zuhause und eine gute Wahl als Geschenk.<\/p>\n<p>Es bietet Platz f\u00fcr 30 bis 50 12-Zoll-LPs. Die vollst\u00e4ndig ausgekleidete Innenseite sch\u00fctzt Ihre Schallplatten vor Besch\u00e4digungen.<\/p>\n<h4><span style=\"color: #003366;\">Produktdetails:<\/span><\/h4>\n<div style=\"display: flex; gap: 20px;\">\n<div style=\"flex: 1; text-align: center;\">\n<p><img decoding=\"async\" style=\"max-width: 100%; height: auto; margin-bottom: 10px;\" src=\"https:\/\/suncasesupply.com\/wp-content\/uploads\/2025\/03\/stylish-surface.png\" alt=\"Stilvolle Oberfl\u00e4che\" \/><\/p>\n<p style=\"font-weight: bold; margin: 5px 0;\">Stilvolle Oberfl\u00e4che<\/p>\n<p style=\"margin: 0;\">Entworfen aus stilvollem PU-Leder, das sehr wasserdicht und leicht zu reinigen ist. Es ist nicht nur ein guter Schallplattenaufbewahrer, sondern auch eine sch\u00f6ne Dekoration f\u00fcr Ihr Zuhause.<\/p>\n<\/div>\n<p><!-- \u7b2c\u4e8c\u680f --><\/p>\n<div style=\"flex: 1; text-align: center;\">\n<p><img decoding=\"async\" style=\"max-width: 100%; height: auto; margin-bottom: 10px;\" src=\"https:\/\/suncasesupply.com\/wp-content\/uploads\/2025\/03\/solid-hardware.png\" alt=\"solide Hardware\" \/><\/p>\n<p style=\"font-weight: bold; margin: 5px 0;\">Solide Hardware<\/p>\n<p style=\"margin: 0;\">Dieser Schallplattenkoffer besteht aus Aluminium und Holz und ist mit verst\u00e4rkten Metallecken f\u00fcr zus\u00e4tzliche Haltbarkeit ausgestattet. Dank des Schlosses sind Ihre Schallplatten sicher verstaut. Dank des robusten, ergonomisch geformten Griffs k\u00f6nnen Sie Ihre Schallplatten bequem mitnehmen.<\/p>\n<\/div>\n<p><!-- \u7b2c\u4e09\u680f --><\/p>\n<div style=\"flex: 1; text-align: center;\">\n<p><img decoding=\"async\" style=\"max-width: 100%; height: auto; margin-bottom: 10px;\" src=\"https:\/\/suncasesupply.com\/wp-content\/uploads\/2025\/03\/Fully-lined-interior.png\" alt=\"Vollst\u00e4ndig gef\u00fctterter Innenraum\" \/><\/p>\n<p style=\"font-weight: bold; margin: 5px 0;\">Vollst\u00e4ndig gef\u00fctterte Innenseite<\/p>\n<p style=\"margin: 0;\">Diese LP-H\u00fclle ist komplett mit Samt ausgekleidet und bietet so zus\u00e4tzlichen Schutz f\u00fcr Ihre Schallplatten. F\u00fcr das Futter stehen Ihnen viele Farben zur Auswahl.<\/p>\n<\/div>\n<p><!-- \u7b2c\u56db\u680f --><\/p>\n<div style=\"flex: 1; text-align: center;\">\n<p><img decoding=\"async\" style=\"max-width: 100%; height: auto; margin-bottom: 10px;\" src=\"https:\/\/suncasesupply.com\/wp-content\/uploads\/2025\/03\/feet-1.png\" alt=\"F\u00fc\u00dfe\" \/><\/p>\n<p style=\"font-weight: bold; margin: 5px 0;\">Gleitf\u00fc\u00dfe<\/p>\n<p style=\"margin: 0;\">Auf der R\u00fcckseite der Box sind 4 F\u00fc\u00dfe angebracht, die Reibung vermeiden und die Box sch\u00fctzen, wenn Sie sie auf den Tisch oder den Boden stellen, wodurch sie langlebiger wird.<\/p>\n<\/div>\n<\/div>\n<h4><span style=\"color: #003366;\">Herstellungsprozess des PU-LP-Geh\u00e4uses:<\/span><\/h4>\n<p><img decoding=\"async\" style=\"max-width: 100%; height: auto; margin-bottom: 10px;\" src=\"https:\/\/suncasesupply.com\/wp-content\/uploads\/2025\/07\/Manufacturing-Process.png\" alt=\"Herstellungsprozess von Suncase\" \/><\/p>\n<div style=\"display: flex; gap: 20px;\">\n<p><!-- \u7b2c\u4e00\u680f \u6d41\u7a0b1--><\/p>\n<div style=\"flex: 1; text-align: center;\"><\/div>\n<\/div>\n<div style=\"display: flex; gap: 20px;\">\n<div style=\"flex: 1; text-align: center;\">\n<p style=\"font-weight: bold; margin: 5px 0;\">\n<\/div>\n<\/div>\n<h4><span style=\"color: #003366;\">Hilfreiche Informationen f\u00fcr Gro\u00dfabnehmer:<\/span><\/h4>\n<ul>\n<li class=\"page-title\" title=\"Was macht Sportkarten so wertvoll?\">\n<p class=\"page-title\" title=\"Welche Gr\u00f6\u00dfe hat die Schallplattenh\u00fclle?\"><a href=\"https:\/\/suncasesupply.com\/de\/blog\/size-of-the-vinyl-record-case\/\">Welche Gr\u00f6\u00dfe hat die Schallplattenh\u00fclle &gt;&gt;<\/a><\/p>\n<\/li>\n<li title=\"Was macht Sportkarten so wertvoll?\"><a href=\"https:\/\/suncasesupply.com\/de\/blog\/what-vinyl-record-case-made-of\/\">Woraus bestehen Schallplattenh\u00fcllen?<\/a><\/li>\n<li title=\"Was macht Sportkarten so wertvoll?\"><a href=\"https:\/\/suncasesupply.com\/de\/blog\/custom-aluminum-case\/aluminum-storage-box-for-organization\/\">Wie lagert man Schallplatten in einer Aluminiumh\u00fclle?<\/a><\/li>\n<\/ul>\n<p>&nbsp;<\/p>","protected":false},"excerpt":{"rendered":"<p>Modell: SC-LP0019<\/p>\n<p>Gr\u00f6\u00dfe: 34 x 16 x 36 cm<\/p>\n<p>Kapazit\u00e4t: 50 12\u2033 LPs<\/p>\n<p>Mindestbestellmenge: 100 St\u00fcck<\/p>\n<p>Lieferzeit: 15-25 Tage<\/p>\n<p>Probe: Verf\u00fcgbar<\/p>","protected":false},"featured_media":20508,"template":"","meta":{"_gspb_post_css":""},"product_cat":[83],"product_tag":[],"featured_image_urls":{"full":["https:\/\/suncasesupply.com\/wp-content\/uploads\/2023\/08\/7-9-scaled.jpg",2560,2560,false],"thumbnail":["https:\/\/suncasesupply.com\/wp-content\/uploads\/2023\/08\/7-9-150x150.jpg",150,150,true],"medium":["https:\/\/suncasesupply.com\/wp-content\/uploads\/2023\/08\/7-9-300x300.jpg",300,300,true],"medium_large":["https:\/\/suncasesupply.com\/wp-content\/uploads\/2023\/08\/7-9-768x768.jpg",768,768,true],"large":["https:\/\/suncasesupply.com\/wp-content\/uploads\/2023\/08\/7-9-1024x1024.jpg",1024,1024,true],"1536x1536":["https:\/\/suncasesupply.com\/wp-content\/uploads\/2023\/08\/7-9-1536x1536.jpg",1536,1536,true],"2048x2048":["https:\/\/suncasesupply.com\/wp-content\/uploads\/2023\/08\/7-9-2048x2048.jpg",2048,2048,true],"trp-custom-language-flag":["https:\/\/suncasesupply.com\/wp-content\/uploads\/2023\/08\/7-9-scaled.jpg",12,12,false],"woocommerce_thumbnail":["https:\/\/suncasesupply.com\/wp-content\/uploads\/2023\/08\/7-9-300x300.jpg",300,300,true],"woocommerce_single":["https:\/\/suncasesupply.com\/wp-content\/uploads\/2023\/08\/7-9-600x600.jpg",600,600,true],"woocommerce_gallery_thumbnail":["https:\/\/suncasesupply.com\/wp-content\/uploads\/2023\/08\/7-9-100x100.jpg",100,100,true]},"post_excerpt_stackable":"<p>Model : SC-LP0019<\/p>\n<p>Size: 34 x 16 x 36cm<\/p>\n<p>Capacity: 50 12&#8243; LPs<\/p>\n<p>MOQ: 100pcs<\/p>\n<p>Delivery Time : 15-25 Days<\/p>\n<p>Sample : Available<\/p>\n","category_list":"","author_info":{"name":"","url":""},"comments_num":"0 comments","_links":{"self":[{"href":"https:\/\/suncasesupply.com\/de\/wp-json\/wp\/v2\/product\/20502"}],"collection":[{"href":"https:\/\/suncasesupply.com\/de\/wp-json\/wp\/v2\/product"}],"about":[{"href":"https:\/\/suncasesupply.com\/de\/wp-json\/wp\/v2\/types\/product"}],"wp:featuredmedia":[{"embeddable":true,"href":"https:\/\/suncasesupply.com\/de\/wp-json\/wp\/v2\/media\/20508"}],"wp:attachment":[{"href":"https:\/\/suncasesupply.com\/de\/wp-json\/wp\/v2\/media?parent=20502"}],"wp:term":[{"taxonomy":"product_cat","embeddable":true,"href":"https:\/\/suncasesupply.com\/de\/wp-json\/wp\/v2\/product_cat?post=20502"},{"taxonomy":"product_tag","embeddable":true,"href":"https:\/\/suncasesupply.com\/de\/wp-json\/wp\/v2\/product_tag?post=20502"}],"curies":[{"name":"wp","href":"https:\/\/api.w.org\/{rel}","templated":true}]}}